{"id":995,"date":"2021-11-10T21:51:48","date_gmt":"2021-11-10T21:51:48","guid":{"rendered":"http:\/\/visionint.es\/?page_id=995"},"modified":"2021-11-10T21:51:48","modified_gmt":"2021-11-10T21:51:48","slug":"aviso-legal","status":"publish","type":"page","link":"https:\/\/visionint.es\/zh\/aviso-legal\/","title":{"rendered":"\u6cd5\u5f8b\u58f0\u660e"},"content":{"rendered":"<h2 class=\"gb-headline gb-headline-0f1d3891 gb-headline-text\">I.\u4e00\u822c\u4fe1\u606f<\/h2>\n\n\n\n<p>\u6839\u636e\u7b2c 34\/2002 \u53f7\u6cd5\u5f8b\u300a\u4fe1\u606f\u793e\u4f1a\u670d\u52a1\u6cd5\u300b\uff08Ley 34\/2002 de Servicios de la Sociedad de la Sociedad de la Sociedad\uff09\u7684\u89c4\u5b9a\uff0c\u6211\u4eec\u6709\u4e49\u52a1\u63d0\u4f9b\u4fe1\u606f\u3002<br>\u6839\u636e 7 \u6708 11 \u65e5\u300a\u4fe1\u606f\u548c\u7535\u5b50\u5546\u52a1\u6cd5\u300b\uff08LSSI-CE\uff09\uff0c\u73b0\u89c4\u5b9a\u5982\u4e0b<br>\u5173\u4e8e\u672c\u7f51\u7ad9\u7684\u4e00\u822c\u4fe1\u606f\uff1a<br>\u672c\u7f51\u7ad9 visionint.es\uff08\u4ee5\u4e0b\u7b80\u79f0 \"\u7f51\u7ad9\"\uff09\u7684\u6240\u6709\u6743\u5f52 David Ari\u00f1o Pellejero \u6240\u6709\u3002<br>NIF: 48223969F\uff0c\u5176\u8054\u7cfb\u65b9\u5f0f\u4e3a<br>\u5730\u5740\uff1aC\/ Mar\u00eda Auxiliadora, No86-90, 08912 - Badalona (Catalonia)<br>\u8054\u7cfb\u7535\u8bdd\uff1a629862368<br>\u8054\u7cfb\u7535\u5b50\u90ae\u4ef6\uff1ainfo@visionint.es<\/p>\n\n\n\n<h2 class=\"wp-block-heading\">\u4e8c\u3001\u4e00\u822c\u4f7f\u7528\u6761\u6b3e\u548c\u6761\u4ef6<\/h2>\n\n\n\n<h3 class=\"wp-block-heading\">\u6761\u6b3e\u548c\u6761\u4ef6\u7684\u4e3b\u9898\uff1a\u7f51\u7ad9<\/h3>\n\n\n\n<p>\u672c\u300a\u4e00\u822c\u4f7f\u7528\u6761\u4ef6\u300b\uff08\u4ee5\u4e0b\u7b80\u79f0 \"\u6761\u4ef6\"\uff09\u65e8\u5728\u89c4\u8303\u8bbf\u95ee\u548c\u4f7f\u7528\u672c\u7f51\u7ad9\u7684\u884c\u4e3a\u3002<br>\u7f51\u7ad9\u7684\u4f7f\u7528\u3002\u5728\u672c\u6761\u6b3e\u548c\u6761\u4ef6\u4e2d\uff0c\u4ee5\u4e0b\u5185\u5bb9\u5e94\u88ab\u7406\u89e3\u4e3a\u7f51\u7ad9\uff1a \u7f51\u7ad9<br>\u663e\u793a\u754c\u9762\u7684\u5916\u90e8\u5916\u89c2\uff0c\u65e0\u8bba\u662f\u9759\u6001\u7684\u8fd8\u662f\u52a8\u6001\u7684\uff0c\u90fd\u662f<br>\u5373\u5bfc\u822a\u6811\uff1b\u4ee5\u53ca\u6240\u6709\u96c6\u6210\u5728\u663e\u793a\u754c\u9762\u548c<br>\u5bfc\u822a\u6811\uff08\u4ee5\u4e0b\u7b80\u79f0 \"\u5185\u5bb9\"\uff09\u4ee5\u53ca\u6240\u6709\u5728\u7ebf\u670d\u52a1\u6216\u8d44\u6e90\uff0c\u8fd9\u4e9b\u670d\u52a1\u6216\u8d44\u6e90\u5728\u5176<br>\u5411\u7528\u6237\u63d0\u4f9b\u7684\u670d\u52a1\uff08\u4ee5\u4e0b\u7b80\u79f0 \"\u670d\u52a1\"\uff09\u3002<br>VISION \u4fdd\u7559\u5728\u4efb\u4f55\u65f6\u5019\uff0c\u4e0d\u7ecf\u4e8b\u5148\u901a\u77e5\uff0c\u4fee\u6539 VISION \u7684\u4ecb\u7ecd\u548c\u5185\u5bb9\u7684\u6743\u5229\u3002<br>\u7f51\u7ad9\u7684\u914d\u7f6e\u4ee5\u53ca\u5176\u4e2d\u53ef\u80fd\u5305\u542b\u7684\u5185\u5bb9\u548c\u670d\u52a1\u3002\u7f51\u7ad9<br>\u7528\u6237\u627f\u8ba4\u5e76\u540c\u610f\uff0cVISION \u53ef\u968f\u65f6\u4e2d\u65ad\u3001\u505c\u7528\u548c\/\u6216\u53d6\u6d88\u4ee5\u4e0b\u884c\u4e3a<br>\u7f51\u7ad9\u4e2d\u96c6\u6210\u7684\u4efb\u4f55\u8fd9\u4e9b\u5143\u7d20\u6216\u5bf9\u5b83\u4eec\u7684\u8bbf\u95ee\u3002<br>\u7528\u6237\u8bbf\u95ee\u672c\u7f51\u7ad9\u662f\u514d\u8d39\u7684\uff0c\u800c\u4e14\u4e00\u822c\u60c5\u51b5\u4e0b\u662f\u514d\u8d39\u7684\uff0c\u7528\u6237\u65e0\u9700<br>\u5fc5\u987b\u63d0\u4f9b\u5bf9\u4ef7\u624d\u80fd\u4ece\u4e2d\u53d7\u76ca\uff0c\u4f46\u4e0e\u4ee5\u4e0b\u8d39\u7528\u6709\u5173\u7684\u60c5\u51b5\u9664\u5916<br>\u901a\u8fc7\u63a5\u5165\u670d\u52a1\u63d0\u4f9b\u5546\u63d0\u4f9b\u7684\u7535\u4fe1\u7f51\u7edc\u8fde\u63a5\uff0c\u800c\u63a5\u5165\u670d\u52a1\u63d0\u4f9b\u5546\u62e5\u6709<br>\u7528\u6237\u7b7e\u8ba2\u7684\u5408\u540c\u3002<br>\u4f7f\u7528\u672c\u7f51\u7ad9\u4e0a\u7684\u4efb\u4f55\u5185\u5bb9\u6216\u670d\u52a1\uff0c\u5747\u53ef\u901a\u8fc7\u8ba2\u9605\u4ee5\u4e0b\u5185\u5bb9\u8fdb\u884c<br>\u6216\u7528\u6237\u4e8b\u5148\u6ce8\u518c\u3002<\/p>\n\n\n\n<h3 class=\"wp-block-heading\">\u7528\u6237<\/h3>\n\n\n\n<p>\u8bbf\u95ee\u3001\u6d4f\u89c8\u548c\u4f7f\u7528\u7f51\u7ad9\uff0c\u4ee5\u53ca\u4e3a\u4ee5\u4e0b\u4eba\u5458\u4e4b\u95f4\u7684\u4e92\u52a8\u63d0\u4f9b\u7a7a\u95f4<br>\u7528\u6237\u3001\u7528\u6237\u548c VISION\uff0c\u5982\u8bc4\u8bba\u548c\/\u6216\u535a\u5ba2\u7a7a\u95f4\uff0c\u8d4b\u4e88\u4ee5\u4e0b\u6761\u4ef6<br>\u56e0\u6b64\uff0c\u7528\u6237\u4ece\u5f00\u59cb\u6d4f\u89c8\u672c\u7f51\u7ad9\u4e4b\u65f6\u8d77\uff0c\u5373\u63a5\u53d7\u672c\u7f51\u7ad9\u7684\u6240\u6709\u6761\u6b3e\u548c\u6761\u4ef6\u3002<br>\u5728\u4e0d\u5f71\u54cd\u672c\u534f\u8bae\u9002\u7528\u7684\u60c5\u51b5\u4e0b\uff0c\u672c\u534f\u8bae\u6240\u89c4\u5b9a\u7684\u6761\u4ef6\u4ee5\u53ca\u968f\u540e\u5bf9\u5176\u505a\u51fa\u7684\u4efb\u4f55\u4fee \u8ba2\u5747\u4e0d\u5f71\u54cd\u672c\u534f\u8bae\u7684\u9002\u7528\u3002<br>\u6839\u636e\u6709\u5173\u60c5\u51b5\u5fc5\u987b\u9075\u5b88\u7684\u76f8\u5e94\u6cd5\u5f8b\u89c4\u5b9a\u3002\u9274\u4e8e<br>\u5efa\u8bae\u7528\u6237\u5728\u6bcf\u6b21\u8bbf\u95ee\u7f51\u7ad9\u65f6\u9605\u8bfb\u8fd9\u4e9b\u6761\u6b3e\u3002<br>VISION\u7f51\u7ad9\u63d0\u4f9b\u5e7f\u6cdb\u7684\u4fe1\u606f\u3001\u670d\u52a1\u548c\u6570\u636e\u3002\u7528\u6237\u627f\u62c5\u5176<br>\u5bf9\u6b63\u786e\u4f7f\u7528\u672c\u7f51\u7ad9\u8d1f\u8d23\u3002\u8be5\u8d23\u4efb\u5305\u62ec<\/p>\n\n\n\n<p><br>\u4f7f\u7528\u7531 VISION \u63d0\u4f9b\u7684\u4fe1\u606f\u3001\u5185\u5bb9\u548c\/\u6216\u670d\u52a1\u548c\u6570\u636e\uff0c\u4f46\u4e0d\u7b26\u5408\u4ee5\u4e0b\u6761\u4ef6<br>\u8fdd\u53cd\u672c\u6761\u6b3e\u7684\u89c4\u5b9a\u3001\u6cd5\u5f8b\u3001\u9053\u5fb7\u6216\u516c\u5171\u79e9\u5e8f\uff0c\u6216\u5c06\u8fdd\u53cd\u672c\u6761\u6b3e\u7684\u89c4\u5b9a\u3001\u6cd5\u5f8b\u3001\u9053\u5fb7\u6216\u516c\u5171\u79e9\u5e8f\uff0c\u6216\u5c06<br>\u4ee5\u4efb\u4f55\u5176\u4ed6\u65b9\u5f0f\u4fb5\u72af\u7b2c\u4e09\u65b9\u7684\u6743\u5229\u6216\u7cfb\u7edf\u7684\u6b63\u5e38\u8fd0\u884c\u3002<br>\u7684\u7f51\u7ad9\u3002<br>\u7528\u6237\u5728\u8868\u683c\u4e2d\u63d0\u4f9b\u7684\u4fe1\u606f\u7684\u771f\u5b9e\u6027\u548c\u5408\u6cd5\u6027<br>VISION \u4e3a\u8bbf\u95ee\u672c\u7f51\u7ad9\u63d0\u4f9b\u7684\u67d0\u4e9b\u5185\u5bb9\u6216\u670d\u52a1\u3002\u5728\u4efb\u4f55\u60c5\u51b5\u4e0b<br>\u7528\u6237\u5e94\u7acb\u5373\u901a\u77e5 VISION \u4efb\u4f55\u53ef\u80fd\u5141\u8bb8\u4f7f\u7528\u4ee5\u4e0b\u4fe1\u606f\u7684\u4e8b\u5b9e<br>\u4e0d\u5f53\u4f7f\u7528\u6b64\u7c7b\u8868\u683c\u4e0a\u8bb0\u5f55\u7684\u4fe1\u606f\uff0c\u4f8b\u5982\u4f46\u4e0d\u9650\u4e8e\u76d7\u7a83\u3001<br>\u8eab\u4efd\u8bc6\u522b\u4fe1\u606f\u548c\/\u6216\u5bc6\u7801\u7684\u4e22\u5931\u6216\u672a\u7ecf\u6388\u6743\u7684\u8bbf\u95ee\uff0c\u4ee5\u4fbf\u5bf9\u5176\u8fdb\u884c\u5904\u7406<br>\u7acb\u5373\u53d6\u6d88\u3002<\/p>\n\n\n\n<p><br>VISION \u4fdd\u7559\u79fb\u9664\u6240\u6709\u8fdd\u53cd\u6cd5\u5f8b\u3001\u300aVISION.com.cn\u300b\u3001\u300aVISION.org.cn\u300b\u548c\u300aVISION.org.cn\u300b\u7684\u8bc4\u8bba\u548c\u8d21\u732e\u7684\u6743\u5229\u3002<br>\u5b83\u4eec\u662f\u6b67\u89c6\u6027\u7684\u3001\u4ec7\u5916\u7684\u3001\u79cd\u65cf\u4e3b\u4e49\u7684\u548c\u8272\u60c5\u7684\u3001<br>\u5783\u573e\u90ae\u4ef6\uff0c\u635f\u5bb3\u9752\u5c11\u5e74\u6216\u513f\u7ae5\u3001\u516c\u5171\u79e9\u5e8f\u6216\u5b89\u5168\uff0c\u6216\u5176\u8ba4\u4e3a<br>\u4e0d\u9002\u5408\u51fa\u7248\u3002<br>\u5728\u4efb\u4f55\u60c5\u51b5\u4e0b\uff0cVISION \u5747\u4e0d\u5bf9\u7528\u6237\u901a\u8fc7\u4ee5\u4e0b\u65b9\u5f0f\u8868\u8fbe\u7684\u610f\u89c1\u8d1f\u8d23<br>\u8bc4\u8bba\u6216\u5176\u4ed6\u53ef\u7528\u7684\u535a\u5ba2\u6216\u53c2\u4e0e\u5de5\u5177\u3002<br>\u8bbf\u95ee\u672c\u7f51\u7ad9\u5e76\u4e0d\u610f\u5473\u7740\u53cc\u65b9\u5efa\u7acb\u4e86\u4efb\u4f55\u5546\u4e1a\u5173\u7cfb\u3002<br>VISION \u548c\u7528\u6237\u3002<br>\u7528\u6237\u58f0\u660e\u5176\u5df2\u8fbe\u5230\u6cd5\u5b9a\u5e74\u9f84\uff0c\u5e76\u6709\u8db3\u591f\u7684\u6cd5\u5f8b\u884c\u4e3a\u80fd\u529b\u63a5\u53d7\u672c\u534f\u8bae\u6761\u6b3e\u7684\u7ea6\u675f\u3002<br>\u56e0\u6b64\uff0c\u672c\u7f51\u7ad9\u4e0d\u9488\u5bf9\u672a\u6210\u5e74\u4eba\u3002\u56e0\u6b64\uff0cVISION \u7f51\u7ad9\u4e0d\u9488\u5bf9\u672a\u6210\u5e74\u4eba\u3002VISION<br>\u5bf9\u4e8e\u672a\u9075\u5b88\u6b64\u8981\u6c42\u7684\u60c5\u51b5\uff0c\u672c\u516c\u53f8\u4e0d\u627f\u62c5\u4efb\u4f55\u8d23\u4efb\u3002<br>\u672c\u7f51\u7ad9\u4e3b\u8981\u9762\u5411\u5c45\u4f4f\u5728\u897f\u73ed\u7259\u7684\u7528\u6237\u3002VISION \u4e0d\u4fdd\u8bc1\u672c\u7f51\u7ad9<br>\u672c\u7f51\u7ad9\u5168\u90e8\u6216\u90e8\u5206\u9075\u5b88\u5176\u4ed6\u56fd\u5bb6\u7684\u6cd5\u5f8b\u3002\u5982\u679c\u7528\u6237\u5c45\u4f4f\u5728\u6216\u5176<br>\u5982\u679c\u60a8\u7684\u4f4f\u6240\u5728\u5176\u4ed6\u5730\u65b9\uff0c\u800c\u60a8\u9009\u62e9\u8bbf\u95ee\u548c\/\u6216\u6d4f\u89c8\u672c\u7f51\u7ad9\uff0c\u5219\u98ce\u9669\u81ea\u8d1f\u3002<br>\u8d23\u4efb\uff0c\u60a8\u5fc5\u987b\u786e\u4fdd\u6b64\u7c7b\u8bbf\u95ee\u548c\u5bfc\u822a\u7b26\u5408\u60a8\u8d1f\u8d23\u7684\u5f53\u5730\u7acb\u6cd5\u3002<br>\u5728\u6b64\u60c5\u51b5\u4e0b\uff0cVISION \u5bf9\u6b64\u7c7b\u8bbf\u95ee\u4e0d\u627f\u62c5\u4efb\u4f55\u8d23\u4efb\u3002<\/p>\n\n\n\n<h2 class=\"gb-headline gb-headline-8987e936 gb-headline-text\">III.\u7f51\u7ad9\u7684\u8bbf\u95ee\u548c\u5bfc\u822a<br>\u514d\u8d23\u6761\u6b3e<\/h2>\n\n\n\n<p>VISION \u4e0d\u4fdd\u8bc1\u7f51\u7ad9\u3001\u5185\u5bb9\u6216\u670d\u52a1\u7684\u8fde\u7eed\u6027\u3001\u53ef\u7528\u6027\u548c\u5b9e\u7528\u6027\u3002<br>VISION \u5c06\u5c3d\u6700\u5927\u52aa\u529b\u786e\u4fdd\u7f51\u7ad9\u7684\u6b63\u5e38\u8fd0\u884c\uff0c\u4f46\u5bf9\u4e8e\u56e0\u4f7f\u7528\u7f51\u7ad9\u800c\u9020\u6210\u7684\u4efb\u4f55\u635f\u5bb3\u6216\u635f\u5931\uff0cVISION \u6982\u4e0d\u8d1f\u8d23\uff0c\u4e5f\u4e0d\u627f\u62c5\u4efb\u4f55\u6cd5\u5f8b\u8d23\u4efb\u3002<br>\u4e0d\u4fdd\u8bc1\u5bf9\u672c\u7f51\u7ad9\u7684\u8bbf\u95ee\u4e0d\u4f1a\u4e2d\u65ad\u6216\u6ca1\u6709\u9519\u8bef\u3002<br>\u4e5f\u4e0d\u5bf9\u901a\u8fc7\u672c\u7f51\u7ad9\u8bbf\u95ee\u7684\u5185\u5bb9\u6216\u8f6f\u4ef6\u4f5c\u51fa\u4efb\u4f55\u9648\u8ff0\u6216\u4fdd\u8bc1\u3002<\/p>\n\n\n\n<p>\u7684\u8ba1\u7b97\u673a\u7cfb\u7edf\uff08\u8f6f\u4ef6\u548c\u786c\u4ef6\uff09\u9020\u6210\u635f\u5bb3\u3002<br>\u7528\u6237\u3002\u5728\u4efb\u4f55\u60c5\u51b5\u4e0b\uff0cVISION \u5747\u4e0d\u5bf9\u4ee5\u4e0b\u4efb\u4f55\u635f\u5931\u3001\u635f\u5bb3\u6216\u4f24\u5bb3\u627f\u62c5\u8d23\u4efb<br>\u56e0\u8bbf\u95ee\u3001\u6d4f\u89c8\u548c\u4f7f\u7528\u672c\u7f51\u7ad9\u800c\u4ea7\u751f\u7684\u8d39\u7528\uff0c\u5305\u62ec\u4f46\u4e0d\u9650\u4e8e<br>\u5bf9\u8ba1\u7b97\u673a\u7cfb\u7edf\u9020\u6210\u7684\u5f71\u54cd\uff0c\u6216\u56e0\u5f15\u5165\u75c5\u6bd2\u800c\u9020\u6210\u7684\u5f71\u54cd\u3002<br>VISION \u5bf9\u7528\u6237\u56e0\u4f7f\u7528\u672c\u7f51\u7ad9\u800c\u9020\u6210\u7684\u4efb\u4f55\u635f\u5931\u4e0d\u627f\u62c5\u4efb\u4f55\u8d23\u4efb\u3002<br>\u4e0d\u9002\u5f53\u4f7f\u7528\u672c\u7f51\u7ad9\u3002\u7279\u522b\u662f\uff0c\u5b83\u4e0d\u5bf9\u4efb\u4f55\u5f62\u5f0f\u7684\u78b0\u649e\u8d1f\u8d23\u3001<br>\u53ef\u80fd\u53d1\u751f\u7684\u7535\u4fe1\u4e2d\u65ad\u3001\u6545\u969c\u6216\u7f3a\u9677\u3002<\/p>\n\n\n\n<h2 class=\"wp-block-heading\">\u56db\u3001\u8054\u7cfb\u653f\u7b56<\/h2>\n\n\n\n<p>\u8bf7\u6ce8\u610f\uff0cVISION\u7f51\u7ad9\u5411\u7528\u6237\u63d0\u4f9b\u6216\u53ef\u80fd\u63d0\u4f9b\u4ee5\u4e0b\u94fe\u63a5<br>(\u5982\u94fe\u63a5\u3001\u6a2a\u5e45\u3001\u6309\u94ae\u7b49\uff09\u3001\u76ee\u5f55\u548c\u641c\u7d22\u5f15\u64ce\uff0c\u4f7f\u7528\u6237\u53ef\u4ee5<br>\u7528\u6237\u8bbf\u95ee\u5c5e\u4e8e\u7b2c\u4e09\u65b9\u548c\/\u6216\u7531\u7b2c\u4e09\u65b9\u7ba1\u7406\u7684\u7f51\u7ad9\u3002<br>\u5728\u7f51\u7ad9\u4e0a\u5b89\u88c5\u8fd9\u4e9b\u94fe\u63a5\u3001\u76ee\u5f55\u548c\u641c\u7d22\u5f15\u64ce\u7684\u76ee\u7684\u662f\u4e3a\u4e86\u4fbf\u4e8e<br>\u7528\u6237\u641c\u7d22\u548c\u83b7\u53d6\u4e92\u8054\u7f51\u4e0a\u7684\u4fe1\u606f\uff0c\u800c\u4e0d\u88ab\u89c6\u4e3a\u4e00\u79cd<br>\u5efa\u8bae\u3001\u63a8\u8350\u6216\u9080\u8bf7\u8bbf\u95ee\u5b83\u4eec\u3002<br>VISION \u672c\u8eab\u5e76\u4e0d\u63d0\u4f9b\u6216\u901a\u8fc7\u4efb\u4f55\u7b2c\u4e09\u65b9\u63d0\u4f9b\u6216\u63a8\u9500\u7f51\u7ad9\u4e0a\u7684\u4ea7\u54c1\u548c\/\u6216\u670d\u52a1\u3002<br>\u6b64\u7c7b\u94fe\u63a5\u7f51\u7ad9\u3002<br>\u4e5f\u4e0d\u4fdd\u8bc1\u7f51\u7ad9\u7684\u6280\u672f\u53ef\u7528\u6027\u3001\u51c6\u786e\u6027\u3001\u771f\u5b9e\u6027\u3001\u6709\u6548\u6027\u6216\u5408\u6cd5\u6027\u3002<br>\u4f46\u53ef\u901a\u8fc7\u94fe\u63a5\u8bbf\u95ee\u3002<br>VISION \u4e0d\u4ee5\u4efb\u4f55\u65b9\u5f0f\u5ba1\u67e5\u6216\u63a7\u5236\u5176\u4ed6\u7f51\u7ad9\u7684\u5185\u5bb9\uff0c\u4e5f\u4e0d\u4e3a\u5176\u80cc\u4e66\u3001<br>\u5bf9\u4ea7\u54c1\u548c\u670d\u52a1\u3001\u5185\u5bb9\u3001\u6587\u4ef6\u53ca\u73b0\u6709\u7684\u4efb\u4f55\u5176\u4ed6\u6750\u6599\u8fdb\u884c\u5ba1\u67e5\uff0c\u4f46\u4e0d\u5bf9\u5176\u8868\u793a\u8ba4\u53ef<br>\u5728\u8fd9\u4e9b\u94fe\u63a5\u7684\u7f51\u7ad9\u4e0a\u3002<br>VISION \u5bf9\u56e0\u4f7f\u7528\u672c\u7f51\u7ad9\u800c\u9020\u6210\u7684\u4efb\u4f55\u635f\u5931\u4e0d\u627f\u62c5\u4efb\u4f55\u8d23\u4efb\u3002<br>\u7684\u5185\u5bb9\u3001\u4ea4\u6d41\u3001\u89c2\u70b9\u3001\u4ea7\u54c1\u548c\u670d\u52a1\u7684\u8bbf\u95ee\u3001\u4f7f\u7528\u3001\u8d28\u91cf\u6216\u5408\u6cd5\u6027\u3002<br>\u4e0e\u672c\u7f51\u7ad9\u94fe\u63a5\u7684\u975e VISION \u8fd0\u8425\u7684\u7f51\u7ad9\u3002<br>\u7528\u6237\u6216\u7b2c\u4e09\u65b9\u4ece\u53e6\u4e00\u4e0d\u540c\u7f51\u7ad9\u7684\u7f51\u9875\u5efa\u7acb\u8d85\u94fe\u63a5\u81f3\u672c\u7f51\u7ad9<br>VISION Web \u5e94\u8be5\u77e5\u9053\u8fd9\u4e00\u70b9\uff1a<br>\u4e0d\u5f97\u5168\u90e8\u6216\u90e8\u5206\u590d\u5236\u672c\u7f51\u7ad9\u7684\u4efb\u4f55\u5185\u5bb9\u548c\/\u6216\u670d\u52a1\u3002<br>\u672a\u7ecf VISION \u660e\u786e\u6388\u6743\uff0c\u4e0d\u5f97\u8bbf\u95ee\u672c\u7f51\u7ad9\u3002<br>\u4e0d\u5f97\u5bf9VISION\u7f51\u7ad9\u8fdb\u884c\u865a\u5047\u3001\u4e0d\u51c6\u786e\u6216\u9519\u8bef\u7684\u9648\u8ff0\u3002<br>\u7684\u5185\u5bb9\u548c\/\u6216\u670d\u52a1\u3002<br>\u9664\u8d85\u94fe\u63a5\u5916\uff0c\u5efa\u7acb\u8fd9\u79cd\u8d85\u94fe\u63a5\u7684\u7f51\u7ad9\u4e0d\u5f97\u5305\u542b\u4ee5\u4e0b\u5185\u5bb9<br>\u672c\u7f51\u7ad9\u7684\u5185\u5bb9\u53d7\u897f\u73ed\u7259\u6cd5\u5f8b\u7684\u77e5\u8bc6\u4ea7\u6743\u4fdd\u62a4\u3001<br>\u9664\u975e VISION \u660e\u786e\u6388\u6743\u3002<br>\u5efa\u7acb\u8d85\u94fe\u63a5\u5e76\u4e0d\u610f\u5473\u7740VISION\u4e0e\u8d85\u94fe\u63a5\u6240\u6709\u8005\u4e4b\u95f4\u5b58\u5728\u5173\u7cfb\u3002<br>\u7684\u5185\u5bb9\u3001\u670d\u52a1\u3001\u4ea7\u54c1\u548c\u670d\u52a1\u7684\u77e5\u60c5\u6743\u548c\u63a5\u53d7\u6743\u3002<br>\u548c\/\u6216\u8be5\u7f51\u7ad9\u63d0\u4f9b\u7684\u6d3b\u52a8\uff0c\u53cd\u4e4b\u4ea6\u7136\u3002<\/p>\n\n\n\n<h2 class=\"wp-block-heading\">V.\u77e5\u8bc6\u4ea7\u6743\u548c\u5de5\u4e1a\u4ea7\u6743<\/h2>\n\n\n\n<p>VISION \u672c\u8eab\u6216\u4f5c\u4e3a\u53d7\u8ba9\u4eba\u62e5\u6709\u6240\u6709\u77e5\u8bc6\u4ea7\u6743\u548c\u5de5\u4e1a\u4ea7\u6743\u3002<br>\u672c\u7f51\u7ad9\u53ca\u5176\u6240\u8f7d\u5185\u5bb9\uff08\u4e3e\u4f8b\u8bf4\u660e\uff0c\u4f46\u4e0d\u9650\u4e8e\u6b64\u3001<br>\u56fe\u50cf\u3001\u58f0\u97f3\u3001\u97f3\u9891\u3001\u89c6\u9891\u3001\u8f6f\u4ef6\u6216\u6587\u672c\u3001\u5546\u6807\u6216\u6807\u8bc6\u3001\u989c\u8272\u7ec4\u5408\u3001<br>\u7ed3\u6784\u548c\u8bbe\u8ba1\u3001\u6240\u7528\u6750\u6599\u7684\u9009\u62e9\u3001\u6240\u9700\u7684\u8ba1\u7b97\u673a\u7a0b\u5e8f<br>\u64cd\u4f5c\u3001\u8bbf\u95ee\u548c\u4f7f\u7528\u7b49\uff09\u3002\u56e0\u6b64\uff0c\u4e0b\u5217\u77e5\u8bc6\u4ea7\u6743\u4f5c\u54c1\u5e94\u53d7\u5230\u4fdd\u62a4<br>\u897f\u73ed\u7259\u6cd5\u5f8b\u4f53\u7cfb\uff0c\u897f\u73ed\u7259\u6cd5\u5f8b\u548c\u6b27\u5171\u4f53\u6cd5\u5f8b\u5728\u4ee5\u4e0b\u60c5\u51b5\u4e0b\u5747\u9002\u7528\u4e8e\u4ed6\u4eec<br>\u897f\u73ed\u7259\u653f\u5e9c\u8fd8\u7b7e\u7f72\u4e86\u8bb8\u591a\u8fd9\u65b9\u9762\u7684\u56fd\u9645\u6761\u7ea6\uff0c\u5982\u897f\u73ed\u7259\u7b7e\u7f72\u7684\u76f8\u5173\u56fd\u9645\u6761\u7ea6\u3002<br>\u4fdd\u7559\u6240\u6709\u6743\u5229\u3002\u6839\u636e\u300a\u77e5\u8bc6\u4ea7\u6743\u6cd5\u300b\u7684\u89c4\u5b9a\uff0c\u4fdd\u7559\u4ee5\u4e0b\u6743\u5229\u3002<br>\u660e\u786e\u7981\u6b62\u4ee5\u4efb\u4f55\u5f62\u5f0f\u8fdb\u884c\u590d\u5236\u3001\u5206\u53d1\u548c\u516c\u5f00\u4f20\u64ad\u3002<br>\u4e3a\u4ee5\u4e0b\u76ee\u7684\u63d0\u4f9b\u672c\u7f51\u7ad9\u7684\u5168\u90e8\u6216\u90e8\u5206\u5185\u5bb9<br>\u672a\u7ecf VISION \u6388\u6743\uff0c\u4e0d\u5f97\u4ee5\u4efb\u4f55\u5a92\u4ecb\u548c\u4efb\u4f55\u6280\u672f\u624b\u6bb5\u8fdb\u884c\u5546\u4e1a\u4f7f\u7528\u3002<br>\u7528\u6237\u627f\u8bfa\u5c0a\u91cd VISION \u7684\u77e5\u8bc6\u4ea7\u6743\u548c\u5de5\u4e1a\u4ea7\u6743\u3002\u7528\u6237\u53ef\u4ee5<br>\u67e5\u770b\u7f51\u7ad9\u5185\u5bb9\uff0c\u751a\u81f3\u6253\u5370\u3001\u590d\u5236\u8fd9\u4e9b\u5185\u5bb9\u5e76\u5c06\u5176\u5b58\u50a8\u5728\u7535\u8111\u786c\u76d8\u4e0a\u3002<br>\u5728\u60a8\u7684\u8ba1\u7b97\u673a\u4e0a\u6216\u4efb\u4f55\u5176\u4ed6\u7269\u7406\u4ecb\u8d28\u4e0a\uff0c\u4f46\u524d\u63d0\u662f\u4ec5\u4f9b\u60a8\u4f7f\u7528<br>\u4e2a\u4eba\u3002\u4f46\u662f\uff0c\u7528\u6237\u4e0d\u5f97\u5220\u9664\u3001\u66f4\u6539\u6216\u7be1\u6539\u4efb\u4f55\u4e2a\u4eba\u4fe1\u606f\u5185\u5bb9\u3002<br>\u7f51\u7ad9\u4e0a\u5b89\u88c5\u7684\u4fdd\u62a4\u6216\u5b89\u5168\u7cfb\u7edf\u3002<br>\u5982\u679c\u7528\u6237\u6216\u7b2c\u4e09\u65b9\u8ba4\u4e3a\u672c\u7f51\u7ad9\u7684\u4efb\u4f55\u5185\u5bb9\u4fb5\u72af\u4e86\u7528\u6237\u6216\u7b2c\u4e09\u65b9\u7684\u6743\u5229\u3002<br>\u4fb5\u72af\u77e5\u8bc6\u4ea7\u6743\u7684\uff0c\u60a8\u5e94\u7acb\u5373\u901a\u77e5<br>\u901a\u8fc7\u672c\u6cd5\u5f8b\u58f0\u660e\u4e2d \"\u4e00\u822c\u4fe1\u606f \"\u90e8\u5206\u7684\u8054\u7cfb\u65b9\u5f0f\u8054\u7cfb VISION\uff0c\u4ee5\u53ca<br>\u4e00\u822c\u4f7f\u7528\u6761\u4ef6\u3002<\/p>\n\n\n\n<h2 class=\"gb-headline gb-headline-fda0ff90 gb-headline-text\">VI.\u6cd5\u5f8b\u884c\u52a8\u3001\u9002\u7528\u6cd5\u5f8b\u548c<br>\u53f8\u6cd5\u7ba1\u8f96\u533a<\/h2>\n\n\n\n<p>VISION \u4fdd\u7559\u4e3a\u4ee5\u4e0b\u76ee\u7684\u63d0\u8d77\u5176\u8ba4\u4e3a\u5fc5\u8981\u7684\u6c11\u4e8b\u6216\u5211\u4e8b\u8bc9\u8bbc\u7684\u6743\u5229<br>\u4e0d\u5f53\u4f7f\u7528\u672c\u7f51\u7ad9\u53ca\u5176\u5185\u5bb9\uff0c\u6216\u8fdd\u53cd\u672c\u6761\u6b3e\u3002<br>\u7528\u6237\u4e0e VISION \u4e4b\u95f4\u7684\u5173\u7cfb\u53d7\u4ee5\u4e0b\u5730\u533a\u73b0\u884c\u9002\u7528\u6cd5\u89c4\u7684\u7ba1\u8f96<br>\u897f\u73ed\u7259\u6587\u3002\u5982\u679c\u5728\u672c\u6761\u6b3e\u548c\u6761\u4ef6\u7684\u89e3\u91ca\u548c\/\u6216\u9002\u7528\u65b9\u9762\u51fa\u73b0\u4efb\u4f55\u4e89\u8bae\uff0c\u53cc\u65b9\u540c\u610f\u53d7\u672c\u6761\u6b3e\u548c\u6761\u4ef6\u7684\u7ea6\u675f\u3002<br>\u6761\u4ef6 \u5f53\u4e8b\u65b9\u5e94\u5c06\u5176\u4e89\u8bae\u63d0\u4ea4\u666e\u901a\u6cd5\u9662\uff0c\u7531\u6cd5\u5b98\u548c\u53f8\u6cd5\u673a\u6784\u8fdb\u884c\u88c1\u51b3\u3002<br>\u6cd5\u9662\u4f9d\u6cd5\u5ba1\u7406\u3002<br>\u672c\u7f51\u7ad9\u4f7f\u7528\u7684\u6cd5\u5f8b\u58f0\u660e\u548c\u4e00\u822c\u6761\u4ef6\u6587\u4ef6\u662f\u901a\u8fc7\u4ee5\u4e0b\u65b9\u5f0f\u5236\u4f5c\u7684<br>\u6cd5\u5f8b\u58f0\u660e\u548c\u4f7f\u7528\u6761\u6b3e\u6a21\u677f\u7684\u751f\u6210\u5668\u4e8e 2021 \u5e74 11 \u6708 10 \u65e5\u4e0a\u7ebf\u3002<\/p>","protected":false},"excerpt":{"rendered":"<p>En cumplimiento con el deber de informaci\u00f3n dispuesto en la Ley 34\/2002 de Servicios de la Sociedad dela Informaci\u00f3n y el Comercio Electr\u00f3nico (LSSI-CE) de 11 de julio, se facilitan a continuaci\u00f3n los siguientesdatos de informaci\u00f3n general de este sitio web:La titularidad de este sitio web, visionint.es, (en adelante, Sitio Web) la ostenta: David Ari\u00f1o [&hellip;]<\/p>","protected":false},"author":1,"featured_media":0,"parent":0,"menu_order":0,"comment_status":"closed","ping_status":"closed","template":"","meta":{"inline_featured_image":false,"_monsterinsights_skip_tracking":false,"_monsterinsights_sitenote_active":false,"_monsterinsights_sitenote_note":"","_monsterinsights_sitenote_category":0,"footnotes":""},"class_list":["post-995","page","type-page","status-publish","hentry"],"yoast_head":"<!-- This site is optimized with the Yoast SEO plugin v24.7 - https:\/\/yoast.com\/wordpress\/plugins\/seo\/ -->\n<title>Aviso Legal - VISION INT<\/title>\n<meta name=\"description\" content=\"Aqu\u00ed pod\u00e9is consultar el Aviso Legal de VISION, rogamos que para cualquier duda sobre la legalidad de VISION, escrib\u00e1is a info@visionint.es\" \/>\n<meta name=\"robots\" content=\"index, follow, max-snippet:-1, max-image-preview:large, max-video-preview:-1\" \/>\n<link rel=\"canonical\" href=\"https:\/\/visionint.es\/zh\/aviso-legal\/\" \/>\n<meta property=\"og:locale\" content=\"zh_CN\" \/>\n<meta property=\"og:type\" content=\"article\" \/>\n<meta property=\"og:title\" content=\"Aviso Legal - VISION INT\" \/>\n<meta property=\"og:description\" content=\"Aqu\u00ed pod\u00e9is consultar el Aviso Legal de VISION, rogamos que para cualquier duda sobre la legalidad de VISION, escrib\u00e1is a info@visionint.es\" \/>\n<meta property=\"og:url\" content=\"https:\/\/visionint.es\/zh\/aviso-legal\/\" \/>\n<meta property=\"og:site_name\" content=\"VISION INT\" \/>\n<meta name=\"twitter:card\" content=\"summary_large_image\" \/>\n<meta name=\"twitter:label1\" content=\"\u9884\u8ba1\u9605\u8bfb\u65f6\u95f4\" \/>\n\t<meta name=\"twitter:data1\" content=\"9 \u5206\" \/>\n<script type=\"application\/ld+json\" class=\"yoast-schema-graph\">{\"@context\":\"https:\/\/schema.org\",\"@graph\":[{\"@type\":\"WebPage\",\"@id\":\"https:\/\/visionint.es\/aviso-legal\/\",\"url\":\"https:\/\/visionint.es\/aviso-legal\/\",\"name\":\"Aviso Legal - VISION INT\",\"isPartOf\":{\"@id\":\"https:\/\/visionint.es\/#website\"},\"datePublished\":\"2021-11-10T21:51:48+00:00\",\"description\":\"Aqu\u00ed pod\u00e9is consultar el Aviso Legal de VISION, rogamos que para cualquier duda sobre la legalidad de VISION, escrib\u00e1is a info@visionint.es\",\"breadcrumb\":{\"@id\":\"https:\/\/visionint.es\/aviso-legal\/#breadcrumb\"},\"inLanguage\":\"zh-Hans\",\"potentialAction\":[{\"@type\":\"ReadAction\",\"target\":[\"https:\/\/visionint.es\/aviso-legal\/\"]}]},{\"@type\":\"BreadcrumbList\",\"@id\":\"https:\/\/visionint.es\/aviso-legal\/#breadcrumb\",\"itemListElement\":[{\"@type\":\"ListItem\",\"position\":1,\"name\":\"VISION\",\"item\":\"https:\/\/visionint.es\/\"},{\"@type\":\"ListItem\",\"position\":2,\"name\":\"Aviso Legal\"}]},{\"@type\":\"WebSite\",\"@id\":\"https:\/\/visionint.es\/#website\",\"url\":\"https:\/\/visionint.es\/\",\"name\":\"VISION INT\",\"description\":\"\",\"publisher\":{\"@id\":\"https:\/\/visionint.es\/#organization\"},\"potentialAction\":[{\"@type\":\"SearchAction\",\"target\":{\"@type\":\"EntryPoint\",\"urlTemplate\":\"https:\/\/visionint.es\/?s={search_term_string}\"},\"query-input\":{\"@type\":\"PropertyValueSpecification\",\"valueRequired\":true,\"valueName\":\"search_term_string\"}}],\"inLanguage\":\"zh-Hans\"},{\"@type\":\"Organization\",\"@id\":\"https:\/\/visionint.es\/#organization\",\"name\":\"VISION\",\"url\":\"https:\/\/visionint.es\/\",\"logo\":{\"@type\":\"ImageObject\",\"inLanguage\":\"zh-Hans\",\"@id\":\"https:\/\/visionint.es\/#\/schema\/logo\/image\/\",\"url\":\"https:\/\/visionint.es\/wp-content\/uploads\/2021\/11\/cropped-1636222990844_VISION-LOGO-FINAL-1-e1636581871560.png\",\"contentUrl\":\"https:\/\/visionint.es\/wp-content\/uploads\/2021\/11\/cropped-1636222990844_VISION-LOGO-FINAL-1-e1636581871560.png\",\"width\":512,\"height\":495,\"caption\":\"VISION\"},\"image\":{\"@id\":\"https:\/\/visionint.es\/#\/schema\/logo\/image\/\"},\"sameAs\":[\"https:\/\/instagram.com\/visionint_\"]}]}<\/script>\n<!-- \/ Yoast SEO plugin. -->","yoast_head_json":{"title":"Aviso Legal - VISION INT","description":"Aqu\u00ed pod\u00e9is consultar el Aviso Legal de VISION, rogamos que para cualquier duda sobre la legalidad de VISION, escrib\u00e1is a info@visionint.es","robots":{"index":"index","follow":"follow","max-snippet":"max-snippet:-1","max-image-preview":"max-image-preview:large","max-video-preview":"max-video-preview:-1"},"canonical":"https:\/\/visionint.es\/zh\/aviso-legal\/","og_locale":"zh_CN","og_type":"article","og_title":"Aviso Legal - VISION INT","og_description":"Aqu\u00ed pod\u00e9is consultar el Aviso Legal de VISION, rogamos que para cualquier duda sobre la legalidad de VISION, escrib\u00e1is a info@visionint.es","og_url":"https:\/\/visionint.es\/zh\/aviso-legal\/","og_site_name":"VISION INT","twitter_card":"summary_large_image","twitter_misc":{"\u9884\u8ba1\u9605\u8bfb\u65f6\u95f4":"9 \u5206"},"schema":{"@context":"https:\/\/schema.org","@graph":[{"@type":"WebPage","@id":"https:\/\/visionint.es\/aviso-legal\/","url":"https:\/\/visionint.es\/aviso-legal\/","name":"Aviso Legal - VISION INT","isPartOf":{"@id":"https:\/\/visionint.es\/#website"},"datePublished":"2021-11-10T21:51:48+00:00","description":"Aqu\u00ed pod\u00e9is consultar el Aviso Legal de VISION, rogamos que para cualquier duda sobre la legalidad de VISION, escrib\u00e1is a info@visionint.es","breadcrumb":{"@id":"https:\/\/visionint.es\/aviso-legal\/#breadcrumb"},"inLanguage":"zh-Hans","potentialAction":[{"@type":"ReadAction","target":["https:\/\/visionint.es\/aviso-legal\/"]}]},{"@type":"BreadcrumbList","@id":"https:\/\/visionint.es\/aviso-legal\/#breadcrumb","itemListElement":[{"@type":"ListItem","position":1,"name":"VISION","item":"https:\/\/visionint.es\/"},{"@type":"ListItem","position":2,"name":"Aviso Legal"}]},{"@type":"WebSite","@id":"https:\/\/visionint.es\/#website","url":"https:\/\/visionint.es\/","name":"VISION INT","description":"","publisher":{"@id":"https:\/\/visionint.es\/#organization"},"potentialAction":[{"@type":"SearchAction","target":{"@type":"EntryPoint","urlTemplate":"https:\/\/visionint.es\/?s={search_term_string}"},"query-input":{"@type":"PropertyValueSpecification","valueRequired":true,"valueName":"search_term_string"}}],"inLanguage":"zh-Hans"},{"@type":"Organization","@id":"https:\/\/visionint.es\/#organization","name":"VISION","url":"https:\/\/visionint.es\/","logo":{"@type":"ImageObject","inLanguage":"zh-Hans","@id":"https:\/\/visionint.es\/#\/schema\/logo\/image\/","url":"https:\/\/visionint.es\/wp-content\/uploads\/2021\/11\/cropped-1636222990844_VISION-LOGO-FINAL-1-e1636581871560.png","contentUrl":"https:\/\/visionint.es\/wp-content\/uploads\/2021\/11\/cropped-1636222990844_VISION-LOGO-FINAL-1-e1636581871560.png","width":512,"height":495,"caption":"VISION"},"image":{"@id":"https:\/\/visionint.es\/#\/schema\/logo\/image\/"},"sameAs":["https:\/\/instagram.com\/visionint_"]}]}},"_links":{"self":[{"href":"https:\/\/visionint.es\/zh\/wp-json\/wp\/v2\/pages\/995","targetHints":{"allow":["GET"]}}],"collection":[{"href":"https:\/\/visionint.es\/zh\/wp-json\/wp\/v2\/pages"}],"about":[{"href":"https:\/\/visionint.es\/zh\/wp-json\/wp\/v2\/types\/page"}],"author":[{"embeddable":true,"href":"https:\/\/visionint.es\/zh\/wp-json\/wp\/v2\/users\/1"}],"replies":[{"embeddable":true,"href":"https:\/\/visionint.es\/zh\/wp-json\/wp\/v2\/comments?post=995"}],"version-history":[{"count":2,"href":"https:\/\/visionint.es\/zh\/wp-json\/wp\/v2\/pages\/995\/revisions"}],"predecessor-version":[{"id":997,"href":"https:\/\/visionint.es\/zh\/wp-json\/wp\/v2\/pages\/995\/revisions\/997"}],"wp:attachment":[{"href":"https:\/\/visionint.es\/zh\/wp-json\/wp\/v2\/media?parent=995"}],"curies":[{"name":"wp","href":"https:\/\/api.w.org\/{rel}","templated":true}]}}