{"id":966,"date":"2021-11-10T15:21:43","date_gmt":"2021-11-10T15:21:43","guid":{"rendered":"http:\/\/visionint.es\/?page_id=966"},"modified":"2021-11-10T15:21:43","modified_gmt":"2021-11-10T15:21:43","slug":"privacidad","status":"publish","type":"page","link":"https:\/\/visionint.es\/zh\/privacidad\/","title":{"rendered":"\u9690\u79c1\u653f\u7b56"},"content":{"rendered":"<p><strong>\u9690\u79c1\u653f\u7b56<\/strong><\/p>\n\n\n\n<p>\u672c\u9690\u79c1\u653f\u7b56\u89c4\u5b9a\u4e86VISION\u4f7f\u7528\u548c\u4fdd\u62a4\u60a8\u5728\u4f7f\u7528\u672c\u7f51\u7ad9\u65f6\u63d0\u4f9b\u7ed9\u6211\u4eec\u7684\u4fe1\u606f\u7684\u6761\u6b3e\u3002\u672c\u516c\u53f8\u627f\u8bfa\u4fdd\u62a4\u7528\u6237\u6570\u636e\u7684\u5b89\u5168\u3002\u5f53\u6211\u4eec\u8981\u6c42\u60a8\u586b\u5199\u53ef\u8bc6\u522b\u60a8\u8eab\u4efd\u7684\u4e2a\u4eba\u4fe1\u606f\u65f6\uff0c\u6211\u4eec\u4fdd\u8bc1\u8fd9\u4e9b\u4fe1\u606f\u5c06\u4ec5\u6309\u7167\u672c\u6587\u4ef6\u7684\u6761\u6b3e\u4f7f\u7528\u3002\u4f46\u662f\uff0c\u672c\u9690\u79c1\u653f\u7b56\u53ef\u80fd\u4f1a\u968f\u7740\u65f6\u95f4\u7684\u63a8\u79fb\u800c\u53d1\u751f\u53d8\u5316\u6216\u66f4\u65b0\uff0c\u6211\u4eec\u5efa\u8bae\u60a8\u4e0d\u65ad\u67e5\u770b\u672c\u9875\u9762\uff0c\u4ee5\u786e\u4fdd\u60a8\u5bf9\u4efb\u4f55\u53d8\u5316\u611f\u5230\u6ee1\u610f\u3002<\/p>\n\n\n\n<p><strong>\u6536\u96c6\u7684\u4fe1\u606f<\/strong><\/p>\n\n\n\n<p>\u6211\u4eec\u7684\u7f51\u7ad9\u53ef\u80fd\u4f1a\u6536\u96c6\u4e2a\u4eba\u4fe1\u606f\uff0c\u5982\u59d3\u540d\u3001\u8054\u7cfb\u4fe1\u606f\uff08\u5982\u60a8\u7684\u7535\u5b50\u90ae\u4ef6\u5730\u5740\uff09\u548c\u4eba\u53e3\u7edf\u8ba1\u4fe1\u606f\u3002\u6b64\u5916\uff0c\u5728\u5fc5\u8981\u65f6\uff0c\u8fd8\u53ef\u80fd\u9700\u8981\u7279\u5b9a\u4fe1\u606f\u6765\u5904\u7406\u8ba2\u5355\u3001\u9001\u8d27\u6216\u5f00\u7968\u3002<\/p>\n\n\n\n<p><strong>\u6240\u6536\u96c6\u4fe1\u606f\u7684\u4f7f\u7528<\/strong><\/p>\n\n\n\n<p>\u6211\u4eec\u7684\u7f51\u7ad9\u4f7f\u7528\u8fd9\u4e9b\u4fe1\u606f\u4e3a\u60a8\u63d0\u4f9b\u6700\u4f73\u670d\u52a1\uff0c\u5c24\u5176\u662f\u8ddf\u8e2a\u7528\u6237\u3001\u8ddf\u8e2a\u8ba2\u5355\uff08\u5982\u9002\u7528\uff09\u4ee5\u53ca\u6539\u8fdb\u6211\u4eec\u7684\u4ea7\u54c1\u548c\u670d\u52a1\u3002  \u6211\u4eec\u53ef\u80fd\u4f1a\u5b9a\u671f\u901a\u8fc7\u7f51\u7ad9\u5411\u60a8\u53d1\u9001\u7535\u5b50\u90ae\u4ef6\uff0c\u63d0\u4f9b\u6211\u4eec\u8ba4\u4e3a\u53ef\u80fd\u4e0e\u60a8\u76f8\u5173\u6216\u5bf9\u60a8\u6709\u76ca\u7684\u7279\u4ef7\u5546\u54c1\u3001\u65b0\u4ea7\u54c1\u548c\u5176\u4ed6\u8425\u9500\u4fe1\u606f\uff0c\u8fd9\u4e9b\u7535\u5b50\u90ae\u4ef6\u5c06\u53d1\u9001\u5230\u60a8\u63d0\u4f9b\u7684\u5730\u5740\uff0c\u60a8\u53ef\u4ee5\u968f\u65f6\u53d6\u6d88\u8ba2\u9605\u3002<\/p>\n\n\n\n<p>VISION \u7aed\u529b\u5c65\u884c\u6211\u4eec\u7684\u627f\u8bfa\uff0c\u786e\u4fdd\u60a8\u7684\u4fe1\u606f\u5b89\u5168\u3002\u6211\u4eec\u4f7f\u7528\u6700\u5148\u8fdb\u7684\u7cfb\u7edf\uff0c\u5e76\u4e0d\u65ad\u5bf9\u5176\u8fdb\u884c\u66f4\u65b0\uff0c\u4ee5\u786e\u4fdd\u4e0d\u4f1a\u51fa\u73b0\u672a\u7ecf\u6388\u6743\u7684\u8bbf\u95ee\u3002<\/p>\n\n\n\n<p><strong>\u66f2\u5947<\/strong><\/p>\n\n\n\n<p>Cookie \u6307\u7684\u662f\u4e00\u4e2a\u6587\u4ef6\uff0c\u53d1\u9001\u8be5\u6587\u4ef6\u7684\u76ee\u7684\u662f\u8bf7\u6c42\u5141\u8bb8\u5c06\u5176\u5b58\u50a8\u5728\u60a8\u7684\u8ba1\u7b97\u673a\u4e0a\uff0c\u5982\u679c\u60a8\u63a5\u53d7\uff0c\u8be5\u6587\u4ef6\u5c31\u4f1a\u88ab\u521b\u5efa\uff0c\u7136\u540e Cookie \u5c31\u4f1a\u88ab\u7528\u6765\u83b7\u53d6\u6709\u5173\u7f51\u7edc\u6d41\u91cf\u7684\u4fe1\u606f\uff0c\u5e76\u4e3a\u4eca\u540e\u8bbf\u95ee\u91cd\u590d\u7f51\u7ad9\u63d0\u4f9b\u4fbf\u5229\u3002Cookie \u7684\u53e6\u4e00\u4e2a\u529f\u80fd\u662f\uff0c\u901a\u8fc7 Cookie\uff0c\u7f51\u7ad9\u53ef\u4ee5\u8bc6\u522b\u60a8\u7684\u4e2a\u4eba\u8eab\u4efd\uff0c\u4ece\u800c\u5728\u7f51\u7ad9\u4e0a\u4e3a\u60a8\u63d0\u4f9b\u6700\u4f73\u7684\u4e2a\u6027\u5316\u670d\u52a1\u3002<\/p>\n\n\n\n<p>\u6211\u4eec\u7684\u7f51\u7ad9\u4f7f\u7528 cookies \u6765\u8bc6\u522b\u54ea\u4e9b\u7f51\u9875\u88ab\u8bbf\u95ee\u4ee5\u53ca\u8bbf\u95ee\u7684\u9891\u7387\u3002\u8fd9\u4e9b\u4fe1\u606f\u4ec5\u7528\u4e8e\u7edf\u8ba1\u5206\u6790\uff0c\u968f\u540e\u4f1a\u88ab\u6c38\u4e45\u5220\u9664\u3002\u60a8\u53ef\u4ee5\u968f\u65f6\u4ece\u7535\u8111\u4e2d\u5220\u9664 cookie\u3002\u4e0d\u8fc7\uff0ccookies \u6709\u52a9\u4e8e\u7f51\u7ad9\u63d0\u4f9b\u66f4\u597d\u7684\u670d\u52a1\uff0c\u4f46\u5e76\u4e0d\u80fd\u83b7\u53d6\u60a8\u7684\u7535\u8111\u6216\u60a8\u7684\u4fe1\u606f\uff0c\u9664\u975e\u60a8\u9009\u62e9\u76f4\u63a5\u5411\u6211\u4eec\u63d0\u4f9b\u8fd9\u4e9b\u4fe1\u606f\u3002\u60a8\u53ef\u4ee5\u63a5\u53d7\u6216\u62d2\u7edd\u4f7f\u7528 cookie\uff0c\u4f46\u5927\u591a\u6570\u6d4f\u89c8\u5668\u4f1a\u81ea\u52a8\u63a5\u53d7 cookie \u4ee5\u63d0\u4f9b\u66f4\u597d\u7684\u7f51\u7edc\u670d\u52a1\u3002\u60a8\u4e5f\u53ef\u4ee5\u66f4\u6539\u8ba1\u7b97\u673a\u4e0a\u7684\u8bbe\u7f6e\u6765\u62d2\u7edd cookies\u3002\u5982\u679c\u60a8\u62d2\u7edd\u63a5\u53d7 Cookie\uff0c\u60a8\u53ef\u80fd\u65e0\u6cd5\u4f7f\u7528\u6211\u4eec\u7684\u67d0\u4e9b\u670d\u52a1\u3002<\/p>\n\n\n\n<p><strong>\u4e0e\u7b2c\u4e09\u65b9\u7684\u94fe\u63a5<\/strong><\/p>\n\n\n\n<p>\u672c\u7f51\u7ad9\u53ef\u80fd\u5305\u542b\u60a8\u53ef\u80fd\u611f\u5174\u8da3\u7684\u5176\u4ed6\u7f51\u7ad9\u7684\u94fe\u63a5\u3002\u4e00\u65e6\u60a8\u70b9\u51fb\u8fd9\u4e9b\u94fe\u63a5\u5e76\u79bb\u5f00\u6211\u4eec\u7684\u7f51\u7ad9\uff0c\u6211\u4eec\u5c06\u4e0d\u518d\u63a7\u5236\u60a8\u88ab\u8f6c\u5230\u7684\u7f51\u7ad9\uff0c\u56e0\u6b64\u6211\u4eec\u5bf9\u4efb\u4f55\u94fe\u63a5\u7f51\u7ad9\u7684\u5185\u5bb9\u6982\u4e0d\u8d1f\u8d23\u3002\u00a0<a href=\"https:\/\/plantillaterminosycondicionestiendaonline.com\/\">\u6761\u6b3e\u6216\u9690\u79c1<\/a>\u00a0\u4ee5\u53ca\u60a8\u5728\u5176\u4ed6\u7b2c\u4e09\u65b9\u7f51\u7ad9\u4e0a\u7684\u6570\u636e\u4fdd\u62a4\u3002\u8fd9\u4e9b\u7f51\u7ad9\u53d7\u5176\u81ea\u8eab\u9690\u79c1\u653f\u7b56\u7684\u7ea6\u675f\uff0c\u6211\u4eec\u5efa\u8bae\u60a8\u4e0e\u8fd9\u4e9b\u7f51\u7ad9\u8fdb\u884c\u786e\u8ba4\uff0c\u4ee5\u786e\u4fdd\u60a8\u5bf9\u8fd9\u4e9b\u653f\u7b56\u611f\u5230\u6ee1\u610f\u3002<\/p>\n\n\n\n<p><strong>\u63a7\u5236\u60a8\u7684\u4e2a\u4eba\u4fe1\u606f<\/strong><\/p>\n\n\n\n<p>\u60a8\u53ef\u4ee5\u968f\u65f6\u9650\u5236\u6536\u96c6\u6216\u4f7f\u7528\u5411\u672c\u7f51\u7ad9\u63d0\u4f9b\u7684\u4e2a\u4eba\u4fe1\u606f\u3002  \u5728\u8981\u6c42\u60a8\u586b\u5199\u6ce8\u518c\u8868\u7b49\u8868\u683c\u65f6\uff0c\u60a8\u53ef\u4ee5\u52fe\u9009\u6216\u53d6\u6d88\u901a\u8fc7\u7535\u5b50\u90ae\u4ef6\u63a5\u6536\u4fe1\u606f\u7684\u9009\u9879\u3002  \u5982\u679c\u60a8\u52fe\u9009\u4e86\u63a5\u6536\u6211\u4eec\u7684\u65b0\u95fb\u7b80\u62a5\u6216\u5e7f\u544a\u7684\u9009\u9879\uff0c\u60a8\u53ef\u4ee5\u968f\u65f6\u53d6\u6d88\u3002<\/p>\n\n\n\n<p>\u672a\u7ecf\u60a8\u7684\u540c\u610f\uff0c\u672c\u516c\u53f8\u4e0d\u4f1a\u51fa\u552e\u3001\u8d60\u9001\u6216\u5206\u53d1\u6240\u6536\u96c6\u7684\u4e2a\u4eba\u4fe1\u606f\uff0c\u9664\u975e\u6cd5\u5b98\u6839\u636e\u6cd5\u9662\u547d\u4ee4\u8981\u6c42\u8fd9\u6837\u505a\u3002<\/p>\n\n\n\n<p>VISION \u4fdd\u7559\u968f\u65f6\u66f4\u6539\u672c\u9690\u79c1\u653f\u7b56\u6761\u6b3e\u7684\u6743\u5229\u3002<\/p>","protected":false},"excerpt":{"rendered":"<p>POL\u00cdTICA DE PRIVACIDAD El presente Pol\u00edtica de Privacidad establece los t\u00e9rminos en que VISION usa y protege la informaci\u00f3n que es proporcionada por sus usuarios al momento de utilizar su sitio web. Esta compa\u00f1\u00eda est\u00e1 comprometida con la seguridad de los datos de sus usuarios. Cuando le pedimos llenar los campos de informaci\u00f3n personal con [&hellip;]<\/p>","protected":false},"author":1,"featured_media":0,"parent":0,"menu_order":0,"comment_status":"closed","ping_status":"closed","template":"","meta":{"inline_featured_image":false,"_monsterinsights_skip_tracking":false,"_monsterinsights_sitenote_active":false,"_monsterinsights_sitenote_note":"","_monsterinsights_sitenote_category":0,"footnotes":""},"class_list":["post-966","page","type-page","status-publish","hentry"],"yoast_head":"<!-- This site is optimized with the Yoast SEO plugin v24.7 - https:\/\/yoast.com\/wordpress\/plugins\/seo\/ -->\n<title>Pol\u00edtica de privacidad - VISION INT<\/title>\n<meta name=\"description\" content=\"En \u00e9ste apartado puedes leer nuestra pol\u00edtica de privacidad, donde podr\u00e1s obtener informaci\u00f3n sobre el tratamiento de tus datos.\" \/>\n<meta name=\"robots\" content=\"index, follow, max-snippet:-1, max-image-preview:large, max-video-preview:-1\" \/>\n<link rel=\"canonical\" href=\"https:\/\/visionint.es\/zh\/privacidad\/\" \/>\n<meta property=\"og:locale\" content=\"zh_CN\" \/>\n<meta property=\"og:type\" content=\"article\" \/>\n<meta property=\"og:title\" content=\"Pol\u00edtica de privacidad - VISION INT\" \/>\n<meta property=\"og:description\" content=\"En \u00e9ste apartado puedes leer nuestra pol\u00edtica de privacidad, donde podr\u00e1s obtener informaci\u00f3n sobre el tratamiento de tus datos.\" \/>\n<meta property=\"og:url\" content=\"https:\/\/visionint.es\/zh\/privacidad\/\" \/>\n<meta property=\"og:site_name\" content=\"VISION INT\" \/>\n<meta name=\"twitter:card\" content=\"summary_large_image\" \/>\n<meta name=\"twitter:label1\" content=\"\u9884\u8ba1\u9605\u8bfb\u65f6\u95f4\" \/>\n\t<meta name=\"twitter:data1\" content=\"4 \u5206\" \/>\n<script type=\"application\/ld+json\" class=\"yoast-schema-graph\">{\"@context\":\"https:\/\/schema.org\",\"@graph\":[{\"@type\":\"WebPage\",\"@id\":\"https:\/\/visionint.es\/privacidad\/\",\"url\":\"https:\/\/visionint.es\/privacidad\/\",\"name\":\"Pol\u00edtica de privacidad - VISION INT\",\"isPartOf\":{\"@id\":\"https:\/\/visionint.es\/#website\"},\"datePublished\":\"2021-11-10T15:21:43+00:00\",\"description\":\"En \u00e9ste apartado puedes leer nuestra pol\u00edtica de privacidad, donde podr\u00e1s obtener informaci\u00f3n sobre el tratamiento de tus datos.\",\"breadcrumb\":{\"@id\":\"https:\/\/visionint.es\/privacidad\/#breadcrumb\"},\"inLanguage\":\"zh-Hans\",\"potentialAction\":[{\"@type\":\"ReadAction\",\"target\":[\"https:\/\/visionint.es\/privacidad\/\"]}]},{\"@type\":\"BreadcrumbList\",\"@id\":\"https:\/\/visionint.es\/privacidad\/#breadcrumb\",\"itemListElement\":[{\"@type\":\"ListItem\",\"position\":1,\"name\":\"VISION\",\"item\":\"https:\/\/visionint.es\/\"},{\"@type\":\"ListItem\",\"position\":2,\"name\":\"Pol\u00edtica de privacidad\"}]},{\"@type\":\"WebSite\",\"@id\":\"https:\/\/visionint.es\/#website\",\"url\":\"https:\/\/visionint.es\/\",\"name\":\"VISION INT\",\"description\":\"\",\"publisher\":{\"@id\":\"https:\/\/visionint.es\/#organization\"},\"potentialAction\":[{\"@type\":\"SearchAction\",\"target\":{\"@type\":\"EntryPoint\",\"urlTemplate\":\"https:\/\/visionint.es\/?s={search_term_string}\"},\"query-input\":{\"@type\":\"PropertyValueSpecification\",\"valueRequired\":true,\"valueName\":\"search_term_string\"}}],\"inLanguage\":\"zh-Hans\"},{\"@type\":\"Organization\",\"@id\":\"https:\/\/visionint.es\/#organization\",\"name\":\"VISION\",\"url\":\"https:\/\/visionint.es\/\",\"logo\":{\"@type\":\"ImageObject\",\"inLanguage\":\"zh-Hans\",\"@id\":\"https:\/\/visionint.es\/#\/schema\/logo\/image\/\",\"url\":\"https:\/\/visionint.es\/wp-content\/uploads\/2021\/11\/cropped-1636222990844_VISION-LOGO-FINAL-1-e1636581871560.png\",\"contentUrl\":\"https:\/\/visionint.es\/wp-content\/uploads\/2021\/11\/cropped-1636222990844_VISION-LOGO-FINAL-1-e1636581871560.png\",\"width\":512,\"height\":495,\"caption\":\"VISION\"},\"image\":{\"@id\":\"https:\/\/visionint.es\/#\/schema\/logo\/image\/\"},\"sameAs\":[\"https:\/\/instagram.com\/visionint_\"]}]}<\/script>\n<!-- \/ Yoast SEO plugin. -->","yoast_head_json":{"title":"Pol\u00edtica de privacidad - VISION INT","description":"En \u00e9ste apartado puedes leer nuestra pol\u00edtica de privacidad, donde podr\u00e1s obtener informaci\u00f3n sobre el tratamiento de tus datos.","robots":{"index":"index","follow":"follow","max-snippet":"max-snippet:-1","max-image-preview":"max-image-preview:large","max-video-preview":"max-video-preview:-1"},"canonical":"https:\/\/visionint.es\/zh\/privacidad\/","og_locale":"zh_CN","og_type":"article","og_title":"Pol\u00edtica de privacidad - VISION INT","og_description":"En \u00e9ste apartado puedes leer nuestra pol\u00edtica de privacidad, donde podr\u00e1s obtener informaci\u00f3n sobre el tratamiento de tus datos.","og_url":"https:\/\/visionint.es\/zh\/privacidad\/","og_site_name":"VISION INT","twitter_card":"summary_large_image","twitter_misc":{"\u9884\u8ba1\u9605\u8bfb\u65f6\u95f4":"4 \u5206"},"schema":{"@context":"https:\/\/schema.org","@graph":[{"@type":"WebPage","@id":"https:\/\/visionint.es\/privacidad\/","url":"https:\/\/visionint.es\/privacidad\/","name":"Pol\u00edtica de privacidad - VISION INT","isPartOf":{"@id":"https:\/\/visionint.es\/#website"},"datePublished":"2021-11-10T15:21:43+00:00","description":"En \u00e9ste apartado puedes leer nuestra pol\u00edtica de privacidad, donde podr\u00e1s obtener informaci\u00f3n sobre el tratamiento de tus datos.","breadcrumb":{"@id":"https:\/\/visionint.es\/privacidad\/#breadcrumb"},"inLanguage":"zh-Hans","potentialAction":[{"@type":"ReadAction","target":["https:\/\/visionint.es\/privacidad\/"]}]},{"@type":"BreadcrumbList","@id":"https:\/\/visionint.es\/privacidad\/#breadcrumb","itemListElement":[{"@type":"ListItem","position":1,"name":"VISION","item":"https:\/\/visionint.es\/"},{"@type":"ListItem","position":2,"name":"Pol\u00edtica de privacidad"}]},{"@type":"WebSite","@id":"https:\/\/visionint.es\/#website","url":"https:\/\/visionint.es\/","name":"VISION INT","description":"","publisher":{"@id":"https:\/\/visionint.es\/#organization"},"potentialAction":[{"@type":"SearchAction","target":{"@type":"EntryPoint","urlTemplate":"https:\/\/visionint.es\/?s={search_term_string}"},"query-input":{"@type":"PropertyValueSpecification","valueRequired":true,"valueName":"search_term_string"}}],"inLanguage":"zh-Hans"},{"@type":"Organization","@id":"https:\/\/visionint.es\/#organization","name":"VISION","url":"https:\/\/visionint.es\/","logo":{"@type":"ImageObject","inLanguage":"zh-Hans","@id":"https:\/\/visionint.es\/#\/schema\/logo\/image\/","url":"https:\/\/visionint.es\/wp-content\/uploads\/2021\/11\/cropped-1636222990844_VISION-LOGO-FINAL-1-e1636581871560.png","contentUrl":"https:\/\/visionint.es\/wp-content\/uploads\/2021\/11\/cropped-1636222990844_VISION-LOGO-FINAL-1-e1636581871560.png","width":512,"height":495,"caption":"VISION"},"image":{"@id":"https:\/\/visionint.es\/#\/schema\/logo\/image\/"},"sameAs":["https:\/\/instagram.com\/visionint_"]}]}},"_links":{"self":[{"href":"https:\/\/visionint.es\/zh\/wp-json\/wp\/v2\/pages\/966","targetHints":{"allow":["GET"]}}],"collection":[{"href":"https:\/\/visionint.es\/zh\/wp-json\/wp\/v2\/pages"}],"about":[{"href":"https:\/\/visionint.es\/zh\/wp-json\/wp\/v2\/types\/page"}],"author":[{"embeddable":true,"href":"https:\/\/visionint.es\/zh\/wp-json\/wp\/v2\/users\/1"}],"replies":[{"embeddable":true,"href":"https:\/\/visionint.es\/zh\/wp-json\/wp\/v2\/comments?post=966"}],"version-history":[{"count":1,"href":"https:\/\/visionint.es\/zh\/wp-json\/wp\/v2\/pages\/966\/revisions"}],"predecessor-version":[{"id":967,"href":"https:\/\/visionint.es\/zh\/wp-json\/wp\/v2\/pages\/966\/revisions\/967"}],"wp:attachment":[{"href":"https:\/\/visionint.es\/zh\/wp-json\/wp\/v2\/media?parent=966"}],"curies":[{"name":"wp","href":"https:\/\/api.w.org\/{rel}","templated":true}]}}