{"id":2879,"date":"2025-02-20T16:44:32","date_gmt":"2025-02-20T16:44:32","guid":{"rendered":"https:\/\/visionint.es\/?page_id=2879"},"modified":"2025-03-04T20:12:04","modified_gmt":"2025-03-04T20:12:04","slug":"disenos-codigos-qr","status":"publish","type":"page","link":"https:\/\/visionint.es\/zh\/disenos-codigos-qr\/","title":{"rendered":"\u4e8c\u7ef4\u7801\u8bbe\u8ba1\u3002"},"content":{"rendered":"<div data-elementor-type=\"wp-page\" data-elementor-id=\"2879\" class=\"elementor elementor-2879\">\n\t\t\t\t\t\t<section class=\"elementor-section elementor-top-section elementor-element elementor-element-2285350 elementor-section-full_width elementor-section-height-default elementor-section-height-default\" data-id=\"2285350\" data-element_type=\"section\">\n\t\t\t\t\t\t<div class=\"elementor-container elementor-column-gap-default\">\n\t\t\t\t\t<div class=\"elementor-column elementor-col-100 elementor-top-column elementor-element elementor-element-f865482\" data-id=\"f865482\" data-element_type=\"column\">\n\t\t\t<div class=\"elementor-widget-wrap elementor-element-populated\">\n\t\t\t\t\t\t\t<\/div>\n\t\t<\/div>\n\t\t\t\t\t<\/div>\n\t\t<\/section>\n\t\t\t\t<section class=\"elementor-section elementor-top-section elementor-element elementor-element-a257bb9 elementor-section-boxed elementor-section-height-default elementor-section-height-default\" data-id=\"a257bb9\" data-element_type=\"section\">\n\t\t\t\t\t\t<div class=\"elementor-container elementor-column-gap-default\">\n\t\t\t\t\t<div class=\"elementor-column elementor-col-50 elementor-top-column elementor-element elementor-element-17f91de\" data-id=\"17f91de\" data-element_type=\"column\">\n\t\t\t<div class=\"elementor-widget-wrap elementor-element-populated\">\n\t\t\t\t\t\t<div class=\"elementor-element elementor-element-fc60498 elementor-widget elementor-widget-heading\" data-id=\"fc60498\" data-element_type=\"widget\" data-widget_type=\"heading.default\">\n\t\t\t\t<div class=\"elementor-widget-container\">\n\t\t\t<style>\/*! elementor - v3.23.0 - 15-07-2024 *\/\n.elementor-heading-title{padding:0;margin:0;line-height:1}.elementor-widget-heading .elementor-heading-title[class*=elementor-size-]>a{color:inherit;font-size:inherit;line-height:inherit}.elementor-widget-heading .elementor-heading-title.elementor-size-small{font-size:15px}.elementor-widget-heading .elementor-heading-title.elementor-size-medium{font-size:19px}.elementor-widget-heading .elementor-heading-title.elementor-size-large{font-size:29px}.elementor-widget-heading .elementor-heading-title.elementor-size-xl{font-size:39px}.elementor-widget-heading .elementor-heading-title.elementor-size-xxl{font-size:59px}<\/style><h2 class=\"elementor-heading-title elementor-size-default\">\u4e3a\u60a8\u7684\u4f01\u4e1a\u5b9a\u5236 QR \u7801<\/h2>\t\t<\/div>\n\t\t\t\t<\/div>\n\t\t\t\t<div class=\"elementor-element elementor-element-dff25a8 elementor-widget elementor-widget-text-editor\" data-id=\"dff25a8\" data-element_type=\"widget\" data-widget_type=\"text-editor.default\">\n\t\t\t\t<div class=\"elementor-widget-container\">\n\t\t\t<style>\/*! elementor - v3.23.0 - 15-07-2024 *\/\n.elementor-widget-text-editor.elementor-drop-cap-view-stacked .elementor-drop-cap{background-color:#69727d;color:#fff}.elementor-widget-text-editor.elementor-drop-cap-view-framed .elementor-drop-cap{color:#69727d;border:3px solid;background-color:transparent}.elementor-widget-text-editor:not(.elementor-drop-cap-view-default) .elementor-drop-cap{margin-top:8px}.elementor-widget-text-editor:not(.elementor-drop-cap-view-default) .elementor-drop-cap-letter{width:1em;height:1em}.elementor-widget-text-editor .elementor-drop-cap{float:left;text-align:center;line-height:1;font-size:50px}.elementor-widget-text-editor .elementor-drop-cap-letter{display:inline-block}<\/style>\t\t\t\t<p>\u4e8c\u7ef4\u7801\u4e0d\u4ec5\u4ec5\u662f\u56fe\u50cf\uff1a\u5b83\u4eec\u662f <strong>\u76f4\u63a5\u6865\u6881<\/strong> \u5728\u5370\u5237\u4e16\u754c\u548c\u6570\u5b57\u5185\u5bb9\u4e4b\u95f4\u8fdb\u884c\u5207\u6362\u3002\u53ea\u9700\u8f7b\u8f7b\u4e00\u626b\uff0c\u60a8\u7684\u5ba2\u6237\u5c31\u80fd\u83b7\u5f97\u5373\u65f6\u7684\u76f8\u5173\u4fe1\u606f\u3002<\/p>\t\t\t\t\t\t<\/div>\n\t\t\t\t<\/div>\n\t\t\t\t<div class=\"elementor-element elementor-element-9d6f4bd elementor-widget elementor-widget-heading\" data-id=\"9d6f4bd\" data-element_type=\"widget\" data-widget_type=\"heading.default\">\n\t\t\t\t<div class=\"elementor-widget-container\">\n\t\t\t<h2 class=\"elementor-heading-title elementor-size-default\">\u6211\u4eec\u7684\u670d\u52a1<\/h2>\t\t<\/div>\n\t\t\t\t<\/div>\n\t\t\t\t<div class=\"elementor-element elementor-element-133b0f1 elementor-widget__width-initial elementor-widget elementor-widget-text-editor\" data-id=\"133b0f1\" data-element_type=\"widget\" data-widget_type=\"text-editor.default\">\n\t\t\t\t<div class=\"elementor-widget-container\">\n\t\t\t\t\t\t\t<p>\u5728 VISION INT\uff0c\u6211\u4eec\u6df1\u77e5\u521b\u65b0\u548c\u8fde\u63a5\u5728\u5f53\u4eca\u5546\u4e1a\u4e16\u754c\u4e2d\u7684\u91cd\u8981\u6027\u3002\u6211\u4eec\u7684 QR \u7801\u670d\u52a1\u65e8\u5728\u6539\u53d8\u60a8\u4e0e\u5ba2\u6237\u4e92\u52a8\u7684\u65b9\u5f0f\uff0c\u4f18\u5316\u60a8\u4e0e\u5ba2\u6237\u4e92\u52a8\u7684\u65b9\u5f0f\u3002<br \/>\u60a8\u7684\u4e1a\u52a1\u6d41\u7a0b\u3002<br \/><br \/>\u6709\u4e86 VISION INT\uff0c\u60a8\u4e0d\u4ec5\u53ef\u4ee5\u83b7\u5f97 QR \u7801\uff0c\u8fd8\u53ef\u4ee5\u83b7\u5f97\u7aef\u5230\u7aef\u7684\u89e3\u51b3\u65b9\u6848\uff0c\u63a8\u52a8\u60a8\u7684\u4f01\u4e1a\u8d70\u5411\u672a\u6765\u3002 \u8054\u7cfb\u6211\u4eec\uff0c\u4e86\u89e3\u6211\u4eec\u5982\u4f55\u5e2e\u52a9\u60a8\u521b\u65b0\u548c\u8fde\u63a5\uff01<\/p>\t\t\t\t\t\t<\/div>\n\t\t\t\t<\/div>\n\t\t\t\t\t<\/div>\n\t\t<\/div>\n\t\t\t\t<div class=\"elementor-column elementor-col-50 elementor-top-column elementor-element elementor-element-1b5f547\" data-id=\"1b5f547\" data-element_type=\"column\">\n\t\t\t<div class=\"elementor-widget-wrap elementor-element-populated\">\n\t\t\t\t\t\t<div class=\"elementor-element elementor-element-e7992e6 elementor-widget__width-initial elementor-widget elementor-widget-image\" data-id=\"e7992e6\" data-element_type=\"widget\" data-widget_type=\"image.default\">\n\t\t\t\t<div class=\"elementor-widget-container\">\n\t\t\t<style>\/*! elementor - v3.23.0 - 15-07-2024 *\/\n.elementor-widget-image{text-align:center}.elementor-widget-image a{display:inline-block}.elementor-widget-image a img[src$=\".svg\"]{width:48px}.elementor-widget-image img{vertical-align:middle;display:inline-block}<\/style>\t\t\t\t\t\t\t\t\t\t<img fetchpriority=\"high\" decoding=\"async\" width=\"267\" height=\"300\" src=\"https:\/\/visionint.es\/wp-content\/uploads\/2025\/02\/david-foto-ventas-1-267x300.png\" class=\"attachment-medium size-medium wp-image-2898\" alt=\"\" srcset=\"https:\/\/visionint.es\/wp-content\/uploads\/2025\/02\/david-foto-ventas-1-267x300.png 267w, https:\/\/visionint.es\/wp-content\/uploads\/2025\/02\/david-foto-ventas-1-11x12.png 11w, https:\/\/visionint.es\/wp-content\/uploads\/2025\/02\/david-foto-ventas-1.png 343w\" sizes=\"(max-width: 267px) 100vw, 267px\" \/>\t\t\t\t\t\t\t\t\t\t\t\t\t<\/div>\n\t\t\t\t<\/div>\n\t\t\t\t\t<\/div>\n\t\t<\/div>\n\t\t\t\t\t<\/div>\n\t\t<\/section>\n\t\t\t\t<section class=\"elementor-section elementor-top-section elementor-element elementor-element-865ed35 elementor-section-boxed elementor-section-height-default elementor-section-height-default\" data-id=\"865ed35\" data-element_type=\"section\">\n\t\t\t\t\t\t<div class=\"elementor-container elementor-column-gap-default\">\n\t\t\t\t\t<div class=\"elementor-column elementor-col-20 elementor-top-column elementor-element elementor-element-ee975d2\" data-id=\"ee975d2\" data-element_type=\"column\" data-settings=\"{&quot;background_background&quot;:&quot;classic&quot;}\">\n\t\t\t<div class=\"elementor-widget-wrap elementor-element-populated\">\n\t\t\t\t\t\t<div class=\"elementor-element elementor-element-226b722 elementor-widget elementor-widget-text-editor\" data-id=\"226b722\" data-element_type=\"widget\" data-widget_type=\"text-editor.default\">\n\t\t\t\t<div class=\"elementor-widget-container\">\n\t\t\t\t\t\t\t<h4>\u79ef\u5206<\/h4><ul class=\"bs-list\"><li><h6>\u5feb\u901f\u83b7\u53d6\u4fe1\u606f<\/h6><\/li><li><h6>\u6539\u8fdb\u4e92\u52a8<\/h6><\/li><li><h6>\u5b9e\u9645\u6210\u672c<\/h6><\/li><li><h6>\u6570\u636e\u6536\u96c6<\/h6><\/li><\/ul>\t\t\t\t\t\t<\/div>\n\t\t\t\t<\/div>\n\t\t\t\t\t<\/div>\n\t\t<\/div>\n\t\t\t\t<div class=\"elementor-column elementor-col-20 elementor-top-column elementor-element elementor-element-5c90c7b\" data-id=\"5c90c7b\" data-element_type=\"column\">\n\t\t\t<div class=\"elementor-widget-wrap\">\n\t\t\t\t\t\t\t<\/div>\n\t\t<\/div>\n\t\t\t\t<div class=\"elementor-column elementor-col-20 elementor-top-column elementor-element elementor-element-bdabc2d\" data-id=\"bdabc2d\" data-element_type=\"column\" data-settings=\"{&quot;background_background&quot;:&quot;classic&quot;}\">\n\t\t\t<div class=\"elementor-widget-wrap elementor-element-populated\">\n\t\t\t\t\t\t<div class=\"elementor-element elementor-element-b705b98 elementor-widget__width-initial elementor-widget elementor-widget-text-editor\" data-id=\"b705b98\" data-element_type=\"widget\" data-widget_type=\"text-editor.default\">\n\t\t\t\t<div class=\"elementor-widget-container\">\n\t\t\t\t\t\t\t<h4>\u6218\u7565<\/h4><p>QR \u7801\u6218\u7565\u7684\u57fa\u7840\u662f\u5176\u5373\u65f6\u8fde\u63a5\u7269\u7406\u4e16\u754c\u548c\u6570\u5b57\u4e16\u754c\u7684\u80fd\u529b\u3002\u901a\u8fc7\u5728\u4ea7\u54c1\u3001\u5e7f\u544a\u6216\u6d3b\u52a8\u4e0a\u4f7f\u7528\u4e8c\u7ef4\u7801\uff0c\u4f01\u4e1a\u53ef\u4ee5\u8ba9\u6d88\u8d39\u8005\u76f4\u63a5\u83b7\u53d6\u76f8\u5173\u4fe1\u606f\u3001\u4fc3\u9500\u6d3b\u52a8\u548c\u4e92\u52a8\u4f53\u9a8c\u3002<\/p>\t\t\t\t\t\t<\/div>\n\t\t\t\t<\/div>\n\t\t\t\t\t<\/div>\n\t\t<\/div>\n\t\t\t\t<div class=\"elementor-column elementor-col-20 elementor-top-column elementor-element elementor-element-e3880aa\" data-id=\"e3880aa\" data-element_type=\"column\">\n\t\t\t<div class=\"elementor-widget-wrap\">\n\t\t\t\t\t\t\t<\/div>\n\t\t<\/div>\n\t\t\t\t<div class=\"elementor-column elementor-col-20 elementor-top-column elementor-element elementor-element-268127e\" data-id=\"268127e\" data-element_type=\"column\" data-settings=\"{&quot;background_background&quot;:&quot;classic&quot;}\">\n\t\t\t<div class=\"elementor-widget-wrap elementor-element-populated\">\n\t\t\t\t\t\t<div class=\"elementor-element elementor-element-5fab9e4 elementor-widget elementor-widget-text-editor\" data-id=\"5fab9e4\" data-element_type=\"widget\" data-widget_type=\"text-editor.default\">\n\t\t\t\t<div class=\"elementor-widget-container\">\n\t\t\t\t\t\t\t<h4>\u76ca\u5904<\/h4><p>\u4e8c\u7ef4\u7801\u7684\u4e3b\u8981\u4f18\u70b9\u4e4b\u4e00\u662f\u80fd\u591f\u5feb\u901f\u6709\u6548\u5730\u83b7\u53d6\u4fe1\u606f\u3002\u901a\u8fc7\u79fb\u52a8\u8bbe\u5907\u626b\u63cf\u4e8c\u7ef4\u7801\uff0c\u7528\u6237\u53ef\u4ee5\u7acb\u5373\u8bbf\u95ee\u94fe\u63a5\u3001\u6570\u5b57\u83dc\u5355\u3001\u4fc3\u9500\u6d3b\u52a8\u6216\u5176\u4ed6\u4fe1\u606f\uff0c\u800c\u65e0\u9700\u8f93\u5165\u7f51\u5740\u3002<\/p>\t\t\t\t\t\t<\/div>\n\t\t\t\t<\/div>\n\t\t\t\t\t<\/div>\n\t\t<\/div>\n\t\t\t\t\t<\/div>\n\t\t<\/section>\n\t\t\t\t<section class=\"elementor-section elementor-top-section elementor-element elementor-element-1c59551 elementor-section-boxed elementor-section-height-default elementor-section-height-default\" data-id=\"1c59551\" data-element_type=\"section\">\n\t\t\t\t\t\t<div class=\"elementor-container elementor-column-gap-default\">\n\t\t\t\t\t<div class=\"elementor-column elementor-col-100 elementor-top-column elementor-element elementor-element-6579348\" data-id=\"6579348\" data-element_type=\"column\">\n\t\t\t<div class=\"elementor-widget-wrap elementor-element-populated\">\n\t\t\t\t\t\t<div class=\"elementor-element elementor-element-d3bcb7c elementor-widget elementor-widget-spacer\" data-id=\"d3bcb7c\" data-element_type=\"widget\" data-widget_type=\"spacer.default\">\n\t\t\t\t<div class=\"elementor-widget-container\">\n\t\t\t<style>\/*! elementor - v3.23.0 - 15-07-2024 *\/\n.elementor-column .elementor-spacer-inner{height:var(--spacer-size)}.e-con{--container-widget-width:100%}.e-con-inner>.elementor-widget-spacer,.e-con>.elementor-widget-spacer{width:var(--container-widget-width,var(--spacer-size));--align-self:var(--container-widget-align-self,initial);--flex-shrink:0}.e-con-inner>.elementor-widget-spacer>.elementor-widget-container,.e-con>.elementor-widget-spacer>.elementor-widget-container{height:100%;width:100%}.e-con-inner>.elementor-widget-spacer>.elementor-widget-container>.elementor-spacer,.e-con>.elementor-widget-spacer>.elementor-widget-container>.elementor-spacer{height:100%}.e-con-inner>.elementor-widget-spacer>.elementor-widget-container>.elementor-spacer>.elementor-spacer-inner,.e-con>.elementor-widget-spacer>.elementor-widget-container>.elementor-spacer>.elementor-spacer-inner{height:var(--container-widget-height,var(--spacer-size))}.e-con-inner>.elementor-widget-spacer.elementor-widget-empty,.e-con>.elementor-widget-spacer.elementor-widget-empty{position:relative;min-height:22px;min-width:22px}.e-con-inner>.elementor-widget-spacer.elementor-widget-empty .elementor-widget-empty-icon,.e-con>.elementor-widget-spacer.elementor-widget-empty .elementor-widget-empty-icon{position:absolute;top:0;bottom:0;left:0;right:0;margin:auto;padding:0;width:22px;height:22px}<\/style>\t\t<div class=\"elementor-spacer\">\n\t\t\t<div class=\"elementor-spacer-inner\"><\/div>\n\t\t<\/div>\n\t\t\t\t<\/div>\n\t\t\t\t<\/div>\n\t\t\t\t<div class=\"elementor-element elementor-element-312709f elementor-widget elementor-widget-heading\" data-id=\"312709f\" data-element_type=\"widget\" data-widget_type=\"heading.default\">\n\t\t\t\t<div class=\"elementor-widget-container\">\n\t\t\t<h2 class=\"elementor-heading-title elementor-size-default\">Qr \u8bbe\u8ba1\u7684\u597d\u5904<\/h2>\t\t<\/div>\n\t\t\t\t<\/div>\n\t\t\t\t\t<\/div>\n\t\t<\/div>\n\t\t\t\t\t<\/div>\n\t\t<\/section>\n\t\t\t\t<section class=\"elementor-section elementor-top-section elementor-element elementor-element-4a05248 elementor-section-boxed elementor-section-height-default elementor-section-height-default\" data-id=\"4a05248\" data-element_type=\"section\">\n\t\t\t\t\t\t<div class=\"elementor-container elementor-column-gap-default\">\n\t\t\t\t\t<div class=\"elementor-column elementor-col-100 elementor-top-column elementor-element elementor-element-eb31983\" data-id=\"eb31983\" data-element_type=\"column\">\n\t\t\t<div class=\"elementor-widget-wrap elementor-element-populated\">\n\t\t\t\t\t\t<div class=\"elementor-element elementor-element-79c4845 elementor-widget elementor-widget-text-editor\" data-id=\"79c4845\" data-element_type=\"widget\" data-widget_type=\"text-editor.default\">\n\t\t\t\t<div class=\"elementor-widget-container\">\n\t\t\t\t\t\t\t<p>\u63d0\u9ad8\u6f5c\u5728\u98df\u5ba2\u7684\u4fe1\u4efb\u5ea6 \u5982\u4eca\uff0c\u6d88\u8d39\u8005\u91cd\u89c6\u4fe1\u606f\u7684\u900f\u660e\u5ea6\u548c\u53ef\u53ca\u6027\u3002\u901a\u8fc7\u4f7f\u7528\u4e8c\u7ef4\u7801\uff0c\u60a8\u53ef\u4ee5\u8ba9\u987e\u5ba2\u7acb\u5373\u4e86\u89e3\u83dc\u5355\u3001\u914d\u6599\u3001\u8fc7\u654f\u539f\u548c\u7279\u522b\u4fc3\u9500\u6d3b\u52a8\u3002\u8fd9\u79cd\u8bbe\u65bd\u4e0d\u4ec5\u80fd\u63d0\u5347\u7528\u6237\u4f53\u9a8c\uff0c\u8fd8\u80fd\u8425\u9020\u4e00\u79cd\u4fe1\u4efb\u73af\u5883\u3002\u98df\u5ba2\u77e5\u9053\u4ed6\u4eec\u53ef\u4ee5\u83b7\u5f97\u6709\u5173\u6240\u5403\u98df\u7269\u7684\u8be6\u7ec6\u4fe1\u606f\uff0c\u56e0\u6b64\u4f1a\u66f4\u6709\u4fe1\u5fc3\uff0c\u4ece\u800c\u4fc3\u4f7f\u4ed6\u4eec\u9009\u62e9\u60a8\u7684\u4f01\u4e1a\u800c\u4e0d\u662f\u5176\u4ed6\u4f01\u4e1a\u3002<\/p>\t\t\t\t\t\t<\/div>\n\t\t\t\t<\/div>\n\t\t\t\t\t<\/div>\n\t\t<\/div>\n\t\t\t\t\t<\/div>\n\t\t<\/section>\n\t\t\t\t<section class=\"elementor-section elementor-top-section elementor-element elementor-element-6217803 elementor-section-boxed elementor-section-height-default elementor-section-height-default\" data-id=\"6217803\" data-element_type=\"section\">\n\t\t\t\t\t\t<div class=\"elementor-container elementor-column-gap-default\">\n\t\t\t\t\t<div class=\"elementor-column elementor-col-100 elementor-top-column elementor-element elementor-element-6d41128\" data-id=\"6d41128\" data-element_type=\"column\">\n\t\t\t<div class=\"elementor-widget-wrap elementor-element-populated\">\n\t\t\t\t\t\t<div class=\"elementor-element elementor-element-3359772 elementor-widget elementor-widget-spacer\" data-id=\"3359772\" data-element_type=\"widget\" data-widget_type=\"spacer.default\">\n\t\t\t\t<div class=\"elementor-widget-container\">\n\t\t\t\t\t<div class=\"elementor-spacer\">\n\t\t\t<div class=\"elementor-spacer-inner\"><\/div>\n\t\t<\/div>\n\t\t\t\t<\/div>\n\t\t\t\t<\/div>\n\t\t\t\t<div class=\"elementor-element elementor-element-2406742 elementor-widget elementor-widget-heading\" data-id=\"2406742\" data-element_type=\"widget\" data-widget_type=\"heading.default\">\n\t\t\t\t<div class=\"elementor-widget-container\">\n\t\t\t<h2 class=\"elementor-heading-title elementor-size-default\">\u6bcf\u6708\u4ed8\u6b3e Qr<\/h2>\t\t<\/div>\n\t\t\t\t<\/div>\n\t\t\t\t<div class=\"elementor-element elementor-element-4abcbec elementor-widget__width-initial elementor-widget elementor-widget-text-editor\" data-id=\"4abcbec\" data-element_type=\"widget\" data-widget_type=\"text-editor.default\">\n\t\t\t\t<div class=\"elementor-widget-container\">\n\t\t\t\t\t\t\t<p>\u5ba2\u6237\u4fe1\u606f\uff1b\u57ce\u5e02\u3001\u7535\u8bdd\u548c\u90ae\u5bc4\u5730\u5740\uff0c\u7528\u4e8e\u7535\u5b50\u90ae\u4ef6\u548c WhatsApp \u8425\u9500\u6d3b\u52a8\u3002\u901a\u8fc7\u4e8c\u7ef4\u7801\u6309\u6708\u4ed8\u6b3e\u5df2\u6210\u4e3a\u8bb8\u591a\u4f01\u4e1a\u7684\u6d41\u884c\u9009\u62e9\uff0c\u8fd9\u5bf9\u5546\u5bb6\u548c\u6d88\u8d39\u8005\u90fd\u6709\u5f88\u5927\u597d\u5904\u3002<\/p>\t\t\t\t\t\t<\/div>\n\t\t\t\t<\/div>\n\t\t\t\t\t<\/div>\n\t\t<\/div>\n\t\t\t\t\t<\/div>\n\t\t<\/section>\n\t\t\t\t<\/div>","protected":false},"excerpt":{"rendered":"<p>C\u00f3digos QR a la medida de tu negocio Los c\u00f3digos QR son mucho m\u00e1s que im\u00e1genes: son puentes directos entre el mundo impreso y el contenido digital. Con un simple escaneo, tus clientes acceden a informaci\u00f3n instant\u00e1nea y relevante. Nuestros servicios En VISION INT, entendemos la importancia de la innovaci\u00f3n y la conectividad en el [&hellip;]<\/p>","protected":false},"author":3,"featured_media":0,"parent":0,"menu_order":0,"comment_status":"closed","ping_status":"closed","template":"","meta":{"inline_featured_image":false,"_monsterinsights_skip_tracking":false,"_monsterinsights_sitenote_active":false,"_monsterinsights_sitenote_note":"","_monsterinsights_sitenote_category":0,"footnotes":""},"class_list":["post-2879","page","type-page","status-publish","hentry"],"yoast_head":"<!-- This site is optimized with the Yoast SEO plugin v24.7 - https:\/\/yoast.com\/wordpress\/plugins\/seo\/ -->\n<title>Dise\u00f1os c\u00f3digos QR. - VISION INT<\/title>\n<meta name=\"robots\" content=\"index, follow, max-snippet:-1, max-image-preview:large, max-video-preview:-1\" \/>\n<link rel=\"canonical\" href=\"https:\/\/visionint.es\/zh\/disenos-codigos-qr\/\" \/>\n<meta property=\"og:locale\" content=\"zh_CN\" \/>\n<meta property=\"og:type\" content=\"article\" \/>\n<meta property=\"og:title\" content=\"Dise\u00f1os c\u00f3digos QR. - VISION INT\" \/>\n<meta property=\"og:url\" content=\"https:\/\/visionint.es\/zh\/disenos-codigos-qr\/\" \/>\n<meta property=\"og:site_name\" content=\"VISION INT\" \/>\n<meta property=\"article:modified_time\" content=\"2025-03-04T20:12:04+00:00\" \/>\n<meta property=\"og:image\" content=\"https:\/\/visionint.es\/wp-content\/uploads\/2025\/02\/david-foto-ventas-1-267x300.png\" \/>\n<meta name=\"twitter:card\" content=\"summary_large_image\" \/>\n<meta name=\"twitter:label1\" content=\"\u9884\u8ba1\u9605\u8bfb\u65f6\u95f4\" \/>\n\t<meta name=\"twitter:data1\" content=\"2 \u5206\" \/>\n<script type=\"application\/ld+json\" class=\"yoast-schema-graph\">{\"@context\":\"https:\/\/schema.org\",\"@graph\":[{\"@type\":\"WebPage\",\"@id\":\"https:\/\/visionint.es\/disenos-codigos-qr\/\",\"url\":\"https:\/\/visionint.es\/disenos-codigos-qr\/\",\"name\":\"Dise\u00f1os c\u00f3digos QR. - VISION INT\",\"isPartOf\":{\"@id\":\"https:\/\/visionint.es\/#website\"},\"primaryImageOfPage\":{\"@id\":\"https:\/\/visionint.es\/disenos-codigos-qr\/#primaryimage\"},\"image\":{\"@id\":\"https:\/\/visionint.es\/disenos-codigos-qr\/#primaryimage\"},\"thumbnailUrl\":\"https:\/\/visionint.es\/wp-content\/uploads\/2025\/02\/david-foto-ventas-1-267x300.png\",\"datePublished\":\"2025-02-20T16:44:32+00:00\",\"dateModified\":\"2025-03-04T20:12:04+00:00\",\"breadcrumb\":{\"@id\":\"https:\/\/visionint.es\/disenos-codigos-qr\/#breadcrumb\"},\"inLanguage\":\"zh-Hans\",\"potentialAction\":[{\"@type\":\"ReadAction\",\"target\":[\"https:\/\/visionint.es\/disenos-codigos-qr\/\"]}]},{\"@type\":\"ImageObject\",\"inLanguage\":\"zh-Hans\",\"@id\":\"https:\/\/visionint.es\/disenos-codigos-qr\/#primaryimage\",\"url\":\"https:\/\/visionint.es\/wp-content\/uploads\/2025\/02\/david-foto-ventas-1-267x300.png\",\"contentUrl\":\"https:\/\/visionint.es\/wp-content\/uploads\/2025\/02\/david-foto-ventas-1-267x300.png\"},{\"@type\":\"BreadcrumbList\",\"@id\":\"https:\/\/visionint.es\/disenos-codigos-qr\/#breadcrumb\",\"itemListElement\":[{\"@type\":\"ListItem\",\"position\":1,\"name\":\"VISION\",\"item\":\"https:\/\/visionint.es\/\"},{\"@type\":\"ListItem\",\"position\":2,\"name\":\"Dise\u00f1os c\u00f3digos QR.\"}]},{\"@type\":\"WebSite\",\"@id\":\"https:\/\/visionint.es\/#website\",\"url\":\"https:\/\/visionint.es\/\",\"name\":\"VISION INT\",\"description\":\"\",\"publisher\":{\"@id\":\"https:\/\/visionint.es\/#organization\"},\"potentialAction\":[{\"@type\":\"SearchAction\",\"target\":{\"@type\":\"EntryPoint\",\"urlTemplate\":\"https:\/\/visionint.es\/?s={search_term_string}\"},\"query-input\":{\"@type\":\"PropertyValueSpecification\",\"valueRequired\":true,\"valueName\":\"search_term_string\"}}],\"inLanguage\":\"zh-Hans\"},{\"@type\":\"Organization\",\"@id\":\"https:\/\/visionint.es\/#organization\",\"name\":\"VISION\",\"url\":\"https:\/\/visionint.es\/\",\"logo\":{\"@type\":\"ImageObject\",\"inLanguage\":\"zh-Hans\",\"@id\":\"https:\/\/visionint.es\/#\/schema\/logo\/image\/\",\"url\":\"https:\/\/visionint.es\/wp-content\/uploads\/2021\/11\/cropped-1636222990844_VISION-LOGO-FINAL-1-e1636581871560.png\",\"contentUrl\":\"https:\/\/visionint.es\/wp-content\/uploads\/2021\/11\/cropped-1636222990844_VISION-LOGO-FINAL-1-e1636581871560.png\",\"width\":512,\"height\":495,\"caption\":\"VISION\"},\"image\":{\"@id\":\"https:\/\/visionint.es\/#\/schema\/logo\/image\/\"},\"sameAs\":[\"https:\/\/instagram.com\/visionint_\"]}]}<\/script>\n<!-- \/ Yoast SEO plugin. -->","yoast_head_json":{"title":"Dise\u00f1os c\u00f3digos QR. - VISION INT","robots":{"index":"index","follow":"follow","max-snippet":"max-snippet:-1","max-image-preview":"max-image-preview:large","max-video-preview":"max-video-preview:-1"},"canonical":"https:\/\/visionint.es\/zh\/disenos-codigos-qr\/","og_locale":"zh_CN","og_type":"article","og_title":"Dise\u00f1os c\u00f3digos QR. - VISION INT","og_url":"https:\/\/visionint.es\/zh\/disenos-codigos-qr\/","og_site_name":"VISION INT","article_modified_time":"2025-03-04T20:12:04+00:00","og_image":[{"url":"https:\/\/visionint.es\/wp-content\/uploads\/2025\/02\/david-foto-ventas-1-267x300.png","type":"","width":"","height":""}],"twitter_card":"summary_large_image","twitter_misc":{"\u9884\u8ba1\u9605\u8bfb\u65f6\u95f4":"2 \u5206"},"schema":{"@context":"https:\/\/schema.org","@graph":[{"@type":"WebPage","@id":"https:\/\/visionint.es\/disenos-codigos-qr\/","url":"https:\/\/visionint.es\/disenos-codigos-qr\/","name":"Dise\u00f1os c\u00f3digos QR. - VISION INT","isPartOf":{"@id":"https:\/\/visionint.es\/#website"},"primaryImageOfPage":{"@id":"https:\/\/visionint.es\/disenos-codigos-qr\/#primaryimage"},"image":{"@id":"https:\/\/visionint.es\/disenos-codigos-qr\/#primaryimage"},"thumbnailUrl":"https:\/\/visionint.es\/wp-content\/uploads\/2025\/02\/david-foto-ventas-1-267x300.png","datePublished":"2025-02-20T16:44:32+00:00","dateModified":"2025-03-04T20:12:04+00:00","breadcrumb":{"@id":"https:\/\/visionint.es\/disenos-codigos-qr\/#breadcrumb"},"inLanguage":"zh-Hans","potentialAction":[{"@type":"ReadAction","target":["https:\/\/visionint.es\/disenos-codigos-qr\/"]}]},{"@type":"ImageObject","inLanguage":"zh-Hans","@id":"https:\/\/visionint.es\/disenos-codigos-qr\/#primaryimage","url":"https:\/\/visionint.es\/wp-content\/uploads\/2025\/02\/david-foto-ventas-1-267x300.png","contentUrl":"https:\/\/visionint.es\/wp-content\/uploads\/2025\/02\/david-foto-ventas-1-267x300.png"},{"@type":"BreadcrumbList","@id":"https:\/\/visionint.es\/disenos-codigos-qr\/#breadcrumb","itemListElement":[{"@type":"ListItem","position":1,"name":"VISION","item":"https:\/\/visionint.es\/"},{"@type":"ListItem","position":2,"name":"Dise\u00f1os c\u00f3digos QR."}]},{"@type":"WebSite","@id":"https:\/\/visionint.es\/#website","url":"https:\/\/visionint.es\/","name":"VISION INT","description":"","publisher":{"@id":"https:\/\/visionint.es\/#organization"},"potentialAction":[{"@type":"SearchAction","target":{"@type":"EntryPoint","urlTemplate":"https:\/\/visionint.es\/?s={search_term_string}"},"query-input":{"@type":"PropertyValueSpecification","valueRequired":true,"valueName":"search_term_string"}}],"inLanguage":"zh-Hans"},{"@type":"Organization","@id":"https:\/\/visionint.es\/#organization","name":"VISION","url":"https:\/\/visionint.es\/","logo":{"@type":"ImageObject","inLanguage":"zh-Hans","@id":"https:\/\/visionint.es\/#\/schema\/logo\/image\/","url":"https:\/\/visionint.es\/wp-content\/uploads\/2021\/11\/cropped-1636222990844_VISION-LOGO-FINAL-1-e1636581871560.png","contentUrl":"https:\/\/visionint.es\/wp-content\/uploads\/2021\/11\/cropped-1636222990844_VISION-LOGO-FINAL-1-e1636581871560.png","width":512,"height":495,"caption":"VISION"},"image":{"@id":"https:\/\/visionint.es\/#\/schema\/logo\/image\/"},"sameAs":["https:\/\/instagram.com\/visionint_"]}]}},"_links":{"self":[{"href":"https:\/\/visionint.es\/zh\/wp-json\/wp\/v2\/pages\/2879","targetHints":{"allow":["GET"]}}],"collection":[{"href":"https:\/\/visionint.es\/zh\/wp-json\/wp\/v2\/pages"}],"about":[{"href":"https:\/\/visionint.es\/zh\/wp-json\/wp\/v2\/types\/page"}],"author":[{"embeddable":true,"href":"https:\/\/visionint.es\/zh\/wp-json\/wp\/v2\/users\/3"}],"replies":[{"embeddable":true,"href":"https:\/\/visionint.es\/zh\/wp-json\/wp\/v2\/comments?post=2879"}],"version-history":[{"count":40,"href":"https:\/\/visionint.es\/zh\/wp-json\/wp\/v2\/pages\/2879\/revisions"}],"predecessor-version":[{"id":2940,"href":"https:\/\/visionint.es\/zh\/wp-json\/wp\/v2\/pages\/2879\/revisions\/2940"}],"wp:attachment":[{"href":"https:\/\/visionint.es\/zh\/wp-json\/wp\/v2\/media?parent=2879"}],"curies":[{"name":"wp","href":"https:\/\/api.w.org\/{rel}","templated":true}]}}