{"id":998,"date":"2021-11-10T21:57:12","date_gmt":"2021-11-10T21:57:12","guid":{"rendered":"http:\/\/visionint.es\/politica-de-cookies-ue\/"},"modified":"2021-11-10T21:57:12","modified_gmt":"2021-11-10T21:57:12","slug":"politica-de-cookies-ue","status":"publish","type":"page","link":"https:\/\/visionint.es\/pt\/politica-de-cookies-ue\/","title":{"rendered":"Pol\u00edtica de cookies (UE)"},"content":{"rendered":"<!-- Legal document generated by Complianz | GDPR\/CCPA Cookie Consent https:\/\/wordpress.org\/plugins\/complianz-gdpr -->\n<div id=\"cmplz-document\" class=\"cmplz-document cookie-statement cmplz-document-eu\"><p><i>Esta Pol\u00edtica de Cookies foi atualizada pela \u00faltima vez em novembro 10, 2021 e se aplica aos cidad\u00e3os e residentes legais permanentes do Espa\u00e7o Econ\u00f4mico Europeu e Su\u00ed\u00e7a.<\/i><br><\/p><h2>1. introdu\u00e7\u00e3o<\/h2><p>Nosso site, <a href=\"https:\/\/visionint.es\/pt\">https:\/\/visionint.es\/pt<\/a> (doravante: \"o site\") usa cookies e outras tecnologias relacionadas (por conven\u00e7\u00e3o, todas as tecnologias s\u00e3o chamadas de \"cookies\"). Os cookies tamb\u00e9m s\u00e3o colocados por terceiros com os quais temos contrato. No documento abaixo, informamos sobre o uso de cookies em nosso site.<\/p><h2>2. O que s\u00e3o cookies?<\/h2><p>Um cookie \u00e9 um arquivo pequeno e simples que \u00e9 enviado junto com as p\u00e1ginas deste site e armazenado pelo seu navegador no disco r\u00edgido do seu computador ou outro dispositivo. As informa\u00e7\u00f5es armazenadas podem ser enviadas de volta aos nossos servidores ou aos servidores de terceiros relevantes durante uma visita subsequente.<\/p><h2>3. O que s\u00e3o scripts?<\/h2><p>Um script \u00e9 um trecho de c\u00f3digo de programa usado para fazer com que nosso site funcione de forma adequada e interativa. Esse c\u00f3digo \u00e9 executado em nosso servidor ou em seu dispositivo.<\/p><h2>4. O que \u00e9 um web beacon?<\/h2><p>Um web beacon (ou pixel tag) \u00e9 um texto ou uma imagem pequena e invis\u00edvel em um site que \u00e9 usado para monitorar o tr\u00e1fego em um site. Para isso, v\u00e1rios dados sobre voc\u00ea s\u00e3o armazenados usando web beacons.<\/p><h2>5. Cookies<\/h2><p class=\"cmplz-subtitle\">5.1 Cookies t\u00e9cnicos ou funcionais<\/p><p>Alguns cookies garantem que determinadas partes do site funcionem corretamente e que suas prefer\u00eancias de usu\u00e1rio permane\u00e7am conhecidas. Ao inserir cookies funcionais, facilitamos a sua visita ao nosso site. Dessa forma, n\u00e3o \u00e9 necess\u00e1rio inserir repetidamente as mesmas informa\u00e7\u00f5es ao visitar nosso site e, por exemplo, os itens permanecem no carrinho de compras at\u00e9 que a compra seja conclu\u00edda. Podemos inserir esses cookies sem seu consentimento.<\/p><p class=\"cmplz-subtitle\">5.2 Cookies anal\u00edticos<\/p><p>Usamos cookies anal\u00edticos para otimizar a experi\u00eancia do site para nossos usu\u00e1rios. Com esses cookies anal\u00edticos, obtemos informa\u00e7\u00f5es sobre o uso de nosso site. Solicitamos sua permiss\u00e3o para inserir cookies anal\u00edticos.<\/p><p class=\"cmplz-subtitle\">5.3 Cookies de marketing\/rastreamento<\/p><p>Os cookies de marketing\/rastreamento s\u00e3o como qualquer outro tipo de cookie ou forma de armazenamento local, usados para criar perfis de usu\u00e1rio para fornecer publicidade ou para rastrear o usu\u00e1rio neste site ou em v\u00e1rios sites para fins de marketing.<\/p><p class=\"cmplz-subtitle\">5.4 M\u00eddia social<\/p><p>Em nosso site, inclu\u00edmos conte\u00fado de Facebook, Twitter, LinkedIn, WhatsApp, Instagram e TikTok para promover p\u00e1ginas da web (por exemplo, \u00abcurtir\u00bb, \u00abpin\u00bb) ou compartilhar (por exemplo, \u00abtwittar\u00bb) em redes sociais como Facebook, Twitter, LinkedIn, WhatsApp, Instagram e TikTok. Este conte\u00fado \u00e9 incorporado com c\u00f3digo derivado de Facebook, Twitter, LinkedIn, WhatsApp, Instagram e TikTok e coloca cookies. Esse conte\u00fado pode armazenar e processar determinadas informa\u00e7\u00f5es para publicidade personalizada.<\/p><p>Leia a declara\u00e7\u00e3o de privacidade dessas redes sociais (que podem mudar regularmente) para saber o que eles fazem com seus dados (pessoais) que eles processam usando esses cookies. Os dados recuperados s\u00e3o anonimizados tanto quanto poss\u00edvel. Facebook, Twitter, LinkedIn, WhatsApp, Instagram e TikTok est\u00e3o localizados nos Estados Unidos.<\/p><h2>6. Cookies inseridos<\/h2><div id=\"cmplz-cookies-overview\"><details class=\"cmplz-dropdown cmplz-service-desc cmplz-dropdown-cookiepolicy\">\n\t<summary class=\"cmplz-service-header\"><div>\n\t\t<h3>WordPress<\/h3>\n\t\t<p>Finalidade pendente de investiga\u00e7\u00e3o<\/p>\n\t\t<label for=\"cmplz_service_wordpress\" class=\"cmplz_consent_per_service_label\"><span class=\"screen-reader-text\">Consentimento para o servi\u00e7o wordpress<\/span><\/label>\n\t\t<input type=\"checkbox\" id=\"cmplz_service_wordpress\" class=\"cmplz-accept-service cmplz-hidden\" data-service=\"wordpress\" data-category=\"functional\"><\/div>\n\t<\/summary>\n\t<div class=\"cmplz-service-description\">\n\t\t<h4>Utiliza\u00e7\u00e3o<\/h4>\n\t\t<p><\/p>\n\t<\/div>\n\t<div class=\"cmplz-sharing-data\">\n\t\t<h4>Compartilhamento de dados<\/h4>\n\t\t<p>Esses dados n\u00e3o s\u00e3o compartilhados com terceiros.<\/p>\n\t<\/div>\n\t<div class=\"cookies-per-purpose\">\n    <div class=\"purpose\"><h4>Finalidade pendente de investiga\u00e7\u00e3o<\/h4><\/div>\n    <div class=\"name-header\">\n\t<h5>Nome<\/h5>\n<\/div>\n<div class=\"name\"><a target=\"_blank\" rel=\"noopener noreferrer nofollow\" href=\"https:\/\/cookiedatabase.org\/cookie\/unknown-service\/wp_data_user_-2\/\">WP_DATA_USER_*<\/a><\/div>\n<div class=\"retention-header\">\n\t<h5>Vencimento<\/h5>\n<\/div>\n<div class=\"retention\"><\/div>\n<div class=\"function-header\">\n\t<h5>Fun\u00e7\u00e3o<\/h5>\n<\/div>\n<div class=\"function\"><\/div>\n<div class=\"name-header\">\n\t<h5>Nome<\/h5>\n<\/div>\n<div class=\"name\"><a target=\"_blank\" rel=\"noopener noreferrer nofollow\" href=\"https:\/\/cookiedatabase.org\/cookie\/unknown-service\/wordpress_logged_in_\/\">wordpress_logged_in_*<\/a><\/div>\n<div class=\"retention-header\">\n\t<h5>Vencimento<\/h5>\n<\/div>\n<div class=\"retention\"><\/div>\n<div class=\"function-header\">\n\t<h5>Fun\u00e7\u00e3o<\/h5>\n<\/div>\n<div class=\"function\"><\/div>\n\n<\/div>\n<\/details>\n<details class=\"cmplz-dropdown cmplz-service-desc cmplz-dropdown-cookiepolicy\">\n\t<summary class=\"cmplz-service-header\"><div>\n\t\t<h3>Diversos<\/h3>\n\t\t<p>Finalidade pendente de investiga\u00e7\u00e3o<\/p>\n\t\t<label for=\"cmplz_service_diversos\" class=\"cmplz_consent_per_service_label\"><span class=\"screen-reader-text\">Consent to service diversos<\/span><\/label>\n\t\t<input type=\"checkbox\" id=\"cmplz_service_diversos\" class=\"cmplz-accept-service cmplz-hidden\" data-service=\"diversos\" data-category=\"functional\"><\/div>\n\t<\/summary>\n\t<div class=\"cmplz-service-description\">\n\t\t<h4>Utiliza\u00e7\u00e3o<\/h4>\n\t\t<p><\/p>\n\t<\/div>\n\t<div class=\"cmplz-sharing-data\">\n\t\t<h4>Compartilhamento de dados<\/h4>\n\t\t<p>O compartilhamento de dados est\u00e1 pendente de investiga\u00e7\u00e3o<\/p>\n\t<\/div>\n\t<div class=\"cookies-per-purpose\">\n    <div class=\"purpose\"><h4>Finalidade pendente de investiga\u00e7\u00e3o<\/h4><\/div>\n    <div class=\"name-header\">\n\t<h5>Nome<\/h5>\n<\/div>\n<div class=\"name\">WP_PREFERENCES_USER_1<\/div>\n<div class=\"retention-header\">\n\t<h5>Vencimento<\/h5>\n<\/div>\n<div class=\"retention\"><\/div>\n<div class=\"function-header\">\n\t<h5>Fun\u00e7\u00e3o<\/h5>\n<\/div>\n<div class=\"function\"><\/div>\n<div class=\"name-header\">\n\t<h5>Nome<\/h5>\n<\/div>\n<div class=\"name\">generateblocksCustomInputs<\/div>\n<div class=\"retention-header\">\n\t<h5>Vencimento<\/h5>\n<\/div>\n<div class=\"retention\"><\/div>\n<div class=\"function-header\">\n\t<h5>Fun\u00e7\u00e3o<\/h5>\n<\/div>\n<div class=\"function\"><\/div>\n<div class=\"name-header\">\n\t<h5>Nome<\/h5>\n<\/div>\n<div class=\"name\">elementar<\/div>\n<div class=\"retention-header\">\n\t<h5>Vencimento<\/h5>\n<\/div>\n<div class=\"retention\"><\/div>\n<div class=\"function-header\">\n\t<h5>Fun\u00e7\u00e3o<\/h5>\n<\/div>\n<div class=\"function\"><\/div>\n<div class=\"name-header\">\n\t<h5>Nome<\/h5>\n<\/div>\n<div class=\"name\">e_globais<\/div>\n<div class=\"retention-header\">\n\t<h5>Vencimento<\/h5>\n<\/div>\n<div class=\"retention\"><\/div>\n<div class=\"function-header\">\n\t<h5>Fun\u00e7\u00e3o<\/h5>\n<\/div>\n<div class=\"function\"><\/div>\n<div class=\"name-header\">\n\t<h5>Nome<\/h5>\n<\/div>\n<div class=\"name\">gt-current-screen<\/div>\n<div class=\"retention-header\">\n\t<h5>Vencimento<\/h5>\n<\/div>\n<div class=\"retention\"><\/div>\n<div class=\"function-header\">\n\t<h5>Fun\u00e7\u00e3o<\/h5>\n<\/div>\n<div class=\"function\"><\/div>\n<div class=\"name-header\">\n\t<h5>Nome<\/h5>\n<\/div>\n<div class=\"name\">generateblocksPanels<\/div>\n<div class=\"retention-header\">\n\t<h5>Vencimento<\/h5>\n<\/div>\n<div class=\"retention\"><\/div>\n<div class=\"function-header\">\n\t<h5>Fun\u00e7\u00e3o<\/h5>\n<\/div>\n<div class=\"function\"><\/div>\n<div class=\"name-header\">\n\t<h5>Nome<\/h5>\n<\/div>\n<div class=\"name\">ssPanelLeft<\/div>\n<div class=\"retention-header\">\n\t<h5>Vencimento<\/h5>\n<\/div>\n<div class=\"retention\"><\/div>\n<div class=\"function-header\">\n\t<h5>Fun\u00e7\u00e3o<\/h5>\n<\/div>\n<div class=\"function\"><\/div>\n<div class=\"name-header\">\n\t<h5>Nome<\/h5>\n<\/div>\n<div class=\"name\">generateblocksDeviceType<\/div>\n<div class=\"retention-header\">\n\t<h5>Vencimento<\/h5>\n<\/div>\n<div class=\"retention\"><\/div>\n<div class=\"function-header\">\n\t<h5>Fun\u00e7\u00e3o<\/h5>\n<\/div>\n<div class=\"function\"><\/div>\n<div class=\"name-header\">\n\t<h5>Nome<\/h5>\n<\/div>\n<div class=\"name\">e_kit-elements-defaults<\/div>\n<div class=\"retention-header\">\n\t<h5>Vencimento<\/h5>\n<\/div>\n<div class=\"retention\"><\/div>\n<div class=\"function-header\">\n\t<h5>Fun\u00e7\u00e3o<\/h5>\n<\/div>\n<div class=\"function\"><\/div>\n<div class=\"name-header\">\n\t<h5>Nome<\/h5>\n<\/div>\n<div class=\"name\">ssPanelTop<\/div>\n<div class=\"retention-header\">\n\t<h5>Vencimento<\/h5>\n<\/div>\n<div class=\"retention\"><\/div>\n<div class=\"function-header\">\n\t<h5>Fun\u00e7\u00e3o<\/h5>\n<\/div>\n<div class=\"function\"><\/div>\n<div class=\"name-header\">\n\t<h5>Nome<\/h5>\n<\/div>\n<div class=\"name\">n2-cores<\/div>\n<div class=\"retention-header\">\n\t<h5>Vencimento<\/h5>\n<\/div>\n<div class=\"retention\"><\/div>\n<div class=\"function-header\">\n\t<h5>Fun\u00e7\u00e3o<\/h5>\n<\/div>\n<div class=\"function\"><\/div>\n<div class=\"name-header\">\n\t<h5>Nome<\/h5>\n<\/div>\n<div class=\"name\">ssPanelHeight<\/div>\n<div class=\"retention-header\">\n\t<h5>Vencimento<\/h5>\n<\/div>\n<div class=\"retention\"><\/div>\n<div class=\"function-header\">\n\t<h5>Fun\u00e7\u00e3o<\/h5>\n<\/div>\n<div class=\"function\"><\/div>\n<div class=\"name-header\">\n\t<h5>Nome<\/h5>\n<\/div>\n<div class=\"name\">wpEmojiSettingsSupports<\/div>\n<div class=\"retention-header\">\n\t<h5>Vencimento<\/h5>\n<\/div>\n<div class=\"retention\"><\/div>\n<div class=\"function-header\">\n\t<h5>Fun\u00e7\u00e3o<\/h5>\n<\/div>\n<div class=\"function\"><\/div>\n<div class=\"name-header\">\n\t<h5>Nome<\/h5>\n<\/div>\n<div class=\"name\">cmplz_consented_services<\/div>\n<div class=\"retention-header\">\n\t<h5>Vencimento<\/h5>\n<\/div>\n<div class=\"retention\">365 dias<\/div>\n<div class=\"function-header\">\n\t<h5>Fun\u00e7\u00e3o<\/h5>\n<\/div>\n<div class=\"function\"><\/div>\n<div class=\"name-header\">\n\t<h5>Nome<\/h5>\n<\/div>\n<div class=\"name\">cmplz_policy_id<\/div>\n<div class=\"retention-header\">\n\t<h5>Vencimento<\/h5>\n<\/div>\n<div class=\"retention\">365 dias<\/div>\n<div class=\"function-header\">\n\t<h5>Fun\u00e7\u00e3o<\/h5>\n<\/div>\n<div class=\"function\"><\/div>\n<div class=\"name-header\">\n\t<h5>Nome<\/h5>\n<\/div>\n<div class=\"name\">cmplz_marketing<\/div>\n<div class=\"retention-header\">\n\t<h5>Vencimento<\/h5>\n<\/div>\n<div class=\"retention\">365 dias<\/div>\n<div class=\"function-header\">\n\t<h5>Fun\u00e7\u00e3o<\/h5>\n<\/div>\n<div class=\"function\"><\/div>\n<div class=\"name-header\">\n\t<h5>Nome<\/h5>\n<\/div>\n<div class=\"name\">cmplz_statistics<\/div>\n<div class=\"retention-header\">\n\t<h5>Vencimento<\/h5>\n<\/div>\n<div class=\"retention\">365 dias<\/div>\n<div class=\"function-header\">\n\t<h5>Fun\u00e7\u00e3o<\/h5>\n<\/div>\n<div class=\"function\"><\/div>\n<div class=\"name-header\">\n\t<h5>Nome<\/h5>\n<\/div>\n<div class=\"name\">cmplz_preferences<\/div>\n<div class=\"retention-header\">\n\t<h5>Vencimento<\/h5>\n<\/div>\n<div class=\"retention\">365 dias<\/div>\n<div class=\"function-header\">\n\t<h5>Fun\u00e7\u00e3o<\/h5>\n<\/div>\n<div class=\"function\"><\/div>\n<div class=\"name-header\">\n\t<h5>Nome<\/h5>\n<\/div>\n<div class=\"name\">cmplz_functional<\/div>\n<div class=\"retention-header\">\n\t<h5>Vencimento<\/h5>\n<\/div>\n<div class=\"retention\">365 dias<\/div>\n<div class=\"function-header\">\n\t<h5>Fun\u00e7\u00e3o<\/h5>\n<\/div>\n<div class=\"function\"><\/div>\n<div class=\"name-header\">\n\t<h5>Nome<\/h5>\n<\/div>\n<div class=\"name\">cmplz_banner-status<\/div>\n<div class=\"retention-header\">\n\t<h5>Vencimento<\/h5>\n<\/div>\n<div class=\"retention\">365 dias<\/div>\n<div class=\"function-header\">\n\t<h5>Fun\u00e7\u00e3o<\/h5>\n<\/div>\n<div class=\"function\"><\/div>\n<div class=\"name-header\">\n\t<h5>Nome<\/h5>\n<\/div>\n<div class=\"name\">wfwaf-authcookie-74ddcfa5d5c84b19b8b5fa06c535ec24<\/div>\n<div class=\"retention-header\">\n\t<h5>Vencimento<\/h5>\n<\/div>\n<div class=\"retention\"><\/div>\n<div class=\"function-header\">\n\t<h5>Fun\u00e7\u00e3o<\/h5>\n<\/div>\n<div class=\"function\"><\/div>\n<div class=\"name-header\">\n\t<h5>Nome<\/h5>\n<\/div>\n<div class=\"name\">gt-current-screen-visionint.en<\/div>\n<div class=\"retention-header\">\n\t<h5>Vencimento<\/h5>\n<\/div>\n<div class=\"retention\"><\/div>\n<div class=\"function-header\">\n\t<h5>Fun\u00e7\u00e3o<\/h5>\n<\/div>\n<div class=\"function\"><\/div>\n\n<\/div>\n<\/details>\n<\/div><h2>7. Consentimento<\/h2><p>Quando voc\u00ea visitar nosso site pela primeira vez, mostraremos um pop-up com uma explica\u00e7\u00e3o sobre cookies. Ao clicar em \"Salvar prefer\u00eancias\", voc\u00ea nos autoriza a usar as categorias de cookies e plug-ins selecionadas na janela pop-up, conforme descrito nesta Pol\u00edtica de Cookies. Voc\u00ea pode desativar o uso de cookies por meio de seu navegador, mas observe que nosso site pode n\u00e3o funcionar corretamente.<\/p><p class=\"cmplz-subtitle\">7.1 Gerenciamento de suas configura\u00e7\u00f5es de consentimento<\/p><div id=\"cmplz-manage-consent-container-nojavascript\">Voc\u00ea carregou a Pol\u00edtica de Cookies sem suporte a javascript.&nbsp;No AMP, voc\u00ea pode usar o bot\u00e3o de gerenciamento de consentimento na parte inferior da p\u00e1gina.<\/div><div id=\"cmplz-manage-consent-container\" name=\"cmplz-manage-consent-container\" class=\"cmplz-manage-consent-container\"><\/div><h2>8. Ativa\u00e7\u00e3o\/desativa\u00e7\u00e3o e desativa\u00e7\u00e3o de cookies<\/h2><p>Voc\u00ea pode usar seu navegador da Web para excluir cookies autom\u00e1tica ou manualmente. Voc\u00ea tamb\u00e9m pode especificar que determinados cookies n\u00e3o podem ser inseridos. Outra op\u00e7\u00e3o \u00e9 alterar as configura\u00e7\u00f5es do navegador para que voc\u00ea receba uma mensagem sempre que um cookie for definido. Para obter mais informa\u00e7\u00f5es sobre essas op\u00e7\u00f5es, consulte as instru\u00e7\u00f5es na se\u00e7\u00e3o Ajuda do seu navegador.<\/p><p>Observe que nosso site pode n\u00e3o funcionar corretamente se todos os cookies estiverem desativados. Se voc\u00ea excluir os cookies do seu navegador, eles ser\u00e3o reinseridos ap\u00f3s seu consentimento quando voc\u00ea visitar nossos sites novamente.<\/p><h2>9. Seus direitos em rela\u00e7\u00e3o aos dados pessoais<\/h2><p>Voc\u00ea tem os seguintes direitos em rela\u00e7\u00e3o aos seus dados pessoais:<\/p><ul>\n                    <li>Voc\u00ea tem o direito de saber por que seus dados pessoais s\u00e3o necess\u00e1rios, o que acontecer\u00e1 com eles e por quanto tempo ser\u00e3o mantidos.<\/li>\n                    <li>Direito de acesso: voc\u00ea tem o direito de acessar seus dados pessoais que s\u00e3o de nosso conhecimento.<\/li>\n                    <li>Direito de retifica\u00e7\u00e3o: voc\u00ea tem o direito de complementar, corrigir, excluir ou bloquear seus dados pessoais sempre que desejar.<\/li>\n                    <li>Se n\u00e3o nos der seu consentimento para processar seus dados, voc\u00ea tem o direito de revogar esse consentimento e ter seus dados pessoais exclu\u00eddos.<\/li>\n                    <li>Direito de transferir seus dados: voc\u00ea tem o direito de solicitar todos os seus dados pessoais ao controlador e transferi-los integralmente para outro controlador.<\/li>\n                    <li>Direito de obje\u00e7\u00e3o: voc\u00ea pode se opor ao processamento de seus dados. N\u00f3s cumpriremos esse direito, a menos que haja motivos justificados para o processamento.<\/li>\n                <\/ul><p>Para exercer esses direitos, entre em contato conosco. Veja os detalhes de contato no final desta Pol\u00edtica de Cookies. Se tiver alguma reclama\u00e7\u00e3o sobre como lidamos com seus dados, teremos prazer em ouvi-lo, mas voc\u00ea tamb\u00e9m tem o direito de enviar uma reclama\u00e7\u00e3o \u00e0 autoridade supervisora (a Autoridade de Prote\u00e7\u00e3o de Dados).<\/p><h2>10. Detalhes de contato<\/h2><p>Em caso de d\u00favidas e\/ou coment\u00e1rios sobre nossa Pol\u00edtica de Cookies e esta declara\u00e7\u00e3o, entre em contato conosco usando os detalhes de contato abaixo:<\/p><p><span class=\"cmplz-contact-organisation\">VIS\u00c3O<\/span><br>\n                      <span class=\"cmplz-contact-address\">C\/ Mar\u00eda Auxiliadora, N\u00ba 86-90, 08912 - Badalona (Catalunha)<\/span><br>\n                      <span class=\"cmplz-contact-country\">Espanha<\/span><br>\n                    Site: <span class=\"cmplz-contact-domain\"><a href=\"https:\/\/visionint.es\/pt\">https:\/\/visionint.es\/pt<\/a><\/span><br>\n                    E-mail: <span class=\"cmplz-contact-email\"><span class=\"cmplz-obfuscate\">&#105;&#110;f&#111;@<span class=\"cmplz-fmail-domain\">ex.&#099;&#111;m<\/span>&#118;&#105;&#115;&#105;&#111;&#110;&#105;&#110;&#116;&#046;&#101;&#115;<\/span><\/span><br>\n                    <span class=\"cmplz-contact-telephone\">N\u00famero de telefone: +34 629862368<\/span><\/p><p>Esta Pol\u00edtica de Cookies foi sincronizada com <a href=\"https:\/\/cookiedatabase.org\/\" target=\"_blank\">cookiedatabase.org<\/a> em novembro 10, 2021<\/p><\/div>","protected":false},"excerpt":{"rendered":"","protected":false},"author":1,"featured_media":0,"parent":0,"menu_order":0,"comment_status":"closed","ping_status":"closed","template":"","meta":{"inline_featured_image":false,"_monsterinsights_skip_tracking":false,"_monsterinsights_sitenote_active":false,"_monsterinsights_sitenote_note":"","_monsterinsights_sitenote_category":0,"footnotes":""},"class_list":["post-998","page","type-page","status-publish","hentry"],"yoast_head":"<!-- This site is optimized with the Yoast SEO plugin v24.7 - https:\/\/yoast.com\/wordpress\/plugins\/seo\/ -->\n<title>Pol\u00edtica de cookies (UE) - VISION INT<\/title>\n<meta name=\"robots\" content=\"index, follow, max-snippet:-1, max-image-preview:large, max-video-preview:-1\" \/>\n<link rel=\"canonical\" href=\"https:\/\/visionint.es\/pt\/politica-de-cookies-ue\/\" \/>\n<meta property=\"og:locale\" content=\"pt_BR\" \/>\n<meta property=\"og:type\" content=\"article\" \/>\n<meta property=\"og:title\" content=\"Pol\u00edtica de cookies (UE) - VISION INT\" \/>\n<meta property=\"og:url\" content=\"https:\/\/visionint.es\/pt\/politica-de-cookies-ue\/\" \/>\n<meta property=\"og:site_name\" content=\"VISION INT\" \/>\n<meta name=\"twitter:card\" content=\"summary_large_image\" \/>\n<script type=\"application\/ld+json\" class=\"yoast-schema-graph\">{\"@context\":\"https:\/\/schema.org\",\"@graph\":[{\"@type\":\"WebPage\",\"@id\":\"https:\/\/visionint.es\/politica-de-cookies-ue\/\",\"url\":\"https:\/\/visionint.es\/politica-de-cookies-ue\/\",\"name\":\"Pol\u00edtica de cookies (UE) - VISION INT\",\"isPartOf\":{\"@id\":\"https:\/\/visionint.es\/#website\"},\"datePublished\":\"2021-11-10T21:57:12+00:00\",\"breadcrumb\":{\"@id\":\"https:\/\/visionint.es\/politica-de-cookies-ue\/#breadcrumb\"},\"inLanguage\":\"pt-BR\",\"potentialAction\":[{\"@type\":\"ReadAction\",\"target\":[\"https:\/\/visionint.es\/politica-de-cookies-ue\/\"]}]},{\"@type\":\"BreadcrumbList\",\"@id\":\"https:\/\/visionint.es\/politica-de-cookies-ue\/#breadcrumb\",\"itemListElement\":[{\"@type\":\"ListItem\",\"position\":1,\"name\":\"VISION\",\"item\":\"https:\/\/visionint.es\/\"},{\"@type\":\"ListItem\",\"position\":2,\"name\":\"Pol\u00edtica de cookies (UE)\"}]},{\"@type\":\"WebSite\",\"@id\":\"https:\/\/visionint.es\/#website\",\"url\":\"https:\/\/visionint.es\/\",\"name\":\"VISION INT\",\"description\":\"\",\"publisher\":{\"@id\":\"https:\/\/visionint.es\/#organization\"},\"potentialAction\":[{\"@type\":\"SearchAction\",\"target\":{\"@type\":\"EntryPoint\",\"urlTemplate\":\"https:\/\/visionint.es\/?s={search_term_string}\"},\"query-input\":{\"@type\":\"PropertyValueSpecification\",\"valueRequired\":true,\"valueName\":\"search_term_string\"}}],\"inLanguage\":\"pt-BR\"},{\"@type\":\"Organization\",\"@id\":\"https:\/\/visionint.es\/#organization\",\"name\":\"VISION\",\"url\":\"https:\/\/visionint.es\/\",\"logo\":{\"@type\":\"ImageObject\",\"inLanguage\":\"pt-BR\",\"@id\":\"https:\/\/visionint.es\/#\/schema\/logo\/image\/\",\"url\":\"https:\/\/visionint.es\/wp-content\/uploads\/2021\/11\/cropped-1636222990844_VISION-LOGO-FINAL-1-e1636581871560.png\",\"contentUrl\":\"https:\/\/visionint.es\/wp-content\/uploads\/2021\/11\/cropped-1636222990844_VISION-LOGO-FINAL-1-e1636581871560.png\",\"width\":512,\"height\":495,\"caption\":\"VISION\"},\"image\":{\"@id\":\"https:\/\/visionint.es\/#\/schema\/logo\/image\/\"},\"sameAs\":[\"https:\/\/instagram.com\/visionint_\"]}]}<\/script>\n<!-- \/ Yoast SEO plugin. -->","yoast_head_json":{"title":"Pol\u00edtica de cookies (UE) - VISION INT","robots":{"index":"index","follow":"follow","max-snippet":"max-snippet:-1","max-image-preview":"max-image-preview:large","max-video-preview":"max-video-preview:-1"},"canonical":"https:\/\/visionint.es\/pt\/politica-de-cookies-ue\/","og_locale":"pt_BR","og_type":"article","og_title":"Pol\u00edtica de cookies (UE) - VISION INT","og_url":"https:\/\/visionint.es\/pt\/politica-de-cookies-ue\/","og_site_name":"VISION INT","twitter_card":"summary_large_image","schema":{"@context":"https:\/\/schema.org","@graph":[{"@type":"WebPage","@id":"https:\/\/visionint.es\/politica-de-cookies-ue\/","url":"https:\/\/visionint.es\/politica-de-cookies-ue\/","name":"Pol\u00edtica de cookies (UE) - VISION INT","isPartOf":{"@id":"https:\/\/visionint.es\/#website"},"datePublished":"2021-11-10T21:57:12+00:00","breadcrumb":{"@id":"https:\/\/visionint.es\/politica-de-cookies-ue\/#breadcrumb"},"inLanguage":"pt-BR","potentialAction":[{"@type":"ReadAction","target":["https:\/\/visionint.es\/politica-de-cookies-ue\/"]}]},{"@type":"BreadcrumbList","@id":"https:\/\/visionint.es\/politica-de-cookies-ue\/#breadcrumb","itemListElement":[{"@type":"ListItem","position":1,"name":"VISION","item":"https:\/\/visionint.es\/"},{"@type":"ListItem","position":2,"name":"Pol\u00edtica de cookies (UE)"}]},{"@type":"WebSite","@id":"https:\/\/visionint.es\/#website","url":"https:\/\/visionint.es\/","name":"VISION INT","description":"","publisher":{"@id":"https:\/\/visionint.es\/#organization"},"potentialAction":[{"@type":"SearchAction","target":{"@type":"EntryPoint","urlTemplate":"https:\/\/visionint.es\/?s={search_term_string}"},"query-input":{"@type":"PropertyValueSpecification","valueRequired":true,"valueName":"search_term_string"}}],"inLanguage":"pt-BR"},{"@type":"Organization","@id":"https:\/\/visionint.es\/#organization","name":"VISION","url":"https:\/\/visionint.es\/","logo":{"@type":"ImageObject","inLanguage":"pt-BR","@id":"https:\/\/visionint.es\/#\/schema\/logo\/image\/","url":"https:\/\/visionint.es\/wp-content\/uploads\/2021\/11\/cropped-1636222990844_VISION-LOGO-FINAL-1-e1636581871560.png","contentUrl":"https:\/\/visionint.es\/wp-content\/uploads\/2021\/11\/cropped-1636222990844_VISION-LOGO-FINAL-1-e1636581871560.png","width":512,"height":495,"caption":"VISION"},"image":{"@id":"https:\/\/visionint.es\/#\/schema\/logo\/image\/"},"sameAs":["https:\/\/instagram.com\/visionint_"]}]}},"_links":{"self":[{"href":"https:\/\/visionint.es\/pt\/wp-json\/wp\/v2\/pages\/998","targetHints":{"allow":["GET"]}}],"collection":[{"href":"https:\/\/visionint.es\/pt\/wp-json\/wp\/v2\/pages"}],"about":[{"href":"https:\/\/visionint.es\/pt\/wp-json\/wp\/v2\/types\/page"}],"author":[{"embeddable":true,"href":"https:\/\/visionint.es\/pt\/wp-json\/wp\/v2\/users\/1"}],"replies":[{"embeddable":true,"href":"https:\/\/visionint.es\/pt\/wp-json\/wp\/v2\/comments?post=998"}],"version-history":[{"count":0,"href":"https:\/\/visionint.es\/pt\/wp-json\/wp\/v2\/pages\/998\/revisions"}],"wp:attachment":[{"href":"https:\/\/visionint.es\/pt\/wp-json\/wp\/v2\/media?parent=998"}],"curies":[{"name":"wp","href":"https:\/\/api.w.org\/{rel}","templated":true}]}}