{"id":995,"date":"2021-11-10T21:51:48","date_gmt":"2021-11-10T21:51:48","guid":{"rendered":"http:\/\/visionint.es\/?page_id=995"},"modified":"2021-11-10T21:51:48","modified_gmt":"2021-11-10T21:51:48","slug":"aviso-legal","status":"publish","type":"page","link":"https:\/\/visionint.es\/pt\/aviso-legal\/","title":{"rendered":"Aviso legal"},"content":{"rendered":"<h2 class=\"gb-headline gb-headline-0f1d3891 gb-headline-text\">I. INFORMA\u00c7\u00d5ES GERAIS<\/h2>\n\n\n\n<p>Em conformidade com a obriga\u00e7\u00e3o de fornecer informa\u00e7\u00f5es, conforme estipulado na Lei 34\/2002 sobre Servi\u00e7os da Sociedade da Informa\u00e7\u00e3o (Ley 34\/2002 de Servicios de la Sociedad de la Sociedad de<br>Informa\u00e7\u00e3o e Com\u00e9rcio Eletr\u00f4nico (LSSI-CE), de 11 de julho, s\u00e3o fornecidas as seguintes informa\u00e7\u00f5es<br>informa\u00e7\u00f5es gerais sobre este site:<br>A propriedade deste site, visionint.es, (doravante, o Site) \u00e9 detida por: David Ari\u00f1o Pellejero, com<br>NIF: 48223969F, e cujos detalhes de contato s\u00e3o:<br>Endere\u00e7o: C\/ Mar\u00eda Auxiliadora, No86-90, 08912 - Badalona (Catalunha)<br>Telefone de contato: 629862368<br>E-mail de contato: info@visionint.es<\/p>\n\n\n\n<h2 class=\"wp-block-heading\">II. TERMOS E CONDI\u00c7\u00d5ES GERAIS DE USO<\/h2>\n\n\n\n<h3 class=\"wp-block-heading\">O assunto dos termos e condi\u00e7\u00f5es: O Site<\/h3>\n\n\n\n<p>O objetivo destas Condi\u00e7\u00f5es Gerais de Uso (doravante denominadas Condi\u00e7\u00f5es) \u00e9 regular o acesso e a<br>O uso do Site. Para os fins destes Termos e Condi\u00e7\u00f5es, o seguinte deve ser entendido como o Site: o<br>A apar\u00eancia externa das interfaces de exibi\u00e7\u00e3o, tanto est\u00e1tica quanto dinamicamente, \u00e9<br>ou seja, a \u00e1rvore de navega\u00e7\u00e3o; e todos os elementos integrados nas interfaces de exibi\u00e7\u00e3o e na<br>a \u00e1rvore de navega\u00e7\u00e3o (doravante denominada Conte\u00fado) e todos os servi\u00e7os ou recursos on-line que, em seu<br>oferecidos aos Usu\u00e1rios (doravante, Servi\u00e7os).<br>A VISION se reserva o direito de modificar, a qualquer momento e sem aviso pr\u00e9vio, a apresenta\u00e7\u00e3o e a<br>configura\u00e7\u00e3o do Site e do Conte\u00fado e Servi\u00e7os que possam ser incorporados a ele. Os<br>O usu\u00e1rio reconhece e concorda que a VISION poder\u00e1, a qualquer momento, interromper, desativar e\/ou encerrar<br>qualquer um desses elementos que estejam integrados no Site ou o acesso a eles.<br>O acesso ao Site pelo Usu\u00e1rio \u00e9 gratuito e, como regra geral, \u00e9 gratuito, sem que o Usu\u00e1rio seja obrigado a<br>precisa fornecer uma contrapartida para se beneficiar dela, exceto em rela\u00e7\u00e3o ao custo de<br>conex\u00e3o por meio da rede de telecomunica\u00e7\u00f5es fornecida pelo provedor de acesso que forneceu o acesso<br>contratado pelo Usu\u00e1rio.<br>O uso de qualquer conte\u00fado ou servi\u00e7o do site pode ser feito por meio da assinatura de<br>ou registro pr\u00e9vio do usu\u00e1rio.<\/p>\n\n\n\n<h3 class=\"wp-block-heading\">O usu\u00e1rio<\/h3>\n\n\n\n<p>O acesso, a navega\u00e7\u00e3o e o uso do Site, bem como os espa\u00e7os fornecidos para intera\u00e7\u00e3o entre<br>os Usu\u00e1rios, e o Usu\u00e1rio e a VISION, tais como coment\u00e1rios e\/ou espa\u00e7os de blogs, confere a condi\u00e7\u00e3o<br>Usu\u00e1rio, para que ele aceite, a partir do momento em que come\u00e7ar a navegar no Site, todos os termos e condi\u00e7\u00f5es do<br>Condi\u00e7\u00f5es estabelecidas neste documento, bem como quaisquer altera\u00e7\u00f5es posteriores, sem preju\u00edzo da aplica\u00e7\u00e3o das<br>normas legais correspondentes que devem ser cumpridas de acordo com o caso em quest\u00e3o. Dada a relev\u00e2ncia do<br>Recomenda-se que o usu\u00e1rio as leia sempre que visitar o site.<br>O site da VISION oferece uma ampla gama de informa\u00e7\u00f5es, servi\u00e7os e dados. O usu\u00e1rio assume sua<br>responsabilidade pelo uso correto do Site. Essa responsabilidade se estender\u00e1 a:<\/p>\n\n\n\n<p><br>O uso das informa\u00e7\u00f5es, do Conte\u00fado e\/ou dos Servi\u00e7os e dados oferecidos pela VISION sem que sejam<br>contr\u00e1rias \u00e0s disposi\u00e7\u00f5es destas Condi\u00e7\u00f5es, \u00e0 lei, \u00e0 moralidade ou \u00e0 ordem p\u00fablica, ou que seriam contr\u00e1rias \u00e0s disposi\u00e7\u00f5es destas Condi\u00e7\u00f5es, \u00e0 lei, \u00e0 moralidade ou \u00e0 ordem p\u00fablica, ou que seriam<br>de qualquer outra forma possa infringir os direitos de terceiros ou o funcionamento adequado do site<br>do site.<br>A veracidade e a legalidade das informa\u00e7\u00f5es fornecidas pelo Usu\u00e1rio nos formul\u00e1rios fornecidos<br>pela VISION para acesso a determinados Conte\u00fados ou Servi\u00e7os oferecidos pelo Site. Em qualquer caso,<br>O Usu\u00e1rio dever\u00e1 notificar imediatamente a VISION sobre qualquer fato que permita o uso<br>uso indevido das informa\u00e7\u00f5es registradas em tais formul\u00e1rios, como, entre outros, roubo,<br>perda de, ou acesso n\u00e3o autorizado a, identificadores e\/ou senhas, com o objetivo de proceder \u00e0 sua<br>cancelamento imediato.<\/p>\n\n\n\n<p><br>A VISION se reserva o direito de remover todos os coment\u00e1rios e contribui\u00e7\u00f5es que violem a lei, os<br>respeito \u00e0 dignidade humana, que s\u00e3o discriminat\u00f3rios, xen\u00f3fobos, racistas e pornogr\u00e1ficos,<br>spamming, que sejam prejudiciais a jovens ou crian\u00e7as, \u00e0 ordem p\u00fablica ou \u00e0 seguran\u00e7a, ou que, em sua opini\u00e3o,<br>n\u00e3o s\u00e3o adequados para publica\u00e7\u00e3o.<br>Em qualquer caso, a VISION n\u00e3o se responsabilizar\u00e1 pelas opini\u00f5es expressas pelos Usu\u00e1rios por meio de<br>coment\u00e1rios ou outras ferramentas de blog ou de participa\u00e7\u00e3o que possam estar dispon\u00edveis.<br>O mero acesso a este site n\u00e3o implica o estabelecimento de qualquer rela\u00e7\u00e3o comercial entre a<br>VISION e o usu\u00e1rio.<br>O Usu\u00e1rio declara que \u00e9 maior de idade e tem capacidade legal suficiente para se vincular aos termos deste Contrato.<br>estes Termos e Condi\u00e7\u00f5es. Portanto, este site da VISION n\u00e3o \u00e9 direcionado a menores de idade. VIS\u00c3O<br>se isenta de qualquer responsabilidade pelo n\u00e3o cumprimento desse requisito.<br>O site \u00e9 destinado principalmente a usu\u00e1rios residentes na Espanha. A VISION n\u00e3o garante que o site<br>Web est\u00e1 em conformidade com as leis de outros pa\u00edses, no todo ou em parte. Se o Usu\u00e1rio residir ou tiver sua<br>domiciliado em outro lugar e optar por acessar e\/ou navegar no Site, voc\u00ea o faz por sua pr\u00f3pria conta e risco.<br>responsabilidade, voc\u00ea deve garantir que esse acesso e navega\u00e7\u00e3o estejam em conformidade com a legisla\u00e7\u00e3o local pela qual voc\u00ea \u00e9 respons\u00e1vel.<br>\u00e9 aplic\u00e1vel, a VISION n\u00e3o assume qualquer responsabilidade decorrente de tal acesso.<\/p>\n\n\n\n<h2 class=\"gb-headline gb-headline-8987e936 gb-headline-text\">III. ACESSO E NAVEGA\u00c7\u00c3O NO SITE:<br>EXCLUS\u00c3O DE GARANTIAS E RESPONSABILIDADE<\/h2>\n\n\n\n<p>A VISION n\u00e3o garante a continuidade, a disponibilidade e a utilidade do Site, nem do Conte\u00fado ou dos Servi\u00e7os.<br>A VISION far\u00e1 todo o poss\u00edvel para garantir o funcionamento adequado do site; no entanto, a VISION n\u00e3o \u00e9 respons\u00e1vel por, e n\u00e3o poder\u00e1 ser responsabilizada por, qualquer dano ou perda incorridos como resultado do uso do site.<br>n\u00e3o garante que o acesso a este Site ser\u00e1 ininterrupto ou livre de erros.<br>A empresa tamb\u00e9m n\u00e3o faz nenhuma declara\u00e7\u00e3o ou garantia de que o conte\u00fado ou software que pode ser acessado por meio do<\/p>\n\n\n\n<p>este Site, seja livre de erros ou cause danos ao sistema de computador (software e hardware) do usu\u00e1rio.<br>Usu\u00e1rio. Em nenhuma hip\u00f3tese a VISION ser\u00e1 respons\u00e1vel por qualquer perda, dano ou preju\u00edzo de qualquer natureza que<br>decorrentes de seu acesso, navega\u00e7\u00e3o e uso do Site, incluindo, mas n\u00e3o se limitando a<br>causados aos sistemas de computador ou causados pela introdu\u00e7\u00e3o de v\u00edrus.<br>A VISION tamb\u00e9m n\u00e3o se responsabiliza por qualquer dano que possa ser causado aos usu\u00e1rios como resultado do uso do<br>uso inadequado deste Site. Em particular, a empresa n\u00e3o aceita nenhuma responsabilidade por acidentes,<br>interrup\u00e7\u00f5es, falhas ou defeitos nas telecomunica\u00e7\u00f5es que possam ocorrer.<\/p>\n\n\n\n<h2 class=\"wp-block-heading\">IV. POL\u00cdTICA DE VINCULA\u00c7\u00c3O<\/h2>\n\n\n\n<p>Observe que o site da VISION disponibiliza ou pode disponibilizar aos usu\u00e1rios os seguintes links<br>(por exemplo, links, banners, bot\u00f5es, etc.), diret\u00f3rios e mecanismos de pesquisa que permitem aos usu\u00e1rios<br>Os usu\u00e1rios acessam sites pertencentes e\/ou gerenciados por terceiros.<br>A instala\u00e7\u00e3o desses links, diret\u00f3rios e mecanismos de pesquisa no Site tem o objetivo de facilitar<br>Usu\u00e1rios a busca e o acesso a informa\u00e7\u00f5es dispon\u00edveis na Internet, sem que isso seja considerado um<br>uma sugest\u00e3o, recomenda\u00e7\u00e3o ou convite para visit\u00e1-los.<br>A VISION n\u00e3o oferece nem comercializa, por si s\u00f3 ou por meio de terceiros, os produtos e\/ou servi\u00e7os dispon\u00edveis em<br>esses sites vinculados.<br>Tamb\u00e9m n\u00e3o garante a disponibilidade t\u00e9cnica, a precis\u00e3o, a veracidade, a validade ou a legalidade dos sites.<br>que n\u00e3o s\u00e3o de sua propriedade e que podem ser acessados por meio de links.<br>A VISION n\u00e3o analisa nem controla, de forma alguma, o conte\u00fado de outros sites, nem os endossa,<br>examina e n\u00e3o endossa os produtos e servi\u00e7os, conte\u00fado, arquivos e qualquer outro material existente<br>nesses sites vinculados.<br>A VISION n\u00e3o assume nenhuma responsabilidade por quaisquer danos que possam ser causados pelo uso do<br>acesso, uso, qualidade ou legalidade do conte\u00fado, comunica\u00e7\u00f5es, opini\u00f5es, produtos e servi\u00e7os do<br>sites n\u00e3o operados pela VISION que estejam vinculados a este site.<br>O Usu\u00e1rio ou terceiro que fizer um hiperlink de uma p\u00e1gina da Web de outro site diferente para o Site<br>A VISION Web deveria saber disso:<br>N\u00e3o \u00e9 permitida a reprodu\u00e7\u00e3o, total ou parcial, de qualquer Conte\u00fado e\/ou Servi\u00e7os do Site.<br>site sem a autoriza\u00e7\u00e3o expressa da VISION.<br>N\u00e3o s\u00e3o permitidas representa\u00e7\u00f5es falsas, imprecisas ou incorretas sobre o site da VISION.<br>sobre os Conte\u00fados e\/ou Servi\u00e7os do mesmo.<br>Com exce\u00e7\u00e3o do hiperlink, o site no qual esse hiperlink for estabelecido n\u00e3o dever\u00e1 conter nenhum<br>elemento deste Site, que \u00e9 protegido como propriedade intelectual pela legisla\u00e7\u00e3o espanhola,<br>a menos que expressamente autorizado pela VISION.<br>O estabelecimento do hiperlink n\u00e3o implica a exist\u00eancia de um relacionamento entre a VISION e o propriet\u00e1rio do hiperlink.<br>site a partir do qual \u00e9 feito, nem o conhecimento e aceita\u00e7\u00e3o pela VISION dos conte\u00fados, servi\u00e7os, produtos e servi\u00e7os fornecidos pela VISION, nem o conhecimento e aceita\u00e7\u00e3o pela VISION dos conte\u00fados, servi\u00e7os, produtos e servi\u00e7os fornecidos pela VISION.<br>e\/ou atividades oferecidas nesse site, e vice-versa.<\/p>\n\n\n\n<h2 class=\"wp-block-heading\">V. PROPRIEDADE INTELECTUAL E INDUSTRIAL<\/h2>\n\n\n\n<p>A VISION, por si mesma ou como cession\u00e1ria, \u00e9 a propriet\u00e1ria de todos os direitos de propriedade intelectual e industrial.<br>do site, bem como dos elementos nele contidos (a t\u00edtulo de exemplo e sem limita\u00e7\u00e3o),<br>imagens, som, \u00e1udio, v\u00eddeo, software ou texto, marcas registradas ou logotipos, combina\u00e7\u00f5es de cores,<br>estrutura e design, sele\u00e7\u00e3o de materiais usados, programas de computador necess\u00e1rios para sua<br>opera\u00e7\u00e3o, acesso e uso, etc.). Portanto, os seguintes itens devem ser protegidos como obras de propriedade intelectual<br>pelo sistema jur\u00eddico espanhol, com a legisla\u00e7\u00e3o espanhola e comunit\u00e1ria sendo aplic\u00e1vel a eles em<br>O governo espanhol tamb\u00e9m assinou v\u00e1rios tratados internacionais nesse campo, como os tratados internacionais relevantes assinados pela Espanha.<br>Todos os direitos reservados. De acordo com as disposi\u00e7\u00f5es da Lei de Propriedade Intelectual, os seguintes direitos s\u00e3o reservados.<br>reprodu\u00e7\u00e3o, distribui\u00e7\u00e3o e comunica\u00e7\u00e3o p\u00fablica, inclusive em qualquer forma, s\u00e3o expressamente proibidas.<br>disponibilizar todo ou parte do conte\u00fado deste site, com a finalidade de<br>comercial, em qualquer m\u00eddia e por qualquer meio t\u00e9cnico, sem a autoriza\u00e7\u00e3o da VISION.<br>O Usu\u00e1rio se compromete a respeitar os direitos de propriedade intelectual e industrial da VISION. O usu\u00e1rio poder\u00e1<br>visualizar os elementos do site ou at\u00e9 mesmo imprimi-los, copi\u00e1-los e armazen\u00e1-los no disco r\u00edgido de seu computador.<br>em seu computador ou em qualquer outra m\u00eddia f\u00edsica, desde que seja exclusivamente para seu uso<br>pessoais. O Usu\u00e1rio, no entanto, n\u00e3o poder\u00e1 remover, alterar ou adulterar nenhum dos dados pessoais do Usu\u00e1rio.<br>sistema de prote\u00e7\u00e3o ou seguran\u00e7a instalado no Site.<br>Caso o Usu\u00e1rio ou um terceiro considere que qualquer Conte\u00fado do Site constitui uma viola\u00e7\u00e3o dos direitos do Usu\u00e1rio ou de terceiros.<br>viola\u00e7\u00e3o de direitos de prote\u00e7\u00e3o de propriedade intelectual, voc\u00ea deve informar imediatamente<br>VISION por meio dos detalhes de contato na se\u00e7\u00e3o INFORMA\u00c7\u00d5ES GERAIS deste Aviso Legal e<br>Condi\u00e7\u00f5es gerais de uso.<\/p>\n\n\n\n<h2 class=\"gb-headline gb-headline-fda0ff90 gb-headline-text\">VI. A\u00c7\u00d5ES JUDICIAIS, LEI APLIC\u00c1VEL E<br>JURISDI\u00c7\u00c3O<\/h2>\n\n\n\n<p>A VISION se reserva o direito de mover qualquer a\u00e7\u00e3o civil ou criminal que julgar necess\u00e1ria em rela\u00e7\u00e3o aos<br>uso indevido do Site e de seu Conte\u00fado, ou por viola\u00e7\u00e3o destas Condi\u00e7\u00f5es.<br>A rela\u00e7\u00e3o entre o Usu\u00e1rio e a VISION ser\u00e1 regida pelos regulamentos em vigor e aplic\u00e1veis no territ\u00f3rio de<br>Espanhol. No caso de qualquer controv\u00e9rsia relacionada \u00e0 interpreta\u00e7\u00e3o e\/ou aplica\u00e7\u00e3o destes Termos e Condi\u00e7\u00f5es, as partes concordam que estar\u00e3o vinculadas a eles.<br>Condi\u00e7\u00f5es as partes dever\u00e3o submeter suas disputas aos tribunais ordin\u00e1rios, submetendo-se aos ju\u00edzes e<br>tribunais de acordo com a lei.<br>Este documento de Aviso Legal e Condi\u00e7\u00f5es Gerais de uso do site foi criado por meio do<br>gerador do modelo de aviso legal e termos de uso on-line em 10\/11\/2021.<\/p>","protected":false},"excerpt":{"rendered":"<p>En cumplimiento con el deber de informaci\u00f3n dispuesto en la Ley 34\/2002 de Servicios de la Sociedad dela Informaci\u00f3n y el Comercio Electr\u00f3nico (LSSI-CE) de 11 de julio, se facilitan a continuaci\u00f3n los siguientesdatos de informaci\u00f3n general de este sitio web:La titularidad de este sitio web, visionint.es, (en adelante, Sitio Web) la ostenta: David Ari\u00f1o [&hellip;]<\/p>","protected":false},"author":1,"featured_media":0,"parent":0,"menu_order":0,"comment_status":"closed","ping_status":"closed","template":"","meta":{"inline_featured_image":false,"_monsterinsights_skip_tracking":false,"_monsterinsights_sitenote_active":false,"_monsterinsights_sitenote_note":"","_monsterinsights_sitenote_category":0,"footnotes":""},"class_list":["post-995","page","type-page","status-publish","hentry"],"yoast_head":"<!-- This site is optimized with the Yoast SEO plugin v24.7 - https:\/\/yoast.com\/wordpress\/plugins\/seo\/ -->\n<title>Aviso Legal - VISION INT<\/title>\n<meta name=\"description\" content=\"Aqu\u00ed pod\u00e9is consultar el Aviso Legal de VISION, rogamos que para cualquier duda sobre la legalidad de VISION, escrib\u00e1is a info@visionint.es\" \/>\n<meta name=\"robots\" content=\"index, follow, max-snippet:-1, max-image-preview:large, max-video-preview:-1\" \/>\n<link rel=\"canonical\" href=\"https:\/\/visionint.es\/pt\/aviso-legal\/\" \/>\n<meta property=\"og:locale\" content=\"pt_BR\" \/>\n<meta property=\"og:type\" content=\"article\" \/>\n<meta property=\"og:title\" content=\"Aviso Legal - VISION INT\" \/>\n<meta property=\"og:description\" content=\"Aqu\u00ed pod\u00e9is consultar el Aviso Legal de VISION, rogamos que para cualquier duda sobre la legalidad de VISION, escrib\u00e1is a info@visionint.es\" \/>\n<meta property=\"og:url\" content=\"https:\/\/visionint.es\/pt\/aviso-legal\/\" \/>\n<meta property=\"og:site_name\" content=\"VISION INT\" \/>\n<meta name=\"twitter:card\" content=\"summary_large_image\" \/>\n<meta name=\"twitter:label1\" content=\"Est. tempo de leitura\" \/>\n\t<meta name=\"twitter:data1\" content=\"9 minutos\" \/>\n<script type=\"application\/ld+json\" class=\"yoast-schema-graph\">{\"@context\":\"https:\/\/schema.org\",\"@graph\":[{\"@type\":\"WebPage\",\"@id\":\"https:\/\/visionint.es\/aviso-legal\/\",\"url\":\"https:\/\/visionint.es\/aviso-legal\/\",\"name\":\"Aviso Legal - VISION INT\",\"isPartOf\":{\"@id\":\"https:\/\/visionint.es\/#website\"},\"datePublished\":\"2021-11-10T21:51:48+00:00\",\"description\":\"Aqu\u00ed pod\u00e9is consultar el Aviso Legal de VISION, rogamos que para cualquier duda sobre la legalidad de VISION, escrib\u00e1is a info@visionint.es\",\"breadcrumb\":{\"@id\":\"https:\/\/visionint.es\/aviso-legal\/#breadcrumb\"},\"inLanguage\":\"pt-BR\",\"potentialAction\":[{\"@type\":\"ReadAction\",\"target\":[\"https:\/\/visionint.es\/aviso-legal\/\"]}]},{\"@type\":\"BreadcrumbList\",\"@id\":\"https:\/\/visionint.es\/aviso-legal\/#breadcrumb\",\"itemListElement\":[{\"@type\":\"ListItem\",\"position\":1,\"name\":\"VISION\",\"item\":\"https:\/\/visionint.es\/\"},{\"@type\":\"ListItem\",\"position\":2,\"name\":\"Aviso Legal\"}]},{\"@type\":\"WebSite\",\"@id\":\"https:\/\/visionint.es\/#website\",\"url\":\"https:\/\/visionint.es\/\",\"name\":\"VISION INT\",\"description\":\"\",\"publisher\":{\"@id\":\"https:\/\/visionint.es\/#organization\"},\"potentialAction\":[{\"@type\":\"SearchAction\",\"target\":{\"@type\":\"EntryPoint\",\"urlTemplate\":\"https:\/\/visionint.es\/?s={search_term_string}\"},\"query-input\":{\"@type\":\"PropertyValueSpecification\",\"valueRequired\":true,\"valueName\":\"search_term_string\"}}],\"inLanguage\":\"pt-BR\"},{\"@type\":\"Organization\",\"@id\":\"https:\/\/visionint.es\/#organization\",\"name\":\"VISION\",\"url\":\"https:\/\/visionint.es\/\",\"logo\":{\"@type\":\"ImageObject\",\"inLanguage\":\"pt-BR\",\"@id\":\"https:\/\/visionint.es\/#\/schema\/logo\/image\/\",\"url\":\"https:\/\/visionint.es\/wp-content\/uploads\/2021\/11\/cropped-1636222990844_VISION-LOGO-FINAL-1-e1636581871560.png\",\"contentUrl\":\"https:\/\/visionint.es\/wp-content\/uploads\/2021\/11\/cropped-1636222990844_VISION-LOGO-FINAL-1-e1636581871560.png\",\"width\":512,\"height\":495,\"caption\":\"VISION\"},\"image\":{\"@id\":\"https:\/\/visionint.es\/#\/schema\/logo\/image\/\"},\"sameAs\":[\"https:\/\/instagram.com\/visionint_\"]}]}<\/script>\n<!-- \/ Yoast SEO plugin. -->","yoast_head_json":{"title":"Aviso Legal - VISION INT","description":"Aqu\u00ed pod\u00e9is consultar el Aviso Legal de VISION, rogamos que para cualquier duda sobre la legalidad de VISION, escrib\u00e1is a info@visionint.es","robots":{"index":"index","follow":"follow","max-snippet":"max-snippet:-1","max-image-preview":"max-image-preview:large","max-video-preview":"max-video-preview:-1"},"canonical":"https:\/\/visionint.es\/pt\/aviso-legal\/","og_locale":"pt_BR","og_type":"article","og_title":"Aviso Legal - VISION INT","og_description":"Aqu\u00ed pod\u00e9is consultar el Aviso Legal de VISION, rogamos que para cualquier duda sobre la legalidad de VISION, escrib\u00e1is a info@visionint.es","og_url":"https:\/\/visionint.es\/pt\/aviso-legal\/","og_site_name":"VISION INT","twitter_card":"summary_large_image","twitter_misc":{"Est. tempo de leitura":"9 minutos"},"schema":{"@context":"https:\/\/schema.org","@graph":[{"@type":"WebPage","@id":"https:\/\/visionint.es\/aviso-legal\/","url":"https:\/\/visionint.es\/aviso-legal\/","name":"Aviso Legal - VISION INT","isPartOf":{"@id":"https:\/\/visionint.es\/#website"},"datePublished":"2021-11-10T21:51:48+00:00","description":"Aqu\u00ed pod\u00e9is consultar el Aviso Legal de VISION, rogamos que para cualquier duda sobre la legalidad de VISION, escrib\u00e1is a info@visionint.es","breadcrumb":{"@id":"https:\/\/visionint.es\/aviso-legal\/#breadcrumb"},"inLanguage":"pt-BR","potentialAction":[{"@type":"ReadAction","target":["https:\/\/visionint.es\/aviso-legal\/"]}]},{"@type":"BreadcrumbList","@id":"https:\/\/visionint.es\/aviso-legal\/#breadcrumb","itemListElement":[{"@type":"ListItem","position":1,"name":"VISION","item":"https:\/\/visionint.es\/"},{"@type":"ListItem","position":2,"name":"Aviso Legal"}]},{"@type":"WebSite","@id":"https:\/\/visionint.es\/#website","url":"https:\/\/visionint.es\/","name":"VISION INT","description":"","publisher":{"@id":"https:\/\/visionint.es\/#organization"},"potentialAction":[{"@type":"SearchAction","target":{"@type":"EntryPoint","urlTemplate":"https:\/\/visionint.es\/?s={search_term_string}"},"query-input":{"@type":"PropertyValueSpecification","valueRequired":true,"valueName":"search_term_string"}}],"inLanguage":"pt-BR"},{"@type":"Organization","@id":"https:\/\/visionint.es\/#organization","name":"VISION","url":"https:\/\/visionint.es\/","logo":{"@type":"ImageObject","inLanguage":"pt-BR","@id":"https:\/\/visionint.es\/#\/schema\/logo\/image\/","url":"https:\/\/visionint.es\/wp-content\/uploads\/2021\/11\/cropped-1636222990844_VISION-LOGO-FINAL-1-e1636581871560.png","contentUrl":"https:\/\/visionint.es\/wp-content\/uploads\/2021\/11\/cropped-1636222990844_VISION-LOGO-FINAL-1-e1636581871560.png","width":512,"height":495,"caption":"VISION"},"image":{"@id":"https:\/\/visionint.es\/#\/schema\/logo\/image\/"},"sameAs":["https:\/\/instagram.com\/visionint_"]}]}},"_links":{"self":[{"href":"https:\/\/visionint.es\/pt\/wp-json\/wp\/v2\/pages\/995","targetHints":{"allow":["GET"]}}],"collection":[{"href":"https:\/\/visionint.es\/pt\/wp-json\/wp\/v2\/pages"}],"about":[{"href":"https:\/\/visionint.es\/pt\/wp-json\/wp\/v2\/types\/page"}],"author":[{"embeddable":true,"href":"https:\/\/visionint.es\/pt\/wp-json\/wp\/v2\/users\/1"}],"replies":[{"embeddable":true,"href":"https:\/\/visionint.es\/pt\/wp-json\/wp\/v2\/comments?post=995"}],"version-history":[{"count":2,"href":"https:\/\/visionint.es\/pt\/wp-json\/wp\/v2\/pages\/995\/revisions"}],"predecessor-version":[{"id":997,"href":"https:\/\/visionint.es\/pt\/wp-json\/wp\/v2\/pages\/995\/revisions\/997"}],"wp:attachment":[{"href":"https:\/\/visionint.es\/pt\/wp-json\/wp\/v2\/media?parent=995"}],"curies":[{"name":"wp","href":"https:\/\/api.w.org\/{rel}","templated":true}]}}