{"id":966,"date":"2021-11-10T15:21:43","date_gmt":"2021-11-10T15:21:43","guid":{"rendered":"http:\/\/visionint.es\/?page_id=966"},"modified":"2021-11-10T15:21:43","modified_gmt":"2021-11-10T15:21:43","slug":"privacidad","status":"publish","type":"page","link":"https:\/\/visionint.es\/pt\/privacidad\/","title":{"rendered":"Pol\u00edtica de privacidade"},"content":{"rendered":"<p><strong>POL\u00cdTICA DE PRIVACIDADE<\/strong><\/p>\n\n\n\n<p>Esta Pol\u00edtica de Privacidade estabelece os termos em que a VISION usa e protege as informa\u00e7\u00f5es que voc\u00ea nos fornece quando usa este site. Esta empresa est\u00e1 comprometida com a seguran\u00e7a dos dados de seus usu\u00e1rios. Quando solicitamos que voc\u00ea preencha informa\u00e7\u00f5es pessoais pelas quais possa ser identificado, fazemos isso com a garantia de que elas ser\u00e3o usadas somente de acordo com os termos deste documento. No entanto, esta Pol\u00edtica de Privacidade pode mudar com o tempo ou ser atualizada, e recomendamos que voc\u00ea revise continuamente esta p\u00e1gina para garantir que esteja satisfeito com quaisquer altera\u00e7\u00f5es.<\/p>\n\n\n\n<p><strong>Informa\u00e7\u00f5es coletadas<\/strong><\/p>\n\n\n\n<p>Nosso site pode coletar informa\u00e7\u00f5es pessoais, como nome, informa\u00e7\u00f5es de contato, como seu endere\u00e7o de e-mail e informa\u00e7\u00f5es demogr\u00e1ficas. Al\u00e9m disso, quando necess\u00e1rio, informa\u00e7\u00f5es espec\u00edficas podem ser solicitadas para processar um pedido ou fazer uma entrega ou cobran\u00e7a.<\/p>\n\n\n\n<p><strong>Uso das informa\u00e7\u00f5es coletadas<\/strong><\/p>\n\n\n\n<p>Nosso site usa as informa\u00e7\u00f5es para oferecer o melhor servi\u00e7o poss\u00edvel, especialmente para acompanhar os usu\u00e1rios, acompanhar os pedidos, quando aplic\u00e1vel, e aprimorar nossos produtos e servi\u00e7os.  Podemos enviar periodicamente e-mails por meio de nosso site com ofertas especiais, novos produtos e outras informa\u00e7\u00f5es de marketing que consideramos relevantes para voc\u00ea ou que possam ser ben\u00e9ficas para voc\u00ea. Esses e-mails ser\u00e3o enviados para o endere\u00e7o que voc\u00ea fornecer e podem ser cancelados a qualquer momento.<\/p>\n\n\n\n<p>A VISION est\u00e1 altamente comprometida com o cumprimento de nosso compromisso de manter suas informa\u00e7\u00f5es seguras. Usamos os sistemas mais avan\u00e7ados e os atualizamos constantemente para garantir que n\u00e3o haja acesso n\u00e3o autorizado.<\/p>\n\n\n\n<p><strong>Cookies<\/strong><\/p>\n\n\n\n<p>Um cookie refere-se a um arquivo que \u00e9 enviado com o objetivo de solicitar permiss\u00e3o para ser armazenado em seu computador. Ao aceitar, esse arquivo \u00e9 criado e o cookie \u00e9 usado para obter informa\u00e7\u00f5es sobre o tr\u00e1fego da Web, al\u00e9m de facilitar futuras visitas a um site recorrente. Outra fun\u00e7\u00e3o dos cookies \u00e9 que, com eles, a Web pode reconhec\u00ea-lo individualmente e, portanto, fornecer o melhor servi\u00e7o personalizado em seu site.<\/p>\n\n\n\n<p>Nosso site usa cookies para poder identificar quais p\u00e1ginas s\u00e3o visitadas e sua frequ\u00eancia. Essas informa\u00e7\u00f5es s\u00e3o usadas somente para an\u00e1lise estat\u00edstica e depois s\u00e3o exclu\u00eddas permanentemente. Voc\u00ea pode excluir os cookies do seu computador a qualquer momento. No entanto, os cookies ajudam a fornecer um servi\u00e7o melhor nos sites, mas n\u00e3o d\u00e3o acesso a informa\u00e7\u00f5es do seu computador ou de voc\u00ea, a menos que voc\u00ea decida fornec\u00ea-las diretamente a n\u00f3s. Voc\u00ea pode aceitar ou recusar o uso de cookies, mas a maioria dos navegadores aceita cookies automaticamente para oferecer um servi\u00e7o melhor na Web. Voc\u00ea tamb\u00e9m pode alterar as configura\u00e7\u00f5es do seu computador para recusar cookies. Se voc\u00ea recusar os cookies, talvez n\u00e3o consiga usar alguns de nossos servi\u00e7os.<\/p>\n\n\n\n<p><strong>Links para terceiros<\/strong><\/p>\n\n\n\n<p>Este site pode conter links para outros sites que podem ser de seu interesse. Quando voc\u00ea clica nesses links e sai do nosso site, n\u00e3o temos mais controle sobre o site para o qual voc\u00ea foi redirecionado e, portanto, n\u00e3o somos respons\u00e1veis pelo conte\u00fado de nenhum site vinculado.\u00a0<a href=\"https:\/\/plantillaterminosycondicionestiendaonline.com\/\">termos ou privacidade<\/a>\u00a0ou a prote\u00e7\u00e3o de seus dados nesses sites de terceiros. Esses sites est\u00e3o sujeitos a suas pr\u00f3prias pol\u00edticas de privacidade e recomendamos que voc\u00ea verifique com eles para confirmar se est\u00e1 satisfeito com elas.<\/p>\n\n\n\n<p><strong>Controle de suas informa\u00e7\u00f5es pessoais<\/strong><\/p>\n\n\n\n<p>A qualquer momento, voc\u00ea pode restringir a coleta ou o uso das informa\u00e7\u00f5es pessoais fornecidas ao nosso site.  Sempre que lhe for solicitado o preenchimento de um formul\u00e1rio, como um formul\u00e1rio de registro, voc\u00ea poder\u00e1 marcar ou desmarcar a op\u00e7\u00e3o de receber informa\u00e7\u00f5es por e-mail.  Caso tenha marcado a op\u00e7\u00e3o de receber nosso boletim informativo ou publicidade, voc\u00ea poder\u00e1 cancel\u00e1-la a qualquer momento.<\/p>\n\n\n\n<p>Esta empresa n\u00e3o vender\u00e1, ceder\u00e1 ou distribuir\u00e1 as informa\u00e7\u00f5es pessoais coletadas sem o seu consentimento, a menos que seja exigido por um juiz com uma ordem judicial.<\/p>\n\n\n\n<p>A VISION se reserva o direito de alterar os termos desta Pol\u00edtica de Privacidade a qualquer momento.<\/p>","protected":false},"excerpt":{"rendered":"<p>POL\u00cdTICA DE PRIVACIDAD El presente Pol\u00edtica de Privacidad establece los t\u00e9rminos en que VISION usa y protege la informaci\u00f3n que es proporcionada por sus usuarios al momento de utilizar su sitio web. Esta compa\u00f1\u00eda est\u00e1 comprometida con la seguridad de los datos de sus usuarios. Cuando le pedimos llenar los campos de informaci\u00f3n personal con [&hellip;]<\/p>","protected":false},"author":1,"featured_media":0,"parent":0,"menu_order":0,"comment_status":"closed","ping_status":"closed","template":"","meta":{"inline_featured_image":false,"_monsterinsights_skip_tracking":false,"_monsterinsights_sitenote_active":false,"_monsterinsights_sitenote_note":"","_monsterinsights_sitenote_category":0,"footnotes":""},"class_list":["post-966","page","type-page","status-publish","hentry"],"yoast_head":"<!-- This site is optimized with the Yoast SEO plugin v24.7 - https:\/\/yoast.com\/wordpress\/plugins\/seo\/ -->\n<title>Pol\u00edtica de privacidad - VISION INT<\/title>\n<meta name=\"description\" content=\"En \u00e9ste apartado puedes leer nuestra pol\u00edtica de privacidad, donde podr\u00e1s obtener informaci\u00f3n sobre el tratamiento de tus datos.\" \/>\n<meta name=\"robots\" content=\"index, follow, max-snippet:-1, max-image-preview:large, max-video-preview:-1\" \/>\n<link rel=\"canonical\" href=\"https:\/\/visionint.es\/pt\/privacidad\/\" \/>\n<meta property=\"og:locale\" content=\"pt_BR\" \/>\n<meta property=\"og:type\" content=\"article\" \/>\n<meta property=\"og:title\" content=\"Pol\u00edtica de privacidad - VISION INT\" \/>\n<meta property=\"og:description\" content=\"En \u00e9ste apartado puedes leer nuestra pol\u00edtica de privacidad, donde podr\u00e1s obtener informaci\u00f3n sobre el tratamiento de tus datos.\" \/>\n<meta property=\"og:url\" content=\"https:\/\/visionint.es\/pt\/privacidad\/\" \/>\n<meta property=\"og:site_name\" content=\"VISION INT\" \/>\n<meta name=\"twitter:card\" content=\"summary_large_image\" \/>\n<meta name=\"twitter:label1\" content=\"Est. tempo de leitura\" \/>\n\t<meta name=\"twitter:data1\" content=\"4 minutos\" \/>\n<script type=\"application\/ld+json\" class=\"yoast-schema-graph\">{\"@context\":\"https:\/\/schema.org\",\"@graph\":[{\"@type\":\"WebPage\",\"@id\":\"https:\/\/visionint.es\/privacidad\/\",\"url\":\"https:\/\/visionint.es\/privacidad\/\",\"name\":\"Pol\u00edtica de privacidad - VISION INT\",\"isPartOf\":{\"@id\":\"https:\/\/visionint.es\/#website\"},\"datePublished\":\"2021-11-10T15:21:43+00:00\",\"description\":\"En \u00e9ste apartado puedes leer nuestra pol\u00edtica de privacidad, donde podr\u00e1s obtener informaci\u00f3n sobre el tratamiento de tus datos.\",\"breadcrumb\":{\"@id\":\"https:\/\/visionint.es\/privacidad\/#breadcrumb\"},\"inLanguage\":\"pt-BR\",\"potentialAction\":[{\"@type\":\"ReadAction\",\"target\":[\"https:\/\/visionint.es\/privacidad\/\"]}]},{\"@type\":\"BreadcrumbList\",\"@id\":\"https:\/\/visionint.es\/privacidad\/#breadcrumb\",\"itemListElement\":[{\"@type\":\"ListItem\",\"position\":1,\"name\":\"VISION\",\"item\":\"https:\/\/visionint.es\/\"},{\"@type\":\"ListItem\",\"position\":2,\"name\":\"Pol\u00edtica de privacidad\"}]},{\"@type\":\"WebSite\",\"@id\":\"https:\/\/visionint.es\/#website\",\"url\":\"https:\/\/visionint.es\/\",\"name\":\"VISION INT\",\"description\":\"\",\"publisher\":{\"@id\":\"https:\/\/visionint.es\/#organization\"},\"potentialAction\":[{\"@type\":\"SearchAction\",\"target\":{\"@type\":\"EntryPoint\",\"urlTemplate\":\"https:\/\/visionint.es\/?s={search_term_string}\"},\"query-input\":{\"@type\":\"PropertyValueSpecification\",\"valueRequired\":true,\"valueName\":\"search_term_string\"}}],\"inLanguage\":\"pt-BR\"},{\"@type\":\"Organization\",\"@id\":\"https:\/\/visionint.es\/#organization\",\"name\":\"VISION\",\"url\":\"https:\/\/visionint.es\/\",\"logo\":{\"@type\":\"ImageObject\",\"inLanguage\":\"pt-BR\",\"@id\":\"https:\/\/visionint.es\/#\/schema\/logo\/image\/\",\"url\":\"https:\/\/visionint.es\/wp-content\/uploads\/2021\/11\/cropped-1636222990844_VISION-LOGO-FINAL-1-e1636581871560.png\",\"contentUrl\":\"https:\/\/visionint.es\/wp-content\/uploads\/2021\/11\/cropped-1636222990844_VISION-LOGO-FINAL-1-e1636581871560.png\",\"width\":512,\"height\":495,\"caption\":\"VISION\"},\"image\":{\"@id\":\"https:\/\/visionint.es\/#\/schema\/logo\/image\/\"},\"sameAs\":[\"https:\/\/instagram.com\/visionint_\"]}]}<\/script>\n<!-- \/ Yoast SEO plugin. -->","yoast_head_json":{"title":"Pol\u00edtica de privacidad - VISION INT","description":"En \u00e9ste apartado puedes leer nuestra pol\u00edtica de privacidad, donde podr\u00e1s obtener informaci\u00f3n sobre el tratamiento de tus datos.","robots":{"index":"index","follow":"follow","max-snippet":"max-snippet:-1","max-image-preview":"max-image-preview:large","max-video-preview":"max-video-preview:-1"},"canonical":"https:\/\/visionint.es\/pt\/privacidad\/","og_locale":"pt_BR","og_type":"article","og_title":"Pol\u00edtica de privacidad - VISION INT","og_description":"En \u00e9ste apartado puedes leer nuestra pol\u00edtica de privacidad, donde podr\u00e1s obtener informaci\u00f3n sobre el tratamiento de tus datos.","og_url":"https:\/\/visionint.es\/pt\/privacidad\/","og_site_name":"VISION INT","twitter_card":"summary_large_image","twitter_misc":{"Est. tempo de leitura":"4 minutos"},"schema":{"@context":"https:\/\/schema.org","@graph":[{"@type":"WebPage","@id":"https:\/\/visionint.es\/privacidad\/","url":"https:\/\/visionint.es\/privacidad\/","name":"Pol\u00edtica de privacidad - VISION INT","isPartOf":{"@id":"https:\/\/visionint.es\/#website"},"datePublished":"2021-11-10T15:21:43+00:00","description":"En \u00e9ste apartado puedes leer nuestra pol\u00edtica de privacidad, donde podr\u00e1s obtener informaci\u00f3n sobre el tratamiento de tus datos.","breadcrumb":{"@id":"https:\/\/visionint.es\/privacidad\/#breadcrumb"},"inLanguage":"pt-BR","potentialAction":[{"@type":"ReadAction","target":["https:\/\/visionint.es\/privacidad\/"]}]},{"@type":"BreadcrumbList","@id":"https:\/\/visionint.es\/privacidad\/#breadcrumb","itemListElement":[{"@type":"ListItem","position":1,"name":"VISION","item":"https:\/\/visionint.es\/"},{"@type":"ListItem","position":2,"name":"Pol\u00edtica de privacidad"}]},{"@type":"WebSite","@id":"https:\/\/visionint.es\/#website","url":"https:\/\/visionint.es\/","name":"VISION INT","description":"","publisher":{"@id":"https:\/\/visionint.es\/#organization"},"potentialAction":[{"@type":"SearchAction","target":{"@type":"EntryPoint","urlTemplate":"https:\/\/visionint.es\/?s={search_term_string}"},"query-input":{"@type":"PropertyValueSpecification","valueRequired":true,"valueName":"search_term_string"}}],"inLanguage":"pt-BR"},{"@type":"Organization","@id":"https:\/\/visionint.es\/#organization","name":"VISION","url":"https:\/\/visionint.es\/","logo":{"@type":"ImageObject","inLanguage":"pt-BR","@id":"https:\/\/visionint.es\/#\/schema\/logo\/image\/","url":"https:\/\/visionint.es\/wp-content\/uploads\/2021\/11\/cropped-1636222990844_VISION-LOGO-FINAL-1-e1636581871560.png","contentUrl":"https:\/\/visionint.es\/wp-content\/uploads\/2021\/11\/cropped-1636222990844_VISION-LOGO-FINAL-1-e1636581871560.png","width":512,"height":495,"caption":"VISION"},"image":{"@id":"https:\/\/visionint.es\/#\/schema\/logo\/image\/"},"sameAs":["https:\/\/instagram.com\/visionint_"]}]}},"_links":{"self":[{"href":"https:\/\/visionint.es\/pt\/wp-json\/wp\/v2\/pages\/966","targetHints":{"allow":["GET"]}}],"collection":[{"href":"https:\/\/visionint.es\/pt\/wp-json\/wp\/v2\/pages"}],"about":[{"href":"https:\/\/visionint.es\/pt\/wp-json\/wp\/v2\/types\/page"}],"author":[{"embeddable":true,"href":"https:\/\/visionint.es\/pt\/wp-json\/wp\/v2\/users\/1"}],"replies":[{"embeddable":true,"href":"https:\/\/visionint.es\/pt\/wp-json\/wp\/v2\/comments?post=966"}],"version-history":[{"count":1,"href":"https:\/\/visionint.es\/pt\/wp-json\/wp\/v2\/pages\/966\/revisions"}],"predecessor-version":[{"id":967,"href":"https:\/\/visionint.es\/pt\/wp-json\/wp\/v2\/pages\/966\/revisions\/967"}],"wp:attachment":[{"href":"https:\/\/visionint.es\/pt\/wp-json\/wp\/v2\/media?parent=966"}],"curies":[{"name":"wp","href":"https:\/\/api.w.org\/{rel}","templated":true}]}}