{"id":998,"date":"2021-11-10T21:57:12","date_gmt":"2021-11-10T21:57:12","guid":{"rendered":"http:\/\/visionint.es\/politica-de-cookies-ue\/"},"modified":"2021-11-10T21:57:12","modified_gmt":"2021-11-10T21:57:12","slug":"politica-de-cookies-ue","status":"publish","type":"page","link":"https:\/\/visionint.es\/it\/politica-de-cookies-ue\/","title":{"rendered":"Pol\u00edtica de cookies (UE)"},"content":{"rendered":"<!-- Legal document generated by Complianz | GDPR\/CCPA Cookie Consent https:\/\/wordpress.org\/plugins\/complianz-gdpr -->\n<div id=\"cmplz-document\" class=\"cmplz-document cookie-statement cmplz-document-eu\"><p><i>Questa politica sui cookie \u00e8 stata aggiornata l&#8217;ultima volta il Novembre 10, 2021 e si applica ai cittadini e ai residenti permanenti legali dello Spazio Economico Europeo e della Svizzera.<\/i><br><\/p><h2>1. Introduzione<\/h2><p>Il nostro sito web, <a href=\"https:\/\/visionint.es\/it\">https:\/\/visionint.es\/it<\/a> (di seguito: \"il sito web\") utilizza i cookie e altre tecnologie correlate (per comodit\u00e0 tutte le tecnologie sono definite \"cookie\"). I cookie sono inseriti anche da terze parti di cui ci siamo serviti. Nel seguente documento vi informiamo sull'uso dei cookie sul nostro sito web.<\/p><h2>2. Cosa sono i cookie?<\/h2><p>I cookie sono semplici file inviati alle pagine di questo sito e salvati dal browser sul disco rigido del computer o di altri dispositivi. Le informazioni raccolte in questi file possono essere rinviate ai nostri server o a server di terzi durante la vostra prossima visita.<\/p><h2>3. Cosa sono gli script?<\/h2><p>Uno script \u00e8 un pezzo di codice utilizzato per far funzionare il nostro sito in modo corretto e interattivo. Questo codice viene eseguito sul nostro server o sul vostro dispositivo.<\/p><h2>4. Cos&#039;\u00e8 un web beacon?<\/h2><p>Un web beacon (o pixel tag) \u00e8 un piccolo pezzo di testo o un'immagine invisibile su un sito che viene utilizzato per monitorare il traffico su un sito web. A tal fine, i web beacon memorizzano diversi dati relativi all'utente.<\/p><h2>5. Biscotto<\/h2><p class=\"cmplz-subtitle\">5.1 Cookie tecnici o funzionali<\/p><p>Alcuni cookie garantiscono il corretto funzionamento del sito e la validit\u00e0 delle vostre preferenze. Inserendo i cookie funzionali, vi facilitiamo la visita al nostro sito web. In questo modo non dovrete inserire ripetutamente le stesse informazioni quando visitate il nostro sito web, ad esempio l'oggetto rimane nel carrello finch\u00e9 non avete pagato. Possiamo cancellare questi cookie senza il vostro consenso.<\/p><p class=\"cmplz-subtitle\">5.2 Cookie statistici<\/p><p>Utilizziamo i cookie statistici per ottimizzare l'esperienza del sito web per i nostri utenti. Con questi cookie statistici otteniamo informazioni approfondite sull'utilizzo del nostro sito web. Chiediamo il vostro consenso per impostare i cookie statistici.<\/p><p class=\"cmplz-subtitle\">5.3 Cookie di marketing\/traffico<\/p><p>I cookie di marketing\/tracciamento sono cookie o qualsiasi altra forma di memorizzazione locale, utilizzati per creare profili di utenti per visualizzare pubblicit\u00e0 o per tracciare gli utenti su questo sito web o su altri siti web per scopi di marketing simili.<\/p><p class=\"cmplz-subtitle\">5.4 Media sociali<\/p><p>Sul nostro sito web abbiamo inserito contenuti di Facebook, Twitter, LinkedIn, WhatsApp, Instagram e TikTok per promuovere pagine web (ad es. \u00abmi piace\u00bb, \u00abpin\u00bb) o condividerle (ad es. \u00abtweet\u00bb) su social network come Facebook, Twitter, LinkedIn, WhatsApp, Instagram e TikTok. Questo contenuto \u00e8 incorporato con codice derivato da Facebook, Twitter, LinkedIn, WhatsApp, Instagram e TikTok e inserisce cookie. Questo contenuto potrebbe memorizzare ed elaborare alcune informazioni per la pubblicit\u00e0 personalizzata.<\/p><p>Leggi l&#8217;informativa sulla privacy di questi social network (che possono cambiare regolarmente) per sapere cosa fanno con i tuoi dati (personali) che processano usando questi cookie. I dati ottenuti vengono anonimizzati quanto possibile. Facebook, Twitter, LinkedIn, WhatsApp, Instagram e TikTok si trovano negli Stati Uniti.<\/p><h2>6. Inserimento di cookie<\/h2><div id=\"cmplz-cookies-overview\"><details class=\"cmplz-dropdown cmplz-service-desc cmplz-dropdown-cookiepolicy\">\n\t<summary class=\"cmplz-service-header\"><div>\n\t\t<h3>WordPress<\/h3>\n\t\t<p>Scopo in attesa di indagine<\/p>\n\t\t<label for=\"cmplz_service_wordpress\" class=\"cmplz_consent_per_service_label\"><span class=\"screen-reader-text\">Consenso al servizio wordpress<\/span><\/label>\n\t\t<input type=\"checkbox\" id=\"cmplz_service_wordpress\" class=\"cmplz-accept-service cmplz-hidden\" data-service=\"wordpress\" data-category=\"functional\"><\/div>\n\t<\/summary>\n\t<div class=\"cmplz-service-description\">\n\t\t<h4>Utilizzo<\/h4>\n\t\t<p><\/p>\n\t<\/div>\n\t<div class=\"cmplz-sharing-data\">\n\t\t<h4>Condivisione dei dati<\/h4>\n\t\t<p>Questi dati non sono condivisi con terze parti.<\/p>\n\t<\/div>\n\t<div class=\"cookies-per-purpose\">\n    <div class=\"purpose\"><h4>Scopo in attesa di indagine<\/h4><\/div>\n    <div class=\"name-header\">\n\t<h5>Nome<\/h5>\n<\/div>\n<div class=\"name\"><a target=\"_blank\" rel=\"noopener noreferrer nofollow\" href=\"https:\/\/cookiedatabase.org\/cookie\/unknown-service\/wp_data_user_-2\/\">WP_DATA_USER_*<\/a><\/div>\n<div class=\"retention-header\">\n\t<h5>Scadenza<\/h5>\n<\/div>\n<div class=\"retention\"><\/div>\n<div class=\"function-header\">\n\t<h5>Funzione<\/h5>\n<\/div>\n<div class=\"function\"><\/div>\n<div class=\"name-header\">\n\t<h5>Nome<\/h5>\n<\/div>\n<div class=\"name\"><a target=\"_blank\" rel=\"noopener noreferrer nofollow\" href=\"https:\/\/cookiedatabase.org\/cookie\/unknown-service\/wordpress_logged_in_\/\">wordpress_logged_in_*<\/a><\/div>\n<div class=\"retention-header\">\n\t<h5>Scadenza<\/h5>\n<\/div>\n<div class=\"retention\"><\/div>\n<div class=\"function-header\">\n\t<h5>Funzione<\/h5>\n<\/div>\n<div class=\"function\"><\/div>\n\n<\/div>\n<\/details>\n<details class=\"cmplz-dropdown cmplz-service-desc cmplz-dropdown-cookiepolicy\">\n\t<summary class=\"cmplz-service-header\"><div>\n\t\t<h3>Varie<\/h3>\n\t\t<p>Scopo in attesa di indagine<\/p>\n\t\t<label for=\"cmplz_service_varie\" class=\"cmplz_consent_per_service_label\"><span class=\"screen-reader-text\">Consent to service varie<\/span><\/label>\n\t\t<input type=\"checkbox\" id=\"cmplz_service_varie\" class=\"cmplz-accept-service cmplz-hidden\" data-service=\"varie\" data-category=\"functional\"><\/div>\n\t<\/summary>\n\t<div class=\"cmplz-service-description\">\n\t\t<h4>Utilizzo<\/h4>\n\t\t<p><\/p>\n\t<\/div>\n\t<div class=\"cmplz-sharing-data\">\n\t\t<h4>Condivisione dei dati<\/h4>\n\t\t<p>La condivisione dei dati \u00e8 in attesa di indagine<\/p>\n\t<\/div>\n\t<div class=\"cookies-per-purpose\">\n    <div class=\"purpose\"><h4>Scopo in attesa di indagine<\/h4><\/div>\n    <div class=\"name-header\">\n\t<h5>Nome<\/h5>\n<\/div>\n<div class=\"name\">WP_PREFERENCES_USER_1<\/div>\n<div class=\"retention-header\">\n\t<h5>Scadenza<\/h5>\n<\/div>\n<div class=\"retention\"><\/div>\n<div class=\"function-header\">\n\t<h5>Funzione<\/h5>\n<\/div>\n<div class=\"function\"><\/div>\n<div class=\"name-header\">\n\t<h5>Nome<\/h5>\n<\/div>\n<div class=\"name\">generareblocchiIngressi personalizzati<\/div>\n<div class=\"retention-header\">\n\t<h5>Scadenza<\/h5>\n<\/div>\n<div class=\"retention\"><\/div>\n<div class=\"function-header\">\n\t<h5>Funzione<\/h5>\n<\/div>\n<div class=\"function\"><\/div>\n<div class=\"name-header\">\n\t<h5>Nome<\/h5>\n<\/div>\n<div class=\"name\">elemento<\/div>\n<div class=\"retention-header\">\n\t<h5>Scadenza<\/h5>\n<\/div>\n<div class=\"retention\"><\/div>\n<div class=\"function-header\">\n\t<h5>Funzione<\/h5>\n<\/div>\n<div class=\"function\"><\/div>\n<div class=\"name-header\">\n\t<h5>Nome<\/h5>\n<\/div>\n<div class=\"name\">e_globali<\/div>\n<div class=\"retention-header\">\n\t<h5>Scadenza<\/h5>\n<\/div>\n<div class=\"retention\"><\/div>\n<div class=\"function-header\">\n\t<h5>Funzione<\/h5>\n<\/div>\n<div class=\"function\"><\/div>\n<div class=\"name-header\">\n\t<h5>Nome<\/h5>\n<\/div>\n<div class=\"name\">gt-schermo corrente<\/div>\n<div class=\"retention-header\">\n\t<h5>Scadenza<\/h5>\n<\/div>\n<div class=\"retention\"><\/div>\n<div class=\"function-header\">\n\t<h5>Funzione<\/h5>\n<\/div>\n<div class=\"function\"><\/div>\n<div class=\"name-header\">\n\t<h5>Nome<\/h5>\n<\/div>\n<div class=\"name\">generare blocchiPannelli<\/div>\n<div class=\"retention-header\">\n\t<h5>Scadenza<\/h5>\n<\/div>\n<div class=\"retention\"><\/div>\n<div class=\"function-header\">\n\t<h5>Funzione<\/h5>\n<\/div>\n<div class=\"function\"><\/div>\n<div class=\"name-header\">\n\t<h5>Nome<\/h5>\n<\/div>\n<div class=\"name\">ssPannelloSinistra<\/div>\n<div class=\"retention-header\">\n\t<h5>Scadenza<\/h5>\n<\/div>\n<div class=\"retention\"><\/div>\n<div class=\"function-header\">\n\t<h5>Funzione<\/h5>\n<\/div>\n<div class=\"function\"><\/div>\n<div class=\"name-header\">\n\t<h5>Nome<\/h5>\n<\/div>\n<div class=\"name\">generateblocksDeviceType<\/div>\n<div class=\"retention-header\">\n\t<h5>Scadenza<\/h5>\n<\/div>\n<div class=\"retention\"><\/div>\n<div class=\"function-header\">\n\t<h5>Funzione<\/h5>\n<\/div>\n<div class=\"function\"><\/div>\n<div class=\"name-header\">\n\t<h5>Nome<\/h5>\n<\/div>\n<div class=\"name\">e_kit-elementi-default<\/div>\n<div class=\"retention-header\">\n\t<h5>Scadenza<\/h5>\n<\/div>\n<div class=\"retention\"><\/div>\n<div class=\"function-header\">\n\t<h5>Funzione<\/h5>\n<\/div>\n<div class=\"function\"><\/div>\n<div class=\"name-header\">\n\t<h5>Nome<\/h5>\n<\/div>\n<div class=\"name\">ssPannelloTop<\/div>\n<div class=\"retention-header\">\n\t<h5>Scadenza<\/h5>\n<\/div>\n<div class=\"retention\"><\/div>\n<div class=\"function-header\">\n\t<h5>Funzione<\/h5>\n<\/div>\n<div class=\"function\"><\/div>\n<div class=\"name-header\">\n\t<h5>Nome<\/h5>\n<\/div>\n<div class=\"name\">n2-colori<\/div>\n<div class=\"retention-header\">\n\t<h5>Scadenza<\/h5>\n<\/div>\n<div class=\"retention\"><\/div>\n<div class=\"function-header\">\n\t<h5>Funzione<\/h5>\n<\/div>\n<div class=\"function\"><\/div>\n<div class=\"name-header\">\n\t<h5>Nome<\/h5>\n<\/div>\n<div class=\"name\">ssAltezza pannello<\/div>\n<div class=\"retention-header\">\n\t<h5>Scadenza<\/h5>\n<\/div>\n<div class=\"retention\"><\/div>\n<div class=\"function-header\">\n\t<h5>Funzione<\/h5>\n<\/div>\n<div class=\"function\"><\/div>\n<div class=\"name-header\">\n\t<h5>Nome<\/h5>\n<\/div>\n<div class=\"name\">wpEmojiSettingsSupports<\/div>\n<div class=\"retention-header\">\n\t<h5>Scadenza<\/h5>\n<\/div>\n<div class=\"retention\"><\/div>\n<div class=\"function-header\">\n\t<h5>Funzione<\/h5>\n<\/div>\n<div class=\"function\"><\/div>\n<div class=\"name-header\">\n\t<h5>Nome<\/h5>\n<\/div>\n<div class=\"name\">cmplz_consented_services<\/div>\n<div class=\"retention-header\">\n\t<h5>Scadenza<\/h5>\n<\/div>\n<div class=\"retention\">365 giorni<\/div>\n<div class=\"function-header\">\n\t<h5>Funzione<\/h5>\n<\/div>\n<div class=\"function\"><\/div>\n<div class=\"name-header\">\n\t<h5>Nome<\/h5>\n<\/div>\n<div class=\"name\">cmplz_policy_id<\/div>\n<div class=\"retention-header\">\n\t<h5>Scadenza<\/h5>\n<\/div>\n<div class=\"retention\">365 giorni<\/div>\n<div class=\"function-header\">\n\t<h5>Funzione<\/h5>\n<\/div>\n<div class=\"function\"><\/div>\n<div class=\"name-header\">\n\t<h5>Nome<\/h5>\n<\/div>\n<div class=\"name\">cmplz_marketing<\/div>\n<div class=\"retention-header\">\n\t<h5>Scadenza<\/h5>\n<\/div>\n<div class=\"retention\">365 giorni<\/div>\n<div class=\"function-header\">\n\t<h5>Funzione<\/h5>\n<\/div>\n<div class=\"function\"><\/div>\n<div class=\"name-header\">\n\t<h5>Nome<\/h5>\n<\/div>\n<div class=\"name\">cmplz_statistica<\/div>\n<div class=\"retention-header\">\n\t<h5>Scadenza<\/h5>\n<\/div>\n<div class=\"retention\">365 giorni<\/div>\n<div class=\"function-header\">\n\t<h5>Funzione<\/h5>\n<\/div>\n<div class=\"function\"><\/div>\n<div class=\"name-header\">\n\t<h5>Nome<\/h5>\n<\/div>\n<div class=\"name\">cmplz_preferences<\/div>\n<div class=\"retention-header\">\n\t<h5>Scadenza<\/h5>\n<\/div>\n<div class=\"retention\">365 giorni<\/div>\n<div class=\"function-header\">\n\t<h5>Funzione<\/h5>\n<\/div>\n<div class=\"function\"><\/div>\n<div class=\"name-header\">\n\t<h5>Nome<\/h5>\n<\/div>\n<div class=\"name\">cmplz_funzionale<\/div>\n<div class=\"retention-header\">\n\t<h5>Scadenza<\/h5>\n<\/div>\n<div class=\"retention\">365 giorni<\/div>\n<div class=\"function-header\">\n\t<h5>Funzione<\/h5>\n<\/div>\n<div class=\"function\"><\/div>\n<div class=\"name-header\">\n\t<h5>Nome<\/h5>\n<\/div>\n<div class=\"name\">cmplz_banner-status<\/div>\n<div class=\"retention-header\">\n\t<h5>Scadenza<\/h5>\n<\/div>\n<div class=\"retention\">365 giorni<\/div>\n<div class=\"function-header\">\n\t<h5>Funzione<\/h5>\n<\/div>\n<div class=\"function\"><\/div>\n<div class=\"name-header\">\n\t<h5>Nome<\/h5>\n<\/div>\n<div class=\"name\">wfwaf-authcookie-74ddcfa5d5c84b19b8b5fa06c535ec24<\/div>\n<div class=\"retention-header\">\n\t<h5>Scadenza<\/h5>\n<\/div>\n<div class=\"retention\"><\/div>\n<div class=\"function-header\">\n\t<h5>Funzione<\/h5>\n<\/div>\n<div class=\"function\"><\/div>\n<div class=\"name-header\">\n\t<h5>Nome<\/h5>\n<\/div>\n<div class=\"name\">gt-current-screen-visionint.it<\/div>\n<div class=\"retention-header\">\n\t<h5>Scadenza<\/h5>\n<\/div>\n<div class=\"retention\"><\/div>\n<div class=\"function-header\">\n\t<h5>Funzione<\/h5>\n<\/div>\n<div class=\"function\"><\/div>\n\n<\/div>\n<\/details>\n<\/div><h2>7. Il consenso<\/h2><p>Quando visitate il sito web per la prima volta, visualizzeremo un popup con un avviso sui cookie. Non appena si fa clic su \"Salva preferenze\", siamo autorizzati a utilizzare le categorie di cookie e plugin come descritto nella presente dichiarazione sui cookie e sui popup. \u00c8 possibile disabilitare i cookie attraverso il browser, ma si prega di notare che il nostro sito web potrebbe non funzionare pi\u00f9 correttamente.<\/p><p class=\"cmplz-subtitle\">7.1 Gestire le richieste di consenso<\/p><div id=\"cmplz-manage-consent-container-nojavascript\">Hai caricato la Cookie Policy senza supporto javascript.&nbsp;Su AMP, puoi usare il pulsante di gestione del consenso in fondo alla pagina.<\/div><div id=\"cmplz-manage-consent-container\" name=\"cmplz-manage-consent-container\" class=\"cmplz-manage-consent-container\"><\/div><h2>8. Abilitare\/disabilitare e cancellare i cookie<\/h2><p>\u00c8 possibile utilizzare il browser per eliminare automaticamente o manualmente i cookie. \u00c8 anche possibile specificare che determinati cookie non possono essere inseriti. Un'altra possibilit\u00e0 \u00e8 quella di modificare le impostazioni del browser Internet in modo da ricevere un messaggio ogni volta che viene impostato un cookie. Per ulteriori informazioni su queste opzioni, consultare le istruzioni nella sezione Guide del browser.<\/p><p>Si prega di notare che il nostro sito web potrebbe non funzionare correttamente se tutti i cookie sono disabilitati. Se si cancellano i cookie nel browser, questi verranno reinseriti dopo il consenso dato quando si visiter\u00e0 nuovamente il nostro sito web.<\/p><h2>9. I tuoi diritti in relazione ai dati personali<\/h2><p>L'utente ha i seguenti diritti in merito ai propri dati personali:<\/p><ul>\n                    <li>Hai il diritto di sapere quando i tuoi dati personali sono necessari, cosa succede ad essi, quanto a lungo verranno mantenuti.<\/li>\n                    <li>Diritto di accesso: avete il diritto di accedere ai vostri dati personali di cui siamo a conoscenza.<\/li>\n                    <li>Diritto di accesso: avete il diritto di completare, correggere, cancellare o bloccare i vostri dati personali ogni volta che lo desiderate.<\/li>\n                    <li>Se avete dato il consenso al trattamento dei vostri dati, avete il diritto di revocare tale consenso e di rimuovere i vostri dati personali.<\/li>\n                    <li>Diritto di trasferire i vostri dati: avete il diritto di richiedere tutti i vostri dati al responsabile del trattamento e di trasferirli a un altro responsabile del trattamento.<\/li>\n                    <li>Diritto di opposizione: avete il diritto di opporvi al trattamento dei vostri dati. Rispetteremo questa scelta, a meno che non vi siano motivi validi per il trattamento.<\/li>\n                <\/ul><p>Per esercitare tali diritti, non esiti a contattarci. Si prega di fare riferimento ai dati di contatto riportati in calce alla presente Informativa sui cookie. Se avete un reclamo sul modo in cui trattiamo i vostri dati, ci dispiace, ma avete anche il diritto di presentare un reclamo all'autorit\u00e0 di controllo (l'Autorit\u00e0 per la protezione dei dati).<\/p><h2>10. Dettagli di contatto<\/h2><p>Per domande e\/o commenti relativi alla Politica sui cookie e alla presente informativa, si prega di contattarci utilizzando i seguenti recapiti:<\/p><p><span class=\"cmplz-contact-organisation\">VISIONE<\/span><br>\n                      <span class=\"cmplz-contact-address\">C\/ Mar\u00eda Auxiliadora, N\u00ba 86-90, 08912 - Badalona (Catalogna)<\/span><br>\n                      <span class=\"cmplz-contact-country\">Spagna<\/span><br>\n                    Sito web: <span class=\"cmplz-contact-domain\"><a href=\"https:\/\/visionint.es\/it\">https:\/\/visionint.es\/it<\/a><\/span><br>\n                    E-mail: <span class=\"cmplz-contact-email\"><span class=\"cmplz-obfuscate\">i&#110;&#102;o@<span class=\"cmplz-fmail-domain\">&#101;&#120;&#046;&#099;&#111;&#109;<\/span>&#118;isionint&#046;&#101;s<\/span><\/span><br>\n                    <span class=\"cmplz-contact-telephone\">Numero di telefono: +34 629862368<\/span><\/p><p>Questa politica sui cookie \u00e8 stata sincronizzata con <a href=\"https:\/\/cookiedatabase.org\/\" target=\"_blank\">cookiedatabase.org<\/a> il Novembre 10, 2021.<\/p><\/div>","protected":false},"excerpt":{"rendered":"","protected":false},"author":1,"featured_media":0,"parent":0,"menu_order":0,"comment_status":"closed","ping_status":"closed","template":"","meta":{"inline_featured_image":false,"_monsterinsights_skip_tracking":false,"_monsterinsights_sitenote_active":false,"_monsterinsights_sitenote_note":"","_monsterinsights_sitenote_category":0,"footnotes":""},"class_list":["post-998","page","type-page","status-publish","hentry"],"yoast_head":"<!-- This site is optimized with the Yoast SEO plugin v24.7 - https:\/\/yoast.com\/wordpress\/plugins\/seo\/ -->\n<title>Pol\u00edtica de cookies (UE) - VISION INT<\/title>\n<meta name=\"robots\" content=\"index, follow, max-snippet:-1, max-image-preview:large, max-video-preview:-1\" \/>\n<link rel=\"canonical\" href=\"https:\/\/visionint.es\/it\/politica-de-cookies-ue\/\" \/>\n<meta property=\"og:locale\" content=\"it_IT\" \/>\n<meta property=\"og:type\" content=\"article\" \/>\n<meta property=\"og:title\" content=\"Pol\u00edtica de cookies (UE) - VISION INT\" \/>\n<meta property=\"og:url\" content=\"https:\/\/visionint.es\/it\/politica-de-cookies-ue\/\" \/>\n<meta property=\"og:site_name\" content=\"VISION INT\" \/>\n<meta name=\"twitter:card\" content=\"summary_large_image\" \/>\n<script type=\"application\/ld+json\" class=\"yoast-schema-graph\">{\"@context\":\"https:\/\/schema.org\",\"@graph\":[{\"@type\":\"WebPage\",\"@id\":\"https:\/\/visionint.es\/politica-de-cookies-ue\/\",\"url\":\"https:\/\/visionint.es\/politica-de-cookies-ue\/\",\"name\":\"Pol\u00edtica de cookies (UE) - VISION INT\",\"isPartOf\":{\"@id\":\"https:\/\/visionint.es\/#website\"},\"datePublished\":\"2021-11-10T21:57:12+00:00\",\"breadcrumb\":{\"@id\":\"https:\/\/visionint.es\/politica-de-cookies-ue\/#breadcrumb\"},\"inLanguage\":\"it-IT\",\"potentialAction\":[{\"@type\":\"ReadAction\",\"target\":[\"https:\/\/visionint.es\/politica-de-cookies-ue\/\"]}]},{\"@type\":\"BreadcrumbList\",\"@id\":\"https:\/\/visionint.es\/politica-de-cookies-ue\/#breadcrumb\",\"itemListElement\":[{\"@type\":\"ListItem\",\"position\":1,\"name\":\"VISION\",\"item\":\"https:\/\/visionint.es\/\"},{\"@type\":\"ListItem\",\"position\":2,\"name\":\"Pol\u00edtica de cookies (UE)\"}]},{\"@type\":\"WebSite\",\"@id\":\"https:\/\/visionint.es\/#website\",\"url\":\"https:\/\/visionint.es\/\",\"name\":\"VISION INT\",\"description\":\"\",\"publisher\":{\"@id\":\"https:\/\/visionint.es\/#organization\"},\"potentialAction\":[{\"@type\":\"SearchAction\",\"target\":{\"@type\":\"EntryPoint\",\"urlTemplate\":\"https:\/\/visionint.es\/?s={search_term_string}\"},\"query-input\":{\"@type\":\"PropertyValueSpecification\",\"valueRequired\":true,\"valueName\":\"search_term_string\"}}],\"inLanguage\":\"it-IT\"},{\"@type\":\"Organization\",\"@id\":\"https:\/\/visionint.es\/#organization\",\"name\":\"VISION\",\"url\":\"https:\/\/visionint.es\/\",\"logo\":{\"@type\":\"ImageObject\",\"inLanguage\":\"it-IT\",\"@id\":\"https:\/\/visionint.es\/#\/schema\/logo\/image\/\",\"url\":\"https:\/\/visionint.es\/wp-content\/uploads\/2021\/11\/cropped-1636222990844_VISION-LOGO-FINAL-1-e1636581871560.png\",\"contentUrl\":\"https:\/\/visionint.es\/wp-content\/uploads\/2021\/11\/cropped-1636222990844_VISION-LOGO-FINAL-1-e1636581871560.png\",\"width\":512,\"height\":495,\"caption\":\"VISION\"},\"image\":{\"@id\":\"https:\/\/visionint.es\/#\/schema\/logo\/image\/\"},\"sameAs\":[\"https:\/\/instagram.com\/visionint_\"]}]}<\/script>\n<!-- \/ Yoast SEO plugin. -->","yoast_head_json":{"title":"Pol\u00edtica de cookies (UE) - VISION INT","robots":{"index":"index","follow":"follow","max-snippet":"max-snippet:-1","max-image-preview":"max-image-preview:large","max-video-preview":"max-video-preview:-1"},"canonical":"https:\/\/visionint.es\/it\/politica-de-cookies-ue\/","og_locale":"it_IT","og_type":"article","og_title":"Pol\u00edtica de cookies (UE) - VISION INT","og_url":"https:\/\/visionint.es\/it\/politica-de-cookies-ue\/","og_site_name":"VISION INT","twitter_card":"summary_large_image","schema":{"@context":"https:\/\/schema.org","@graph":[{"@type":"WebPage","@id":"https:\/\/visionint.es\/politica-de-cookies-ue\/","url":"https:\/\/visionint.es\/politica-de-cookies-ue\/","name":"Pol\u00edtica de cookies (UE) - VISION INT","isPartOf":{"@id":"https:\/\/visionint.es\/#website"},"datePublished":"2021-11-10T21:57:12+00:00","breadcrumb":{"@id":"https:\/\/visionint.es\/politica-de-cookies-ue\/#breadcrumb"},"inLanguage":"it-IT","potentialAction":[{"@type":"ReadAction","target":["https:\/\/visionint.es\/politica-de-cookies-ue\/"]}]},{"@type":"BreadcrumbList","@id":"https:\/\/visionint.es\/politica-de-cookies-ue\/#breadcrumb","itemListElement":[{"@type":"ListItem","position":1,"name":"VISION","item":"https:\/\/visionint.es\/"},{"@type":"ListItem","position":2,"name":"Pol\u00edtica de cookies (UE)"}]},{"@type":"WebSite","@id":"https:\/\/visionint.es\/#website","url":"https:\/\/visionint.es\/","name":"VISION INT","description":"","publisher":{"@id":"https:\/\/visionint.es\/#organization"},"potentialAction":[{"@type":"SearchAction","target":{"@type":"EntryPoint","urlTemplate":"https:\/\/visionint.es\/?s={search_term_string}"},"query-input":{"@type":"PropertyValueSpecification","valueRequired":true,"valueName":"search_term_string"}}],"inLanguage":"it-IT"},{"@type":"Organization","@id":"https:\/\/visionint.es\/#organization","name":"VISION","url":"https:\/\/visionint.es\/","logo":{"@type":"ImageObject","inLanguage":"it-IT","@id":"https:\/\/visionint.es\/#\/schema\/logo\/image\/","url":"https:\/\/visionint.es\/wp-content\/uploads\/2021\/11\/cropped-1636222990844_VISION-LOGO-FINAL-1-e1636581871560.png","contentUrl":"https:\/\/visionint.es\/wp-content\/uploads\/2021\/11\/cropped-1636222990844_VISION-LOGO-FINAL-1-e1636581871560.png","width":512,"height":495,"caption":"VISION"},"image":{"@id":"https:\/\/visionint.es\/#\/schema\/logo\/image\/"},"sameAs":["https:\/\/instagram.com\/visionint_"]}]}},"_links":{"self":[{"href":"https:\/\/visionint.es\/it\/wp-json\/wp\/v2\/pages\/998","targetHints":{"allow":["GET"]}}],"collection":[{"href":"https:\/\/visionint.es\/it\/wp-json\/wp\/v2\/pages"}],"about":[{"href":"https:\/\/visionint.es\/it\/wp-json\/wp\/v2\/types\/page"}],"author":[{"embeddable":true,"href":"https:\/\/visionint.es\/it\/wp-json\/wp\/v2\/users\/1"}],"replies":[{"embeddable":true,"href":"https:\/\/visionint.es\/it\/wp-json\/wp\/v2\/comments?post=998"}],"version-history":[{"count":0,"href":"https:\/\/visionint.es\/it\/wp-json\/wp\/v2\/pages\/998\/revisions"}],"wp:attachment":[{"href":"https:\/\/visionint.es\/it\/wp-json\/wp\/v2\/media?parent=998"}],"curies":[{"name":"wp","href":"https:\/\/api.w.org\/{rel}","templated":true}]}}