{"id":995,"date":"2021-11-10T21:51:48","date_gmt":"2021-11-10T21:51:48","guid":{"rendered":"http:\/\/visionint.es\/?page_id=995"},"modified":"2021-11-10T21:51:48","modified_gmt":"2021-11-10T21:51:48","slug":"aviso-legal","status":"publish","type":"page","link":"https:\/\/visionint.es\/it\/aviso-legal\/","title":{"rendered":"Avviso legale"},"content":{"rendered":"<h2 class=\"gb-headline gb-headline-0f1d3891 gb-headline-text\">I. INFORMAZIONI GENERALI<\/h2>\n\n\n\n<p>In ottemperanza all'obbligo di fornire informazioni come stabilito dalla Legge 34\/2002 sui Servizi della Societ\u00e0 dell'Informazione (Ley 34\/2002 de Servicios de la Sociedad de<br>Informazione e Commercio Elettronico (LSSI-CE) dell'11 luglio scorso, si riporta di seguito quanto segue<br>informazioni generali su questo sito web:<br>La propriet\u00e0 di questo sito web, visionint.es, (d'ora in poi, il sito web) \u00e8 di: David Ari\u00f1o Pellejero, con<br>NIF: 48223969F, e i cui dati di contatto sono:<br>Indirizzo: C\/ Mar\u00eda Auxiliadora, No86-90, 08912 - Badalona (Catalogna)<br>Telefono di contatto: 629862368<br>Email di contatto: info@visionint.es<\/p>\n\n\n\n<h2 class=\"wp-block-heading\">II. TERMINI E CONDIZIONI GENERALI DI UTILIZZO<\/h2>\n\n\n\n<h3 class=\"wp-block-heading\">L'oggetto dei termini e delle condizioni: Il sito web<\/h3>\n\n\n\n<p>Le presenti Condizioni Generali d'Uso (di seguito denominate Condizioni) hanno lo scopo di regolamentare l'accesso e l'utilizzo del sito.<br>l'utilizzo del Sito web. Ai fini dei presenti Termini e condizioni, si intende per Sito web: il<br>aspetto esterno delle interfacce di visualizzazione, sia staticamente che dinamicamente, \u00e8<br>cio\u00e8 l'albero di navigazione; e tutti gli elementi integrati sia nelle interfacce di visualizzazione che nelle interfacce di navigazione.<br>l'albero di navigazione (di seguito denominato Contenuto) e tutti quei servizi o risorse online che nel loro<br>offerti agli Utenti (di seguito, Servizi).<br>VISION si riserva il diritto di modificare, in qualsiasi momento e senza alcun preavviso, la presentazione e le modalit\u00e0 di utilizzo di VISION.<br>configurazione del Sito web e dei Contenuti e Servizi che possono essere incorporati in esso. Il<br>L'Utente riconosce e accetta che in qualsiasi momento VISION potr\u00e0 interrompere, disattivare e\/o annullare<br>uno qualsiasi di questi elementi integrati nel Sito web o l'accesso ad essi.<br>L'accesso al Sito Web da parte dell'Utente \u00e8 gratuito e, come regola generale, \u00e8 libero, senza che l'Utente sia tenuto a<br>devono fornire un corrispettivo per poterne beneficiare, tranne che in relazione al costo di<br>connessione attraverso la rete di telecomunicazione fornita dal fornitore di accesso che ha<br>contratto dall'Utente.<br>L'utilizzo di uno qualsiasi dei Contenuti o dei Servizi del Sito Web pu\u00f2 avvenire tramite l'iscrizione a<br>o la preventiva registrazione dell'Utente.<\/p>\n\n\n\n<h3 class=\"wp-block-heading\">L'utente<\/h3>\n\n\n\n<p>L'accesso, la navigazione e l'utilizzo del Sito, cos\u00ec come gli spazi messi a disposizione per l'interazione fra<br>gli Utenti, e l'Utente e VISION, come ad esempio i commenti e\/o gli spazi di blogging, conferisce la condizione di<br>Utente, in modo che accetti, dal momento in cui inizia a navigare nel Sito, tutti i termini e le condizioni del<br>Condizioni qui riportate, nonch\u00e9 di ogni successiva modifica delle stesse, ferma restando l'applicazione delle<br>le corrispondenti norme giuridiche che devono essere rispettate a seconda del caso in questione. Data la rilevanza del<br>L'Utente \u00e8 invitato a leggerli ogni volta che visita il Sito.<br>Il Sito web VISION fornisce un'ampia gamma di informazioni, servizi e dati. L'Utente si assume la responsabilit\u00e0 di<br>responsabilit\u00e0 per il corretto utilizzo del Sito. Tale responsabilit\u00e0 si estende a:<\/p>\n\n\n\n<p><br>Un utilizzo delle informazioni, dei Contenuti e\/o dei Servizi e dei dati offerti da VISION senza che questi siano<br>contrari alle disposizioni delle presenti Condizioni, alla legge, al buon costume o all'ordine pubblico, o che sarebbero contrari alle disposizioni delle presenti Condizioni, alla legge, al buon costume o all'ordine pubblico, o che sarebbero contrari alla legge, al buon costume o all'ordine pubblico.<br>in qualsiasi altro modo possa violare i diritti di terzi o il corretto funzionamento del sito.<br>del sito web.<br>La veridicit\u00e0 e la legalit\u00e0 delle informazioni fornite dall'Utente nei moduli predisposti.<br>da VISION per l'accesso a determinati Contenuti o Servizi offerti dal Sito web. In ogni caso,<br>l'Utente dovr\u00e0 notificare immediatamente a VISION qualsiasi fatto che possa consentire l'utilizzo<br>uso improprio delle informazioni registrate su tali moduli, come ad esempio, ma non solo, il furto,<br>la perdita o l'accesso non autorizzato agli identificativi e\/o alle password, al fine di procedere alla loro<br>cancellazione immediata.<\/p>\n\n\n\n<p><br>VISION si riserva il diritto di rimuovere tutti i commenti e i contributi che violano la legge, il regolamento e la normativa vigente.<br>rispetto della dignit\u00e0 umana, che sono discriminatorie, xenofobe, razziste, pornografiche,<br>spamming, che siano pregiudizievoli per la giovent\u00f9 o i bambini, per l'ordine pubblico o la sicurezza, o che, a suo parere, non siano in grado di garantire la sicurezza dei bambini,<br>non sono adatti alla pubblicazione.<br>In ogni caso, VISION non potr\u00e0 essere ritenuta responsabile delle opinioni espresse dagli Utenti tramite<br>commenti o altri strumenti di blogging o di partecipazione eventualmente disponibili.<br>Il mero accesso a questo sito web non implica l'instaurazione di alcun rapporto commerciale tra<br>VISION e l'utente.<br>L'Utente dichiara di essere maggiorenne e di avere la capacit\u00e0 giuridica sufficiente per essere vincolato dai termini del presente Contratto.<br>questi Termini e condizioni. Pertanto, il presente Sito web VISION non \u00e8 rivolto ai minori. VISION<br>declina ogni responsabilit\u00e0 per la mancata osservanza di questo requisito.<br>Il Sito Web \u00e8 destinato principalmente agli Utenti residenti in Spagna. VISION non garantisce che il Sito Web<br>Web \u00e8 conforme alle leggi di altri paesi, in tutto o in parte. Se l'Utente risiede o ha il suo<br>domiciliato altrove e scegliete di accedere e\/o navigare nel Sito, lo fate a vostro rischio e pericolo.<br>responsabilit\u00e0, l'utente deve assicurarsi che tale accesso e navigazione siano conformi alla legislazione locale di cui \u00e8 responsabile.<br>VISION non si assume alcuna responsabilit\u00e0 derivante da tale accesso.<\/p>\n\n\n\n<h2 class=\"gb-headline gb-headline-8987e936 gb-headline-text\">III. ACCESSO E NAVIGAZIONE SUL SITO WEB:<br>ESCLUSIONE DI GARANZIE E RESPONSABILIT\u00c0<\/h2>\n\n\n\n<p>VISION non garantisce la continuit\u00e0, la disponibilit\u00e0 e l'utilit\u00e0 del Sito web, n\u00e9 dei Contenuti o dei Servizi.<br>VISION far\u00e0 tutto il possibile per garantire il corretto funzionamento del Sito web, tuttavia VISION non \u00e8 responsabile e non potr\u00e0 essere ritenuta responsabile per eventuali danni o perdite derivanti dall'uso del Sito web.<br>non garantisce che l'accesso a questo sito web sia ininterrotto o privo di errori.<br>N\u00e9 rilascia alcuna dichiarazione o garanzia che il contenuto o il software a cui si pu\u00f2 accedere attraverso il sito<\/p>\n\n\n\n<p>questo Sito Web, sia esente da errori o causi danni al sistema informatico (software e hardware) dell'utente.<br>Utente. In nessun caso VISION sar\u00e0 responsabile per eventuali perdite, danni o lesioni di qualsiasi tipo che<br>derivanti dall'accesso, dalla navigazione e dall'utilizzo del sito web da parte dell'utente, inclusi, ma non solo, i seguenti aspetti<br>causati ai sistemi informatici o causati dall'introduzione di virus.<br>VISION declina inoltre ogni responsabilit\u00e0 per eventuali danni causati agli utenti dall'uso del sito.<br>l'uso inappropriato di questo Sito web. In particolare, non si assume alcuna responsabilit\u00e0 per eventuali incidenti,<br>interruzioni, guasti o difetti nelle telecomunicazioni che potrebbero verificarsi.<\/p>\n\n\n\n<h2 class=\"wp-block-heading\">IV. POLITICA DI COLLEGAMENTO<\/h2>\n\n\n\n<p>Si noti che il Sito Web VISION mette o pu\u00f2 mettere a disposizione degli Utenti i seguenti link<br>(ad esempio, link, banner, pulsanti, ecc.), directory e motori di ricerca che permettono agli utenti di<br>Gli utenti accedono a siti web appartenenti e\/o gestiti da terzi.<br>L'installazione di questi link, elenchi e motori di ricerca sul Sito Web ha lo scopo di facilitare<br>Gli utenti hanno la possibilit\u00e0 di cercare e accedere alle informazioni disponibili su Internet, senza che ci\u00f2 venga considerato come una<br>un suggerimento, una raccomandazione o un invito a visitarli.<br>VISION non offre o commercializza, direttamente o tramite terzi, i prodotti e\/o i servizi disponibili su<br>tali siti collegati.<br>N\u00e9 garantisce la disponibilit\u00e0 tecnica, l'accuratezza, la veridicit\u00e0, la validit\u00e0 o la legalit\u00e0 dei siti.<br>che non sono di sua propriet\u00e0 e a cui si pu\u00f2 accedere tramite link.<br>VISION non esamina n\u00e9 controlla in alcun modo il contenuto di altri siti web, n\u00e9 li approva,<br>esamina e non avalla i prodotti e i servizi, i contenuti, i file e qualsiasi altro materiale esistente<br>su tali siti collegati.<br>VISION non si assume alcuna responsabilit\u00e0 per eventuali danni che possono essere causati dall'uso del sito web<br>l'accesso, l'uso, la qualit\u00e0 o la liceit\u00e0 dei contenuti, delle comunicazioni, delle opinioni, dei prodotti e dei servizi del sito.<br>siti web non gestiti da VISION che sono collegati al presente Sito web.<br>L'Utente o un terzo che crea un collegamento ipertestuale da una pagina web di un altro sito web, diverso, al Sito web<br>VISION Web dovrebbe saperlo:<br>La riproduzione - totale o parziale - di qualsiasi Contenuto e\/o Servizio del Sito non \u00e8 consentita.<br>Sito web senza l'espressa autorizzazione di VISION.<br>Non \u00e8 consentita alcuna rappresentazione falsa, imprecisa o errata del Sito web VISION.<br>sui Contenuti e\/o Servizi dello stesso.<br>Ad eccezione del collegamento ipertestuale, il sito web su cui \u00e8 stato creato tale collegamento ipertestuale non deve contenere alcuna<br>elemento di questo Sito web, che \u00e8 protetto come propriet\u00e0 intellettuale dalla legge spagnola,<br>se non espressamente autorizzato da VISION.<br>La creazione del collegamento ipertestuale non implica l'esistenza di una relazione tra VISION e il proprietario del collegamento ipertestuale.<br>sito web dal quale \u00e8 stato realizzato, n\u00e9 la conoscenza e l'accettazione da parte di VISION dei contenuti, servizi, prodotti e servizi forniti da VISION, n\u00e9 la conoscenza e l'accettazione da parte di VISION dei contenuti, servizi, prodotti e servizi forniti da VISION.<br>e\/o attivit\u00e0 offerte su quel sito web, e viceversa.<\/p>\n\n\n\n<h2 class=\"wp-block-heading\">V. PROPRIET\u00c0 INTELLETTUALE E INDUSTRIALE<\/h2>\n\n\n\n<p>VISION, in proprio o in qualit\u00e0 di cessionario, \u00e8 titolare di tutti i diritti di propriet\u00e0 intellettuale e industriale.<br>del Sito, nonch\u00e9 degli elementi in esso contenuti (a titolo esemplificativo e non esaustivo,<br>immagini, suoni, audio, video, software o testi, marchi o loghi, combinazioni di colori,<br>struttura e progettazione, selezione dei materiali utilizzati, programmi informatici necessari per la sua realizzazione<br>funzionamento, accesso e utilizzo, ecc.) Pertanto, le opere di propriet\u00e0 intellettuale protette sono le seguenti<br>dall'ordinamento giuridico spagnolo, con l'applicazione della legislazione spagnola e di quella comunitaria in<br>Il governo spagnolo ha firmato una serie di trattati internazionali in questo campo, come i trattati internazionali pertinenti firmati dalla Spagna.<br>Tutti i diritti sono riservati. Ai sensi delle disposizioni della Legge sulla propriet\u00e0 intellettuale, sono riservati i seguenti diritti.<br>la riproduzione, la distribuzione e la comunicazione pubblica, anche in qualsiasi forma, sono espressamente vietate.<br>rendere disponibile tutto o parte del contenuto di questo sito web, allo scopo di<br>commerciale, su qualsiasi supporto e con qualsiasi mezzo tecnico, senza l'autorizzazione di VISION.<br>L'Utente si impegna a rispettare i diritti di propriet\u00e0 intellettuale e industriale di VISION. L'Utente pu\u00f2<br>visualizzare gli elementi del sito web o anche stamparli, copiarli e memorizzarli sul disco rigido del vostro computer.<br>sul vostro computer o su qualsiasi altro supporto fisico, a condizione che sia destinato esclusivamente al vostro uso.<br>personale. L'Utente, tuttavia, non pu\u00f2 rimuovere, alterare o manomettere nessuno dei dati personali.<br>sistema di protezione o di sicurezza installato sul Sito Web.<br>Nel caso in cui l'Utente o una terza parte ritenga che uno qualsiasi dei Contenuti del Sito web costituisca una violazione dei diritti dell'Utente o di una terza parte.<br>violazione dei diritti di protezione della propriet\u00e0 intellettuale, dovrete immediatamente informare<br>VISION attraverso i dati di contatto riportati nella sezione INFORMAZIONI GENERALI della presente Nota legale e<br>Condizioni generali di utilizzo.<\/p>\n\n\n\n<h2 class=\"gb-headline gb-headline-fda0ff90 gb-headline-text\">VI. AZIONI LEGALI, LEGGE APPLICABILE E<br>GIURISDIZIONE<\/h2>\n\n\n\n<p>VISION si riserva il diritto di intentare qualsiasi procedimento civile o penale che ritenga necessario per la<br>uso improprio del Sito e dei suoi Contenuti, o per violazione delle presenti Condizioni.<br>Il rapporto tra l'Utente e VISION sar\u00e0 regolato dalle norme vigenti e applicabili nel territorio di<br>Spagnolo. In caso di controversie relative all'interpretazione e\/o all'applicazione dei presenti Termini e condizioni, le parti convengono di essere vincolate da essi.<br>Condizioni che le parti sottopongano le loro controversie ai tribunali ordinari sottoponendo ai giudici e alle<br>tribunali in conformit\u00e0 con la legge.<br>Il presente documento di Avviso Legale e Condizioni Generali d'uso del sito web \u00e8 stato creato mediante l'uso di<br>generatore di modelli di avviso legale e termini di utilizzo online il 10\/11\/2021.<\/p>","protected":false},"excerpt":{"rendered":"<p>En cumplimiento con el deber de informaci\u00f3n dispuesto en la Ley 34\/2002 de Servicios de la Sociedad dela Informaci\u00f3n y el Comercio Electr\u00f3nico (LSSI-CE) de 11 de julio, se facilitan a continuaci\u00f3n los siguientesdatos de informaci\u00f3n general de este sitio web:La titularidad de este sitio web, visionint.es, (en adelante, Sitio Web) la ostenta: David Ari\u00f1o [&hellip;]<\/p>","protected":false},"author":1,"featured_media":0,"parent":0,"menu_order":0,"comment_status":"closed","ping_status":"closed","template":"","meta":{"inline_featured_image":false,"_monsterinsights_skip_tracking":false,"_monsterinsights_sitenote_active":false,"_monsterinsights_sitenote_note":"","_monsterinsights_sitenote_category":0,"footnotes":""},"class_list":["post-995","page","type-page","status-publish","hentry"],"yoast_head":"<!-- This site is optimized with the Yoast SEO plugin v24.7 - https:\/\/yoast.com\/wordpress\/plugins\/seo\/ -->\n<title>Aviso Legal - VISION INT<\/title>\n<meta name=\"description\" content=\"Aqu\u00ed pod\u00e9is consultar el Aviso Legal de VISION, rogamos que para cualquier duda sobre la legalidad de VISION, escrib\u00e1is a info@visionint.es\" \/>\n<meta name=\"robots\" content=\"index, follow, max-snippet:-1, max-image-preview:large, max-video-preview:-1\" \/>\n<link rel=\"canonical\" href=\"https:\/\/visionint.es\/it\/aviso-legal\/\" \/>\n<meta property=\"og:locale\" content=\"it_IT\" \/>\n<meta property=\"og:type\" content=\"article\" \/>\n<meta property=\"og:title\" content=\"Aviso Legal - VISION INT\" \/>\n<meta property=\"og:description\" content=\"Aqu\u00ed pod\u00e9is consultar el Aviso Legal de VISION, rogamos que para cualquier duda sobre la legalidad de VISION, escrib\u00e1is a info@visionint.es\" \/>\n<meta property=\"og:url\" content=\"https:\/\/visionint.es\/it\/aviso-legal\/\" \/>\n<meta property=\"og:site_name\" content=\"VISION INT\" \/>\n<meta name=\"twitter:card\" content=\"summary_large_image\" \/>\n<meta name=\"twitter:label1\" content=\"Tempo di lettura stimato\" \/>\n\t<meta name=\"twitter:data1\" content=\"9 minuti\" \/>\n<script type=\"application\/ld+json\" class=\"yoast-schema-graph\">{\"@context\":\"https:\/\/schema.org\",\"@graph\":[{\"@type\":\"WebPage\",\"@id\":\"https:\/\/visionint.es\/aviso-legal\/\",\"url\":\"https:\/\/visionint.es\/aviso-legal\/\",\"name\":\"Aviso Legal - VISION INT\",\"isPartOf\":{\"@id\":\"https:\/\/visionint.es\/#website\"},\"datePublished\":\"2021-11-10T21:51:48+00:00\",\"description\":\"Aqu\u00ed pod\u00e9is consultar el Aviso Legal de VISION, rogamos que para cualquier duda sobre la legalidad de VISION, escrib\u00e1is a info@visionint.es\",\"breadcrumb\":{\"@id\":\"https:\/\/visionint.es\/aviso-legal\/#breadcrumb\"},\"inLanguage\":\"it-IT\",\"potentialAction\":[{\"@type\":\"ReadAction\",\"target\":[\"https:\/\/visionint.es\/aviso-legal\/\"]}]},{\"@type\":\"BreadcrumbList\",\"@id\":\"https:\/\/visionint.es\/aviso-legal\/#breadcrumb\",\"itemListElement\":[{\"@type\":\"ListItem\",\"position\":1,\"name\":\"VISION\",\"item\":\"https:\/\/visionint.es\/\"},{\"@type\":\"ListItem\",\"position\":2,\"name\":\"Aviso Legal\"}]},{\"@type\":\"WebSite\",\"@id\":\"https:\/\/visionint.es\/#website\",\"url\":\"https:\/\/visionint.es\/\",\"name\":\"VISION INT\",\"description\":\"\",\"publisher\":{\"@id\":\"https:\/\/visionint.es\/#organization\"},\"potentialAction\":[{\"@type\":\"SearchAction\",\"target\":{\"@type\":\"EntryPoint\",\"urlTemplate\":\"https:\/\/visionint.es\/?s={search_term_string}\"},\"query-input\":{\"@type\":\"PropertyValueSpecification\",\"valueRequired\":true,\"valueName\":\"search_term_string\"}}],\"inLanguage\":\"it-IT\"},{\"@type\":\"Organization\",\"@id\":\"https:\/\/visionint.es\/#organization\",\"name\":\"VISION\",\"url\":\"https:\/\/visionint.es\/\",\"logo\":{\"@type\":\"ImageObject\",\"inLanguage\":\"it-IT\",\"@id\":\"https:\/\/visionint.es\/#\/schema\/logo\/image\/\",\"url\":\"https:\/\/visionint.es\/wp-content\/uploads\/2021\/11\/cropped-1636222990844_VISION-LOGO-FINAL-1-e1636581871560.png\",\"contentUrl\":\"https:\/\/visionint.es\/wp-content\/uploads\/2021\/11\/cropped-1636222990844_VISION-LOGO-FINAL-1-e1636581871560.png\",\"width\":512,\"height\":495,\"caption\":\"VISION\"},\"image\":{\"@id\":\"https:\/\/visionint.es\/#\/schema\/logo\/image\/\"},\"sameAs\":[\"https:\/\/instagram.com\/visionint_\"]}]}<\/script>\n<!-- \/ Yoast SEO plugin. -->","yoast_head_json":{"title":"Aviso Legal - VISION INT","description":"Aqu\u00ed pod\u00e9is consultar el Aviso Legal de VISION, rogamos que para cualquier duda sobre la legalidad de VISION, escrib\u00e1is a info@visionint.es","robots":{"index":"index","follow":"follow","max-snippet":"max-snippet:-1","max-image-preview":"max-image-preview:large","max-video-preview":"max-video-preview:-1"},"canonical":"https:\/\/visionint.es\/it\/aviso-legal\/","og_locale":"it_IT","og_type":"article","og_title":"Aviso Legal - VISION INT","og_description":"Aqu\u00ed pod\u00e9is consultar el Aviso Legal de VISION, rogamos que para cualquier duda sobre la legalidad de VISION, escrib\u00e1is a info@visionint.es","og_url":"https:\/\/visionint.es\/it\/aviso-legal\/","og_site_name":"VISION INT","twitter_card":"summary_large_image","twitter_misc":{"Tempo di lettura stimato":"9 minuti"},"schema":{"@context":"https:\/\/schema.org","@graph":[{"@type":"WebPage","@id":"https:\/\/visionint.es\/aviso-legal\/","url":"https:\/\/visionint.es\/aviso-legal\/","name":"Aviso Legal - VISION INT","isPartOf":{"@id":"https:\/\/visionint.es\/#website"},"datePublished":"2021-11-10T21:51:48+00:00","description":"Aqu\u00ed pod\u00e9is consultar el Aviso Legal de VISION, rogamos que para cualquier duda sobre la legalidad de VISION, escrib\u00e1is a info@visionint.es","breadcrumb":{"@id":"https:\/\/visionint.es\/aviso-legal\/#breadcrumb"},"inLanguage":"it-IT","potentialAction":[{"@type":"ReadAction","target":["https:\/\/visionint.es\/aviso-legal\/"]}]},{"@type":"BreadcrumbList","@id":"https:\/\/visionint.es\/aviso-legal\/#breadcrumb","itemListElement":[{"@type":"ListItem","position":1,"name":"VISION","item":"https:\/\/visionint.es\/"},{"@type":"ListItem","position":2,"name":"Aviso Legal"}]},{"@type":"WebSite","@id":"https:\/\/visionint.es\/#website","url":"https:\/\/visionint.es\/","name":"VISION INT","description":"","publisher":{"@id":"https:\/\/visionint.es\/#organization"},"potentialAction":[{"@type":"SearchAction","target":{"@type":"EntryPoint","urlTemplate":"https:\/\/visionint.es\/?s={search_term_string}"},"query-input":{"@type":"PropertyValueSpecification","valueRequired":true,"valueName":"search_term_string"}}],"inLanguage":"it-IT"},{"@type":"Organization","@id":"https:\/\/visionint.es\/#organization","name":"VISION","url":"https:\/\/visionint.es\/","logo":{"@type":"ImageObject","inLanguage":"it-IT","@id":"https:\/\/visionint.es\/#\/schema\/logo\/image\/","url":"https:\/\/visionint.es\/wp-content\/uploads\/2021\/11\/cropped-1636222990844_VISION-LOGO-FINAL-1-e1636581871560.png","contentUrl":"https:\/\/visionint.es\/wp-content\/uploads\/2021\/11\/cropped-1636222990844_VISION-LOGO-FINAL-1-e1636581871560.png","width":512,"height":495,"caption":"VISION"},"image":{"@id":"https:\/\/visionint.es\/#\/schema\/logo\/image\/"},"sameAs":["https:\/\/instagram.com\/visionint_"]}]}},"_links":{"self":[{"href":"https:\/\/visionint.es\/it\/wp-json\/wp\/v2\/pages\/995","targetHints":{"allow":["GET"]}}],"collection":[{"href":"https:\/\/visionint.es\/it\/wp-json\/wp\/v2\/pages"}],"about":[{"href":"https:\/\/visionint.es\/it\/wp-json\/wp\/v2\/types\/page"}],"author":[{"embeddable":true,"href":"https:\/\/visionint.es\/it\/wp-json\/wp\/v2\/users\/1"}],"replies":[{"embeddable":true,"href":"https:\/\/visionint.es\/it\/wp-json\/wp\/v2\/comments?post=995"}],"version-history":[{"count":2,"href":"https:\/\/visionint.es\/it\/wp-json\/wp\/v2\/pages\/995\/revisions"}],"predecessor-version":[{"id":997,"href":"https:\/\/visionint.es\/it\/wp-json\/wp\/v2\/pages\/995\/revisions\/997"}],"wp:attachment":[{"href":"https:\/\/visionint.es\/it\/wp-json\/wp\/v2\/media?parent=995"}],"curies":[{"name":"wp","href":"https:\/\/api.w.org\/{rel}","templated":true}]}}