{"id":966,"date":"2021-11-10T15:21:43","date_gmt":"2021-11-10T15:21:43","guid":{"rendered":"http:\/\/visionint.es\/?page_id=966"},"modified":"2021-11-10T15:21:43","modified_gmt":"2021-11-10T15:21:43","slug":"privacidad","status":"publish","type":"page","link":"https:\/\/visionint.es\/it\/privacidad\/","title":{"rendered":"Informativa sulla privacy"},"content":{"rendered":"<p><strong>INFORMATIVA SULLA PRIVACY<\/strong><\/p>\n\n\n\n<p>La presente Informativa sulla privacy stabilisce i termini in base ai quali VISION utilizza e protegge le informazioni che l'utente ci fornisce quando utilizza questo sito web. Questa azienda si impegna a garantire la sicurezza dei dati dei propri utenti. Quando chiediamo all'utente di inserire informazioni personali con le quali pu\u00f2 essere identificato, lo facciamo con la garanzia che saranno utilizzate solo in conformit\u00e0 con i termini di questo documento. Tuttavia, la presente Informativa sulla privacy pu\u00f2 cambiare nel tempo o essere aggiornata e vi invitiamo a consultare continuamente questa pagina per assicurarvi di essere soddisfatti di eventuali modifiche.<\/p>\n\n\n\n<p><strong>Informazioni raccolte<\/strong><\/p>\n\n\n\n<p>Il nostro sito web pu\u00f2 raccogliere informazioni personali come il nome, informazioni di contatto come l'indirizzo e-mail e informazioni demografiche. Inoltre, quando necessario, possono essere richieste informazioni specifiche per elaborare un ordine o effettuare una consegna o una fatturazione.<\/p>\n\n\n\n<p><strong>Utilizzo delle informazioni raccolte<\/strong><\/p>\n\n\n\n<p>Il nostro sito web utilizza le informazioni per fornirvi il miglior servizio possibile, in particolare per tenere traccia degli utenti, per tenere traccia degli ordini, ove applicabile, e per migliorare i nostri prodotti e servizi.  Potremmo inviare periodicamente e-mail tramite il nostro sito con offerte speciali, nuovi prodotti e altre informazioni di marketing che riteniamo possano essere rilevanti per l'utente o che possano essere utili per l'utente stesso; queste e-mail saranno inviate all'indirizzo fornito dall'utente e potranno essere cancellate in qualsiasi momento.<\/p>\n\n\n\n<p>VISION si impegna a mantenere la sicurezza delle informazioni degli utenti. Utilizziamo i sistemi pi\u00f9 avanzati e li aggiorniamo costantemente per garantire che non vi siano accessi non autorizzati.<\/p>\n\n\n\n<p><strong>Biscotti<\/strong><\/p>\n\n\n\n<p>Un cookie si riferisce a un file che viene inviato con lo scopo di chiedere il permesso di essere memorizzato sul vostro computer; accettando questo file, viene creato e il cookie viene poi utilizzato per avere informazioni sul traffico web, oltre a facilitare le visite future a un sito web ricorrente. Un'altra funzione dei cookie \u00e8 che con essi il web pu\u00f2 riconoscervi individualmente e quindi fornirvi il miglior servizio personalizzato sul proprio sito.<\/p>\n\n\n\n<p>Il nostro sito web utilizza i cookie per poter identificare le pagine visitate e la loro frequenza. Queste informazioni vengono utilizzate solo per analisi statistiche e poi vengono cancellate definitivamente. \u00c8 possibile cancellare i cookie dal proprio computer in qualsiasi momento. Tuttavia, i cookie aiutano a fornire un servizio migliore da parte dei siti web, ma non danno accesso alle informazioni del vostro computer o di voi stessi, a meno che non scegliate di fornircele direttamente. \u00c8 possibile accettare o rifiutare l'uso dei cookie, ma la maggior parte dei browser li accetta automaticamente per fornire un servizio web migliore. \u00c8 inoltre possibile modificare le impostazioni del computer per rifiutare i cookie. Se rifiutate i cookie, potreste non essere in grado di utilizzare alcuni dei nostri servizi.<\/p>\n\n\n\n<p><strong>Collegamenti con terze parti<\/strong><\/p>\n\n\n\n<p>Questo sito web pu\u00f2 contenere link ad altri siti web che potrebbero essere di vostro interesse. Una volta che l'utente clicca su questi link e lascia il nostro sito, non abbiamo pi\u00f9 il controllo sul sito a cui viene reindirizzato e pertanto non siamo responsabili dei contenuti dei siti collegati.\u00a0<a href=\"https:\/\/plantillaterminosycondicionestiendaonline.com\/\">termini o privacy<\/a>\u00a0o la protezione dei vostri dati su tali siti terzi. Questi siti sono soggetti alle proprie politiche sulla privacy e si consiglia di verificare con loro l'accettazione di tali politiche.<\/p>\n\n\n\n<p><strong>Controllo delle informazioni personali<\/strong><\/p>\n\n\n\n<p>In qualsiasi momento \u00e8 possibile limitare la raccolta o l'utilizzo delle informazioni personali fornite al nostro sito web.  Ogni volta che vi viene chiesto di compilare un modulo, ad esempio un modulo di registrazione, potete selezionare o deselezionare l'opzione per ricevere informazioni via e-mail.  Se avete selezionato l'opzione per ricevere la nostra newsletter o la pubblicit\u00e0, potete cancellarla in qualsiasi momento.<\/p>\n\n\n\n<p>Questa societ\u00e0 non vender\u00e0, ceder\u00e0 o distribuir\u00e0 le informazioni personali raccolte senza il consenso dell'utente, a meno che non sia richiesto da un giudice con un ordine del tribunale.<\/p>\n\n\n\n<p>VISION si riserva il diritto di modificare i termini della presente Informativa sulla privacy in qualsiasi momento.<\/p>","protected":false},"excerpt":{"rendered":"<p>POL\u00cdTICA DE PRIVACIDAD El presente Pol\u00edtica de Privacidad establece los t\u00e9rminos en que VISION usa y protege la informaci\u00f3n que es proporcionada por sus usuarios al momento de utilizar su sitio web. Esta compa\u00f1\u00eda est\u00e1 comprometida con la seguridad de los datos de sus usuarios. Cuando le pedimos llenar los campos de informaci\u00f3n personal con [&hellip;]<\/p>","protected":false},"author":1,"featured_media":0,"parent":0,"menu_order":0,"comment_status":"closed","ping_status":"closed","template":"","meta":{"inline_featured_image":false,"_monsterinsights_skip_tracking":false,"_monsterinsights_sitenote_active":false,"_monsterinsights_sitenote_note":"","_monsterinsights_sitenote_category":0,"footnotes":""},"class_list":["post-966","page","type-page","status-publish","hentry"],"yoast_head":"<!-- This site is optimized with the Yoast SEO plugin v24.7 - https:\/\/yoast.com\/wordpress\/plugins\/seo\/ -->\n<title>Pol\u00edtica de privacidad - VISION INT<\/title>\n<meta name=\"description\" content=\"En \u00e9ste apartado puedes leer nuestra pol\u00edtica de privacidad, donde podr\u00e1s obtener informaci\u00f3n sobre el tratamiento de tus datos.\" \/>\n<meta name=\"robots\" content=\"index, follow, max-snippet:-1, max-image-preview:large, max-video-preview:-1\" \/>\n<link rel=\"canonical\" href=\"https:\/\/visionint.es\/it\/privacidad\/\" \/>\n<meta property=\"og:locale\" content=\"it_IT\" \/>\n<meta property=\"og:type\" content=\"article\" \/>\n<meta property=\"og:title\" content=\"Pol\u00edtica de privacidad - VISION INT\" \/>\n<meta property=\"og:description\" content=\"En \u00e9ste apartado puedes leer nuestra pol\u00edtica de privacidad, donde podr\u00e1s obtener informaci\u00f3n sobre el tratamiento de tus datos.\" \/>\n<meta property=\"og:url\" content=\"https:\/\/visionint.es\/it\/privacidad\/\" \/>\n<meta property=\"og:site_name\" content=\"VISION INT\" \/>\n<meta name=\"twitter:card\" content=\"summary_large_image\" \/>\n<meta name=\"twitter:label1\" content=\"Tempo di lettura stimato\" \/>\n\t<meta name=\"twitter:data1\" content=\"4 minuti\" \/>\n<script type=\"application\/ld+json\" class=\"yoast-schema-graph\">{\"@context\":\"https:\/\/schema.org\",\"@graph\":[{\"@type\":\"WebPage\",\"@id\":\"https:\/\/visionint.es\/privacidad\/\",\"url\":\"https:\/\/visionint.es\/privacidad\/\",\"name\":\"Pol\u00edtica de privacidad - VISION INT\",\"isPartOf\":{\"@id\":\"https:\/\/visionint.es\/#website\"},\"datePublished\":\"2021-11-10T15:21:43+00:00\",\"description\":\"En \u00e9ste apartado puedes leer nuestra pol\u00edtica de privacidad, donde podr\u00e1s obtener informaci\u00f3n sobre el tratamiento de tus datos.\",\"breadcrumb\":{\"@id\":\"https:\/\/visionint.es\/privacidad\/#breadcrumb\"},\"inLanguage\":\"it-IT\",\"potentialAction\":[{\"@type\":\"ReadAction\",\"target\":[\"https:\/\/visionint.es\/privacidad\/\"]}]},{\"@type\":\"BreadcrumbList\",\"@id\":\"https:\/\/visionint.es\/privacidad\/#breadcrumb\",\"itemListElement\":[{\"@type\":\"ListItem\",\"position\":1,\"name\":\"VISION\",\"item\":\"https:\/\/visionint.es\/\"},{\"@type\":\"ListItem\",\"position\":2,\"name\":\"Pol\u00edtica de privacidad\"}]},{\"@type\":\"WebSite\",\"@id\":\"https:\/\/visionint.es\/#website\",\"url\":\"https:\/\/visionint.es\/\",\"name\":\"VISION INT\",\"description\":\"\",\"publisher\":{\"@id\":\"https:\/\/visionint.es\/#organization\"},\"potentialAction\":[{\"@type\":\"SearchAction\",\"target\":{\"@type\":\"EntryPoint\",\"urlTemplate\":\"https:\/\/visionint.es\/?s={search_term_string}\"},\"query-input\":{\"@type\":\"PropertyValueSpecification\",\"valueRequired\":true,\"valueName\":\"search_term_string\"}}],\"inLanguage\":\"it-IT\"},{\"@type\":\"Organization\",\"@id\":\"https:\/\/visionint.es\/#organization\",\"name\":\"VISION\",\"url\":\"https:\/\/visionint.es\/\",\"logo\":{\"@type\":\"ImageObject\",\"inLanguage\":\"it-IT\",\"@id\":\"https:\/\/visionint.es\/#\/schema\/logo\/image\/\",\"url\":\"https:\/\/visionint.es\/wp-content\/uploads\/2021\/11\/cropped-1636222990844_VISION-LOGO-FINAL-1-e1636581871560.png\",\"contentUrl\":\"https:\/\/visionint.es\/wp-content\/uploads\/2021\/11\/cropped-1636222990844_VISION-LOGO-FINAL-1-e1636581871560.png\",\"width\":512,\"height\":495,\"caption\":\"VISION\"},\"image\":{\"@id\":\"https:\/\/visionint.es\/#\/schema\/logo\/image\/\"},\"sameAs\":[\"https:\/\/instagram.com\/visionint_\"]}]}<\/script>\n<!-- \/ Yoast SEO plugin. -->","yoast_head_json":{"title":"Pol\u00edtica de privacidad - VISION INT","description":"En \u00e9ste apartado puedes leer nuestra pol\u00edtica de privacidad, donde podr\u00e1s obtener informaci\u00f3n sobre el tratamiento de tus datos.","robots":{"index":"index","follow":"follow","max-snippet":"max-snippet:-1","max-image-preview":"max-image-preview:large","max-video-preview":"max-video-preview:-1"},"canonical":"https:\/\/visionint.es\/it\/privacidad\/","og_locale":"it_IT","og_type":"article","og_title":"Pol\u00edtica de privacidad - VISION INT","og_description":"En \u00e9ste apartado puedes leer nuestra pol\u00edtica de privacidad, donde podr\u00e1s obtener informaci\u00f3n sobre el tratamiento de tus datos.","og_url":"https:\/\/visionint.es\/it\/privacidad\/","og_site_name":"VISION INT","twitter_card":"summary_large_image","twitter_misc":{"Tempo di lettura stimato":"4 minuti"},"schema":{"@context":"https:\/\/schema.org","@graph":[{"@type":"WebPage","@id":"https:\/\/visionint.es\/privacidad\/","url":"https:\/\/visionint.es\/privacidad\/","name":"Pol\u00edtica de privacidad - VISION INT","isPartOf":{"@id":"https:\/\/visionint.es\/#website"},"datePublished":"2021-11-10T15:21:43+00:00","description":"En \u00e9ste apartado puedes leer nuestra pol\u00edtica de privacidad, donde podr\u00e1s obtener informaci\u00f3n sobre el tratamiento de tus datos.","breadcrumb":{"@id":"https:\/\/visionint.es\/privacidad\/#breadcrumb"},"inLanguage":"it-IT","potentialAction":[{"@type":"ReadAction","target":["https:\/\/visionint.es\/privacidad\/"]}]},{"@type":"BreadcrumbList","@id":"https:\/\/visionint.es\/privacidad\/#breadcrumb","itemListElement":[{"@type":"ListItem","position":1,"name":"VISION","item":"https:\/\/visionint.es\/"},{"@type":"ListItem","position":2,"name":"Pol\u00edtica de privacidad"}]},{"@type":"WebSite","@id":"https:\/\/visionint.es\/#website","url":"https:\/\/visionint.es\/","name":"VISION INT","description":"","publisher":{"@id":"https:\/\/visionint.es\/#organization"},"potentialAction":[{"@type":"SearchAction","target":{"@type":"EntryPoint","urlTemplate":"https:\/\/visionint.es\/?s={search_term_string}"},"query-input":{"@type":"PropertyValueSpecification","valueRequired":true,"valueName":"search_term_string"}}],"inLanguage":"it-IT"},{"@type":"Organization","@id":"https:\/\/visionint.es\/#organization","name":"VISION","url":"https:\/\/visionint.es\/","logo":{"@type":"ImageObject","inLanguage":"it-IT","@id":"https:\/\/visionint.es\/#\/schema\/logo\/image\/","url":"https:\/\/visionint.es\/wp-content\/uploads\/2021\/11\/cropped-1636222990844_VISION-LOGO-FINAL-1-e1636581871560.png","contentUrl":"https:\/\/visionint.es\/wp-content\/uploads\/2021\/11\/cropped-1636222990844_VISION-LOGO-FINAL-1-e1636581871560.png","width":512,"height":495,"caption":"VISION"},"image":{"@id":"https:\/\/visionint.es\/#\/schema\/logo\/image\/"},"sameAs":["https:\/\/instagram.com\/visionint_"]}]}},"_links":{"self":[{"href":"https:\/\/visionint.es\/it\/wp-json\/wp\/v2\/pages\/966","targetHints":{"allow":["GET"]}}],"collection":[{"href":"https:\/\/visionint.es\/it\/wp-json\/wp\/v2\/pages"}],"about":[{"href":"https:\/\/visionint.es\/it\/wp-json\/wp\/v2\/types\/page"}],"author":[{"embeddable":true,"href":"https:\/\/visionint.es\/it\/wp-json\/wp\/v2\/users\/1"}],"replies":[{"embeddable":true,"href":"https:\/\/visionint.es\/it\/wp-json\/wp\/v2\/comments?post=966"}],"version-history":[{"count":1,"href":"https:\/\/visionint.es\/it\/wp-json\/wp\/v2\/pages\/966\/revisions"}],"predecessor-version":[{"id":967,"href":"https:\/\/visionint.es\/it\/wp-json\/wp\/v2\/pages\/966\/revisions\/967"}],"wp:attachment":[{"href":"https:\/\/visionint.es\/it\/wp-json\/wp\/v2\/media?parent=966"}],"curies":[{"name":"wp","href":"https:\/\/api.w.org\/{rel}","templated":true}]}}