{"id":995,"date":"2021-11-10T21:51:48","date_gmt":"2021-11-10T21:51:48","guid":{"rendered":"http:\/\/visionint.es\/?page_id=995"},"modified":"2021-11-10T21:51:48","modified_gmt":"2021-11-10T21:51:48","slug":"aviso-legal","status":"publish","type":"page","link":"https:\/\/visionint.es\/fr\/aviso-legal\/","title":{"rendered":"Avis juridique"},"content":{"rendered":"<h2 class=\"gb-headline gb-headline-0f1d3891 gb-headline-text\">I. INFORMATIONS G\u00c9N\u00c9RALES<\/h2>\n\n\n\n<p>Conform\u00e9ment \u00e0 l'obligation d'information pr\u00e9vue par la loi 34\/2002 sur les services de la soci\u00e9t\u00e9 de l'information (Ley 34\/2002 de Servicios de la Sociedad de la Sociedad de<br>Information et commerce \u00e9lectronique (LSSI-CE) du 11 juillet, il est pr\u00e9vu ce qui suit<br>des informations g\u00e9n\u00e9rales sur ce site web :<br>La propri\u00e9t\u00e9 de ce site web, visionint.es, (ci-apr\u00e8s, le site web) est d\u00e9tenue par : David Ari\u00f1o Pellejero, avec<br>NIF : 48223969F, et dont les coordonn\u00e9es sont les suivantes :<br>Adresse : C\/ Mar\u00eda Auxiliadora, No86-90, 08912 - Badalona (Catalogne)<br>T\u00e9l\u00e9phone de contact : 629862368<br>Courriel de contact : info@visionint.es<\/p>\n\n\n\n<h2 class=\"wp-block-heading\">II. CONDITIONS G\u00c9N\u00c9RALES D'UTILISATION<\/h2>\n\n\n\n<h3 class=\"wp-block-heading\">L'objet des conditions g\u00e9n\u00e9rales : Le site web<\/h3>\n\n\n\n<p>Les pr\u00e9sentes conditions g\u00e9n\u00e9rales d'utilisation (ci-apr\u00e8s d\u00e9nomm\u00e9es \"conditions\") ont pour objet de r\u00e9glementer l'acc\u00e8s et l'utilisation du site Internet de l'Union europ\u00e9enne.<br>l'utilisation du site web. Aux fins des pr\u00e9sentes conditions g\u00e9n\u00e9rales, les \u00e9l\u00e9ments suivants sont consid\u00e9r\u00e9s comme le site web : le<br>l'aspect ext\u00e9rieur des interfaces d'affichage, \u00e0 la fois statique et dynamique, est<br>c'est-\u00e0-dire l'arbre de navigation ; et tous les \u00e9l\u00e9ments int\u00e9gr\u00e9s \u00e0 la fois dans les interfaces d'affichage et dans les syst\u00e8mes d'information.<br>l'arbre de navigation (ci-apr\u00e8s d\u00e9nomm\u00e9 \"contenu\") et tous les services ou ressources en ligne qui, de par leur nature, peuvent \u00eatre utilis\u00e9s par les utilisateurs.<br>propos\u00e9s aux utilisateurs (ci-apr\u00e8s, les services).<br>VISION se r\u00e9serve le droit de modifier, \u00e0 tout moment et sans pr\u00e9avis, la pr\u00e9sentation et le contenu du site.<br>la configuration du site web et du contenu et des services qui peuvent y \u00eatre incorpor\u00e9s. Les<br>L'utilisateur reconna\u00eet et accepte qu'\u00e0 tout moment VISION puisse interrompre, d\u00e9sactiver et\/ou annuler<br>tous ces \u00e9l\u00e9ments qui sont int\u00e9gr\u00e9s dans le site web ou l'acc\u00e8s \u00e0 ceux-ci.<br>L'acc\u00e8s au site web par l'utilisateur est gratuit et, en r\u00e8gle g\u00e9n\u00e9rale, il est gratuit, sans que l'utilisateur ne soit tenu de<br>doit fournir une contrepartie pour en b\u00e9n\u00e9ficier, sauf en ce qui concerne le co\u00fbt de l'utilisation de l'appareil.<br>connexion par le biais du r\u00e9seau de t\u00e9l\u00e9communications fourni par le fournisseur d'acc\u00e8s qui a<br>contract\u00e9 par l'utilisateur.<br>L'utilisation du contenu ou des services du site web peut se faire en s'inscrivant \u00e0<br>ou l'enregistrement pr\u00e9alable de l'utilisateur.<\/p>\n\n\n\n<h3 class=\"wp-block-heading\">L'utilisateur<\/h3>\n\n\n\n<p>L'acc\u00e8s, la navigation et l'utilisation du site web, ainsi que les espaces pr\u00e9vus pour l'interaction entre<br>l'Utilisateur, et l'Utilisateur et VISION, tels que les commentaires et\/ou les espaces de blogs, conf\u00e8re la condition que l'Utilisateur soit en mesure d'acc\u00e9der \u00e0 l'information et de la partager.<br>l'utilisateur, afin qu'il accepte, \u00e0 partir du moment o\u00f9 il commence \u00e0 naviguer sur le site Web, toutes les conditions g\u00e9n\u00e9rales du site Web.<br>conditions \u00e9nonc\u00e9es dans le pr\u00e9sent document, ainsi que toute modification ult\u00e9rieure de celles-ci, sans pr\u00e9judice de l'application de la pr\u00e9sente directive.<br>les r\u00e8gles juridiques correspondantes qui doivent \u00eatre respect\u00e9es selon le cas. Compte tenu de la pertinence de la<br>Il est conseill\u00e9 \u00e0 l'utilisateur de les lire chaque fois qu'il visite le site Web.<br>Le site web de VISION fournit un large \u00e9ventail d'informations, de services et de donn\u00e9es. L'utilisateur assume ses<br>la responsabilit\u00e9 de l'utilisation correcte du site web. Cette responsabilit\u00e9 s'\u00e9tend \u00e0 :<\/p>\n\n\n\n<p><br>L'utilisation des informations, du contenu et\/ou des services et des donn\u00e9es offerts par VISION sans qu'ils soient<br>contraire aux dispositions des pr\u00e9sentes conditions, \u00e0 la loi, \u00e0 la morale ou \u00e0 l'ordre public, ou qui serait contraire aux dispositions des pr\u00e9sentes conditions, \u00e0 la loi, \u00e0 la morale ou \u00e0 l'ordre public, ou qui serait contraire \u00e0 la loi, \u00e0 la morale ou \u00e0 l'ordre public, ou qui serait contraire \u00e0 la loi, \u00e0 la morale ou \u00e0 l'ordre public.<br>de toute autre mani\u00e8re, porter atteinte aux droits des tiers ou au bon fonctionnement du site Internet.<br>du site web.<br>la v\u00e9racit\u00e9 et la l\u00e9galit\u00e9 des informations fournies par l'utilisateur dans les formulaires pr\u00e9vus \u00e0 cet effet<br>par VISION pour l'acc\u00e8s \u00e0 certains Contenus ou Services offerts par le Site. Dans tous les cas,<br>l'utilisateur doit imm\u00e9diatement notifier \u00e0 VISION tout fait qui permettrait l'utilisation<br>l'utilisation abusive des informations enregistr\u00e9es sur ces formulaires, telle que, mais non exclusivement, le vol,<br>la perte des identifiants et\/ou des mots de passe ou l'acc\u00e8s non autoris\u00e9 \u00e0 ceux-ci, en vue de proc\u00e9der \u00e0 leur<br>annulation imm\u00e9diate.<\/p>\n\n\n\n<p><br>VISION se r\u00e9serve le droit de supprimer tous les commentaires et contributions qui enfreignent la loi, les r\u00e8gles de l'Union europ\u00e9enne ou les r\u00e8gles de l'Union europ\u00e9enne.<br>qui ne respectent pas la dignit\u00e9 humaine, qui sont discriminatoires, x\u00e9nophobes, racistes, pornographiques,<br>le spamming, qui sont pr\u00e9judiciables \u00e0 la jeunesse ou aux enfants, \u00e0 l'ordre public ou \u00e0 la s\u00e9curit\u00e9 ou qui, de l'avis de la Commission,<br>ne sont pas adapt\u00e9s \u00e0 la publication.<br>En tout \u00e9tat de cause, VISION ne sera pas responsable des opinions exprim\u00e9es par les utilisateurs par l'interm\u00e9diaire de<br>des commentaires ou d'autres outils de blogage ou de participation \u00e9ventuellement disponibles.<br>Le simple fait d'acc\u00e9der \u00e0 ce site web n'implique pas l'\u00e9tablissement d'une quelconque relation commerciale entre<br>VISION et l'utilisateur.<br>L'utilisateur d\u00e9clare qu'il est majeur et qu'il a la capacit\u00e9 juridique suffisante pour \u00eatre li\u00e9 par les termes du pr\u00e9sent accord.<br>les pr\u00e9sentes conditions g\u00e9n\u00e9rales. Par cons\u00e9quent, ce site web de VISION n'est pas destin\u00e9 aux mineurs. VISION<br>d\u00e9cline toute responsabilit\u00e9 en cas de non-respect de cette exigence.<br>Le site web est principalement destin\u00e9 aux utilisateurs r\u00e9sidant en Espagne. VISION ne garantit pas que le site<br>Web est conforme aux lois d'autres pays, en tout ou en partie. Si l'utilisateur r\u00e9side ou a son si\u00e8ge social dans un pays tiers, il est tenu de respecter les lois de ce pays.<br>domicili\u00e9 ailleurs et que vous choisissez d'acc\u00e9der et\/ou de naviguer sur le site web, vous le faites \u00e0 vos propres risques.<br>vous devez vous assurer que cet acc\u00e8s et cette navigation sont conformes \u00e0 la l\u00e9gislation locale dont vous \u00eates responsable.<br>est applicable, VISION n'assume aucune responsabilit\u00e9 d\u00e9coulant de cet acc\u00e8s.<\/p>\n\n\n\n<h2 class=\"gb-headline gb-headline-8987e936 gb-headline-text\">III. ACC\u00c8S ET NAVIGATION SUR LE SITE WEB :<br>EXCLUSION DES GARANTIES ET DE LA RESPONSABILIT\u00c9<\/h2>\n\n\n\n<p>VISION ne garantit pas la continuit\u00e9, la disponibilit\u00e9 et l'utilit\u00e9 du site web, du contenu ou des services.<br>VISION fera tout ce qui est en son pouvoir pour assurer le bon fonctionnement du site Internet. Cependant, VISION n'est pas responsable de tout dommage ou perte r\u00e9sultant de l'utilisation du site Internet.<br>ne garantit pas que l'acc\u00e8s \u00e0 ce site Web sera ininterrompu ou exempt d'erreurs.<br>Elle ne garantit pas non plus que le contenu ou les logiciels auxquels il est possible d'acc\u00e9der par l'interm\u00e9diaire du site Web de l'Union europ\u00e9enne soient conformes \u00e0 la l\u00e9gislation nationale.<\/p>\n\n\n\n<p>le pr\u00e9sent site web, est exempt d'erreurs ou cause des dommages au syst\u00e8me informatique (logiciel et mat\u00e9riel) de l'utilisateur.<br>L'utilisateur. En aucun cas VISION ne pourra \u00eatre tenu responsable pour toute perte, dommage ou blessure de quelque nature que ce soit qui<br>d\u00e9coulant de votre acc\u00e8s, de votre navigation et de votre utilisation du site Web, y compris, mais sans s'y limiter, les \u00e9l\u00e9ments suivants<br>caus\u00e9s aux syst\u00e8mes informatiques ou caus\u00e9s par l'introduction de virus.<br>VISION d\u00e9cline \u00e9galement toute responsabilit\u00e9 pour les dommages qui pourraient \u00eatre caus\u00e9s aux utilisateurs \u00e0 la suite de l'utilisation du site web de la<br>l'utilisation inappropri\u00e9e de ce site web. En particulier, elle ne peut \u00eatre tenue responsable de quelque mani\u00e8re que ce soit des accidents,<br>les interruptions, les pannes ou les d\u00e9fauts de t\u00e9l\u00e9communications qui peuvent survenir.<\/p>\n\n\n\n<h2 class=\"wp-block-heading\">IV. POLITIQUE DE LIAISON<\/h2>\n\n\n\n<p>Veuillez noter que le site web de VISION met ou peut mettre \u00e0 la disposition des utilisateurs les liens suivants<br>(par exemple, des liens, des banni\u00e8res, des boutons, etc.), des annuaires et des moteurs de recherche qui permettent aux utilisateurs de<br>Les utilisateurs acc\u00e8dent \u00e0 des sites web appartenant \u00e0 des tiers et\/ou g\u00e9r\u00e9s par des tiers.<br>L'installation de ces liens, annuaires et moteurs de recherche sur le site Web a pour but de faciliter<br>Utilisateurs la recherche et l'acc\u00e8s aux informations disponibles sur Internet, sans que cela soit consid\u00e9r\u00e9 comme une<br>une suggestion, une recommandation ou une invitation \u00e0 les visiter.<br>VISION n'offre ni ne commercialise elle-m\u00eame, ou par l'interm\u00e9diaire de tiers, les produits et\/ou services disponibles \u00e0 l'adresse suivante<br>ces sites li\u00e9s.<br>Elle ne garantit pas non plus la disponibilit\u00e9 technique, l'exactitude, la v\u00e9racit\u00e9, la validit\u00e9 ou la l\u00e9galit\u00e9 des sites.<br>qui ne lui appartiennent pas et qui sont accessibles par des liens.<br>VISION n'examine ni ne contr\u00f4le en aucune mani\u00e8re le contenu des autres sites Internet, et ne les approuve pas,<br>examine et ne cautionne pas les produits et services, le contenu, les fichiers et tout autre mat\u00e9riel existant<br>sur ces sites li\u00e9s.<br>VISION n'assume aucune responsabilit\u00e9 pour les dommages qui pourraient \u00eatre caus\u00e9s par l'utilisation du site web de l'association.<br>l'acc\u00e8s, l'utilisation, la qualit\u00e9 ou la lic\u00e9it\u00e9 du contenu, des communications, des opinions, des produits et des services du site web<br>les sites Internet non exploit\u00e9s par VISION qui sont li\u00e9s \u00e0 ce site Internet.<br>L'utilisateur ou le tiers qui cr\u00e9e un lien hypertexte d'une page web d'un autre site web vers le site web.<br>VISION Web devrait le savoir :<br>La reproduction - en tout ou en partie - du contenu et\/ou des services du site n'est pas autoris\u00e9e.<br>sans l'autorisation expresse de VISION.<br>Aucune repr\u00e9sentation fausse, inexacte ou incorrecte du site web de VISION n'est autoris\u00e9e.<br>sur le contenu et\/ou les services de ce dernier.<br>\u00c0 l'exception de l'hyperlien, le site web sur lequel un tel hyperlien est \u00e9tabli ne doit contenir aucune<br>\u00e9l\u00e9ment de ce site Web, qui est prot\u00e9g\u00e9 en tant que propri\u00e9t\u00e9 intellectuelle par la loi espagnole,<br>sauf autorisation expresse de VISION.<br>L'\u00e9tablissement d'un lien hypertexte n'implique pas l'existence d'une relation entre VISION et le propri\u00e9taire du lien hypertexte.<br>Le site web \u00e0 partir duquel il est r\u00e9alis\u00e9, ni la connaissance et l'acceptation par VISION du contenu, des services, des produits et des services fournis par VISION, ni la connaissance et l'acceptation par VISION du contenu, des services, des produits et des services fournis par VISION.<br>et\/ou des activit\u00e9s propos\u00e9es sur ce site, et vice versa.<\/p>\n\n\n\n<h2 class=\"wp-block-heading\">V. PROPRI\u00c9T\u00c9 INTELLECTUELLE ET INDUSTRIELLE<\/h2>\n\n\n\n<p>VISION, elle-m\u00eame ou en tant que cessionnaire, est propri\u00e9taire de tous les droits de propri\u00e9t\u00e9 intellectuelle et industrielle.<br>du site Web, ainsi que des \u00e9l\u00e9ments qu'il contient (\u00e0 titre d'exemple et sans limitation,<br>les images, le son, l'audio, la vid\u00e9o, les logiciels ou le texte, les marques ou les logos, les combinaisons de couleurs,<br>la structure et la conception, la s\u00e9lection des mat\u00e9riaux utilis\u00e9s, les programmes informatiques n\u00e9cessaires \u00e0 sa r\u00e9alisation<br>fonctionnement, acc\u00e8s et utilisation, etc.) Sont donc prot\u00e9g\u00e9es les \u0153uvres de la propri\u00e9t\u00e9 intellectuelle<br>par le syst\u00e8me juridique espagnol, la l\u00e9gislation espagnole et la l\u00e9gislation communautaire leur \u00e9tant applicables dans les domaines suivants<br>Le gouvernement espagnol a sign\u00e9 un certain nombre de trait\u00e9s internationaux dans ce domaine, tels que les trait\u00e9s internationaux pertinents sign\u00e9s par l'Espagne.<br>Tous droits r\u00e9serv\u00e9s. Conform\u00e9ment aux dispositions de la loi sur la propri\u00e9t\u00e9 intellectuelle, les droits suivants sont r\u00e9serv\u00e9s.<br>la reproduction, la distribution et la communication publique, y compris sous quelque forme que ce soit, sont express\u00e9ment interdites.<br>la mise \u00e0 disposition de tout ou partie du contenu de ce site web, dans le but de<br>commerciale, sur tout support et par tout moyen technique, sans l'autorisation de VISION.<br>L'utilisateur s'engage \u00e0 respecter les droits de propri\u00e9t\u00e9 intellectuelle et industrielle de VISION. Vous pouvez<br>visualiser les \u00e9l\u00e9ments du site web ou encore les imprimer, les copier et les stocker sur le disque dur de votre ordinateur.<br>sur votre ordinateur ou sur tout autre support physique, \u00e0 condition que ce soit uniquement pour votre usage<br>personnel. L'utilisateur ne peut toutefois pas supprimer, modifier ou alt\u00e9rer les donn\u00e9es personnelles.<br>syst\u00e8me de protection ou de s\u00e9curit\u00e9 install\u00e9 sur le site Web.<br>Dans le cas o\u00f9 l'utilisateur ou un tiers consid\u00e8re que l'un des contenus du site Web porte atteinte aux droits de l'utilisateur ou d'un tiers.<br>violation des droits de protection de la propri\u00e9t\u00e9 intellectuelle, vous devez imm\u00e9diatement informer<br>VISION par le biais des coordonn\u00e9es figurant dans la section INFORMATIONS G\u00c9N\u00c9RALES du pr\u00e9sent avis juridique et<br>Conditions g\u00e9n\u00e9rales d'utilisation.<\/p>\n\n\n\n<h2 class=\"gb-headline gb-headline-fda0ff90 gb-headline-text\">VI. ACTIONS EN JUSTICE, DROIT APPLICABLE ET<br>JURIDICTION<\/h2>\n\n\n\n<p>VISION se r\u00e9serve le droit d'intenter toute action civile ou p\u00e9nale qu'elle jugera n\u00e9cessaire en ce qui concerne la<br>l'utilisation inappropri\u00e9e du site web et de son contenu, ou la violation des pr\u00e9sentes conditions.<br>La relation entre l'Utilisateur et VISION est r\u00e9gie par la r\u00e9glementation en vigueur et applicable sur le territoire de<br>L'Espagne. En cas de litige li\u00e9 \u00e0 l'interpr\u00e9tation et\/ou \u00e0 l'application des pr\u00e9sentes conditions g\u00e9n\u00e9rales, les parties conviennent qu'elles seront li\u00e9es par celles-ci.<br>Conditions Les parties soumettent leurs litiges aux juridictions de droit commun en s'adressant aux juges et aux magistrats.<br>les tribunaux conform\u00e9ment \u00e0 la loi.<br>Ce document d'avis juridique et de conditions g\u00e9n\u00e9rales d'utilisation du site web a \u00e9t\u00e9 cr\u00e9\u00e9 au moyen de la technologie de l'information et de la communication (TIC).<br>g\u00e9n\u00e9rateur de mod\u00e8les de mentions l\u00e9gales et de conditions d'utilisation en ligne le 10\/11\/2021.<\/p>","protected":false},"excerpt":{"rendered":"<p>En cumplimiento con el deber de informaci\u00f3n dispuesto en la Ley 34\/2002 de Servicios de la Sociedad dela Informaci\u00f3n y el Comercio Electr\u00f3nico (LSSI-CE) de 11 de julio, se facilitan a continuaci\u00f3n los siguientesdatos de informaci\u00f3n general de este sitio web:La titularidad de este sitio web, visionint.es, (en adelante, Sitio Web) la ostenta: David Ari\u00f1o [&hellip;]<\/p>","protected":false},"author":1,"featured_media":0,"parent":0,"menu_order":0,"comment_status":"closed","ping_status":"closed","template":"","meta":{"inline_featured_image":false,"_monsterinsights_skip_tracking":false,"_monsterinsights_sitenote_active":false,"_monsterinsights_sitenote_note":"","_monsterinsights_sitenote_category":0,"footnotes":""},"class_list":["post-995","page","type-page","status-publish","hentry"],"yoast_head":"<!-- This site is optimized with the Yoast SEO plugin v24.7 - https:\/\/yoast.com\/wordpress\/plugins\/seo\/ -->\n<title>Aviso Legal - VISION INT<\/title>\n<meta name=\"description\" content=\"Aqu\u00ed pod\u00e9is consultar el Aviso Legal de VISION, rogamos que para cualquier duda sobre la legalidad de VISION, escrib\u00e1is a info@visionint.es\" \/>\n<meta name=\"robots\" content=\"index, follow, max-snippet:-1, max-image-preview:large, max-video-preview:-1\" \/>\n<link rel=\"canonical\" href=\"https:\/\/visionint.es\/fr\/aviso-legal\/\" \/>\n<meta property=\"og:locale\" content=\"fr_FR\" \/>\n<meta property=\"og:type\" content=\"article\" \/>\n<meta property=\"og:title\" content=\"Aviso Legal - VISION INT\" \/>\n<meta property=\"og:description\" content=\"Aqu\u00ed pod\u00e9is consultar el Aviso Legal de VISION, rogamos que para cualquier duda sobre la legalidad de VISION, escrib\u00e1is a info@visionint.es\" \/>\n<meta property=\"og:url\" content=\"https:\/\/visionint.es\/fr\/aviso-legal\/\" \/>\n<meta property=\"og:site_name\" content=\"VISION INT\" \/>\n<meta name=\"twitter:card\" content=\"summary_large_image\" \/>\n<meta name=\"twitter:label1\" content=\"Dur\u00e9e de lecture estim\u00e9e\" \/>\n\t<meta name=\"twitter:data1\" content=\"9 minutes\" \/>\n<script type=\"application\/ld+json\" class=\"yoast-schema-graph\">{\"@context\":\"https:\/\/schema.org\",\"@graph\":[{\"@type\":\"WebPage\",\"@id\":\"https:\/\/visionint.es\/aviso-legal\/\",\"url\":\"https:\/\/visionint.es\/aviso-legal\/\",\"name\":\"Aviso Legal - VISION INT\",\"isPartOf\":{\"@id\":\"https:\/\/visionint.es\/#website\"},\"datePublished\":\"2021-11-10T21:51:48+00:00\",\"description\":\"Aqu\u00ed pod\u00e9is consultar el Aviso Legal de VISION, rogamos que para cualquier duda sobre la legalidad de VISION, escrib\u00e1is a info@visionint.es\",\"breadcrumb\":{\"@id\":\"https:\/\/visionint.es\/aviso-legal\/#breadcrumb\"},\"inLanguage\":\"fr-FR\",\"potentialAction\":[{\"@type\":\"ReadAction\",\"target\":[\"https:\/\/visionint.es\/aviso-legal\/\"]}]},{\"@type\":\"BreadcrumbList\",\"@id\":\"https:\/\/visionint.es\/aviso-legal\/#breadcrumb\",\"itemListElement\":[{\"@type\":\"ListItem\",\"position\":1,\"name\":\"VISION\",\"item\":\"https:\/\/visionint.es\/\"},{\"@type\":\"ListItem\",\"position\":2,\"name\":\"Aviso Legal\"}]},{\"@type\":\"WebSite\",\"@id\":\"https:\/\/visionint.es\/#website\",\"url\":\"https:\/\/visionint.es\/\",\"name\":\"VISION INT\",\"description\":\"\",\"publisher\":{\"@id\":\"https:\/\/visionint.es\/#organization\"},\"potentialAction\":[{\"@type\":\"SearchAction\",\"target\":{\"@type\":\"EntryPoint\",\"urlTemplate\":\"https:\/\/visionint.es\/?s={search_term_string}\"},\"query-input\":{\"@type\":\"PropertyValueSpecification\",\"valueRequired\":true,\"valueName\":\"search_term_string\"}}],\"inLanguage\":\"fr-FR\"},{\"@type\":\"Organization\",\"@id\":\"https:\/\/visionint.es\/#organization\",\"name\":\"VISION\",\"url\":\"https:\/\/visionint.es\/\",\"logo\":{\"@type\":\"ImageObject\",\"inLanguage\":\"fr-FR\",\"@id\":\"https:\/\/visionint.es\/#\/schema\/logo\/image\/\",\"url\":\"https:\/\/visionint.es\/wp-content\/uploads\/2021\/11\/cropped-1636222990844_VISION-LOGO-FINAL-1-e1636581871560.png\",\"contentUrl\":\"https:\/\/visionint.es\/wp-content\/uploads\/2021\/11\/cropped-1636222990844_VISION-LOGO-FINAL-1-e1636581871560.png\",\"width\":512,\"height\":495,\"caption\":\"VISION\"},\"image\":{\"@id\":\"https:\/\/visionint.es\/#\/schema\/logo\/image\/\"},\"sameAs\":[\"https:\/\/instagram.com\/visionint_\"]}]}<\/script>\n<!-- \/ Yoast SEO plugin. -->","yoast_head_json":{"title":"Aviso Legal - VISION INT","description":"Aqu\u00ed pod\u00e9is consultar el Aviso Legal de VISION, rogamos que para cualquier duda sobre la legalidad de VISION, escrib\u00e1is a info@visionint.es","robots":{"index":"index","follow":"follow","max-snippet":"max-snippet:-1","max-image-preview":"max-image-preview:large","max-video-preview":"max-video-preview:-1"},"canonical":"https:\/\/visionint.es\/fr\/aviso-legal\/","og_locale":"fr_FR","og_type":"article","og_title":"Aviso Legal - VISION INT","og_description":"Aqu\u00ed pod\u00e9is consultar el Aviso Legal de VISION, rogamos que para cualquier duda sobre la legalidad de VISION, escrib\u00e1is a info@visionint.es","og_url":"https:\/\/visionint.es\/fr\/aviso-legal\/","og_site_name":"VISION INT","twitter_card":"summary_large_image","twitter_misc":{"Dur\u00e9e de lecture estim\u00e9e":"9 minutes"},"schema":{"@context":"https:\/\/schema.org","@graph":[{"@type":"WebPage","@id":"https:\/\/visionint.es\/aviso-legal\/","url":"https:\/\/visionint.es\/aviso-legal\/","name":"Aviso Legal - VISION INT","isPartOf":{"@id":"https:\/\/visionint.es\/#website"},"datePublished":"2021-11-10T21:51:48+00:00","description":"Aqu\u00ed pod\u00e9is consultar el Aviso Legal de VISION, rogamos que para cualquier duda sobre la legalidad de VISION, escrib\u00e1is a info@visionint.es","breadcrumb":{"@id":"https:\/\/visionint.es\/aviso-legal\/#breadcrumb"},"inLanguage":"fr-FR","potentialAction":[{"@type":"ReadAction","target":["https:\/\/visionint.es\/aviso-legal\/"]}]},{"@type":"BreadcrumbList","@id":"https:\/\/visionint.es\/aviso-legal\/#breadcrumb","itemListElement":[{"@type":"ListItem","position":1,"name":"VISION","item":"https:\/\/visionint.es\/"},{"@type":"ListItem","position":2,"name":"Aviso Legal"}]},{"@type":"WebSite","@id":"https:\/\/visionint.es\/#website","url":"https:\/\/visionint.es\/","name":"VISION INT","description":"","publisher":{"@id":"https:\/\/visionint.es\/#organization"},"potentialAction":[{"@type":"SearchAction","target":{"@type":"EntryPoint","urlTemplate":"https:\/\/visionint.es\/?s={search_term_string}"},"query-input":{"@type":"PropertyValueSpecification","valueRequired":true,"valueName":"search_term_string"}}],"inLanguage":"fr-FR"},{"@type":"Organization","@id":"https:\/\/visionint.es\/#organization","name":"VISION","url":"https:\/\/visionint.es\/","logo":{"@type":"ImageObject","inLanguage":"fr-FR","@id":"https:\/\/visionint.es\/#\/schema\/logo\/image\/","url":"https:\/\/visionint.es\/wp-content\/uploads\/2021\/11\/cropped-1636222990844_VISION-LOGO-FINAL-1-e1636581871560.png","contentUrl":"https:\/\/visionint.es\/wp-content\/uploads\/2021\/11\/cropped-1636222990844_VISION-LOGO-FINAL-1-e1636581871560.png","width":512,"height":495,"caption":"VISION"},"image":{"@id":"https:\/\/visionint.es\/#\/schema\/logo\/image\/"},"sameAs":["https:\/\/instagram.com\/visionint_"]}]}},"_links":{"self":[{"href":"https:\/\/visionint.es\/fr\/wp-json\/wp\/v2\/pages\/995","targetHints":{"allow":["GET"]}}],"collection":[{"href":"https:\/\/visionint.es\/fr\/wp-json\/wp\/v2\/pages"}],"about":[{"href":"https:\/\/visionint.es\/fr\/wp-json\/wp\/v2\/types\/page"}],"author":[{"embeddable":true,"href":"https:\/\/visionint.es\/fr\/wp-json\/wp\/v2\/users\/1"}],"replies":[{"embeddable":true,"href":"https:\/\/visionint.es\/fr\/wp-json\/wp\/v2\/comments?post=995"}],"version-history":[{"count":2,"href":"https:\/\/visionint.es\/fr\/wp-json\/wp\/v2\/pages\/995\/revisions"}],"predecessor-version":[{"id":997,"href":"https:\/\/visionint.es\/fr\/wp-json\/wp\/v2\/pages\/995\/revisions\/997"}],"wp:attachment":[{"href":"https:\/\/visionint.es\/fr\/wp-json\/wp\/v2\/media?parent=995"}],"curies":[{"name":"wp","href":"https:\/\/api.w.org\/{rel}","templated":true}]}}