{"id":966,"date":"2021-11-10T15:21:43","date_gmt":"2021-11-10T15:21:43","guid":{"rendered":"http:\/\/visionint.es\/?page_id=966"},"modified":"2021-11-10T15:21:43","modified_gmt":"2021-11-10T15:21:43","slug":"privacidad","status":"publish","type":"page","link":"https:\/\/visionint.es\/fr\/privacidad\/","title":{"rendered":"Politique de confidentialit\u00e9"},"content":{"rendered":"<p><strong>POLITIQUE DE CONFIDENTIALIT\u00c9<\/strong><\/p>\n\n\n\n<p>Cette politique de confidentialit\u00e9 d\u00e9finit les conditions dans lesquelles VISION utilise et prot\u00e8ge les informations que vous lui fournissez lorsque vous utilisez ce site web. Cette soci\u00e9t\u00e9 s'engage \u00e0 assurer la s\u00e9curit\u00e9 des donn\u00e9es de ses utilisateurs. Lorsque nous vous demandons de fournir des informations personnelles permettant de vous identifier, nous le faisons avec l'assurance qu'elles ne seront utilis\u00e9es qu'en accord avec les termes de ce document. Toutefois, cette politique de confidentialit\u00e9 peut changer au fil du temps ou \u00eatre mise \u00e0 jour et nous vous encourageons \u00e0 consulter r\u00e9guli\u00e8rement cette page pour vous assurer que vous \u00eates satisfait de tout changement.<\/p>\n\n\n\n<p><strong>Informations collect\u00e9es<\/strong><\/p>\n\n\n\n<p>Notre site web peut recueillir des informations personnelles telles que le nom, des informations de contact telles que l'adresse \u00e9lectronique et des informations d\u00e9mographiques. En outre, si n\u00e9cessaire, des informations sp\u00e9cifiques peuvent \u00eatre requises pour traiter une commande, effectuer une livraison ou une facturation.<\/p>\n\n\n\n<p><strong>Utilisation des informations collect\u00e9es<\/strong><\/p>\n\n\n\n<p>Notre site web utilise les informations pour vous fournir le meilleur service possible, en particulier pour garder la trace des utilisateurs, pour garder la trace des commandes le cas \u00e9ch\u00e9ant, et pour am\u00e9liorer nos produits et services.  Nous pouvons p\u00e9riodiquement envoyer des courriels via notre site avec des offres sp\u00e9ciales, de nouveaux produits et d'autres informations marketing que nous pensons \u00eatre pertinentes pour vous ou qui peuvent vous \u00eatre utiles, ces courriels seront envoy\u00e9s \u00e0 l'adresse que vous fournissez et vous pouvez vous d\u00e9sabonner \u00e0 tout moment.<\/p>\n\n\n\n<p>VISION s'engage \u00e0 respecter son engagement de s\u00e9curiser vos informations. Nous utilisons les syst\u00e8mes les plus avanc\u00e9s et les mettons constamment \u00e0 jour afin de garantir qu'aucun acc\u00e8s non autoris\u00e9 n'est possible.<\/p>\n\n\n\n<p><strong>Cookies<\/strong><\/p>\n\n\n\n<p>Un cookie est un fichier envoy\u00e9 dans le but de demander l'autorisation d'\u00eatre stock\u00e9 sur votre ordinateur. En acceptant, ce fichier est cr\u00e9\u00e9 et le cookie est ensuite utilis\u00e9 pour obtenir des informations sur le trafic web et faciliter les visites futures sur un site web r\u00e9current. Une autre fonction des cookies est qu'ils permettent au web de vous reconna\u00eetre individuellement et donc de vous fournir le meilleur service personnalis\u00e9 sur leur site web.<\/p>\n\n\n\n<p>Notre site web utilise des cookies pour pouvoir identifier les pages visit\u00e9es et leur fr\u00e9quence. Ces informations ne sont utilis\u00e9es qu'\u00e0 des fins d'analyse statistique et sont ensuite d\u00e9finitivement supprim\u00e9es. Vous pouvez supprimer les cookies \u00e0 tout moment de votre ordinateur. Cependant, les cookies aident \u00e0 fournir un meilleur service \u00e0 partir des sites web, ils ne donnent pas acc\u00e8s \u00e0 des informations sur votre ordinateur ou sur vous, \u00e0 moins que vous ne choisissiez de nous les fournir directement. Vous pouvez accepter ou refuser l'utilisation de cookies, mais la plupart des navigateurs acceptent automatiquement les cookies pour fournir un meilleur service web. Vous pouvez \u00e9galement modifier les param\u00e8tres de votre ordinateur pour refuser les cookies. Si vous refusez les cookies, il se peut que vous ne puissiez pas utiliser certains de nos services.<\/p>\n\n\n\n<p><strong>Liens vers des tiers<\/strong><\/p>\n\n\n\n<p>Ce site web peut contenir des liens vers d'autres sites web susceptibles de vous int\u00e9resser. Une fois que vous avez cliqu\u00e9 sur ces liens et quitt\u00e9 notre site, nous n'avons plus aucun contr\u00f4le sur le site vers lequel vous \u00eates redirig\u00e9 et nous ne sommes donc pas responsables du contenu de ces sites.\u00a0<a href=\"https:\/\/plantillaterminosycondicionestiendaonline.com\/\">conditions ou vie priv\u00e9e<\/a>\u00a0ou la protection de vos donn\u00e9es sur ces sites tiers. Ces sites sont soumis \u00e0 leurs propres politiques de confidentialit\u00e9 et nous vous recommandons de v\u00e9rifier aupr\u00e8s d'eux si elles vous conviennent.<\/p>\n\n\n\n<p><strong>Contr\u00f4le de vos donn\u00e9es personnelles<\/strong><\/p>\n\n\n\n<p>Vous pouvez \u00e0 tout moment restreindre la collecte ou l'utilisation des informations personnelles que vous fournissez sur notre site web.  Chaque fois qu'il vous est demand\u00e9 de remplir un formulaire, tel qu'un formulaire d'inscription, vous pouvez cocher ou d\u00e9cocher l'option permettant de recevoir des informations par courrier \u00e9lectronique.  Si vous avez coch\u00e9 l'option de recevoir notre bulletin d'information ou de la publicit\u00e9, vous pouvez l'annuler \u00e0 tout moment.<\/p>\n\n\n\n<p>Cette entreprise ne vendra pas, ne c\u00e9dera pas et ne distribuera pas les informations personnelles collect\u00e9es sans votre consentement, \u00e0 moins qu'un juge ne l'exige en vertu d'une ordonnance judiciaire.<\/p>\n\n\n\n<p>VISION se r\u00e9serve le droit de modifier les termes de cette politique de confidentialit\u00e9 \u00e0 tout moment.<\/p>","protected":false},"excerpt":{"rendered":"<p>POL\u00cdTICA DE PRIVACIDAD El presente Pol\u00edtica de Privacidad establece los t\u00e9rminos en que VISION usa y protege la informaci\u00f3n que es proporcionada por sus usuarios al momento de utilizar su sitio web. Esta compa\u00f1\u00eda est\u00e1 comprometida con la seguridad de los datos de sus usuarios. Cuando le pedimos llenar los campos de informaci\u00f3n personal con [&hellip;]<\/p>","protected":false},"author":1,"featured_media":0,"parent":0,"menu_order":0,"comment_status":"closed","ping_status":"closed","template":"","meta":{"inline_featured_image":false,"_monsterinsights_skip_tracking":false,"_monsterinsights_sitenote_active":false,"_monsterinsights_sitenote_note":"","_monsterinsights_sitenote_category":0,"footnotes":""},"class_list":["post-966","page","type-page","status-publish","hentry"],"yoast_head":"<!-- This site is optimized with the Yoast SEO plugin v24.7 - https:\/\/yoast.com\/wordpress\/plugins\/seo\/ -->\n<title>Pol\u00edtica de privacidad - VISION INT<\/title>\n<meta name=\"description\" content=\"En \u00e9ste apartado puedes leer nuestra pol\u00edtica de privacidad, donde podr\u00e1s obtener informaci\u00f3n sobre el tratamiento de tus datos.\" \/>\n<meta name=\"robots\" content=\"index, follow, max-snippet:-1, max-image-preview:large, max-video-preview:-1\" \/>\n<link rel=\"canonical\" href=\"https:\/\/visionint.es\/fr\/privacidad\/\" \/>\n<meta property=\"og:locale\" content=\"fr_FR\" \/>\n<meta property=\"og:type\" content=\"article\" \/>\n<meta property=\"og:title\" content=\"Pol\u00edtica de privacidad - VISION INT\" \/>\n<meta property=\"og:description\" content=\"En \u00e9ste apartado puedes leer nuestra pol\u00edtica de privacidad, donde podr\u00e1s obtener informaci\u00f3n sobre el tratamiento de tus datos.\" \/>\n<meta property=\"og:url\" content=\"https:\/\/visionint.es\/fr\/privacidad\/\" \/>\n<meta property=\"og:site_name\" content=\"VISION INT\" \/>\n<meta name=\"twitter:card\" content=\"summary_large_image\" \/>\n<meta name=\"twitter:label1\" content=\"Dur\u00e9e de lecture estim\u00e9e\" \/>\n\t<meta name=\"twitter:data1\" content=\"4 minutes\" \/>\n<script type=\"application\/ld+json\" class=\"yoast-schema-graph\">{\"@context\":\"https:\/\/schema.org\",\"@graph\":[{\"@type\":\"WebPage\",\"@id\":\"https:\/\/visionint.es\/privacidad\/\",\"url\":\"https:\/\/visionint.es\/privacidad\/\",\"name\":\"Pol\u00edtica de privacidad - VISION INT\",\"isPartOf\":{\"@id\":\"https:\/\/visionint.es\/#website\"},\"datePublished\":\"2021-11-10T15:21:43+00:00\",\"description\":\"En \u00e9ste apartado puedes leer nuestra pol\u00edtica de privacidad, donde podr\u00e1s obtener informaci\u00f3n sobre el tratamiento de tus datos.\",\"breadcrumb\":{\"@id\":\"https:\/\/visionint.es\/privacidad\/#breadcrumb\"},\"inLanguage\":\"fr-FR\",\"potentialAction\":[{\"@type\":\"ReadAction\",\"target\":[\"https:\/\/visionint.es\/privacidad\/\"]}]},{\"@type\":\"BreadcrumbList\",\"@id\":\"https:\/\/visionint.es\/privacidad\/#breadcrumb\",\"itemListElement\":[{\"@type\":\"ListItem\",\"position\":1,\"name\":\"VISION\",\"item\":\"https:\/\/visionint.es\/\"},{\"@type\":\"ListItem\",\"position\":2,\"name\":\"Pol\u00edtica de privacidad\"}]},{\"@type\":\"WebSite\",\"@id\":\"https:\/\/visionint.es\/#website\",\"url\":\"https:\/\/visionint.es\/\",\"name\":\"VISION INT\",\"description\":\"\",\"publisher\":{\"@id\":\"https:\/\/visionint.es\/#organization\"},\"potentialAction\":[{\"@type\":\"SearchAction\",\"target\":{\"@type\":\"EntryPoint\",\"urlTemplate\":\"https:\/\/visionint.es\/?s={search_term_string}\"},\"query-input\":{\"@type\":\"PropertyValueSpecification\",\"valueRequired\":true,\"valueName\":\"search_term_string\"}}],\"inLanguage\":\"fr-FR\"},{\"@type\":\"Organization\",\"@id\":\"https:\/\/visionint.es\/#organization\",\"name\":\"VISION\",\"url\":\"https:\/\/visionint.es\/\",\"logo\":{\"@type\":\"ImageObject\",\"inLanguage\":\"fr-FR\",\"@id\":\"https:\/\/visionint.es\/#\/schema\/logo\/image\/\",\"url\":\"https:\/\/visionint.es\/wp-content\/uploads\/2021\/11\/cropped-1636222990844_VISION-LOGO-FINAL-1-e1636581871560.png\",\"contentUrl\":\"https:\/\/visionint.es\/wp-content\/uploads\/2021\/11\/cropped-1636222990844_VISION-LOGO-FINAL-1-e1636581871560.png\",\"width\":512,\"height\":495,\"caption\":\"VISION\"},\"image\":{\"@id\":\"https:\/\/visionint.es\/#\/schema\/logo\/image\/\"},\"sameAs\":[\"https:\/\/instagram.com\/visionint_\"]}]}<\/script>\n<!-- \/ Yoast SEO plugin. -->","yoast_head_json":{"title":"Pol\u00edtica de privacidad - VISION INT","description":"En \u00e9ste apartado puedes leer nuestra pol\u00edtica de privacidad, donde podr\u00e1s obtener informaci\u00f3n sobre el tratamiento de tus datos.","robots":{"index":"index","follow":"follow","max-snippet":"max-snippet:-1","max-image-preview":"max-image-preview:large","max-video-preview":"max-video-preview:-1"},"canonical":"https:\/\/visionint.es\/fr\/privacidad\/","og_locale":"fr_FR","og_type":"article","og_title":"Pol\u00edtica de privacidad - VISION INT","og_description":"En \u00e9ste apartado puedes leer nuestra pol\u00edtica de privacidad, donde podr\u00e1s obtener informaci\u00f3n sobre el tratamiento de tus datos.","og_url":"https:\/\/visionint.es\/fr\/privacidad\/","og_site_name":"VISION INT","twitter_card":"summary_large_image","twitter_misc":{"Dur\u00e9e de lecture estim\u00e9e":"4 minutes"},"schema":{"@context":"https:\/\/schema.org","@graph":[{"@type":"WebPage","@id":"https:\/\/visionint.es\/privacidad\/","url":"https:\/\/visionint.es\/privacidad\/","name":"Pol\u00edtica de privacidad - VISION INT","isPartOf":{"@id":"https:\/\/visionint.es\/#website"},"datePublished":"2021-11-10T15:21:43+00:00","description":"En \u00e9ste apartado puedes leer nuestra pol\u00edtica de privacidad, donde podr\u00e1s obtener informaci\u00f3n sobre el tratamiento de tus datos.","breadcrumb":{"@id":"https:\/\/visionint.es\/privacidad\/#breadcrumb"},"inLanguage":"fr-FR","potentialAction":[{"@type":"ReadAction","target":["https:\/\/visionint.es\/privacidad\/"]}]},{"@type":"BreadcrumbList","@id":"https:\/\/visionint.es\/privacidad\/#breadcrumb","itemListElement":[{"@type":"ListItem","position":1,"name":"VISION","item":"https:\/\/visionint.es\/"},{"@type":"ListItem","position":2,"name":"Pol\u00edtica de privacidad"}]},{"@type":"WebSite","@id":"https:\/\/visionint.es\/#website","url":"https:\/\/visionint.es\/","name":"VISION INT","description":"","publisher":{"@id":"https:\/\/visionint.es\/#organization"},"potentialAction":[{"@type":"SearchAction","target":{"@type":"EntryPoint","urlTemplate":"https:\/\/visionint.es\/?s={search_term_string}"},"query-input":{"@type":"PropertyValueSpecification","valueRequired":true,"valueName":"search_term_string"}}],"inLanguage":"fr-FR"},{"@type":"Organization","@id":"https:\/\/visionint.es\/#organization","name":"VISION","url":"https:\/\/visionint.es\/","logo":{"@type":"ImageObject","inLanguage":"fr-FR","@id":"https:\/\/visionint.es\/#\/schema\/logo\/image\/","url":"https:\/\/visionint.es\/wp-content\/uploads\/2021\/11\/cropped-1636222990844_VISION-LOGO-FINAL-1-e1636581871560.png","contentUrl":"https:\/\/visionint.es\/wp-content\/uploads\/2021\/11\/cropped-1636222990844_VISION-LOGO-FINAL-1-e1636581871560.png","width":512,"height":495,"caption":"VISION"},"image":{"@id":"https:\/\/visionint.es\/#\/schema\/logo\/image\/"},"sameAs":["https:\/\/instagram.com\/visionint_"]}]}},"_links":{"self":[{"href":"https:\/\/visionint.es\/fr\/wp-json\/wp\/v2\/pages\/966","targetHints":{"allow":["GET"]}}],"collection":[{"href":"https:\/\/visionint.es\/fr\/wp-json\/wp\/v2\/pages"}],"about":[{"href":"https:\/\/visionint.es\/fr\/wp-json\/wp\/v2\/types\/page"}],"author":[{"embeddable":true,"href":"https:\/\/visionint.es\/fr\/wp-json\/wp\/v2\/users\/1"}],"replies":[{"embeddable":true,"href":"https:\/\/visionint.es\/fr\/wp-json\/wp\/v2\/comments?post=966"}],"version-history":[{"count":1,"href":"https:\/\/visionint.es\/fr\/wp-json\/wp\/v2\/pages\/966\/revisions"}],"predecessor-version":[{"id":967,"href":"https:\/\/visionint.es\/fr\/wp-json\/wp\/v2\/pages\/966\/revisions\/967"}],"wp:attachment":[{"href":"https:\/\/visionint.es\/fr\/wp-json\/wp\/v2\/media?parent=966"}],"curies":[{"name":"wp","href":"https:\/\/api.w.org\/{rel}","templated":true}]}}