{"id":995,"date":"2021-11-10T21:51:48","date_gmt":"2021-11-10T21:51:48","guid":{"rendered":"http:\/\/visionint.es\/?page_id=995"},"modified":"2021-11-10T21:51:48","modified_gmt":"2021-11-10T21:51:48","slug":"aviso-legal","status":"publish","type":"page","link":"https:\/\/visionint.es\/en\/aviso-legal\/","title":{"rendered":"Legal Notice"},"content":{"rendered":"<h2 class=\"gb-headline gb-headline-0f1d3891 gb-headline-text\">I. GENERAL INFORMATION<\/h2>\n\n\n\n<p>In compliance with the obligation to provide information as stipulated in Law 34\/2002 on Information Society Services (Ley 34\/2002 de Servicios de la Sociedad de la Sociedad de<br>Information and Electronic Commerce (LSSI-CE) of 11 July, the following are provided hereunder<br>general information about this website:<br>The ownership of this website, visionint.es, (hereinafter, the Website) is held by: David Ari\u00f1o Pellejero, with<br>NIF: 48223969F, and whose contact details are:<br>Address: C\/ Mar\u00eda Auxiliadora, No86-90, 08912 - Badalona (Catalonia)<br>Contact telephone: 629862368<br>Contact email: info@visionint.es<\/p>\n\n\n\n<h2 class=\"wp-block-heading\">II. GENERAL TERMS AND CONDITIONS OF USE<\/h2>\n\n\n\n<h3 class=\"wp-block-heading\">The subject matter of the terms and conditions: The Website<\/h3>\n\n\n\n<p>The purpose of these General Conditions of Use (hereinafter referred to as Conditions) is to regulate access and<br>the use of the Website. For the purposes of these Terms and Conditions, the following shall be understood to be the Website: the<br>external appearance of display interfaces, both statically and dynamically, is<br>i.e. the navigation tree; and all the elements integrated in both the display interfaces and in<br>the navigation tree (hereinafter referred to as Content) and all those online services or resources that in its<br>offered to the Users (hereinafter, Services).<br>VISION reserves the right to modify, at any time, and without prior notice, the presentation and<br>configuration of the Website and of the Content and Services that may be incorporated therein. The<br>User acknowledges and agrees that VISION may at any time interrupt, deactivate and\/or terminate<br>any of these elements that are integrated in the Website or access to them.<br>Access to the Website by the User is free of charge and, as a general rule, is free of charge, without the User being required to<br>have to provide a consideration in order to benefit from it, except in relation to the cost of<br>connection through the telecommunications network provided by the access provider who has provided the access<br>contracted by the User.<br>The use of any of the Content or Services on the Website may be made by subscribing to<br>or prior registration of the User.<\/p>\n\n\n\n<h3 class=\"wp-block-heading\">The User<\/h3>\n\n\n\n<p>Access to, browsing and use of the Website, as well as the spaces provided for interaction between<br>the Users, and the User and VISION, such as comments and\/or blogging spaces, confers the condition<br>User, so that they accept, from the moment they start browsing the Website, all the terms and conditions of the<br>Conditions set out herein, as well as any subsequent amendments thereto, without prejudice to the application of the<br>corresponding legal regulations that must be complied with according to the case in question. Given the relevance of the<br>The User is advised to read them each time he\/she visits the Website.<br>The VISION Website provides a wide range of information, services and data. The User assumes its<br>responsibility for the correct use of the Website. This liability shall extend to:<\/p>\n\n\n\n<p><br>A use of the information, Content and\/or Services and data offered by VISION without it being<br>contrary to the provisions of these Conditions, the law, morality or public order, or which would be contrary to the provisions of these Conditions, the law, morality or public order, or which would<br>in any other way may infringe the rights of third parties or the proper functioning of the system.<br>of the Website.<br>The veracity and legality of the information provided by the User in the forms provided<br>by VISION for access to certain Content or Services offered by the Website. In any case,<br>the User shall immediately notify VISION of any fact that would allow the use<br>improper use of the information recorded on such forms, such as, but not limited to, theft,<br>loss of, or unauthorised access to, identifiers and\/or passwords, with a view to proceeding to their<br>immediate cancellation.<\/p>\n\n\n\n<p><br>VISION reserves the right to remove all comments and contributions that violate the law, the<br>respect for human dignity, which are discriminatory, xenophobic, racist, pornographic,<br>spamming, which are prejudicial to youth or children, public order or safety, or which, in the opinion of the Commission,<br>are not suitable for publication.<br>In any case, VISION will not be held responsible for the opinions expressed by Users through<br>comments or other blogging or participation tools that may be available.<br>Mere access to this Website does not imply the establishment of any commercial relationship between<br>VISION and the User.<br>The User declares that he\/she is of legal age and has sufficient legal capacity to be bound by the terms of this Agreement.<br>these Terms and Conditions. Therefore, this VISION Website is not directed at minors. VISION<br>disclaims any liability for failure to comply with this requirement.<br>The Website is primarily intended for Users residing in Spain. VISION makes no representation that the Website<br>Web complies with the laws of other countries, either in whole or in part. If the User resides or has his or her<br>domiciled elsewhere and you choose to access and\/or browse the Website you do so at your own risk.<br>responsibility, you must ensure that such access and navigation complies with the local legislation that you are responsible for.<br>is applicable, VISION assumes no liability whatsoever arising from such access.<\/p>\n\n\n\n<h2 class=\"gb-headline gb-headline-8987e936 gb-headline-text\">III. ACCESS AND NAVIGATION ON THE WEBSITE:<br>EXCLUSION OF WARRANTIES AND LIABILITY<\/h2>\n\n\n\n<p>VISION does not guarantee the continuity, availability and usefulness of the Website, or of the Content or Services.<br>VISION will do its utmost to ensure the proper functioning of the Website, however, VISION is not responsible for, and shall not be liable for, any damage or loss incurred as a result of the use of the Website.<br>does not warrant that access to this Website will be uninterrupted or error free.<br>Nor does it make any representations or warranties that the content or software that may be accessed through the<\/p>\n\n\n\n<p>this Website, is free of error or causes damage to the computer system (software and hardware) of the<br>User. In no event shall VISION be liable for any loss, damage or injury of any kind whatsoever that<br>arising out of your access to, browsing and use of the Website, including, but not limited to, the<br>caused to computer systems or caused by the introduction of viruses.<br>VISION also accepts no liability for any damage that may be caused to users as a result of the use of the<br>inappropriate use of this Website. In particular, it accepts no liability whatsoever for crashes,<br>interruptions, faults or defects in telecommunications that may occur.<\/p>\n\n\n\n<h2 class=\"wp-block-heading\">IV. LINKING POLICY<\/h2>\n\n\n\n<p>Please note that the VISION Web Site makes or may make available to Users the following links<br>(e.g. links, banners, buttons, etc.), directories and search engines that allow users to<br>Users access websites belonging to and\/or managed by third parties.<br>The installation of these links, directories and search engines on the Website is intended to facilitate<br>Users the search for and access to information available on the Internet, without it being considered a<br>a suggestion, recommendation or invitation to visit them.<br>VISION does not itself or through third parties offer or market the products and\/or services available at<br>such linked sites.<br>Nor does it guarantee the technical availability, accuracy, veracity, validity or legality of sites.<br>which are not its property and which can be accessed by means of links.<br>VISION does not in any way review or control the content of other websites, nor does it endorse them,<br>examines and does not endorse the products and services, content, files and any other material in existence<br>on those linked sites.<br>VISION assumes no liability for any damages that may be caused by the use of the<br>access, use, quality or lawfulness of the content, communications, opinions, products and services of the<br>websites not operated by VISION that are linked to this Website.<br>The User or third party who makes a hyperlink from a web page of another, different, website to the Website<br>VISION Web should know that:<br>The reproduction - in whole or in part - of any of the Content and\/or Services of the Site is not permitted.<br>Website without the express authorisation of VISION.<br>No false, inaccurate or incorrect representations about the VISION Website are permitted.<br>on the Contents and\/or Services of the same.<br>With the exception of the hyperlink, the website on which such a hyperlink is established shall not contain any<br>element of this Website, which is protected as intellectual property by Spanish law,<br>unless expressly authorised by VISION.<br>The establishment of the hyperlink does not imply the existence of a relationship between VISION and the owner of the hyperlink.<br>website from which it is made, nor the knowledge and acceptance by VISION of the contents, services, products and services provided by VISION, nor the knowledge and acceptance by VISION of the contents, services, products and services provided by VISION.<br>and\/or activities offered on that website, and vice versa.<\/p>\n\n\n\n<h2 class=\"wp-block-heading\">V. INTELLECTUAL AND INDUSTRIAL PROPERTY<\/h2>\n\n\n\n<p>VISION, itself or as an assignee, is the owner of all intellectual and industrial property rights.<br>of the Website, as well as of the elements contained therein (by way of example and without limitation,<br>images, sound, audio, video, software or text, trademarks or logos, colour combinations,<br>structure and design, selection of materials used, computer programmes required for its<br>operation, access and use, etc.). The following shall therefore be works protected as intellectual property<br>by the Spanish legal system, with both Spanish and Community legislation being applicable to them in<br>The Spanish Government has signed a number of international treaties in this field, such as the relevant international treaties signed by Spain.<br>All rights reserved. Pursuant to the provisions of the Intellectual Property Law, the following are reserved.<br>reproduction, distribution and public communication, including in any form whatsoever, are expressly prohibited.<br>making available all or part of the contents of this website, for the purpose of<br>commercial, in any medium and by any technical means, without the authorisation of VISION.<br>The User undertakes to respect the intellectual and industrial property rights of VISION. You may<br>view the elements of the Website or even print them, copy them and store them on the hard disk of your computer.<br>on your computer or on any other physical medium provided that it is solely for your use<br>personal. The User, however, may not remove, alter, or tamper with any of the personal<br>protection or security system installed on the Website.<br>In the event that the User or a third party considers that any of the Contents of the Website is an infringement of the rights of the User or third party.<br>infringement of intellectual property protection rights, you shall immediately inform<br>VISION through the contact details in the GENERAL INFORMATION section of this Legal Notice and<br>General Conditions of Use.<\/p>\n\n\n\n<h2 class=\"gb-headline gb-headline-fda0ff90 gb-headline-text\">VI. LEGAL ACTIONS, APPLICABLE LAW AND<br>JURISDICTION<\/h2>\n\n\n\n<p>VISION reserves the right to bring any civil or criminal proceedings it deems necessary for the<br>improper use of the Website and its Contents, or for breach of these Conditions.<br>The relationship between the User and VISION shall be governed by the regulations in force and applicable in the territory of<br>Spanish. In the event of any dispute arising in connection with the interpretation and\/or application of these Terms and Conditions, the parties agree that they shall be bound by them.<br>Conditions the parties shall submit their disputes to the ordinary courts of law by submitting to the judges and<br>courts in accordance with the law.<br>This document of Legal Notice and General Conditions of use of the website has been created by means of the<br>generator of template legal notice and terms of use online on 10\/11\/2021.<\/p>","protected":false},"excerpt":{"rendered":"<p>En cumplimiento con el deber de informaci\u00f3n dispuesto en la Ley 34\/2002 de Servicios de la Sociedad dela Informaci\u00f3n y el Comercio Electr\u00f3nico (LSSI-CE) de 11 de julio, se facilitan a continuaci\u00f3n los siguientesdatos de informaci\u00f3n general de este sitio web:La titularidad de este sitio web, visionint.es, (en adelante, Sitio Web) la ostenta: David Ari\u00f1o [&hellip;]<\/p>","protected":false},"author":1,"featured_media":0,"parent":0,"menu_order":0,"comment_status":"closed","ping_status":"closed","template":"","meta":{"inline_featured_image":false,"_monsterinsights_skip_tracking":false,"_monsterinsights_sitenote_active":false,"_monsterinsights_sitenote_note":"","_monsterinsights_sitenote_category":0,"footnotes":""},"class_list":["post-995","page","type-page","status-publish","hentry"],"yoast_head":"<!-- This site is optimized with the Yoast SEO plugin v24.7 - https:\/\/yoast.com\/wordpress\/plugins\/seo\/ -->\n<title>Aviso Legal - VISION INT<\/title>\n<meta name=\"description\" content=\"Aqu\u00ed pod\u00e9is consultar el Aviso Legal de VISION, rogamos que para cualquier duda sobre la legalidad de VISION, escrib\u00e1is a info@visionint.es\" \/>\n<meta name=\"robots\" content=\"index, follow, max-snippet:-1, max-image-preview:large, max-video-preview:-1\" \/>\n<link rel=\"canonical\" href=\"https:\/\/visionint.es\/en\/aviso-legal\/\" \/>\n<meta property=\"og:locale\" content=\"en_GB\" \/>\n<meta property=\"og:type\" content=\"article\" \/>\n<meta property=\"og:title\" content=\"Aviso Legal - VISION INT\" \/>\n<meta property=\"og:description\" content=\"Aqu\u00ed pod\u00e9is consultar el Aviso Legal de VISION, rogamos que para cualquier duda sobre la legalidad de VISION, escrib\u00e1is a info@visionint.es\" \/>\n<meta property=\"og:url\" content=\"https:\/\/visionint.es\/en\/aviso-legal\/\" \/>\n<meta property=\"og:site_name\" content=\"VISION INT\" \/>\n<meta name=\"twitter:card\" content=\"summary_large_image\" \/>\n<meta name=\"twitter:label1\" content=\"Estimated reading time\" \/>\n\t<meta name=\"twitter:data1\" content=\"9 minutes\" \/>\n<script type=\"application\/ld+json\" class=\"yoast-schema-graph\">{\"@context\":\"https:\/\/schema.org\",\"@graph\":[{\"@type\":\"WebPage\",\"@id\":\"https:\/\/visionint.es\/aviso-legal\/\",\"url\":\"https:\/\/visionint.es\/aviso-legal\/\",\"name\":\"Aviso Legal - VISION INT\",\"isPartOf\":{\"@id\":\"https:\/\/visionint.es\/#website\"},\"datePublished\":\"2021-11-10T21:51:48+00:00\",\"description\":\"Aqu\u00ed pod\u00e9is consultar el Aviso Legal de VISION, rogamos que para cualquier duda sobre la legalidad de VISION, escrib\u00e1is a info@visionint.es\",\"breadcrumb\":{\"@id\":\"https:\/\/visionint.es\/aviso-legal\/#breadcrumb\"},\"inLanguage\":\"en-GB\",\"potentialAction\":[{\"@type\":\"ReadAction\",\"target\":[\"https:\/\/visionint.es\/aviso-legal\/\"]}]},{\"@type\":\"BreadcrumbList\",\"@id\":\"https:\/\/visionint.es\/aviso-legal\/#breadcrumb\",\"itemListElement\":[{\"@type\":\"ListItem\",\"position\":1,\"name\":\"VISION\",\"item\":\"https:\/\/visionint.es\/\"},{\"@type\":\"ListItem\",\"position\":2,\"name\":\"Aviso Legal\"}]},{\"@type\":\"WebSite\",\"@id\":\"https:\/\/visionint.es\/#website\",\"url\":\"https:\/\/visionint.es\/\",\"name\":\"VISION INT\",\"description\":\"\",\"publisher\":{\"@id\":\"https:\/\/visionint.es\/#organization\"},\"potentialAction\":[{\"@type\":\"SearchAction\",\"target\":{\"@type\":\"EntryPoint\",\"urlTemplate\":\"https:\/\/visionint.es\/?s={search_term_string}\"},\"query-input\":{\"@type\":\"PropertyValueSpecification\",\"valueRequired\":true,\"valueName\":\"search_term_string\"}}],\"inLanguage\":\"en-GB\"},{\"@type\":\"Organization\",\"@id\":\"https:\/\/visionint.es\/#organization\",\"name\":\"VISION\",\"url\":\"https:\/\/visionint.es\/\",\"logo\":{\"@type\":\"ImageObject\",\"inLanguage\":\"en-GB\",\"@id\":\"https:\/\/visionint.es\/#\/schema\/logo\/image\/\",\"url\":\"https:\/\/visionint.es\/wp-content\/uploads\/2021\/11\/cropped-1636222990844_VISION-LOGO-FINAL-1-e1636581871560.png\",\"contentUrl\":\"https:\/\/visionint.es\/wp-content\/uploads\/2021\/11\/cropped-1636222990844_VISION-LOGO-FINAL-1-e1636581871560.png\",\"width\":512,\"height\":495,\"caption\":\"VISION\"},\"image\":{\"@id\":\"https:\/\/visionint.es\/#\/schema\/logo\/image\/\"},\"sameAs\":[\"https:\/\/instagram.com\/visionint_\"]}]}<\/script>\n<!-- \/ Yoast SEO plugin. -->","yoast_head_json":{"title":"Aviso Legal - VISION INT","description":"Aqu\u00ed pod\u00e9is consultar el Aviso Legal de VISION, rogamos que para cualquier duda sobre la legalidad de VISION, escrib\u00e1is a info@visionint.es","robots":{"index":"index","follow":"follow","max-snippet":"max-snippet:-1","max-image-preview":"max-image-preview:large","max-video-preview":"max-video-preview:-1"},"canonical":"https:\/\/visionint.es\/en\/aviso-legal\/","og_locale":"en_GB","og_type":"article","og_title":"Aviso Legal - VISION INT","og_description":"Aqu\u00ed pod\u00e9is consultar el Aviso Legal de VISION, rogamos que para cualquier duda sobre la legalidad de VISION, escrib\u00e1is a info@visionint.es","og_url":"https:\/\/visionint.es\/en\/aviso-legal\/","og_site_name":"VISION INT","twitter_card":"summary_large_image","twitter_misc":{"Estimated reading time":"9 minutes"},"schema":{"@context":"https:\/\/schema.org","@graph":[{"@type":"WebPage","@id":"https:\/\/visionint.es\/aviso-legal\/","url":"https:\/\/visionint.es\/aviso-legal\/","name":"Aviso Legal - VISION INT","isPartOf":{"@id":"https:\/\/visionint.es\/#website"},"datePublished":"2021-11-10T21:51:48+00:00","description":"Aqu\u00ed pod\u00e9is consultar el Aviso Legal de VISION, rogamos que para cualquier duda sobre la legalidad de VISION, escrib\u00e1is a info@visionint.es","breadcrumb":{"@id":"https:\/\/visionint.es\/aviso-legal\/#breadcrumb"},"inLanguage":"en-GB","potentialAction":[{"@type":"ReadAction","target":["https:\/\/visionint.es\/aviso-legal\/"]}]},{"@type":"BreadcrumbList","@id":"https:\/\/visionint.es\/aviso-legal\/#breadcrumb","itemListElement":[{"@type":"ListItem","position":1,"name":"VISION","item":"https:\/\/visionint.es\/"},{"@type":"ListItem","position":2,"name":"Aviso Legal"}]},{"@type":"WebSite","@id":"https:\/\/visionint.es\/#website","url":"https:\/\/visionint.es\/","name":"VISION INT","description":"","publisher":{"@id":"https:\/\/visionint.es\/#organization"},"potentialAction":[{"@type":"SearchAction","target":{"@type":"EntryPoint","urlTemplate":"https:\/\/visionint.es\/?s={search_term_string}"},"query-input":{"@type":"PropertyValueSpecification","valueRequired":true,"valueName":"search_term_string"}}],"inLanguage":"en-GB"},{"@type":"Organization","@id":"https:\/\/visionint.es\/#organization","name":"VISION","url":"https:\/\/visionint.es\/","logo":{"@type":"ImageObject","inLanguage":"en-GB","@id":"https:\/\/visionint.es\/#\/schema\/logo\/image\/","url":"https:\/\/visionint.es\/wp-content\/uploads\/2021\/11\/cropped-1636222990844_VISION-LOGO-FINAL-1-e1636581871560.png","contentUrl":"https:\/\/visionint.es\/wp-content\/uploads\/2021\/11\/cropped-1636222990844_VISION-LOGO-FINAL-1-e1636581871560.png","width":512,"height":495,"caption":"VISION"},"image":{"@id":"https:\/\/visionint.es\/#\/schema\/logo\/image\/"},"sameAs":["https:\/\/instagram.com\/visionint_"]}]}},"_links":{"self":[{"href":"https:\/\/visionint.es\/en\/wp-json\/wp\/v2\/pages\/995","targetHints":{"allow":["GET"]}}],"collection":[{"href":"https:\/\/visionint.es\/en\/wp-json\/wp\/v2\/pages"}],"about":[{"href":"https:\/\/visionint.es\/en\/wp-json\/wp\/v2\/types\/page"}],"author":[{"embeddable":true,"href":"https:\/\/visionint.es\/en\/wp-json\/wp\/v2\/users\/1"}],"replies":[{"embeddable":true,"href":"https:\/\/visionint.es\/en\/wp-json\/wp\/v2\/comments?post=995"}],"version-history":[{"count":2,"href":"https:\/\/visionint.es\/en\/wp-json\/wp\/v2\/pages\/995\/revisions"}],"predecessor-version":[{"id":997,"href":"https:\/\/visionint.es\/en\/wp-json\/wp\/v2\/pages\/995\/revisions\/997"}],"wp:attachment":[{"href":"https:\/\/visionint.es\/en\/wp-json\/wp\/v2\/media?parent=995"}],"curies":[{"name":"wp","href":"https:\/\/api.w.org\/{rel}","templated":true}]}}