{"id":2879,"date":"2025-02-20T16:44:32","date_gmt":"2025-02-20T16:44:32","guid":{"rendered":"https:\/\/visionint.es\/?page_id=2879"},"modified":"2025-03-04T20:12:04","modified_gmt":"2025-03-04T20:12:04","slug":"disenos-codigos-qr","status":"publish","type":"page","link":"https:\/\/visionint.es\/en\/disenos-codigos-qr\/","title":{"rendered":"QR code designs."},"content":{"rendered":"<div data-elementor-type=\"wp-page\" data-elementor-id=\"2879\" class=\"elementor elementor-2879\">\n\t\t\t\t\t\t<section class=\"elementor-section elementor-top-section elementor-element elementor-element-2285350 elementor-section-full_width elementor-section-height-default elementor-section-height-default\" data-id=\"2285350\" data-element_type=\"section\">\n\t\t\t\t\t\t<div class=\"elementor-container elementor-column-gap-default\">\n\t\t\t\t\t<div class=\"elementor-column elementor-col-100 elementor-top-column elementor-element elementor-element-f865482\" data-id=\"f865482\" data-element_type=\"column\">\n\t\t\t<div class=\"elementor-widget-wrap elementor-element-populated\">\n\t\t\t\t\t\t\t<\/div>\n\t\t<\/div>\n\t\t\t\t\t<\/div>\n\t\t<\/section>\n\t\t\t\t<section class=\"elementor-section elementor-top-section elementor-element elementor-element-a257bb9 elementor-section-boxed elementor-section-height-default elementor-section-height-default\" data-id=\"a257bb9\" data-element_type=\"section\">\n\t\t\t\t\t\t<div class=\"elementor-container elementor-column-gap-default\">\n\t\t\t\t\t<div class=\"elementor-column elementor-col-50 elementor-top-column elementor-element elementor-element-17f91de\" data-id=\"17f91de\" data-element_type=\"column\">\n\t\t\t<div class=\"elementor-widget-wrap elementor-element-populated\">\n\t\t\t\t\t\t<div class=\"elementor-element elementor-element-fc60498 elementor-widget elementor-widget-heading\" data-id=\"fc60498\" data-element_type=\"widget\" data-widget_type=\"heading.default\">\n\t\t\t\t<div class=\"elementor-widget-container\">\n\t\t\t<style>\/*! elementor - v3.23.0 - 15-07-2024 *\/\n.elementor-heading-title{padding:0;margin:0;line-height:1}.elementor-widget-heading .elementor-heading-title[class*=elementor-size-]>a{color:inherit;font-size:inherit;line-height:inherit}.elementor-widget-heading .elementor-heading-title.elementor-size-small{font-size:15px}.elementor-widget-heading .elementor-heading-title.elementor-size-medium{font-size:19px}.elementor-widget-heading .elementor-heading-title.elementor-size-large{font-size:29px}.elementor-widget-heading .elementor-heading-title.elementor-size-xl{font-size:39px}.elementor-widget-heading .elementor-heading-title.elementor-size-xxl{font-size:59px}<\/style><h2 class=\"elementor-heading-title elementor-size-default\">Customised QR codes for your business<\/h2>\t\t<\/div>\n\t\t\t\t<\/div>\n\t\t\t\t<div class=\"elementor-element elementor-element-dff25a8 elementor-widget elementor-widget-text-editor\" data-id=\"dff25a8\" data-element_type=\"widget\" data-widget_type=\"text-editor.default\">\n\t\t\t\t<div class=\"elementor-widget-container\">\n\t\t\t<style>\/*! elementor - v3.23.0 - 15-07-2024 *\/\n.elementor-widget-text-editor.elementor-drop-cap-view-stacked .elementor-drop-cap{background-color:#69727d;color:#fff}.elementor-widget-text-editor.elementor-drop-cap-view-framed .elementor-drop-cap{color:#69727d;border:3px solid;background-color:transparent}.elementor-widget-text-editor:not(.elementor-drop-cap-view-default) .elementor-drop-cap{margin-top:8px}.elementor-widget-text-editor:not(.elementor-drop-cap-view-default) .elementor-drop-cap-letter{width:1em;height:1em}.elementor-widget-text-editor .elementor-drop-cap{float:left;text-align:center;line-height:1;font-size:50px}.elementor-widget-text-editor .elementor-drop-cap-letter{display:inline-block}<\/style>\t\t\t\t<p>QR codes are much more than just images: they are <strong>direct bridges<\/strong> between the printed world and digital content. With a simple scan, your customers have access to instant and relevant information.<\/p>\t\t\t\t\t\t<\/div>\n\t\t\t\t<\/div>\n\t\t\t\t<div class=\"elementor-element elementor-element-9d6f4bd elementor-widget elementor-widget-heading\" data-id=\"9d6f4bd\" data-element_type=\"widget\" data-widget_type=\"heading.default\">\n\t\t\t\t<div class=\"elementor-widget-container\">\n\t\t\t<h2 class=\"elementor-heading-title elementor-size-default\">Our services<\/h2>\t\t<\/div>\n\t\t\t\t<\/div>\n\t\t\t\t<div class=\"elementor-element elementor-element-133b0f1 elementor-widget__width-initial elementor-widget elementor-widget-text-editor\" data-id=\"133b0f1\" data-element_type=\"widget\" data-widget_type=\"text-editor.default\">\n\t\t\t\t<div class=\"elementor-widget-container\">\n\t\t\t\t\t\t\t<p>At VISION INT, we understand the importance of innovation and connectivity in today's business world. Our QR code services are designed to transform the way you interact with your customers and optimise the way you interact with them.<br \/>your business processes.<br \/><br \/>With VISION INT, you don't just get QR codes, you get an end-to-end solution that propels your business into the future. Contact us and find out how we can help you innovate and connect!<\/p>\t\t\t\t\t\t<\/div>\n\t\t\t\t<\/div>\n\t\t\t\t\t<\/div>\n\t\t<\/div>\n\t\t\t\t<div class=\"elementor-column elementor-col-50 elementor-top-column elementor-element elementor-element-1b5f547\" data-id=\"1b5f547\" data-element_type=\"column\">\n\t\t\t<div class=\"elementor-widget-wrap elementor-element-populated\">\n\t\t\t\t\t\t<div class=\"elementor-element elementor-element-e7992e6 elementor-widget__width-initial elementor-widget elementor-widget-image\" data-id=\"e7992e6\" data-element_type=\"widget\" data-widget_type=\"image.default\">\n\t\t\t\t<div class=\"elementor-widget-container\">\n\t\t\t<style>\/*! elementor - v3.23.0 - 15-07-2024 *\/\n.elementor-widget-image{text-align:center}.elementor-widget-image a{display:inline-block}.elementor-widget-image a img[src$=\".svg\"]{width:48px}.elementor-widget-image img{vertical-align:middle;display:inline-block}<\/style>\t\t\t\t\t\t\t\t\t\t<img fetchpriority=\"high\" decoding=\"async\" width=\"267\" height=\"300\" src=\"https:\/\/visionint.es\/wp-content\/uploads\/2025\/02\/david-foto-ventas-1-267x300.png\" class=\"attachment-medium size-medium wp-image-2898\" alt=\"\" srcset=\"https:\/\/visionint.es\/wp-content\/uploads\/2025\/02\/david-foto-ventas-1-267x300.png 267w, https:\/\/visionint.es\/wp-content\/uploads\/2025\/02\/david-foto-ventas-1-11x12.png 11w, https:\/\/visionint.es\/wp-content\/uploads\/2025\/02\/david-foto-ventas-1.png 343w\" sizes=\"(max-width: 267px) 100vw, 267px\" \/>\t\t\t\t\t\t\t\t\t\t\t\t\t<\/div>\n\t\t\t\t<\/div>\n\t\t\t\t\t<\/div>\n\t\t<\/div>\n\t\t\t\t\t<\/div>\n\t\t<\/section>\n\t\t\t\t<section class=\"elementor-section elementor-top-section elementor-element elementor-element-865ed35 elementor-section-boxed elementor-section-height-default elementor-section-height-default\" data-id=\"865ed35\" data-element_type=\"section\">\n\t\t\t\t\t\t<div class=\"elementor-container elementor-column-gap-default\">\n\t\t\t\t\t<div class=\"elementor-column elementor-col-20 elementor-top-column elementor-element elementor-element-ee975d2\" data-id=\"ee975d2\" data-element_type=\"column\" data-settings=\"{&quot;background_background&quot;:&quot;classic&quot;}\">\n\t\t\t<div class=\"elementor-widget-wrap elementor-element-populated\">\n\t\t\t\t\t\t<div class=\"elementor-element elementor-element-226b722 elementor-widget elementor-widget-text-editor\" data-id=\"226b722\" data-element_type=\"widget\" data-widget_type=\"text-editor.default\">\n\t\t\t\t<div class=\"elementor-widget-container\">\n\t\t\t\t\t\t\t<h4>Points<\/h4><ul class=\"bs-list\"><li><h6>Quick access to information<\/h6><\/li><li><h6>Improved interaction<\/h6><\/li><li><h6>Actual costs<\/h6><\/li><li><h6>Data collection<\/h6><\/li><\/ul>\t\t\t\t\t\t<\/div>\n\t\t\t\t<\/div>\n\t\t\t\t\t<\/div>\n\t\t<\/div>\n\t\t\t\t<div class=\"elementor-column elementor-col-20 elementor-top-column elementor-element elementor-element-5c90c7b\" data-id=\"5c90c7b\" data-element_type=\"column\">\n\t\t\t<div class=\"elementor-widget-wrap\">\n\t\t\t\t\t\t\t<\/div>\n\t\t<\/div>\n\t\t\t\t<div class=\"elementor-column elementor-col-20 elementor-top-column elementor-element elementor-element-bdabc2d\" data-id=\"bdabc2d\" data-element_type=\"column\" data-settings=\"{&quot;background_background&quot;:&quot;classic&quot;}\">\n\t\t\t<div class=\"elementor-widget-wrap elementor-element-populated\">\n\t\t\t\t\t\t<div class=\"elementor-element elementor-element-b705b98 elementor-widget__width-initial elementor-widget elementor-widget-text-editor\" data-id=\"b705b98\" data-element_type=\"widget\" data-widget_type=\"text-editor.default\">\n\t\t\t\t<div class=\"elementor-widget-container\">\n\t\t\t\t\t\t\t<h4>Strategy<\/h4><p>The QR code strategy is based on its ability to connect the physical and digital worlds instantly. By implementing QR codes on products, advertising or events, companies can offer consumers direct access to relevant information, promotions and interactive experiences.<\/p>\t\t\t\t\t\t<\/div>\n\t\t\t\t<\/div>\n\t\t\t\t\t<\/div>\n\t\t<\/div>\n\t\t\t\t<div class=\"elementor-column elementor-col-20 elementor-top-column elementor-element elementor-element-e3880aa\" data-id=\"e3880aa\" data-element_type=\"column\">\n\t\t\t<div class=\"elementor-widget-wrap\">\n\t\t\t\t\t\t\t<\/div>\n\t\t<\/div>\n\t\t\t\t<div class=\"elementor-column elementor-col-20 elementor-top-column elementor-element elementor-element-268127e\" data-id=\"268127e\" data-element_type=\"column\" data-settings=\"{&quot;background_background&quot;:&quot;classic&quot;}\">\n\t\t\t<div class=\"elementor-widget-wrap elementor-element-populated\">\n\t\t\t\t\t\t<div class=\"elementor-element elementor-element-5fab9e4 elementor-widget elementor-widget-text-editor\" data-id=\"5fab9e4\" data-element_type=\"widget\" data-widget_type=\"text-editor.default\">\n\t\t\t\t<div class=\"elementor-widget-container\">\n\t\t\t\t\t\t\t<h4>Benefits<\/h4><p>One of the main benefits of QR codes is their ability to facilitate access to information quickly and efficiently. By scanning a QR code with a mobile device, users can instantly access links, digital menus, promotions or additional information without the need to type in web addresses.<\/p>\t\t\t\t\t\t<\/div>\n\t\t\t\t<\/div>\n\t\t\t\t\t<\/div>\n\t\t<\/div>\n\t\t\t\t\t<\/div>\n\t\t<\/section>\n\t\t\t\t<section class=\"elementor-section elementor-top-section elementor-element elementor-element-1c59551 elementor-section-boxed elementor-section-height-default elementor-section-height-default\" data-id=\"1c59551\" data-element_type=\"section\">\n\t\t\t\t\t\t<div class=\"elementor-container elementor-column-gap-default\">\n\t\t\t\t\t<div class=\"elementor-column elementor-col-100 elementor-top-column elementor-element elementor-element-6579348\" data-id=\"6579348\" data-element_type=\"column\">\n\t\t\t<div class=\"elementor-widget-wrap elementor-element-populated\">\n\t\t\t\t\t\t<div class=\"elementor-element elementor-element-d3bcb7c elementor-widget elementor-widget-spacer\" data-id=\"d3bcb7c\" data-element_type=\"widget\" data-widget_type=\"spacer.default\">\n\t\t\t\t<div class=\"elementor-widget-container\">\n\t\t\t<style>\/*! elementor - v3.23.0 - 15-07-2024 *\/\n.elementor-column .elementor-spacer-inner{height:var(--spacer-size)}.e-con{--container-widget-width:100%}.e-con-inner>.elementor-widget-spacer,.e-con>.elementor-widget-spacer{width:var(--container-widget-width,var(--spacer-size));--align-self:var(--container-widget-align-self,initial);--flex-shrink:0}.e-con-inner>.elementor-widget-spacer>.elementor-widget-container,.e-con>.elementor-widget-spacer>.elementor-widget-container{height:100%;width:100%}.e-con-inner>.elementor-widget-spacer>.elementor-widget-container>.elementor-spacer,.e-con>.elementor-widget-spacer>.elementor-widget-container>.elementor-spacer{height:100%}.e-con-inner>.elementor-widget-spacer>.elementor-widget-container>.elementor-spacer>.elementor-spacer-inner,.e-con>.elementor-widget-spacer>.elementor-widget-container>.elementor-spacer>.elementor-spacer-inner{height:var(--container-widget-height,var(--spacer-size))}.e-con-inner>.elementor-widget-spacer.elementor-widget-empty,.e-con>.elementor-widget-spacer.elementor-widget-empty{position:relative;min-height:22px;min-width:22px}.e-con-inner>.elementor-widget-spacer.elementor-widget-empty .elementor-widget-empty-icon,.e-con>.elementor-widget-spacer.elementor-widget-empty .elementor-widget-empty-icon{position:absolute;top:0;bottom:0;left:0;right:0;margin:auto;padding:0;width:22px;height:22px}<\/style>\t\t<div class=\"elementor-spacer\">\n\t\t\t<div class=\"elementor-spacer-inner\"><\/div>\n\t\t<\/div>\n\t\t\t\t<\/div>\n\t\t\t\t<\/div>\n\t\t\t\t<div class=\"elementor-element elementor-element-312709f elementor-widget elementor-widget-heading\" data-id=\"312709f\" data-element_type=\"widget\" data-widget_type=\"heading.default\">\n\t\t\t\t<div class=\"elementor-widget-container\">\n\t\t\t<h2 class=\"elementor-heading-title elementor-size-default\">Benefits Qr design<\/h2>\t\t<\/div>\n\t\t\t\t<\/div>\n\t\t\t\t\t<\/div>\n\t\t<\/div>\n\t\t\t\t\t<\/div>\n\t\t<\/section>\n\t\t\t\t<section class=\"elementor-section elementor-top-section elementor-element elementor-element-4a05248 elementor-section-boxed elementor-section-height-default elementor-section-height-default\" data-id=\"4a05248\" data-element_type=\"section\">\n\t\t\t\t\t\t<div class=\"elementor-container elementor-column-gap-default\">\n\t\t\t\t\t<div class=\"elementor-column elementor-col-100 elementor-top-column elementor-element elementor-element-eb31983\" data-id=\"eb31983\" data-element_type=\"column\">\n\t\t\t<div class=\"elementor-widget-wrap elementor-element-populated\">\n\t\t\t\t\t\t<div class=\"elementor-element elementor-element-79c4845 elementor-widget elementor-widget-text-editor\" data-id=\"79c4845\" data-element_type=\"widget\" data-widget_type=\"text-editor.default\">\n\t\t\t\t<div class=\"elementor-widget-container\">\n\t\t\t\t\t\t\t<p>Increased trust from potential diners Nowadays, consumers value transparency and accessibility of information. By using QR codes, you can provide your customers with immediate access to menus, ingredients, allergens and special promotions. This facility not only enhances the user experience, but also creates an atmosphere of trust. Diners feel more confident knowing that they can get detailed information about what they are eating, which motivates them to choose your business over others.<\/p>\t\t\t\t\t\t<\/div>\n\t\t\t\t<\/div>\n\t\t\t\t\t<\/div>\n\t\t<\/div>\n\t\t\t\t\t<\/div>\n\t\t<\/section>\n\t\t\t\t<section class=\"elementor-section elementor-top-section elementor-element elementor-element-6217803 elementor-section-boxed elementor-section-height-default elementor-section-height-default\" data-id=\"6217803\" data-element_type=\"section\">\n\t\t\t\t\t\t<div class=\"elementor-container elementor-column-gap-default\">\n\t\t\t\t\t<div class=\"elementor-column elementor-col-100 elementor-top-column elementor-element elementor-element-6d41128\" data-id=\"6d41128\" data-element_type=\"column\">\n\t\t\t<div class=\"elementor-widget-wrap elementor-element-populated\">\n\t\t\t\t\t\t<div class=\"elementor-element elementor-element-3359772 elementor-widget elementor-widget-spacer\" data-id=\"3359772\" data-element_type=\"widget\" data-widget_type=\"spacer.default\">\n\t\t\t\t<div class=\"elementor-widget-container\">\n\t\t\t\t\t<div class=\"elementor-spacer\">\n\t\t\t<div class=\"elementor-spacer-inner\"><\/div>\n\t\t<\/div>\n\t\t\t\t<\/div>\n\t\t\t\t<\/div>\n\t\t\t\t<div class=\"elementor-element elementor-element-2406742 elementor-widget elementor-widget-heading\" data-id=\"2406742\" data-element_type=\"widget\" data-widget_type=\"heading.default\">\n\t\t\t\t<div class=\"elementor-widget-container\">\n\t\t\t<h2 class=\"elementor-heading-title elementor-size-default\">Benefits monthly payment Qr<\/h2>\t\t<\/div>\n\t\t\t\t<\/div>\n\t\t\t\t<div class=\"elementor-element elementor-element-4abcbec elementor-widget__width-initial elementor-widget elementor-widget-text-editor\" data-id=\"4abcbec\" data-element_type=\"widget\" data-widget_type=\"text-editor.default\">\n\t\t\t\t<div class=\"elementor-widget-container\">\n\t\t\t\t\t\t\t<p>Customer information; city, phone and mailing address for email and WhatsApp marketing campaigns. Monthly payment via QR codes has become a popular option for many businesses, and the benefits are significant for both merchants and consumers.<\/p>\t\t\t\t\t\t<\/div>\n\t\t\t\t<\/div>\n\t\t\t\t\t<\/div>\n\t\t<\/div>\n\t\t\t\t\t<\/div>\n\t\t<\/section>\n\t\t\t\t<\/div>","protected":false},"excerpt":{"rendered":"<p>C\u00f3digos QR a la medida de tu negocio Los c\u00f3digos QR son mucho m\u00e1s que im\u00e1genes: son puentes directos entre el mundo impreso y el contenido digital. Con un simple escaneo, tus clientes acceden a informaci\u00f3n instant\u00e1nea y relevante. Nuestros servicios En VISION INT, entendemos la importancia de la innovaci\u00f3n y la conectividad en el [&hellip;]<\/p>","protected":false},"author":3,"featured_media":0,"parent":0,"menu_order":0,"comment_status":"closed","ping_status":"closed","template":"","meta":{"inline_featured_image":false,"_monsterinsights_skip_tracking":false,"_monsterinsights_sitenote_active":false,"_monsterinsights_sitenote_note":"","_monsterinsights_sitenote_category":0,"footnotes":""},"class_list":["post-2879","page","type-page","status-publish","hentry"],"yoast_head":"<!-- This site is optimized with the Yoast SEO plugin v24.7 - https:\/\/yoast.com\/wordpress\/plugins\/seo\/ -->\n<title>Dise\u00f1os c\u00f3digos QR. - VISION INT<\/title>\n<meta name=\"robots\" content=\"index, follow, max-snippet:-1, max-image-preview:large, max-video-preview:-1\" \/>\n<link rel=\"canonical\" href=\"https:\/\/visionint.es\/en\/disenos-codigos-qr\/\" \/>\n<meta property=\"og:locale\" content=\"en_GB\" \/>\n<meta property=\"og:type\" content=\"article\" \/>\n<meta property=\"og:title\" content=\"Dise\u00f1os c\u00f3digos QR. - VISION INT\" \/>\n<meta property=\"og:url\" content=\"https:\/\/visionint.es\/en\/disenos-codigos-qr\/\" \/>\n<meta property=\"og:site_name\" content=\"VISION INT\" \/>\n<meta property=\"article:modified_time\" content=\"2025-03-04T20:12:04+00:00\" \/>\n<meta property=\"og:image\" content=\"https:\/\/visionint.es\/wp-content\/uploads\/2025\/02\/david-foto-ventas-1-267x300.png\" \/>\n<meta name=\"twitter:card\" content=\"summary_large_image\" \/>\n<meta name=\"twitter:label1\" content=\"Estimated reading time\" \/>\n\t<meta name=\"twitter:data1\" content=\"2 minutes\" \/>\n<script type=\"application\/ld+json\" class=\"yoast-schema-graph\">{\"@context\":\"https:\/\/schema.org\",\"@graph\":[{\"@type\":\"WebPage\",\"@id\":\"https:\/\/visionint.es\/disenos-codigos-qr\/\",\"url\":\"https:\/\/visionint.es\/disenos-codigos-qr\/\",\"name\":\"Dise\u00f1os c\u00f3digos QR. - VISION INT\",\"isPartOf\":{\"@id\":\"https:\/\/visionint.es\/#website\"},\"primaryImageOfPage\":{\"@id\":\"https:\/\/visionint.es\/disenos-codigos-qr\/#primaryimage\"},\"image\":{\"@id\":\"https:\/\/visionint.es\/disenos-codigos-qr\/#primaryimage\"},\"thumbnailUrl\":\"https:\/\/visionint.es\/wp-content\/uploads\/2025\/02\/david-foto-ventas-1-267x300.png\",\"datePublished\":\"2025-02-20T16:44:32+00:00\",\"dateModified\":\"2025-03-04T20:12:04+00:00\",\"breadcrumb\":{\"@id\":\"https:\/\/visionint.es\/disenos-codigos-qr\/#breadcrumb\"},\"inLanguage\":\"en-GB\",\"potentialAction\":[{\"@type\":\"ReadAction\",\"target\":[\"https:\/\/visionint.es\/disenos-codigos-qr\/\"]}]},{\"@type\":\"ImageObject\",\"inLanguage\":\"en-GB\",\"@id\":\"https:\/\/visionint.es\/disenos-codigos-qr\/#primaryimage\",\"url\":\"https:\/\/visionint.es\/wp-content\/uploads\/2025\/02\/david-foto-ventas-1-267x300.png\",\"contentUrl\":\"https:\/\/visionint.es\/wp-content\/uploads\/2025\/02\/david-foto-ventas-1-267x300.png\"},{\"@type\":\"BreadcrumbList\",\"@id\":\"https:\/\/visionint.es\/disenos-codigos-qr\/#breadcrumb\",\"itemListElement\":[{\"@type\":\"ListItem\",\"position\":1,\"name\":\"VISION\",\"item\":\"https:\/\/visionint.es\/\"},{\"@type\":\"ListItem\",\"position\":2,\"name\":\"Dise\u00f1os c\u00f3digos QR.\"}]},{\"@type\":\"WebSite\",\"@id\":\"https:\/\/visionint.es\/#website\",\"url\":\"https:\/\/visionint.es\/\",\"name\":\"VISION INT\",\"description\":\"\",\"publisher\":{\"@id\":\"https:\/\/visionint.es\/#organization\"},\"potentialAction\":[{\"@type\":\"SearchAction\",\"target\":{\"@type\":\"EntryPoint\",\"urlTemplate\":\"https:\/\/visionint.es\/?s={search_term_string}\"},\"query-input\":{\"@type\":\"PropertyValueSpecification\",\"valueRequired\":true,\"valueName\":\"search_term_string\"}}],\"inLanguage\":\"en-GB\"},{\"@type\":\"Organization\",\"@id\":\"https:\/\/visionint.es\/#organization\",\"name\":\"VISION\",\"url\":\"https:\/\/visionint.es\/\",\"logo\":{\"@type\":\"ImageObject\",\"inLanguage\":\"en-GB\",\"@id\":\"https:\/\/visionint.es\/#\/schema\/logo\/image\/\",\"url\":\"https:\/\/visionint.es\/wp-content\/uploads\/2021\/11\/cropped-1636222990844_VISION-LOGO-FINAL-1-e1636581871560.png\",\"contentUrl\":\"https:\/\/visionint.es\/wp-content\/uploads\/2021\/11\/cropped-1636222990844_VISION-LOGO-FINAL-1-e1636581871560.png\",\"width\":512,\"height\":495,\"caption\":\"VISION\"},\"image\":{\"@id\":\"https:\/\/visionint.es\/#\/schema\/logo\/image\/\"},\"sameAs\":[\"https:\/\/instagram.com\/visionint_\"]}]}<\/script>\n<!-- \/ Yoast SEO plugin. -->","yoast_head_json":{"title":"Dise\u00f1os c\u00f3digos QR. - VISION INT","robots":{"index":"index","follow":"follow","max-snippet":"max-snippet:-1","max-image-preview":"max-image-preview:large","max-video-preview":"max-video-preview:-1"},"canonical":"https:\/\/visionint.es\/en\/disenos-codigos-qr\/","og_locale":"en_GB","og_type":"article","og_title":"Dise\u00f1os c\u00f3digos QR. - VISION INT","og_url":"https:\/\/visionint.es\/en\/disenos-codigos-qr\/","og_site_name":"VISION INT","article_modified_time":"2025-03-04T20:12:04+00:00","og_image":[{"url":"https:\/\/visionint.es\/wp-content\/uploads\/2025\/02\/david-foto-ventas-1-267x300.png","type":"","width":"","height":""}],"twitter_card":"summary_large_image","twitter_misc":{"Estimated reading time":"2 minutes"},"schema":{"@context":"https:\/\/schema.org","@graph":[{"@type":"WebPage","@id":"https:\/\/visionint.es\/disenos-codigos-qr\/","url":"https:\/\/visionint.es\/disenos-codigos-qr\/","name":"Dise\u00f1os c\u00f3digos QR. - VISION INT","isPartOf":{"@id":"https:\/\/visionint.es\/#website"},"primaryImageOfPage":{"@id":"https:\/\/visionint.es\/disenos-codigos-qr\/#primaryimage"},"image":{"@id":"https:\/\/visionint.es\/disenos-codigos-qr\/#primaryimage"},"thumbnailUrl":"https:\/\/visionint.es\/wp-content\/uploads\/2025\/02\/david-foto-ventas-1-267x300.png","datePublished":"2025-02-20T16:44:32+00:00","dateModified":"2025-03-04T20:12:04+00:00","breadcrumb":{"@id":"https:\/\/visionint.es\/disenos-codigos-qr\/#breadcrumb"},"inLanguage":"en-GB","potentialAction":[{"@type":"ReadAction","target":["https:\/\/visionint.es\/disenos-codigos-qr\/"]}]},{"@type":"ImageObject","inLanguage":"en-GB","@id":"https:\/\/visionint.es\/disenos-codigos-qr\/#primaryimage","url":"https:\/\/visionint.es\/wp-content\/uploads\/2025\/02\/david-foto-ventas-1-267x300.png","contentUrl":"https:\/\/visionint.es\/wp-content\/uploads\/2025\/02\/david-foto-ventas-1-267x300.png"},{"@type":"BreadcrumbList","@id":"https:\/\/visionint.es\/disenos-codigos-qr\/#breadcrumb","itemListElement":[{"@type":"ListItem","position":1,"name":"VISION","item":"https:\/\/visionint.es\/"},{"@type":"ListItem","position":2,"name":"Dise\u00f1os c\u00f3digos QR."}]},{"@type":"WebSite","@id":"https:\/\/visionint.es\/#website","url":"https:\/\/visionint.es\/","name":"VISION INT","description":"","publisher":{"@id":"https:\/\/visionint.es\/#organization"},"potentialAction":[{"@type":"SearchAction","target":{"@type":"EntryPoint","urlTemplate":"https:\/\/visionint.es\/?s={search_term_string}"},"query-input":{"@type":"PropertyValueSpecification","valueRequired":true,"valueName":"search_term_string"}}],"inLanguage":"en-GB"},{"@type":"Organization","@id":"https:\/\/visionint.es\/#organization","name":"VISION","url":"https:\/\/visionint.es\/","logo":{"@type":"ImageObject","inLanguage":"en-GB","@id":"https:\/\/visionint.es\/#\/schema\/logo\/image\/","url":"https:\/\/visionint.es\/wp-content\/uploads\/2021\/11\/cropped-1636222990844_VISION-LOGO-FINAL-1-e1636581871560.png","contentUrl":"https:\/\/visionint.es\/wp-content\/uploads\/2021\/11\/cropped-1636222990844_VISION-LOGO-FINAL-1-e1636581871560.png","width":512,"height":495,"caption":"VISION"},"image":{"@id":"https:\/\/visionint.es\/#\/schema\/logo\/image\/"},"sameAs":["https:\/\/instagram.com\/visionint_"]}]}},"_links":{"self":[{"href":"https:\/\/visionint.es\/en\/wp-json\/wp\/v2\/pages\/2879","targetHints":{"allow":["GET"]}}],"collection":[{"href":"https:\/\/visionint.es\/en\/wp-json\/wp\/v2\/pages"}],"about":[{"href":"https:\/\/visionint.es\/en\/wp-json\/wp\/v2\/types\/page"}],"author":[{"embeddable":true,"href":"https:\/\/visionint.es\/en\/wp-json\/wp\/v2\/users\/3"}],"replies":[{"embeddable":true,"href":"https:\/\/visionint.es\/en\/wp-json\/wp\/v2\/comments?post=2879"}],"version-history":[{"count":40,"href":"https:\/\/visionint.es\/en\/wp-json\/wp\/v2\/pages\/2879\/revisions"}],"predecessor-version":[{"id":2940,"href":"https:\/\/visionint.es\/en\/wp-json\/wp\/v2\/pages\/2879\/revisions\/2940"}],"wp:attachment":[{"href":"https:\/\/visionint.es\/en\/wp-json\/wp\/v2\/media?parent=2879"}],"curies":[{"name":"wp","href":"https:\/\/api.w.org\/{rel}","templated":true}]}}