{"id":995,"date":"2021-11-10T21:51:48","date_gmt":"2021-11-10T21:51:48","guid":{"rendered":"http:\/\/visionint.es\/?page_id=995"},"modified":"2021-11-10T21:51:48","modified_gmt":"2021-11-10T21:51:48","slug":"aviso-legal","status":"publish","type":"page","link":"https:\/\/visionint.es\/ca\/aviso-legal\/","title":{"rendered":"Av\u00eds Legal"},"content":{"rendered":"<h2 class=\"gb-headline gb-headline-0f1d3891 gb-headline-text\">I. INFORMACI\u00d3 GENERAL<\/h2>\n\n\n\n<p>En compliment amb el deure informaci\u00f3 disposat a la Llei 34\/2002 de Serveis de la Societat de<br>la Informaci\u00f3 i el Comer\u00e7 Electr\u00f2nic (LSSI-CE) d&#039;11 de juliol, es faciliten a continuaci\u00f3 els seg\u00fcents<br>dades d&#039;informaci\u00f3 general d&#039;aquest lloc web:<br>La titularitat d&#039;aquest lloc web, visionint.es, (d&#039;ara endavant, Lloc Web) l&#039;ostenta: David Ari\u00f1o Pellejero, amb<br>NIF: 48223969F, les dades de contacte de les quals s\u00f3n:<br>Adre\u00e7a: C\/ Maria Auxiliadora, No86-90, 08912 \u2013 Badalona (Catalunya)<br>Tel\u00e8fon de contacte: 629862368<br>Email de contacte: info@visionint.es<\/p>\n\n\n\n<h2 class=\"wp-block-heading\">II. TERMES I CONDICIONS GENERALS D&#039;\u00daS<\/h2>\n\n\n\n<h3 class=\"wp-block-heading\">L&#039;objecte de les condicions: El Lloc Web<\/h3>\n\n\n\n<p>L&#039;objecte de les presents Condicions Generals d&#039;\u00das (d&#039;ara endavant, Condicions) \u00e9s regular l&#039;acc\u00e9s i<br>la utilitzaci\u00f3 del Lloc Web. Als efectes de les presents Condicions s&#039;entendr\u00e0 com a Lloc Web: la<br>aparen\u00e7a externa de les interf\u00edcies de pantalla, tant de forma est\u00e0tica com de forma din\u00e0mica, \u00e9s<br>dir, l&#039;arbre de navegaci\u00f3; i tots els elements integrats tant a les interf\u00edcies de pantalla com a<br>l&#039;arbre de navegaci\u00f3 (d&#039;ara endavant, Continguts) i tots aquells serveis o recursos en l\u00ednia que a la seva<br>cas ofereixi als Usuaris (d&#039;ara endavant, Serveis).<br>VISION es reserva la facultat de modificar, en qualsevol moment, i sense av\u00eds previ, la presentaci\u00f3 i<br>configuraci\u00f3 del Lloc Web i dels Continguts i Serveis que hi poguessin estar incorporats. El<br>Usuari reconeix i accepta que en qualsevol moment VISION pugui interrompre, desactivar i\/o cancel\u00b7lar<br>qualsevol d&#039;aquests elements que s&#039;integren al Lloc Web o accedir-hi.<br>L&#039;acc\u00e9s al Lloc Web per l&#039;Usuari t\u00e9 car\u00e0cter lliure i, per regla general, \u00e9s gratu\u00eft sense que l&#039;Usuari<br>hagi de proporcionar una contraprestaci\u00f3 per poder gaudir-ne, excepte pel que fa al cost de<br>connexi\u00f3 a trav\u00e9s de la xarxa de telecomunicacions subministrada pel prove\u00efdor d&#039;acc\u00e9s que hi hagu\u00e9s<br>contractat l&#039;usuari.<br>La utilitzaci\u00f3 d&#039;algun dels continguts o serveis del lloc web es pot fer mitjan\u00e7ant la subscripci\u00f3<br>o registre previ de l&#039;Usuari.<\/p>\n\n\n\n<h3 class=\"wp-block-heading\">L&#039;Usuari<\/h3>\n\n\n\n<p>L&#039;acc\u00e9s, la navegaci\u00f3 i l&#039;\u00fas del Lloc Web, aix\u00ed com pels espais habilitats per interactuar entre<br>els Usuaris, i l&#039;Usuari i VISI\u00d3, com els comentaris i\/o espais de blogging, confereix la condici\u00f3<br>d&#039;Usuari, per aix\u00f2 s&#039;accepten, des que s&#039;inicia la navegaci\u00f3 pel Lloc Web, totes les<br>Condicions aqu\u00ed establertes, aix\u00ed com les seves ulteriors modificacions, sens perjudici de l&#039;aplicaci\u00f3 de la<br>corresponent normativa legal de compliment obligat segons el cas. Donada la rellev\u00e0ncia del<br>anterior, es recomana a l&#039;Usuari llegir-les cada vegada que visiteu el Lloc Web.<br>El Lloc Web de VISION proporciona una gran diversitat d&#039;informaci\u00f3, serveis i dades. L&#039;Usuari assumeix la seva<br>responsabilitat per fer un \u00fas correcte del Lloc Web. Aquesta responsabilitat s&#039;estendr\u00e0 a:<\/p>\n\n\n\n<p><br>Un \u00fas de la informaci\u00f3, Continguts i\/o Serveis i dades ofertes per VISION sense que sigui<br>contrari al que disposen aquestes Condicions, la Llei, la moral o l&#039;ordre p\u00fablic, o que doni<br>qualsevol altra manera puguin suposar lesi\u00f3 dels drets de tercers o del mateix funcionament<br>del Lloc Web.<br>La veracitat i licitud de les informacions aportades per l&#039;Usuari als formularis estesos<br>per VISION per a l&#039;acc\u00e9s a certs Continguts o Serveis oferts pel Lloc Web. En tot cas,<br>l&#039;Usuari notificar\u00e0 de forma immediata a VISION sobre qualsevol fet que en permeti l&#039;\u00fas<br>indegut de la informaci\u00f3 registrada en aquests formularis, com ara, per\u00f2 no nom\u00e9s, el robatori,<br>p\u00e8rdua, o l&#039;acc\u00e9s no autoritzat a identificadors i\/o contrasenyes, per tal de procedir-ne a<br>immediata cancel\u00b7laci\u00f3.<\/p>\n\n\n\n<p><br>VISION es reserva el dret de retirar tots aquells comentaris i aportacions que vulnerin la llei, el<br>respecte a la dignitat de la persona, que siguin discriminatoris, xen\u00f2fobs, racistes, pornogr\u00e0fics,<br>spamming, que atemptin contra la joventut o la inf\u00e0ncia, l&#039;ordre o la seguretat p\u00fablica o que, al seu parer,<br>no resultaran adequats per a la publicaci\u00f3.<br>En qualsevol cas, VISION no ser\u00e0 responsable de les opinions abocades pels Usuaris a trav\u00e9s de<br>comentaris o altres eines de blogging o de participaci\u00f3 que hi pugui haver.<br>El mer acc\u00e9s a aquest Lloc Web no suposa entaular cap tipus de relaci\u00f3 de car\u00e0cter comercial entre<br>VISI\u00d3 i l&#039;Usuari.<br>L&#039;Usuari declara ser m\u00e9s gran i disposar de la capacitat jur\u00eddica suficient per vincular-se per les<br>presents Condicions. Per tant, aquest Lloc Web de VISION no s&#039;adre\u00e7a a menors d&#039;edat. VISI\u00d3<br>declina qualsevol responsabilitat per incomplir aquest requisit.<br>El Lloc Web est\u00e0 dirigit principalment a Usuaris residents a Espanya. VISI\u00d3 no assegura que el Lloc<br>Web compleixi amb legislacions d&#039;altres pa\u00efsos, ja sigui totalment o parcialment. Si l&#039;Usuari resideix o t\u00e9 el vostre<br>domiciliat en un altre lloc i decideix accedir i\/o navegar al Lloc Web ho far\u00e0 sota la seva pr\u00f2pia<br>responsabilitat, assegureu-vos que aquest acc\u00e9s i navegaci\u00f3 compleix amb la legislaci\u00f3 local que us<br>\u00e9s aplicable, no assumint VISION cap responsabilitat que es pugui derivar del dit acc\u00e9s.<\/p>\n\n\n\n<h2 class=\"gb-headline gb-headline-8987e936 gb-headline-text\">III. ACC\u00c9S I NAVEGACI\u00d3 AL LLOC WEB:<br>EXCLUSI\u00d3 DE GARANTIES I RESPONSABILITAT<\/h2>\n\n\n\n<p>VISION no garanteix la continu\u00eftat, disponibilitat i utilitat del Lloc Web, ni dels Continguts o Serveis.<br>VISION far\u00e0 tot el possible pel bon funcionament del Lloc Web, per\u00f2 no es responsabilitza ni<br>garanteix que l&#039;acc\u00e9s a aquest Lloc Web no sigui ininterromput o que estigui lliure d&#039;error.<br>Tampoc no es responsabilitza o garanteix que el contingut o programari al qual es pugui accedir a trav\u00e9s de<\/p>\n\n\n\n<p>aquest Lloc Web, estigui lliure derror o causi un dany al sistema inform\u00e0tic (programari i maquinari) del<br>Usuari. En cap cas VISION ser\u00e0 responsable per les p\u00e8rdues, danys o perjudicis de qualsevol tipus que<br>sorgeixin per l&#039;acc\u00e9s, navegaci\u00f3 i \u00fas del Lloc Web, incloent-se, per\u00f2 no limitant-se, als<br>ocasionats als sistemes inform\u00e0tics o els provocats per la introducci\u00f3 de virus.<br>VISION tampoc no es fa responsable dels danys que poguessin ocasionar-se als usuaris per un \u00fas<br>inadequat d&#039;aquest Lloc Web. En particular, no es fa responsable de cap manera de les caigudes,<br>interrupcions, manca o defecte de les telecomunicacions que poguessin oc\u00f3rrer.<\/p>\n\n\n\n<h2 class=\"wp-block-heading\">IV. POL\u00cdTICA D&#039;ENLLA\u00c7OS<\/h2>\n\n\n\n<p>S&#039;informa que el Lloc Web de VISION posa o pot posar a disposici\u00f3 dels usuaris mitjans d&#039;enlla\u00e7<br>(com, entre d&#039;altres, links, banners, botons), directoris i motors de cerca que permeten als<br>Usuaris accedir a llocs web pertanyents i\/o gestionats per tercers.<br>La instal\u00b7laci\u00f3 d&#039;aquests enlla\u00e7os, directoris i motors de cerca al Lloc Web t\u00e9 per objecte facilitar<br>als Usuaris la cerca de i acc\u00e9s a la informaci\u00f3 disponible a Internet, sense que es pugui considerar<br>un suggeriment, recomanaci\u00f3 o invitaci\u00f3 per a la visita dels mateixos.<br>VISION no ofereix ni comercialitza per si ni per mitj\u00e0 de tercers els productes i\/o serveis disponibles a<br>aquests llocs enlla\u00e7ats.<br>Aix\u00ed mateix, tampoc garantir\u00e0 la disponibilitat t\u00e8cnica, exactitud, veracitat, validesa o legalitat de llocs<br>aliens a la seva propietat a qu\u00e8 es pugui accedir per mitj\u00e0 dels enlla\u00e7os.<br>VISION en cap cas revisar\u00e0 o controlar\u00e0 el contingut d&#039;altres llocs web, aix\u00ed com tampoc no aprova,<br>examina ni fa propis els productes i serveis, continguts, arxius i qualsevol altre material existent<br>en els referits llocs enlla\u00e7ats.<br>VISION no assumeix cap responsabilitat pels danys i perjudicis que poguessin produir-se pel<br>acc\u00e9s, \u00fas, qualitat o licitud dels continguts, comunicacions, opinions, productes i serveis dels<br>llocs web no gestionats per VISION i que siguin enlla\u00e7ats en aquest Lloc Web.<br>L&#039;Usuari o tercer que faci un hiperenlla\u00e7 des d&#039;una p\u00e0gina web d&#039;un altre, diferent, lloc web al Lloc<br>Web de VISION haur\u00e0 de saber que:<br>No es permet la reproducci\u00f3 \u2014totalment o parcialment\u2014 de cap dels Continguts i\/o Serveis del Lloc<br>Web sense autoritzaci\u00f3 expressa de VISION.<br>No es permet tampoc cap manifestaci\u00f3 falsa, inexacta o incorrecta sobre el Lloc Web de VISION, ni<br>sobre els continguts i\/o serveis del mateix.<br>A excepci\u00f3 de l&#039;hiperenlla\u00e7, el lloc web on s&#039;estableixi aquest hiperenlla\u00e7 no contindr\u00e0 cap<br>element, d&#039;aquest Lloc Web, protegit com a propietat intel\u00b7lectual per l&#039;ordenament jur\u00eddic espanyol,<br>excepte autoritzaci\u00f3 expressa de VISION.<br>L&#039;establiment de l&#039;hipervincle no implicar\u00e0 l&#039;exist\u00e8ncia de relacions entre VISION i el titular del<br>lloc web des del qual es realitzi, ni el coneixement i acceptaci\u00f3 de VISION dels continguts, serveis<br>i\/o activitats oferts en aquest lloc web, i viceversa.<\/p>\n\n\n\n<h2 class=\"wp-block-heading\">V. PROPIETAT INTEL\u00b7LECTUAL I INDUSTRIAL<\/h2>\n\n\n\n<p>VISI\u00d3 per si o com a part cession\u00e0ria, \u00e9s titular de tots els drets de propietat intel\u00b7lectual i industrial<br>del Lloc Web, aix\u00ed com dels elements continguts en aquest (a t\u00edtol enunciatiu i no exhaustiu,<br>imatges, so, \u00e0udio, v\u00eddeo, programari o textos, marques o logotips, combinacions de colors,<br>estructura i disseny, selecci\u00f3 de materials usats, programes d&#039;ordinador necessaris per al vostre<br>funcionament, acc\u00e9s i \u00fas, etc.). Seran, per tant, obres protegides com a propietat intel\u00b7lectual<br>per l&#039;ordenament jur\u00eddic espanyol, sent-los aplicables tant la normativa espanyola i comunit\u00e0ria a<br>aquest camp, com els tractats internacionals relatius a la mat\u00e8ria i subscrits per Espanya.<br>Tots els drets reservats. En virtut del que disposa la Llei de Propietat Intel\u00b7lectual, queden<br>expressament prohibides la reproducci\u00f3, la distribuci\u00f3 i la comunicaci\u00f3 p\u00fablica, inclosa la seva modalitat<br>de posada a disposici\u00f3, de la totalitat o part dels continguts d&#039;aquesta p\u00e0gina web, amb finalitat<br>comercials, en qualsevol suport i per qualsevol mitj\u00e0 t\u00e8cnic, sense lautoritzaci\u00f3 de VISION.<br>L&#039;usuari es compromet a respectar els drets de propietat intel\u00b7lectual i industrial de VISION. Podr\u00e0<br>visualitzar els elements del Lloc Web o fins i tot imprimir-los, copiar-los i emmagatzemar-los al disc dur de<br>el vostre ordinador o en qualsevol altre suport f\u00edsic sempre que sigui, exclusivament, per al seu \u00fas<br>personal. L&#039;Usuari, per\u00f2, no podr\u00e0 suprimir, alterar, o manipular qualsevol dispositiu de<br>protecci\u00f3 o sistema de seguretat que estigu\u00e9s instal\u00b7lat al Lloc Web.<br>En cas que l&#039;Usuari o tercer consideri que qualsevol dels Continguts del Lloc Web suposi una<br>violaci\u00f3 dels drets de protecci\u00f3 de la propietat intel\u00b7lectual, ho haur\u00e0 de comunicar immediatament a<br>VISI\u00d3 a trav\u00e9s de les dades de contacte de l&#039;apartat d&#039;INFORMACI\u00d3 GENERAL d&#039;aquest Av\u00eds Legal i<br>Condicions generals d&#039;\u00fas.<\/p>\n\n\n\n<h2 class=\"gb-headline gb-headline-fda0ff90 gb-headline-text\">VI. ACCIONS LEGALS, LEGISLACI\u00d3 APLICABLE I<br>JURISDICCI\u00d3<\/h2>\n\n\n\n<p>VISION es reserva la facultat de presentar les accions civils o penals que consideri necess\u00e0ries per la<br>utilitzaci\u00f3 indeguda del Lloc Web i Continguts, o per l&#039;incompliment de les presents Condicions.<br>La relaci\u00f3 entre l&#039;Usuari i la VISION es regir\u00e0 per la normativa vigent i d&#039;aplicaci\u00f3 al territori<br>espanyol. De sorgir qualsevol controv\u00e8rsia en relaci\u00f3 amb la interpretaci\u00f3 i\/o l&#039;aplicaci\u00f3 d&#039;aquestes<br>Condicions les parts sotmetran els seus conflictes a la jurisdicci\u00f3 ordin\u00e0ria sotmetent-se als jutges i<br>tribunals que corresponguin conforme a dret.<br>Aquest document d&#039;Av\u00eds Legal i Condicions Generals d&#039;\u00fas del lloc web ha estat creat mitjan\u00e7ant el<br>generador de plantilla d&#039;av\u00eds legal i condicions d&#039;\u00fas en l\u00ednia el dia 10\/11\/2021.<\/p>","protected":false},"excerpt":{"rendered":"<p>En cumplimiento con el deber de informaci\u00f3n dispuesto en la Ley 34\/2002 de Servicios de la Sociedad dela Informaci\u00f3n y el Comercio Electr\u00f3nico (LSSI-CE) de 11 de julio, se facilitan a continuaci\u00f3n los siguientesdatos de informaci\u00f3n general de este sitio web:La titularidad de este sitio web, visionint.es, (en adelante, Sitio Web) la ostenta: David Ari\u00f1o [&hellip;]<\/p>","protected":false},"author":1,"featured_media":0,"parent":0,"menu_order":0,"comment_status":"closed","ping_status":"closed","template":"","meta":{"inline_featured_image":false,"_monsterinsights_skip_tracking":false,"_monsterinsights_sitenote_active":false,"_monsterinsights_sitenote_note":"","_monsterinsights_sitenote_category":0,"footnotes":""},"class_list":["post-995","page","type-page","status-publish","hentry"],"yoast_head":"<!-- This site is optimized with the Yoast SEO plugin v24.7 - https:\/\/yoast.com\/wordpress\/plugins\/seo\/ -->\n<title>Aviso Legal - VISION INT<\/title>\n<meta name=\"description\" content=\"Aqu\u00ed pod\u00e9is consultar el Aviso Legal de VISION, rogamos que para cualquier duda sobre la legalidad de VISION, escrib\u00e1is a info@visionint.es\" \/>\n<meta name=\"robots\" content=\"index, follow, max-snippet:-1, max-image-preview:large, max-video-preview:-1\" \/>\n<link rel=\"canonical\" href=\"https:\/\/visionint.es\/ca\/aviso-legal\/\" \/>\n<meta property=\"og:locale\" content=\"ca_ES\" \/>\n<meta property=\"og:type\" content=\"article\" \/>\n<meta property=\"og:title\" content=\"Aviso Legal - VISION INT\" \/>\n<meta property=\"og:description\" content=\"Aqu\u00ed pod\u00e9is consultar el Aviso Legal de VISION, rogamos que para cualquier duda sobre la legalidad de VISION, escrib\u00e1is a info@visionint.es\" \/>\n<meta property=\"og:url\" content=\"https:\/\/visionint.es\/ca\/aviso-legal\/\" \/>\n<meta property=\"og:site_name\" content=\"VISION INT\" \/>\n<meta name=\"twitter:card\" content=\"summary_large_image\" \/>\n<meta name=\"twitter:label1\" content=\"Temps estimat de lectura\" \/>\n\t<meta name=\"twitter:data1\" content=\"9 minuts\" \/>\n<script type=\"application\/ld+json\" class=\"yoast-schema-graph\">{\"@context\":\"https:\/\/schema.org\",\"@graph\":[{\"@type\":\"WebPage\",\"@id\":\"https:\/\/visionint.es\/aviso-legal\/\",\"url\":\"https:\/\/visionint.es\/aviso-legal\/\",\"name\":\"Aviso Legal - VISION INT\",\"isPartOf\":{\"@id\":\"https:\/\/visionint.es\/#website\"},\"datePublished\":\"2021-11-10T21:51:48+00:00\",\"description\":\"Aqu\u00ed pod\u00e9is consultar el Aviso Legal de VISION, rogamos que para cualquier duda sobre la legalidad de VISION, escrib\u00e1is a info@visionint.es\",\"breadcrumb\":{\"@id\":\"https:\/\/visionint.es\/aviso-legal\/#breadcrumb\"},\"inLanguage\":\"ca\",\"potentialAction\":[{\"@type\":\"ReadAction\",\"target\":[\"https:\/\/visionint.es\/aviso-legal\/\"]}]},{\"@type\":\"BreadcrumbList\",\"@id\":\"https:\/\/visionint.es\/aviso-legal\/#breadcrumb\",\"itemListElement\":[{\"@type\":\"ListItem\",\"position\":1,\"name\":\"VISION\",\"item\":\"https:\/\/visionint.es\/\"},{\"@type\":\"ListItem\",\"position\":2,\"name\":\"Aviso Legal\"}]},{\"@type\":\"WebSite\",\"@id\":\"https:\/\/visionint.es\/#website\",\"url\":\"https:\/\/visionint.es\/\",\"name\":\"VISION INT\",\"description\":\"\",\"publisher\":{\"@id\":\"https:\/\/visionint.es\/#organization\"},\"potentialAction\":[{\"@type\":\"SearchAction\",\"target\":{\"@type\":\"EntryPoint\",\"urlTemplate\":\"https:\/\/visionint.es\/?s={search_term_string}\"},\"query-input\":{\"@type\":\"PropertyValueSpecification\",\"valueRequired\":true,\"valueName\":\"search_term_string\"}}],\"inLanguage\":\"ca\"},{\"@type\":\"Organization\",\"@id\":\"https:\/\/visionint.es\/#organization\",\"name\":\"VISION\",\"url\":\"https:\/\/visionint.es\/\",\"logo\":{\"@type\":\"ImageObject\",\"inLanguage\":\"ca\",\"@id\":\"https:\/\/visionint.es\/#\/schema\/logo\/image\/\",\"url\":\"https:\/\/visionint.es\/wp-content\/uploads\/2021\/11\/cropped-1636222990844_VISION-LOGO-FINAL-1-e1636581871560.png\",\"contentUrl\":\"https:\/\/visionint.es\/wp-content\/uploads\/2021\/11\/cropped-1636222990844_VISION-LOGO-FINAL-1-e1636581871560.png\",\"width\":512,\"height\":495,\"caption\":\"VISION\"},\"image\":{\"@id\":\"https:\/\/visionint.es\/#\/schema\/logo\/image\/\"},\"sameAs\":[\"https:\/\/instagram.com\/visionint_\"]}]}<\/script>\n<!-- \/ Yoast SEO plugin. -->","yoast_head_json":{"title":"Aviso Legal - VISION INT","description":"Aqu\u00ed pod\u00e9is consultar el Aviso Legal de VISION, rogamos que para cualquier duda sobre la legalidad de VISION, escrib\u00e1is a info@visionint.es","robots":{"index":"index","follow":"follow","max-snippet":"max-snippet:-1","max-image-preview":"max-image-preview:large","max-video-preview":"max-video-preview:-1"},"canonical":"https:\/\/visionint.es\/ca\/aviso-legal\/","og_locale":"ca_ES","og_type":"article","og_title":"Aviso Legal - VISION INT","og_description":"Aqu\u00ed pod\u00e9is consultar el Aviso Legal de VISION, rogamos que para cualquier duda sobre la legalidad de VISION, escrib\u00e1is a info@visionint.es","og_url":"https:\/\/visionint.es\/ca\/aviso-legal\/","og_site_name":"VISION INT","twitter_card":"summary_large_image","twitter_misc":{"Temps estimat de lectura":"9 minuts"},"schema":{"@context":"https:\/\/schema.org","@graph":[{"@type":"WebPage","@id":"https:\/\/visionint.es\/aviso-legal\/","url":"https:\/\/visionint.es\/aviso-legal\/","name":"Aviso Legal - VISION INT","isPartOf":{"@id":"https:\/\/visionint.es\/#website"},"datePublished":"2021-11-10T21:51:48+00:00","description":"Aqu\u00ed pod\u00e9is consultar el Aviso Legal de VISION, rogamos que para cualquier duda sobre la legalidad de VISION, escrib\u00e1is a info@visionint.es","breadcrumb":{"@id":"https:\/\/visionint.es\/aviso-legal\/#breadcrumb"},"inLanguage":"ca","potentialAction":[{"@type":"ReadAction","target":["https:\/\/visionint.es\/aviso-legal\/"]}]},{"@type":"BreadcrumbList","@id":"https:\/\/visionint.es\/aviso-legal\/#breadcrumb","itemListElement":[{"@type":"ListItem","position":1,"name":"VISION","item":"https:\/\/visionint.es\/"},{"@type":"ListItem","position":2,"name":"Aviso Legal"}]},{"@type":"WebSite","@id":"https:\/\/visionint.es\/#website","url":"https:\/\/visionint.es\/","name":"VISION INT","description":"","publisher":{"@id":"https:\/\/visionint.es\/#organization"},"potentialAction":[{"@type":"SearchAction","target":{"@type":"EntryPoint","urlTemplate":"https:\/\/visionint.es\/?s={search_term_string}"},"query-input":{"@type":"PropertyValueSpecification","valueRequired":true,"valueName":"search_term_string"}}],"inLanguage":"ca"},{"@type":"Organization","@id":"https:\/\/visionint.es\/#organization","name":"VISION","url":"https:\/\/visionint.es\/","logo":{"@type":"ImageObject","inLanguage":"ca","@id":"https:\/\/visionint.es\/#\/schema\/logo\/image\/","url":"https:\/\/visionint.es\/wp-content\/uploads\/2021\/11\/cropped-1636222990844_VISION-LOGO-FINAL-1-e1636581871560.png","contentUrl":"https:\/\/visionint.es\/wp-content\/uploads\/2021\/11\/cropped-1636222990844_VISION-LOGO-FINAL-1-e1636581871560.png","width":512,"height":495,"caption":"VISION"},"image":{"@id":"https:\/\/visionint.es\/#\/schema\/logo\/image\/"},"sameAs":["https:\/\/instagram.com\/visionint_"]}]}},"_links":{"self":[{"href":"https:\/\/visionint.es\/ca\/wp-json\/wp\/v2\/pages\/995","targetHints":{"allow":["GET"]}}],"collection":[{"href":"https:\/\/visionint.es\/ca\/wp-json\/wp\/v2\/pages"}],"about":[{"href":"https:\/\/visionint.es\/ca\/wp-json\/wp\/v2\/types\/page"}],"author":[{"embeddable":true,"href":"https:\/\/visionint.es\/ca\/wp-json\/wp\/v2\/users\/1"}],"replies":[{"embeddable":true,"href":"https:\/\/visionint.es\/ca\/wp-json\/wp\/v2\/comments?post=995"}],"version-history":[{"count":2,"href":"https:\/\/visionint.es\/ca\/wp-json\/wp\/v2\/pages\/995\/revisions"}],"predecessor-version":[{"id":997,"href":"https:\/\/visionint.es\/ca\/wp-json\/wp\/v2\/pages\/995\/revisions\/997"}],"wp:attachment":[{"href":"https:\/\/visionint.es\/ca\/wp-json\/wp\/v2\/media?parent=995"}],"curies":[{"name":"wp","href":"https:\/\/api.w.org\/{rel}","templated":true}]}}