{"id":966,"date":"2021-11-10T15:21:43","date_gmt":"2021-11-10T15:21:43","guid":{"rendered":"http:\/\/visionint.es\/?page_id=966"},"modified":"2021-11-10T15:21:43","modified_gmt":"2021-11-10T15:21:43","slug":"privacidad","status":"publish","type":"page","link":"https:\/\/visionint.es\/ca\/privacidad\/","title":{"rendered":"Pol\u00edtica de privadesa"},"content":{"rendered":"<p><strong>POL\u00cdTICA DE PRIVACITAT<\/strong><\/p>\n\n\n\n<p>Aquesta Pol\u00edtica de Privadesa estableix els termes en qu\u00e8 VISION utilitza i protegeix la informaci\u00f3 que \u00e9s proporcionada pels seus usuaris al moment d&#039;utilitzar el seu lloc web. Aquesta companyia est\u00e0 compromesa amb la seguretat de les dades dels usuaris. Quan us demanem omplir els camps d&#039;informaci\u00f3 personal amb la qual pugueu ser identificat, ho fem assegurant que nom\u00e9s s&#039;emprar\u00e0 d&#039;acord amb els termes d&#039;aquest document. No obstant aix\u00f2, aquesta Pol\u00edtica de Privadesa pot canviar amb el temps o ser actualitzada pel que us recomanem i emfatitzem revisar cont\u00ednuament aquesta p\u00e0gina per assegurar-se que est\u00e0 d&#039;acord amb aquests canvis.<\/p>\n\n\n\n<p><strong>Informaci\u00f3 que \u00e9s recollida<\/strong><\/p>\n\n\n\n<p>El nostre lloc web podr\u00e0 recollir informaci\u00f3 personal per exemple: Nom, informaci\u00f3 de contacte com la vostra adre\u00e7a de correu electr\u00f2nic i informaci\u00f3 demogr\u00e0fica. Aix\u00ed mateix quan sigui necessari podr\u00e0 ser requerida informaci\u00f3 espec\u00edfica per processar alguna comanda o fer un lliurament o facturaci\u00f3.<\/p>\n\n\n\n<p><strong>\u00das de la informaci\u00f3 recollida<\/strong><\/p>\n\n\n\n<p>El nostre lloc web empra la informaci\u00f3 per tal de proporcionar el millor servei possible, particularment per mantenir un registre dusuaris, de comandes en cas que apliqui, i millorar els nostres productes i serveis.  \u00c9s possible que siguin enviats correus electr\u00f2nics peri\u00f2dicament a trav\u00e9s del nostre lloc amb ofertes especials, nous productes i altra informaci\u00f3 publicit\u00e0ria que considerem rellevant per a vost\u00e8 o que pugui brindar algun benefici, aquests correus electr\u00f2nics seran enviats a l&#039;adre\u00e7a que vost\u00e8 proporcioni i podran ser cancel\u00b7lats en qualsevol moment.<\/p>\n\n\n\n<p>VISION est\u00e0 altament comprom\u00e8s per complir amb el comprom\u00eds de mantenir la vostra informaci\u00f3 segura. Fem servir els sistemes m\u00e9s avan\u00e7ats i els actualitzem constantment per assegurar-nos que no hi hagi cap acc\u00e9s no autoritzat.<\/p>\n\n\n\n<p><strong>Cookies<\/strong><\/p>\n\n\n\n<p>Una galeta es refereix a un fitxer que \u00e9s enviat amb la finalitat de sol\u00b7licitar perm\u00eds per emmagatzemar-se al vostre ordinador, en acceptar aquest fitxer es crea i la galeta serveix llavors per tenir informaci\u00f3 respecte al tr\u00e0nsit web, i tamb\u00e9 facilita les futures visites a una web recurrent. Una altra funci\u00f3 que tenen les cookies \u00e9s que amb elles les web et poden recon\u00e8ixer individualment i per tant oferir-te el millor servei personalitzat de la seva web.<\/p>\n\n\n\n<p>El nostre lloc web empra les galetes per poder identificar les p\u00e0gines que s\u00f3n visitades i la seva freq\u00fc\u00e8ncia. Aquesta informaci\u00f3 \u00e9s emprada \u00fanicament per a an\u00e0lisi estad\u00edstica i despr\u00e9s la informaci\u00f3 s&#039;elimina de manera permanent. Vost\u00e8 pot eliminar les galetes en qualsevol moment des del seu ordinador. No obstant aix\u00f2, les cookies ajuden a proporcionar un millor servei dels llocs web, est\u00e0s no donen acc\u00e9s a informaci\u00f3 del seu ordinador ni de vost\u00e8, tret que vost\u00e8 aix\u00ed ho vulgui i la proporcioni directament not\u00edcies. Vost\u00e8 pot acceptar o negar l&#039;\u00fas de galetes, per\u00f2 la majoria de navegadors accepten galetes autom\u00e0ticament ja que serveix per tenir un millor servei web. Tamb\u00e9 podeu canviar la configuraci\u00f3 del vostre ordinador per declinar les cookies. Si es declinen \u00e9s possible que no pugueu utilitzar alguns dels nostres serveis.<\/p>\n\n\n\n<p><strong>Enlla\u00e7os a Tercers<\/strong><\/p>\n\n\n\n<p>Aquest lloc web pogu\u00e9s contenir en lla\u00e7os altres llocs que poguessin ser del seu inter\u00e8s. Quan vost\u00e8 de clic en aquests enlla\u00e7os i abandoni la nostra p\u00e0gina, ja no tenim control sobre el lloc al qual \u00e9s redirigit i per tant no som responsables dels\u00a0<a href=\"https:\/\/plantillaterminosycondicionestiendaonline.com\/\">termes o privadesa<\/a>\u00a0ni de la protecci\u00f3 de les seves dades en aquests altres llocs tercers. Aquests llocs estan subjectes a les seves pr\u00f2pies pol\u00edtiques de privadesa per la qual cosa \u00e9s recomanable que els consulteu per confirmar que vost\u00e8 est\u00e0 d&#039;acord amb aquestes.<\/p>\n\n\n\n<p><strong>Control de la vostra informaci\u00f3 personal<\/strong><\/p>\n\n\n\n<p>En qualsevol moment vost\u00e8 pot restringir la recopilaci\u00f3 o l\u00fas de la informaci\u00f3 personal que \u00e9s proporcionada al nostre lloc web. Cada vegada que se us demani omplir un formulari, com el d&#039;alta d&#039;usuari, podeu marcar o desmarcar l&#039;opci\u00f3 de rebre informaci\u00f3 per correu electr\u00f2nic.  En cas que hagueu marcat l&#039;opci\u00f3 de rebre el nostre butllet\u00ed o publicitat podeu cancel\u00b7lar-la en qualsevol moment.<\/p>\n\n\n\n<p>Aquesta companyia no vendr\u00e0, cedir\u00e0 ni distribuir\u00e0 la informaci\u00f3 personal que \u00e9s recopilada sense el seu consentiment, llevat que sigui requerit per un jutge amb un ordre judicial.<\/p>\n\n\n\n<p>VISION Es reserva el dret de canviar els termes de la present Pol\u00edtica de Privadesa en qualsevol moment.<\/p>","protected":false},"excerpt":{"rendered":"<p>POL\u00cdTICA DE PRIVACIDAD El presente Pol\u00edtica de Privacidad establece los t\u00e9rminos en que VISION usa y protege la informaci\u00f3n que es proporcionada por sus usuarios al momento de utilizar su sitio web. Esta compa\u00f1\u00eda est\u00e1 comprometida con la seguridad de los datos de sus usuarios. Cuando le pedimos llenar los campos de informaci\u00f3n personal con [&hellip;]<\/p>","protected":false},"author":1,"featured_media":0,"parent":0,"menu_order":0,"comment_status":"closed","ping_status":"closed","template":"","meta":{"inline_featured_image":false,"_monsterinsights_skip_tracking":false,"_monsterinsights_sitenote_active":false,"_monsterinsights_sitenote_note":"","_monsterinsights_sitenote_category":0,"footnotes":""},"class_list":["post-966","page","type-page","status-publish","hentry"],"yoast_head":"<!-- This site is optimized with the Yoast SEO plugin v24.7 - https:\/\/yoast.com\/wordpress\/plugins\/seo\/ -->\n<title>Pol\u00edtica de privacidad - VISION INT<\/title>\n<meta name=\"description\" content=\"En \u00e9ste apartado puedes leer nuestra pol\u00edtica de privacidad, donde podr\u00e1s obtener informaci\u00f3n sobre el tratamiento de tus datos.\" \/>\n<meta name=\"robots\" content=\"index, follow, max-snippet:-1, max-image-preview:large, max-video-preview:-1\" \/>\n<link rel=\"canonical\" href=\"https:\/\/visionint.es\/ca\/privacidad\/\" \/>\n<meta property=\"og:locale\" content=\"ca_ES\" \/>\n<meta property=\"og:type\" content=\"article\" \/>\n<meta property=\"og:title\" content=\"Pol\u00edtica de privacidad - VISION INT\" \/>\n<meta property=\"og:description\" content=\"En \u00e9ste apartado puedes leer nuestra pol\u00edtica de privacidad, donde podr\u00e1s obtener informaci\u00f3n sobre el tratamiento de tus datos.\" \/>\n<meta property=\"og:url\" content=\"https:\/\/visionint.es\/ca\/privacidad\/\" \/>\n<meta property=\"og:site_name\" content=\"VISION INT\" \/>\n<meta name=\"twitter:card\" content=\"summary_large_image\" \/>\n<meta name=\"twitter:label1\" content=\"Temps estimat de lectura\" \/>\n\t<meta name=\"twitter:data1\" content=\"4 minuts\" \/>\n<script type=\"application\/ld+json\" class=\"yoast-schema-graph\">{\"@context\":\"https:\/\/schema.org\",\"@graph\":[{\"@type\":\"WebPage\",\"@id\":\"https:\/\/visionint.es\/privacidad\/\",\"url\":\"https:\/\/visionint.es\/privacidad\/\",\"name\":\"Pol\u00edtica de privacidad - VISION INT\",\"isPartOf\":{\"@id\":\"https:\/\/visionint.es\/#website\"},\"datePublished\":\"2021-11-10T15:21:43+00:00\",\"description\":\"En \u00e9ste apartado puedes leer nuestra pol\u00edtica de privacidad, donde podr\u00e1s obtener informaci\u00f3n sobre el tratamiento de tus datos.\",\"breadcrumb\":{\"@id\":\"https:\/\/visionint.es\/privacidad\/#breadcrumb\"},\"inLanguage\":\"ca\",\"potentialAction\":[{\"@type\":\"ReadAction\",\"target\":[\"https:\/\/visionint.es\/privacidad\/\"]}]},{\"@type\":\"BreadcrumbList\",\"@id\":\"https:\/\/visionint.es\/privacidad\/#breadcrumb\",\"itemListElement\":[{\"@type\":\"ListItem\",\"position\":1,\"name\":\"VISION\",\"item\":\"https:\/\/visionint.es\/\"},{\"@type\":\"ListItem\",\"position\":2,\"name\":\"Pol\u00edtica de privacidad\"}]},{\"@type\":\"WebSite\",\"@id\":\"https:\/\/visionint.es\/#website\",\"url\":\"https:\/\/visionint.es\/\",\"name\":\"VISION INT\",\"description\":\"\",\"publisher\":{\"@id\":\"https:\/\/visionint.es\/#organization\"},\"potentialAction\":[{\"@type\":\"SearchAction\",\"target\":{\"@type\":\"EntryPoint\",\"urlTemplate\":\"https:\/\/visionint.es\/?s={search_term_string}\"},\"query-input\":{\"@type\":\"PropertyValueSpecification\",\"valueRequired\":true,\"valueName\":\"search_term_string\"}}],\"inLanguage\":\"ca\"},{\"@type\":\"Organization\",\"@id\":\"https:\/\/visionint.es\/#organization\",\"name\":\"VISION\",\"url\":\"https:\/\/visionint.es\/\",\"logo\":{\"@type\":\"ImageObject\",\"inLanguage\":\"ca\",\"@id\":\"https:\/\/visionint.es\/#\/schema\/logo\/image\/\",\"url\":\"https:\/\/visionint.es\/wp-content\/uploads\/2021\/11\/cropped-1636222990844_VISION-LOGO-FINAL-1-e1636581871560.png\",\"contentUrl\":\"https:\/\/visionint.es\/wp-content\/uploads\/2021\/11\/cropped-1636222990844_VISION-LOGO-FINAL-1-e1636581871560.png\",\"width\":512,\"height\":495,\"caption\":\"VISION\"},\"image\":{\"@id\":\"https:\/\/visionint.es\/#\/schema\/logo\/image\/\"},\"sameAs\":[\"https:\/\/instagram.com\/visionint_\"]}]}<\/script>\n<!-- \/ Yoast SEO plugin. -->","yoast_head_json":{"title":"Pol\u00edtica de privacidad - VISION INT","description":"En \u00e9ste apartado puedes leer nuestra pol\u00edtica de privacidad, donde podr\u00e1s obtener informaci\u00f3n sobre el tratamiento de tus datos.","robots":{"index":"index","follow":"follow","max-snippet":"max-snippet:-1","max-image-preview":"max-image-preview:large","max-video-preview":"max-video-preview:-1"},"canonical":"https:\/\/visionint.es\/ca\/privacidad\/","og_locale":"ca_ES","og_type":"article","og_title":"Pol\u00edtica de privacidad - VISION INT","og_description":"En \u00e9ste apartado puedes leer nuestra pol\u00edtica de privacidad, donde podr\u00e1s obtener informaci\u00f3n sobre el tratamiento de tus datos.","og_url":"https:\/\/visionint.es\/ca\/privacidad\/","og_site_name":"VISION INT","twitter_card":"summary_large_image","twitter_misc":{"Temps estimat de lectura":"4 minuts"},"schema":{"@context":"https:\/\/schema.org","@graph":[{"@type":"WebPage","@id":"https:\/\/visionint.es\/privacidad\/","url":"https:\/\/visionint.es\/privacidad\/","name":"Pol\u00edtica de privacidad - VISION INT","isPartOf":{"@id":"https:\/\/visionint.es\/#website"},"datePublished":"2021-11-10T15:21:43+00:00","description":"En \u00e9ste apartado puedes leer nuestra pol\u00edtica de privacidad, donde podr\u00e1s obtener informaci\u00f3n sobre el tratamiento de tus datos.","breadcrumb":{"@id":"https:\/\/visionint.es\/privacidad\/#breadcrumb"},"inLanguage":"ca","potentialAction":[{"@type":"ReadAction","target":["https:\/\/visionint.es\/privacidad\/"]}]},{"@type":"BreadcrumbList","@id":"https:\/\/visionint.es\/privacidad\/#breadcrumb","itemListElement":[{"@type":"ListItem","position":1,"name":"VISION","item":"https:\/\/visionint.es\/"},{"@type":"ListItem","position":2,"name":"Pol\u00edtica de privacidad"}]},{"@type":"WebSite","@id":"https:\/\/visionint.es\/#website","url":"https:\/\/visionint.es\/","name":"VISION INT","description":"","publisher":{"@id":"https:\/\/visionint.es\/#organization"},"potentialAction":[{"@type":"SearchAction","target":{"@type":"EntryPoint","urlTemplate":"https:\/\/visionint.es\/?s={search_term_string}"},"query-input":{"@type":"PropertyValueSpecification","valueRequired":true,"valueName":"search_term_string"}}],"inLanguage":"ca"},{"@type":"Organization","@id":"https:\/\/visionint.es\/#organization","name":"VISION","url":"https:\/\/visionint.es\/","logo":{"@type":"ImageObject","inLanguage":"ca","@id":"https:\/\/visionint.es\/#\/schema\/logo\/image\/","url":"https:\/\/visionint.es\/wp-content\/uploads\/2021\/11\/cropped-1636222990844_VISION-LOGO-FINAL-1-e1636581871560.png","contentUrl":"https:\/\/visionint.es\/wp-content\/uploads\/2021\/11\/cropped-1636222990844_VISION-LOGO-FINAL-1-e1636581871560.png","width":512,"height":495,"caption":"VISION"},"image":{"@id":"https:\/\/visionint.es\/#\/schema\/logo\/image\/"},"sameAs":["https:\/\/instagram.com\/visionint_"]}]}},"_links":{"self":[{"href":"https:\/\/visionint.es\/ca\/wp-json\/wp\/v2\/pages\/966","targetHints":{"allow":["GET"]}}],"collection":[{"href":"https:\/\/visionint.es\/ca\/wp-json\/wp\/v2\/pages"}],"about":[{"href":"https:\/\/visionint.es\/ca\/wp-json\/wp\/v2\/types\/page"}],"author":[{"embeddable":true,"href":"https:\/\/visionint.es\/ca\/wp-json\/wp\/v2\/users\/1"}],"replies":[{"embeddable":true,"href":"https:\/\/visionint.es\/ca\/wp-json\/wp\/v2\/comments?post=966"}],"version-history":[{"count":1,"href":"https:\/\/visionint.es\/ca\/wp-json\/wp\/v2\/pages\/966\/revisions"}],"predecessor-version":[{"id":967,"href":"https:\/\/visionint.es\/ca\/wp-json\/wp\/v2\/pages\/966\/revisions\/967"}],"wp:attachment":[{"href":"https:\/\/visionint.es\/ca\/wp-json\/wp\/v2\/media?parent=966"}],"curies":[{"name":"wp","href":"https:\/\/api.w.org\/{rel}","templated":true}]}}