{"id":966,"date":"2021-11-10T15:21:43","date_gmt":"2021-11-10T15:21:43","guid":{"rendered":"http:\/\/visionint.es\/?page_id=966"},"modified":"2021-11-10T15:21:43","modified_gmt":"2021-11-10T15:21:43","slug":"privacidad","status":"publish","type":"page","link":"https:\/\/visionint.es\/ar\/privacidad\/","title":{"rendered":"\u0633\u064a\u0627\u0633\u0629 \u0627\u0644\u062e\u0635\u0648\u0635\u064a\u0629"},"content":{"rendered":"<p><strong>\u0633\u064a\u0627\u0633\u0629 \u0627\u0644\u062e\u0635\u0648\u0635\u064a\u0629<\/strong><\/p>\n\n\n\n<p>\u062a\u062d\u062f\u062f \u0633\u064a\u0627\u0633\u0629 \u0627\u0644\u062e\u0635\u0648\u0635\u064a\u0629 \u0647\u0630\u0647 \u0627\u0644\u0634\u0631\u0648\u0637 \u0627\u0644\u062a\u064a \u062a\u0633\u062a\u062e\u062f\u0645 VISION \u0628\u0645\u0648\u062c\u0628\u0647\u0627 \u0648\u062a\u062d\u0645\u064a \u0627\u0644\u0645\u0639\u0644\u0648\u0645\u0627\u062a \u0627\u0644\u062a\u064a \u064a\u0642\u062f\u0645\u0647\u0627 \u0645\u0633\u062a\u062e\u062f\u0645\u0648\u0647\u0627 \u0639\u0646\u062f \u0627\u0633\u062a\u062e\u062f\u0627\u0645 \u0645\u0648\u0642\u0639\u0647\u0627 \u0627\u0644\u0625\u0644\u0643\u062a\u0631\u0648\u0646\u064a. \u062a\u0644\u062a\u0632\u0645 \u0647\u0630\u0647 \u0627\u0644\u0634\u0631\u0643\u0629 \u0628\u0623\u0645\u0646 \u0628\u064a\u0627\u0646\u0627\u062a \u0645\u0633\u062a\u062e\u062f\u0645\u064a\u0647\u0627. \u0639\u0646\u062f\u0645\u0627 \u0646\u0637\u0644\u0628 \u0645\u0646\u0643 \u0645\u0644\u0621 \u062d\u0642\u0648\u0644 \u0627\u0644\u0645\u0639\u0644\u0648\u0645\u0627\u062a \u0627\u0644\u0634\u062e\u0635\u064a\u0629 \u0627\u0644\u062a\u064a \u064a\u0645\u0643\u0646 \u0645\u0646 \u062e\u0644\u0627\u0644\u0647\u0627 \u0627\u0644\u062a\u0639\u0631\u0641 \u0639\u0644\u064a\u0643\u060c \u0641\u0625\u0646\u0646\u0627 \u0646\u0641\u0639\u0644 \u0630\u0644\u0643 \u0644\u0644\u062a\u0623\u0643\u062f \u0645\u0646 \u0623\u0646\u0647 \u0633\u064a\u062a\u0645 \u0627\u0633\u062a\u062e\u062f\u0627\u0645\u0647\u0627 \u0641\u0642\u0637 \u0648\u0641\u0642\u064b\u0627 \u0644\u0634\u0631\u0648\u0637 \u0647\u0630\u0647 \u0627\u0644\u0648\u062b\u064a\u0642\u0629. \u0648\u0645\u0639 \u0630\u0644\u0643\u060c \u0642\u062f \u062a\u062a\u063a\u064a\u0631 \u0633\u064a\u0627\u0633\u0629 \u0627\u0644\u062e\u0635\u0648\u0635\u064a\u0629 \u0647\u0630\u0647 \u0628\u0645\u0631\u0648\u0631 \u0627\u0644\u0648\u0642\u062a \u0623\u0648 \u064a\u062a\u0645 \u062a\u062d\u062f\u064a\u062b\u0647\u0627\u060c \u0644\u0630\u0644\u0643 \u0646\u0648\u0635\u064a \u0648\u0646\u0624\u0643\u062f \u0639\u0644\u0649 \u0645\u0631\u0627\u062c\u0639\u0629 \u0647\u0630\u0647 \u0627\u0644\u0635\u0641\u062d\u0629 \u0628\u0627\u0633\u062a\u0645\u0631\u0627\u0631 \u0644\u0644\u062a\u0623\u0643\u062f \u0645\u0646 \u0645\u0648\u0627\u0641\u0642\u062a\u0643 \u0639\u0644\u0649 \u0647\u0630\u0647 \u0627\u0644\u062a\u063a\u064a\u064a\u0631\u0627\u062a.<\/p>\n\n\n\n<p><strong>\u0627\u0644\u0645\u0639\u0644\u0648\u0645\u0627\u062a \u0627\u0644\u062a\u064a \u064a\u062a\u0645 \u062c\u0645\u0639\u0647\u0627<\/strong><\/p>\n\n\n\n<p>\u0642\u062f \u064a\u0642\u0648\u0645 \u0645\u0648\u0642\u0639\u0646\u0627 \u0627\u0644\u0625\u0644\u0643\u062a\u0631\u0648\u0646\u064a \u0628\u062c\u0645\u0639 \u0645\u0639\u0644\u0648\u0645\u0627\u062a \u0634\u062e\u0635\u064a\u0629 \u0645\u062b\u0644: \u0627\u0644\u0627\u0633\u0645 \u0648\u0645\u0639\u0644\u0648\u0645\u0627\u062a \u0627\u0644\u0627\u062a\u0635\u0627\u0644 \u0645\u062b\u0644 \u0639\u0646\u0648\u0627\u0646 \u0628\u0631\u064a\u062f\u0643 \u0627\u0644\u0625\u0644\u0643\u062a\u0631\u0648\u0646\u064a \u0648\u0627\u0644\u0645\u0639\u0644\u0648\u0645\u0627\u062a \u0627\u0644\u062f\u064a\u0645\u0648\u063a\u0631\u0627\u0641\u064a\u0629. \u0648\u0628\u0627\u0644\u0645\u062b\u0644\u060c \u0639\u0646\u062f \u0627\u0644\u0636\u0631\u0648\u0631\u0629\u060c \u0642\u062f \u062a\u0643\u0648\u0646 \u0647\u0646\u0627\u0643 \u062d\u0627\u062c\u0629 \u0625\u0644\u0649 \u0645\u0639\u0644\u0648\u0645\u0627\u062a \u0645\u062d\u062f\u062f\u0629 \u0644\u0645\u0639\u0627\u0644\u062c\u0629 \u0637\u0644\u0628 \u0623\u0648 \u0625\u062c\u0631\u0627\u0621 \u062a\u0648\u0635\u064a\u0644 \u0623\u0648 \u0625\u0639\u062f\u0627\u062f \u0641\u0648\u0627\u062a\u064a\u0631.<\/p>\n\n\n\n<p><strong>\u0627\u0633\u062a\u062e\u062f\u0627\u0645 \u0627\u0644\u0645\u0639\u0644\u0648\u0645\u0627\u062a \u0627\u0644\u062a\u064a \u062a\u0645 \u062c\u0645\u0639\u0647\u0627<\/strong><\/p>\n\n\n\n<p>\u064a\u0633\u062a\u062e\u062f\u0645 \u0645\u0648\u0642\u0639\u0646\u0627 \u0627\u0644\u0625\u0644\u0643\u062a\u0631\u0648\u0646\u064a \u0627\u0644\u0645\u0639\u0644\u0648\u0645\u0627\u062a \u0645\u0646 \u0623\u062c\u0644 \u062a\u0642\u062f\u064a\u0645 \u0623\u0641\u0636\u0644 \u062e\u062f\u0645\u0629 \u0645\u0645\u0643\u0646\u0629\u060c \u0644\u0627 \u0633\u064a\u0645\u0627 \u0644\u0644\u0627\u062d\u062a\u0641\u0627\u0638 \u0628\u0633\u062c\u0644 \u0644\u0644\u0645\u0633\u062a\u062e\u062f\u0645\u064a\u0646 \u0648\u0627\u0644\u0637\u0644\u0628\u0627\u062a \u0625\u0646 \u0623\u0645\u0643\u0646\u060c \u0648\u062a\u062d\u0633\u064a\u0646 \u0645\u0646\u062a\u062c\u0627\u062a\u0646\u0627 \u0648\u062e\u062f\u0645\u0627\u062a\u0646\u0627.  \u0642\u062f \u064a\u062a\u0645 \u0625\u0631\u0633\u0627\u0644 \u0631\u0633\u0627\u0626\u0644 \u0628\u0631\u064a\u062f \u0625\u0644\u0643\u062a\u0631\u0648\u0646\u064a \u062f\u0648\u0631\u064a\u0629 \u0639\u0628\u0631 \u0645\u0648\u0642\u0639\u0646\u0627 \u062a\u062d\u062a\u0648\u064a \u0639\u0644\u0649 \u0639\u0631\u0648\u0636 \u062e\u0627\u0635\u0629 \u0648\u0645\u0646\u062a\u062c\u0627\u062a \u062c\u062f\u064a\u062f\u0629 \u0648\u0645\u0639\u0644\u0648\u0645\u0627\u062a \u0625\u0639\u0644\u0627\u0646\u064a\u0629 \u0623\u062e\u0631\u0649 \u0646\u0639\u062a\u0628\u0631\u0647\u0627 \u0630\u0627\u062a \u0635\u0644\u0629 \u0628\u0643 \u0623\u0648 \u0642\u062f \u062a\u0648\u0641\u0631 \u0644\u0643 \u0628\u0639\u0636 \u0627\u0644\u0641\u0648\u0627\u0626\u062f\u060c \u0648\u0633\u064a\u062a\u0645 \u0625\u0631\u0633\u0627\u0644 \u0631\u0633\u0627\u0626\u0644 \u0627\u0644\u0628\u0631\u064a\u062f \u0627\u0644\u0625\u0644\u0643\u062a\u0631\u0648\u0646\u064a \u0647\u0630\u0647 \u0625\u0644\u0649 \u0627\u0644\u0639\u0646\u0648\u0627\u0646 \u0627\u0644\u0630\u064a \u062a\u0642\u062f\u0645\u0647 \u0648\u0642\u062f \u064a\u062a\u0645 \u0625\u0644\u063a\u0627\u0624\u0647\u0627 \u0641\u064a \u0623\u064a \u0648\u0642\u062a.<\/p>\n\n\n\n<p>\u062a\u0644\u062a\u0632\u0645 VISION \u0628\u0634\u062f\u0629 \u0628\u0627\u0644\u0648\u0641\u0627\u0621 \u0628\u0627\u0644\u062a\u0632\u0627\u0645\u0647\u0627 \u0628\u0627\u0644\u062d\u0641\u0627\u0638 \u0639\u0644\u0649 \u0623\u0645\u0627\u0646 \u0645\u0639\u0644\u0648\u0645\u0627\u062a\u0643. \u0646\u062d\u0646 \u0646\u0633\u062a\u062e\u062f\u0645 \u0623\u062d\u062f\u062b \u0627\u0644\u0623\u0646\u0638\u0645\u0629 \u0648\u0646\u0642\u0648\u0645 \u0628\u062a\u062d\u062f\u064a\u062b\u0647\u0627 \u0628\u0627\u0633\u062a\u0645\u0631\u0627\u0631 \u0644\u0636\u0645\u0627\u0646 \u0639\u062f\u0645 \u0648\u062c\u0648\u062f \u0623\u064a \u0648\u0635\u0648\u0644 \u063a\u064a\u0631 \u0645\u0635\u0631\u062d \u0628\u0647.<\/p>\n\n\n\n<p><strong>\u0628\u0633\u0643\u0648\u064a\u062a<\/strong><\/p>\n\n\n\n<p>\u064a\u0634\u064a\u0631 \u0645\u0644\u0641 \u062a\u0639\u0631\u064a\u0641 \u0627\u0644\u0627\u0631\u062a\u0628\u0627\u0637 \u0625\u0644\u0649 \u0645\u0644\u0641 \u064a\u062a\u0645 \u0625\u0631\u0633\u0627\u0644\u0647 \u0628\u063a\u0631\u0636 \u0637\u0644\u0628 \u0627\u0644\u0625\u0630\u0646 \u0644\u0644\u062a\u062e\u0632\u064a\u0646 \u0639\u0644\u0649 \u062c\u0647\u0627\u0632 \u0627\u0644\u0643\u0645\u0628\u064a\u0648\u062a\u0631 \u0627\u0644\u062e\u0627\u0635 \u0628\u0643\u060c \u0648\u0639\u0646\u062f \u0642\u0628\u0648\u0644 \u0627\u0644\u0645\u0644\u0641 \u0627\u0644\u0645\u0630\u0643\u0648\u0631\u060c \u064a\u062a\u0645 \u0625\u0646\u0634\u0627\u0624\u0647 \u062b\u0645 \u064a\u062a\u0645 \u0627\u0633\u062a\u062e\u062f\u0627\u0645 \u0645\u0644\u0641 \u062a\u0639\u0631\u064a\u0641 \u0627\u0644\u0627\u0631\u062a\u0628\u0627\u0637 \u0644\u0644\u062d\u0635\u0648\u0644 \u0639\u0644\u0649 \u0645\u0639\u0644\u0648\u0645\u0627\u062a \u062a\u062a\u0639\u0644\u0642 \u0628\u062d\u0631\u0643\u0629 \u0645\u0631\u0648\u0631 \u0627\u0644\u0648\u064a\u0628\u060c \u0643\u0645\u0627 \u064a\u0633\u0647\u0644 \u0627\u0644\u0632\u064a\u0627\u0631\u0627\u062a \u0627\u0644\u0645\u0633\u062a\u0642\u0628\u0644\u064a\u0629 \u0625\u0644\u0649 \u0623\u062d\u062f \u0627\u0644\u0645\u0648\u0627\u0642\u0639. \u0645\u0648\u0642\u0639 \u0627\u0644\u0648\u064a\u0628 \u0627\u0644\u0645\u062a\u0643\u0631\u0631. \u0627\u0644\u0648\u0638\u064a\u0641\u0629 \u0627\u0644\u0623\u062e\u0631\u0649 \u0627\u0644\u062a\u064a \u062a\u062a\u0645\u062a\u0639 \u0628\u0647\u0627 \u0645\u0644\u0641\u0627\u062a \u062a\u0639\u0631\u064a\u0641 \u0627\u0644\u0627\u0631\u062a\u0628\u0627\u0637 \u0647\u064a \u0623\u0646 \u0645\u0648\u0627\u0642\u0639 \u0627\u0644\u0648\u064a\u0628 \u064a\u0645\u0643\u0646\u0647\u0627 \u0645\u0646 \u062e\u0644\u0627\u0644\u0647\u0627 \u0627\u0644\u062a\u0639\u0631\u0641 \u0639\u0644\u064a\u0643 \u0628\u0634\u0643\u0644 \u0641\u0631\u062f\u064a \u0648\u0628\u0627\u0644\u062a\u0627\u0644\u064a \u062a\u0632\u0648\u064a\u062f\u0643 \u0628\u0623\u0641\u0636\u0644 \u062e\u062f\u0645\u0629 \u0645\u062e\u0635\u0635\u0629 \u0639\u0644\u0649 \u0645\u0648\u0642\u0639\u0647\u0627 \u0639\u0644\u0649 \u0627\u0644\u0648\u064a\u0628.<\/p>\n\n\n\n<p>\u064a\u0633\u062a\u062e\u062f\u0645 \u0645\u0648\u0642\u0639\u0646\u0627 \u0627\u0644\u0625\u0644\u0643\u062a\u0631\u0648\u0646\u064a \u0645\u0644\u0641\u0627\u062a \u062a\u0639\u0631\u064a\u0641 \u0627\u0644\u0627\u0631\u062a\u0628\u0627\u0637 \u0644\u062a\u062d\u062f\u064a\u062f \u0627\u0644\u0635\u0641\u062d\u0627\u062a \u0627\u0644\u062a\u064a \u062a\u062a\u0645 \u0632\u064a\u0627\u0631\u062a\u0647\u0627 \u0648\u062a\u0643\u0631\u0627\u0631\u0647\u0627. \u064a\u062a\u0645 \u0627\u0633\u062a\u062e\u062f\u0627\u0645 \u0647\u0630\u0647 \u0627\u0644\u0645\u0639\u0644\u0648\u0645\u0627\u062a \u0641\u0642\u0637 \u0644\u0644\u062a\u062d\u0644\u064a\u0644 \u0627\u0644\u0625\u062d\u0635\u0627\u0626\u064a \u0648\u0645\u0646 \u062b\u0645 \u064a\u062a\u0645 \u062d\u0630\u0641 \u0627\u0644\u0645\u0639\u0644\u0648\u0645\u0627\u062a \u0646\u0647\u0627\u0626\u064a\u064b\u0627. \u064a\u0645\u0643\u0646\u0643 \u062d\u0630\u0641 \u0645\u0644\u0641\u0627\u062a \u062a\u0639\u0631\u064a\u0641 \u0627\u0644\u0627\u0631\u062a\u0628\u0627\u0637 \u0641\u064a \u0623\u064a \u0648\u0642\u062a \u0645\u0646 \u062c\u0647\u0627\u0632 \u0627\u0644\u0643\u0645\u0628\u064a\u0648\u062a\u0631 \u0627\u0644\u062e\u0627\u0635 \u0628\u0643. \u0648\u0645\u0639 \u0630\u0644\u0643\u060c \u062a\u0633\u0627\u0639\u062f \u0645\u0644\u0641\u0627\u062a \u062a\u0639\u0631\u064a\u0641 \u0627\u0644\u0627\u0631\u062a\u0628\u0627\u0637 \u0639\u0644\u0649 \u062a\u0642\u062f\u064a\u0645 \u062e\u062f\u0645\u0629 \u0623\u0641\u0636\u0644 \u0639\u0644\u0649 \u0645\u0648\u0627\u0642\u0639 \u0627\u0644\u0648\u064a\u0628\u060c \u0641\u0647\u064a \u0644\u0627 \u062a\u062a\u064a\u062d \u0627\u0644\u0648\u0635\u0648\u0644 \u0625\u0644\u0649 \u0627\u0644\u0645\u0639\u0644\u0648\u0645\u0627\u062a \u0645\u0646 \u062c\u0647\u0627\u0632 \u0627\u0644\u0643\u0645\u0628\u064a\u0648\u062a\u0631 \u0627\u0644\u062e\u0627\u0635 \u0628\u0643 \u0623\u0648 \u0645\u0646\u0643\u060c \u0625\u0644\u0627 \u0625\u0630\u0627 \u0643\u0646\u062a \u062a\u0631\u063a\u0628 \u0641\u064a \u0630\u0644\u0643 \u0648\u0642\u0645\u062a \u0628\u062a\u0632\u0648\u064a\u062f\u0647\u0627 \u0628\u0627\u0644\u0623\u062e\u0628\u0627\u0631 \u0645\u0628\u0627\u0634\u0631\u0629. \u064a\u0645\u0643\u0646\u0643 \u0642\u0628\u0648\u0644 \u0623\u0648 \u0631\u0641\u0636 \u0627\u0633\u062a\u062e\u062f\u0627\u0645 \u0645\u0644\u0641\u0627\u062a \u062a\u0639\u0631\u064a\u0641 \u0627\u0644\u0627\u0631\u062a\u0628\u0627\u0637\u060c \u0625\u0644\u0627 \u0623\u0646 \u0645\u0639\u0638\u0645 \u0627\u0644\u0645\u062a\u0635\u0641\u062d\u0627\u062a \u062a\u0642\u0628\u0644 \u0645\u0644\u0641\u0627\u062a \u062a\u0639\u0631\u064a\u0641 \u0627\u0644\u0627\u0631\u062a\u0628\u0627\u0637 \u062a\u0644\u0642\u0627\u0626\u064a\u064b\u0627 \u0644\u0623\u0646\u0647\u0627 \u062a\u0639\u0645\u0644 \u0639\u0644\u0649 \u062a\u0648\u0641\u064a\u0631 \u062e\u062f\u0645\u0629 \u0648\u064a\u0628 \u0623\u0641\u0636\u0644. \u064a\u0645\u0643\u0646\u0643 \u0623\u064a\u0636\u064b\u0627 \u062a\u063a\u064a\u064a\u0631 \u0625\u0639\u062f\u0627\u062f\u0627\u062a \u062c\u0647\u0627\u0632 \u0627\u0644\u0643\u0645\u0628\u064a\u0648\u062a\u0631 \u0627\u0644\u062e\u0627\u0635 \u0628\u0643 \u0644\u0631\u0641\u0636 \u0645\u0644\u0641\u0627\u062a \u062a\u0639\u0631\u064a\u0641 \u0627\u0644\u0627\u0631\u062a\u0628\u0627\u0637. \u0625\u0630\u0627 \u0631\u0641\u0636\u0648\u0627 \u0630\u0644\u0643\u060c \u0641\u0642\u062f \u0644\u0627 \u062a\u062a\u0645\u0643\u0646 \u0645\u0646 \u0627\u0633\u062a\u062e\u062f\u0627\u0645 \u0628\u0639\u0636 \u062e\u062f\u0645\u0627\u062a\u0646\u0627.<\/p>\n\n\n\n<p><strong>\u0631\u0648\u0627\u0628\u0637 \u0644\u0623\u0637\u0631\u0627\u0641 \u062b\u0627\u0644\u062b\u0629<\/strong><\/p>\n\n\n\n<p>\u0642\u062f \u064a\u062d\u062a\u0648\u064a \u0647\u0630\u0627 \u0627\u0644\u0645\u0648\u0642\u0639 \u0639\u0644\u0649 \u0631\u0648\u0627\u0628\u0637 \u0644\u0645\u0648\u0627\u0642\u0639 \u0623\u062e\u0631\u0649 \u0642\u062f \u062a\u0647\u0645\u0643. \u0628\u0645\u062c\u0631\u062f \u0627\u0644\u0646\u0642\u0631 \u0639\u0644\u0649 \u0647\u0630\u0647 \u0627\u0644\u0631\u0648\u0627\u0628\u0637 \u0648\u0645\u063a\u0627\u062f\u0631\u0629 \u0635\u0641\u062d\u062a\u0646\u0627\u060c \u0644\u0645 \u064a\u0639\u062f \u0644\u062f\u064a\u0646\u0627 \u0633\u064a\u0637\u0631\u0629 \u0639\u0644\u0649 \u0627\u0644\u0645\u0648\u0642\u0639 \u0627\u0644\u0630\u064a \u062a\u062a\u0645 \u0625\u0639\u0627\u062f\u0629 \u062a\u0648\u062c\u064a\u0647\u0643 \u0625\u0644\u064a\u0647 \u0648\u0628\u0627\u0644\u062a\u0627\u0644\u064a \u0646\u062d\u0646 \u0644\u0633\u0646\u0627 \u0645\u0633\u0624\u0648\u0644\u064a\u0646 \u0639\u0646\u00a0<a href=\"https:\/\/plantillaterminosycondicionestiendaonline.com\/\">\u0627\u0644\u0634\u0631\u0648\u0637 \u0623\u0648 \u0627\u0644\u062e\u0635\u0648\u0635\u064a\u0629<\/a>\u00a0\u0648\u0644\u0627 \u062d\u0645\u0627\u064a\u0629 \u0628\u064a\u0627\u0646\u0627\u062a\u0643 \u0639\u0644\u0649 \u0645\u0648\u0627\u0642\u0639 \u0627\u0644\u0637\u0631\u0641 \u0627\u0644\u062b\u0627\u0644\u062b \u0627\u0644\u0623\u062e\u0631\u0649. \u062a\u062e\u0636\u0639 \u0647\u0630\u0647 \u0627\u0644\u0645\u0648\u0627\u0642\u0639 \u0644\u0633\u064a\u0627\u0633\u0627\u062a \u0627\u0644\u062e\u0635\u0648\u0635\u064a\u0629 \u0627\u0644\u062e\u0627\u0635\u0629 \u0628\u0647\u0627\u060c \u0644\u0630\u0627 \u064a\u0648\u0635\u0649 \u0628\u0627\u0644\u0631\u062c\u0648\u0639 \u0625\u0644\u064a\u0647\u0627 \u0644\u0644\u062a\u0623\u0643\u062f \u0645\u0646 \u0645\u0648\u0627\u0641\u0642\u062a\u0643 \u0639\u0644\u064a\u0647\u0627.<\/p>\n\n\n\n<p><strong>\u0627\u0644\u0633\u064a\u0637\u0631\u0629 \u0639\u0644\u0649 \u0627\u0644\u0645\u0639\u0644\u0648\u0645\u0627\u062a \u0627\u0644\u0634\u062e\u0635\u064a\u0629 \u0627\u0644\u062e\u0627\u0635\u0629 \u0628\u0643<\/strong><\/p>\n\n\n\n<p>\u064a\u0645\u0643\u0646\u0643 \u0641\u064a \u0623\u064a \u0648\u0642\u062a \u062a\u0642\u064a\u064a\u062f \u062c\u0645\u0639 \u0623\u0648 \u0627\u0633\u062a\u062e\u062f\u0627\u0645 \u0627\u0644\u0645\u0639\u0644\u0648\u0645\u0627\u062a \u0627\u0644\u0634\u062e\u0635\u064a\u0629 \u0627\u0644\u0645\u0642\u062f\u0645\u0629 \u0625\u0644\u0649 \u0645\u0648\u0642\u0639\u0646\u0627. \u0641\u064a \u0643\u0644 \u0645\u0631\u0629 \u064a\u064f\u0637\u0644\u0628 \u0645\u0646\u0643 \u0645\u0644\u0621 \u0646\u0645\u0648\u0630\u062c\u060c \u0645\u062b\u0644 \u0646\u0645\u0648\u0630\u062c \u062a\u0633\u062c\u064a\u0644 \u0627\u0644\u0645\u0633\u062a\u062e\u062f\u0645\u060c \u064a\u0645\u0643\u0646\u0643 \u062a\u062d\u062f\u064a\u062f \u0623\u0648 \u0625\u0644\u063a\u0627\u0621 \u062a\u062d\u062f\u064a\u062f \u062e\u064a\u0627\u0631 \u062a\u0644\u0642\u064a \u0627\u0644\u0645\u0639\u0644\u0648\u0645\u0627\u062a \u0639\u0628\u0631 \u0627\u0644\u0628\u0631\u064a\u062f \u0627\u0644\u0625\u0644\u0643\u062a\u0631\u0648\u0646\u064a.  \u0625\u0630\u0627 \u062d\u062f\u062f\u062a \u062e\u064a\u0627\u0631 \u062a\u0644\u0642\u064a \u0631\u0633\u0627\u0626\u0644\u0646\u0627 \u0627\u0644\u0625\u062e\u0628\u0627\u0631\u064a\u0629 \u0623\u0648 \u0625\u0639\u0644\u0627\u0646\u0627\u062a\u0646\u0627\u060c \u0641\u064a\u0645\u0643\u0646\u0643 \u0625\u0644\u063a\u0627\u0621\u0647 \u0641\u064a \u0623\u064a \u0648\u0642\u062a.<\/p>\n\n\n\n<p>\u0644\u0646 \u062a\u0642\u0648\u0645 \u0647\u0630\u0647 \u0627\u0644\u0634\u0631\u0643\u0629 \u0628\u0628\u064a\u0639 \u0623\u0648 \u0627\u0644\u062a\u0646\u0627\u0632\u0644 \u0623\u0648 \u062a\u0648\u0632\u064a\u0639 \u0627\u0644\u0645\u0639\u0644\u0648\u0645\u0627\u062a \u0627\u0644\u0634\u062e\u0635\u064a\u0629 \u0627\u0644\u062a\u064a \u062a\u0645 \u062c\u0645\u0639\u0647\u0627 \u062f\u0648\u0646 \u0645\u0648\u0627\u0641\u0642\u062a\u0643\u060c \u0645\u0627 \u0644\u0645 \u064a\u0637\u0644\u0628\u0647\u0627 \u0627\u0644\u0642\u0627\u0636\u064a \u0628\u0623\u0645\u0631 \u0645\u0646 \u0627\u0644\u0645\u062d\u0643\u0645\u0629.<\/p>\n\n\n\n<p>\u062a\u062d\u062a\u0641\u0638 VISION \u0628\u0627\u0644\u062d\u0642 \u0641\u064a \u062a\u063a\u064a\u064a\u0631 \u0634\u0631\u0648\u0637 \u0633\u064a\u0627\u0633\u0629 \u0627\u0644\u062e\u0635\u0648\u0635\u064a\u0629 \u0647\u0630\u0647 \u0641\u064a \u0623\u064a \u0648\u0642\u062a.<\/p>","protected":false},"excerpt":{"rendered":"<p>POL\u00cdTICA DE PRIVACIDAD El presente Pol\u00edtica de Privacidad establece los t\u00e9rminos en que VISION usa y protege la informaci\u00f3n que es proporcionada por sus usuarios al momento de utilizar su sitio web. Esta compa\u00f1\u00eda est\u00e1 comprometida con la seguridad de los datos de sus usuarios. Cuando le pedimos llenar los campos de informaci\u00f3n personal con [&hellip;]<\/p>","protected":false},"author":1,"featured_media":0,"parent":0,"menu_order":0,"comment_status":"closed","ping_status":"closed","template":"","meta":{"inline_featured_image":false,"_monsterinsights_skip_tracking":false,"_monsterinsights_sitenote_active":false,"_monsterinsights_sitenote_note":"","_monsterinsights_sitenote_category":0,"footnotes":""},"class_list":["post-966","page","type-page","status-publish","hentry"],"yoast_head":"<!-- This site is optimized with the Yoast SEO plugin v24.7 - https:\/\/yoast.com\/wordpress\/plugins\/seo\/ -->\n<title>Pol\u00edtica de privacidad - VISION INT<\/title>\n<meta name=\"description\" content=\"En \u00e9ste apartado puedes leer nuestra pol\u00edtica de privacidad, donde podr\u00e1s obtener informaci\u00f3n sobre el tratamiento de tus datos.\" \/>\n<meta name=\"robots\" content=\"index, follow, max-snippet:-1, max-image-preview:large, max-video-preview:-1\" \/>\n<link rel=\"canonical\" href=\"https:\/\/visionint.es\/ar\/privacidad\/\" \/>\n<meta property=\"og:locale\" content=\"ar_AR\" \/>\n<meta property=\"og:type\" content=\"article\" \/>\n<meta property=\"og:title\" content=\"Pol\u00edtica de privacidad - VISION INT\" \/>\n<meta property=\"og:description\" content=\"En \u00e9ste apartado puedes leer nuestra pol\u00edtica de privacidad, donde podr\u00e1s obtener informaci\u00f3n sobre el tratamiento de tus datos.\" \/>\n<meta property=\"og:url\" content=\"https:\/\/visionint.es\/ar\/privacidad\/\" \/>\n<meta property=\"og:site_name\" content=\"VISION INT\" \/>\n<meta name=\"twitter:card\" content=\"summary_large_image\" \/>\n<meta name=\"twitter:label1\" content=\"Est. reading time\" \/>\n\t<meta name=\"twitter:data1\" content=\"4 minutes\" \/>\n<script type=\"application\/ld+json\" class=\"yoast-schema-graph\">{\"@context\":\"https:\/\/schema.org\",\"@graph\":[{\"@type\":\"WebPage\",\"@id\":\"https:\/\/visionint.es\/privacidad\/\",\"url\":\"https:\/\/visionint.es\/privacidad\/\",\"name\":\"Pol\u00edtica de privacidad - VISION INT\",\"isPartOf\":{\"@id\":\"https:\/\/visionint.es\/#website\"},\"datePublished\":\"2021-11-10T15:21:43+00:00\",\"description\":\"En \u00e9ste apartado puedes leer nuestra pol\u00edtica de privacidad, donde podr\u00e1s obtener informaci\u00f3n sobre el tratamiento de tus datos.\",\"breadcrumb\":{\"@id\":\"https:\/\/visionint.es\/privacidad\/#breadcrumb\"},\"inLanguage\":\"ary\",\"potentialAction\":[{\"@type\":\"ReadAction\",\"target\":[\"https:\/\/visionint.es\/privacidad\/\"]}]},{\"@type\":\"BreadcrumbList\",\"@id\":\"https:\/\/visionint.es\/privacidad\/#breadcrumb\",\"itemListElement\":[{\"@type\":\"ListItem\",\"position\":1,\"name\":\"VISION\",\"item\":\"https:\/\/visionint.es\/\"},{\"@type\":\"ListItem\",\"position\":2,\"name\":\"Pol\u00edtica de privacidad\"}]},{\"@type\":\"WebSite\",\"@id\":\"https:\/\/visionint.es\/#website\",\"url\":\"https:\/\/visionint.es\/\",\"name\":\"VISION INT\",\"description\":\"\",\"publisher\":{\"@id\":\"https:\/\/visionint.es\/#organization\"},\"potentialAction\":[{\"@type\":\"SearchAction\",\"target\":{\"@type\":\"EntryPoint\",\"urlTemplate\":\"https:\/\/visionint.es\/?s={search_term_string}\"},\"query-input\":{\"@type\":\"PropertyValueSpecification\",\"valueRequired\":true,\"valueName\":\"search_term_string\"}}],\"inLanguage\":\"ary\"},{\"@type\":\"Organization\",\"@id\":\"https:\/\/visionint.es\/#organization\",\"name\":\"VISION\",\"url\":\"https:\/\/visionint.es\/\",\"logo\":{\"@type\":\"ImageObject\",\"inLanguage\":\"ary\",\"@id\":\"https:\/\/visionint.es\/#\/schema\/logo\/image\/\",\"url\":\"https:\/\/visionint.es\/wp-content\/uploads\/2021\/11\/cropped-1636222990844_VISION-LOGO-FINAL-1-e1636581871560.png\",\"contentUrl\":\"https:\/\/visionint.es\/wp-content\/uploads\/2021\/11\/cropped-1636222990844_VISION-LOGO-FINAL-1-e1636581871560.png\",\"width\":512,\"height\":495,\"caption\":\"VISION\"},\"image\":{\"@id\":\"https:\/\/visionint.es\/#\/schema\/logo\/image\/\"},\"sameAs\":[\"https:\/\/instagram.com\/visionint_\"]}]}<\/script>\n<!-- \/ Yoast SEO plugin. -->","yoast_head_json":{"title":"Pol\u00edtica de privacidad - VISION INT","description":"En \u00e9ste apartado puedes leer nuestra pol\u00edtica de privacidad, donde podr\u00e1s obtener informaci\u00f3n sobre el tratamiento de tus datos.","robots":{"index":"index","follow":"follow","max-snippet":"max-snippet:-1","max-image-preview":"max-image-preview:large","max-video-preview":"max-video-preview:-1"},"canonical":"https:\/\/visionint.es\/ar\/privacidad\/","og_locale":"ar_AR","og_type":"article","og_title":"Pol\u00edtica de privacidad - VISION INT","og_description":"En \u00e9ste apartado puedes leer nuestra pol\u00edtica de privacidad, donde podr\u00e1s obtener informaci\u00f3n sobre el tratamiento de tus datos.","og_url":"https:\/\/visionint.es\/ar\/privacidad\/","og_site_name":"VISION INT","twitter_card":"summary_large_image","twitter_misc":{"Est. reading time":"4 minutes"},"schema":{"@context":"https:\/\/schema.org","@graph":[{"@type":"WebPage","@id":"https:\/\/visionint.es\/privacidad\/","url":"https:\/\/visionint.es\/privacidad\/","name":"Pol\u00edtica de privacidad - VISION INT","isPartOf":{"@id":"https:\/\/visionint.es\/#website"},"datePublished":"2021-11-10T15:21:43+00:00","description":"En \u00e9ste apartado puedes leer nuestra pol\u00edtica de privacidad, donde podr\u00e1s obtener informaci\u00f3n sobre el tratamiento de tus datos.","breadcrumb":{"@id":"https:\/\/visionint.es\/privacidad\/#breadcrumb"},"inLanguage":"ary","potentialAction":[{"@type":"ReadAction","target":["https:\/\/visionint.es\/privacidad\/"]}]},{"@type":"BreadcrumbList","@id":"https:\/\/visionint.es\/privacidad\/#breadcrumb","itemListElement":[{"@type":"ListItem","position":1,"name":"VISION","item":"https:\/\/visionint.es\/"},{"@type":"ListItem","position":2,"name":"Pol\u00edtica de privacidad"}]},{"@type":"WebSite","@id":"https:\/\/visionint.es\/#website","url":"https:\/\/visionint.es\/","name":"VISION INT","description":"","publisher":{"@id":"https:\/\/visionint.es\/#organization"},"potentialAction":[{"@type":"SearchAction","target":{"@type":"EntryPoint","urlTemplate":"https:\/\/visionint.es\/?s={search_term_string}"},"query-input":{"@type":"PropertyValueSpecification","valueRequired":true,"valueName":"search_term_string"}}],"inLanguage":"ary"},{"@type":"Organization","@id":"https:\/\/visionint.es\/#organization","name":"VISION","url":"https:\/\/visionint.es\/","logo":{"@type":"ImageObject","inLanguage":"ary","@id":"https:\/\/visionint.es\/#\/schema\/logo\/image\/","url":"https:\/\/visionint.es\/wp-content\/uploads\/2021\/11\/cropped-1636222990844_VISION-LOGO-FINAL-1-e1636581871560.png","contentUrl":"https:\/\/visionint.es\/wp-content\/uploads\/2021\/11\/cropped-1636222990844_VISION-LOGO-FINAL-1-e1636581871560.png","width":512,"height":495,"caption":"VISION"},"image":{"@id":"https:\/\/visionint.es\/#\/schema\/logo\/image\/"},"sameAs":["https:\/\/instagram.com\/visionint_"]}]}},"_links":{"self":[{"href":"https:\/\/visionint.es\/ar\/wp-json\/wp\/v2\/pages\/966","targetHints":{"allow":["GET"]}}],"collection":[{"href":"https:\/\/visionint.es\/ar\/wp-json\/wp\/v2\/pages"}],"about":[{"href":"https:\/\/visionint.es\/ar\/wp-json\/wp\/v2\/types\/page"}],"author":[{"embeddable":true,"href":"https:\/\/visionint.es\/ar\/wp-json\/wp\/v2\/users\/1"}],"replies":[{"embeddable":true,"href":"https:\/\/visionint.es\/ar\/wp-json\/wp\/v2\/comments?post=966"}],"version-history":[{"count":1,"href":"https:\/\/visionint.es\/ar\/wp-json\/wp\/v2\/pages\/966\/revisions"}],"predecessor-version":[{"id":967,"href":"https:\/\/visionint.es\/ar\/wp-json\/wp\/v2\/pages\/966\/revisions\/967"}],"wp:attachment":[{"href":"https:\/\/visionint.es\/ar\/wp-json\/wp\/v2\/media?parent=966"}],"curies":[{"name":"wp","href":"https:\/\/api.w.org\/{rel}","templated":true}]}}